{"id":6102,"date":"2022-05-23T15:20:59","date_gmt":"2022-05-23T13:20:59","guid":{"rendered":"https:\/\/fengchashop.com\/hr\/product\/dumbir-u-prahu-bio-250-g\/"},"modified":"2026-05-07T01:37:58","modified_gmt":"2026-05-06T23:37:58","slug":"dumbir-u-prahu-bio","status":"publish","type":"product","link":"https:\/\/fengchashop.com\/hr\/product\/dumbir-u-prahu-bio\/","title":{"rendered":"\u0110umbir u prahu BIO 250 g"},"content":{"rendered":"<h2 style=\"text-align: justify\"><span style=\"color: #000000\">\u0110umbir u prahu BIO<\/span><\/h2>\n<p style=\"text-align: justify\"><span style=\"color: #000000\">\u0110umbir je biljka porijeklom iz Azije. Dio koji koristimo za konzumaciju zapravo je <strong>podzemna zadebljala stabljika<\/strong> odn rizoma. U ljekovite i prehrambene svrhe koristi se <strong>tisu\u0107ama godina<\/strong>, a njegova u\u010dinkovitost iznena\u0111uje i danas. \u0110umbir se tradicionalno koristi u medicini za lije\u010denje artritisa \u2013 upale zglobova. \u0110umbir sadr\u017ei mno\u0161tvo antioksidansa, minerala i tvari koje na na\u0161 organizam djeluju protiv upala, zbog \u010dega se, posebno u kombinaciji s limunom i medom, naj\u010de\u0161\u0107e koristi u sezoni gripe, grlobolje i prehlade jer blagotvorno djeluje na sve znakove ovih bolesti. Dobar je i u borbi protiv mu\u010dnine, jer smiruje nadra\u017eeni \u017eeludac i ubla\u017eava bolove, dapa\u010de vrlo ugodno grije \u017eeludac i tijelo. Osu\u0161eni \u0111umbir u prahu punog je i aromati\u010dnog okusa, pomalo podsje\u0107a na limun, te ima karakteristi\u010dnu pikantnu notu. U usporedbi s svje\u017eim \u0111umbirom, su\u0161eni <strong>je aromati\u010dniji i ljutiji<\/strong> pa moramo pripaziti na dozu. Koristimo ga za:<\/span><\/p>\n<p style=\"text-align: justify\"><span style=\"color: #000000\">\u00a0 \u00a0 \u00a0\ud83d\udc9a pobolj\u0161anje <strong>okusa<\/strong> hrane i pi\u0107a;<\/span><\/p>\n<p><span style=\"color: #000000\">\u00a0 \u00a0 \u00a0\ud83d\udc9a ubla\u017eavanje <strong>mu\u010dnine<\/strong> i <strong>povra\u0107anja<\/strong>, <strong>nadutosti<\/strong> i <strong>probavnih smetnji<\/strong>;<\/span><\/p>\n<p><span style=\"color: #000000\">\u00a0 \u00a0 \u00a0\ud83d\udc9a ja\u010danje <strong>imunolo\u0161kog sustava<\/strong>;<\/span><\/p>\n<p><span style=\"color: #000000\">\u00a0 \u00a0 \u00a0\ud83d\udc9a sni\u017eavanje kolesterola, \u0161e\u0107era u krvi i krvnog tlaka;<\/span><\/p>\n<p><span style=\"color: #000000\">\u00a0 \u00a0 \u00a0\ud83d\udc9a razrje\u0111ivanje krvi i sprje\u010davanje za\u010depljenja arterija &#8211; djeluje sli\u010dno aspirinu,<\/span><\/p>\n<p><span style=\"color: #000000\">\u00a0 \u00a0 \u00a0\ud83d\udc9a ubla\u017eavanje bolova u mi\u0161i\u0107ima i zglobovima bez nuspojava &#8211; tako\u0111er za ubla\u017eavanje <strong>menstrualnih bolova<\/strong>;<\/span><\/p>\n<p><span style=\"color: #000000\">\u00a0 \u00a0 \u00a0\ud83d\udc9a prema rezultatima nekih istra\u017eivanja navodno djeluje i antikancerogeno;<\/span><\/p>\n<p><span style=\"color: #000000\">\u00a0 \u00a0 \u00a0\ud83d\udc9a pomo\u0107i kod <strong>mr\u0161avljenja<\/strong> jer bi prema rezultatima istra\u017eivanja trebao regulirati razinu leptina koji je odgovoran za osje\u0107aj sitosti.<\/span><\/p>\n<p><span style=\"color: #000000\">Ovaj mljeveni \u0111umbir je <strong>organski uzgojen<\/strong>.<\/span><\/p>\n<h2 style=\"text-align: justify\"><span style=\"color: #000000\">Pohrana<\/span><\/h2>\n<p style=\"text-align: justify\"><span style=\"color: #000000\">\u010cuvati na suhom, tamnom i hladnom mjestu. Provjerite je li vre\u0107ica ili kutija dobro zatvorena.<\/span><\/p>\n<h2 style=\"text-align: justify\"><span style=\"color: #000000\">Ambala\u017ea<\/span><\/h2>\n<p><span style=\"color: #000000\">Nepropusna vre\u0107ica s patentnim zatvara\u010dem u kojoj proizvod zadr\u017eava svu svoju svje\u017einu i aromu. Ambala\u017ea \u0161titi od svjetlosti i zraka, jer je napravljena od nekoliko slojeva za\u0161tite koji \u010duvaju svojstva sadr\u017eaja.<\/span><\/p>\n<p><span style=\"color: #000000\">Ambala\u017ea je vrlo prakti\u010dna i mo\u017ee se reciklirati.<\/span><\/p>\n<h2><span style=\"color: #000000\">Podrijetlo<\/span><\/h2>\n<p><span style=\"color: #000000\">Indija ili Nigerija<\/span><\/p>\n","protected":false},"excerpt":{"rendered":"<p>U ljekovite i prehrambene svrhe koristi se tisu\u0107ama godina, a njegova u\u010dinkovitost iznena\u0111uje i danas. \u0110umbir se tradicionalno koristi u medicini za lije\u010denje artritisa \u2013 upale zglobova. \u0110umbir sadr\u017ei mno\u0161tvo antioksidansa, minerala i tvari koje na na\u0161 organizam djeluju protiv upala, zbog \u010dega se, posebno u kombinaciji s limunom i medom, naj\u010de\u0161\u0107e koristi u sezoni gripe, grlobolje i prehlade jer blagotvorno djeluje na sve znakove ovih bolesti. Dobar je i u borbi protiv mu\u010dnine, jer smiruje nadra\u017eeni \u017eeludac i ubla\u017eava bolove, dapa\u010de vrlo ugodno grije \u017eeludac i tijelo.<\/p>\n<p>\ud83d\udc9a Djeluje protuupalno.<br \/>\n\ud83d\udc9a \u010cisti jetru.<br \/>\n\ud83d\udc9a Ubla\u017eava menstrualne probleme.<br \/>\n\ud83d\udc9a Sna\u017ean antioksidans.<\/p>\n<p>&nbsp;<\/p>\n","protected":false},"featured_media":6520,"comment_status":"open","ping_status":"closed","template":"","meta":{"_acf_changed":false},"product_brand":[],"product_cat":[15,194,205,216],"product_tag":[],"class_list":{"0":"post-6102","1":"product","2":"type-product","3":"status-publish","4":"has-post-thumbnail","6":"product_cat-uncategorized","7":"product_cat-ayurveda","8":"product_cat-caj-hrana-zacini","9":"product_cat-svi-proizvodi-ponudba","11":"first","12":"instock","13":"taxable","14":"shipping-taxable","15":"purchasable","16":"product-type-simple"},"acf":[],"_links":{"self":[{"href":"https:\/\/fengchashop.com\/hr\/wp-json\/wp\/v2\/product\/6102","targetHints":{"allow":["GET"]}}],"collection":[{"href":"https:\/\/fengchashop.com\/hr\/wp-json\/wp\/v2\/product"}],"about":[{"href":"https:\/\/fengchashop.com\/hr\/wp-json\/wp\/v2\/types\/product"}],"replies":[{"embeddable":true,"href":"https:\/\/fengchashop.com\/hr\/wp-json\/wp\/v2\/comments?post=6102"}],"wp:featuredmedia":[{"embeddable":true,"href":"https:\/\/fengchashop.com\/hr\/wp-json\/wp\/v2\/media\/6520"}],"wp:attachment":[{"href":"https:\/\/fengchashop.com\/hr\/wp-json\/wp\/v2\/media?parent=6102"}],"wp:term":[{"taxonomy":"product_brand","embeddable":true,"href":"https:\/\/fengchashop.com\/hr\/wp-json\/wp\/v2\/product_brand?post=6102"},{"taxonomy":"product_cat","embeddable":true,"href":"https:\/\/fengchashop.com\/hr\/wp-json\/wp\/v2\/product_cat?post=6102"},{"taxonomy":"product_tag","embeddable":true,"href":"https:\/\/fengchashop.com\/hr\/wp-json\/wp\/v2\/product_tag?post=6102"}],"curies":[{"name":"wp","href":"https:\/\/api.w.org\/{rel}","templated":true}]}}