{"id":6100,"date":"2022-05-23T14:49:05","date_gmt":"2022-05-23T12:49:05","guid":{"rendered":"https:\/\/fengchashop.com\/hr\/product\/hibiskus-bio-250-g\/"},"modified":"2026-04-30T02:31:31","modified_gmt":"2026-04-30T00:31:31","slug":"hibiskus-bio","status":"publish","type":"product","link":"https:\/\/fengchashop.com\/hr\/product\/hibiskus-bio\/","title":{"rendered":"Hibiskus BIO 250 g"},"content":{"rendered":"<h2 style=\"text-align: justify\"><span style=\"color: #000000\">Hibiskus bio<\/span><\/h2>\n<p style=\"text-align: justify\"><span style=\"color: #000000\">Hibiskus je biljka velikih crvenih cvjetova. Hibiskus <strong>je izuzetno koristan za zdravlje<\/strong>. Sadr\u017ei vitamin A, vitamin C, cink, vitamin B, vlakna, bakar, proteine \u200b\u200bi vitamin B2. Iznimno je popularan kao ukrasna biljka, a ujedno su cvjetovi hibiskusa <strong>glavni sastojak<\/strong> ve\u0107ine vo\u0107nih \u010dajeva koji se nalaze na policama trgovina.<\/span><\/p>\n<p style=\"text-align: justify\"><span style=\"color: #000000\">Iako najvi\u0161e mislimo na \u010daj, cvjetovi hibiskusa mogu se koristiti za mnoge druge stvari u kuhinji.<\/span><\/p>\n<h2 style=\"text-align: justify\"><span style=\"color: #000000\">Pohrana<\/span><\/h2>\n<p style=\"text-align: justify\"><span style=\"color: #000000\"><span class=\"JLqJ4b ChMk0b\"><span class=\"Q4iAWc\">\u010cuvati na suhom, tamnom i hladnom mjestu.<\/span><\/span> <span class=\"JLqJ4b ChMk0b\"><span class=\"Q4iAWc\">Provjerite je li vre\u0107ica ili kutija dobro zatvorena.<\/span><\/span><\/span><\/p>\n<h2 style=\"text-align: justify\"><span style=\"color: #000000\">Ambala\u017ea<\/span><\/h2>\n<p style=\"text-align: justify\"><span style=\"color: #000000\">Hermeti\u010dka vre\u0107ica s patentnim zatvara\u010dem u kojoj proizvod zadr\u017eava svu svoju svje\u017einu i aromu. Ambala\u017ea \u0161titi od svjetlosti i zraka jer se sastoji od vi\u0161e slojeva za\u0161tite koji \u010duvaju svojstva sadr\u017eaja.<\/span><\/p>\n<p style=\"text-align: justify\"><span style=\"color: #000000\">Pakiranje je vrlo prakti\u010dno i omogu\u0107uje recikliranje.<\/span><\/p>\n<h2 style=\"text-align: justify\"><span style=\"color: #000000\">Podrijetlo<\/span><\/h2>\n<p><span style=\"color: #000000\">Niger<\/span><\/p>\n","protected":false},"excerpt":{"rendered":"<p style=\"text-align: justify\">Cvjetovi hibiskusa glavni su sastojak ve\u0107ine vo\u0107nih \u010dajeva. Cvjetovi hibiskusa mogu se dodavati i raznim alkoholnim i bezalkoholnim pi\u0107ima. Od hibiskusa mo\u017eemo napraviti gin, koji hibiskus oboji lijepom ru\u017ei\u010dastom bojom i daje mu karakteristi\u010dan okus. Hibiskus mo\u017ee biti i sastavni dio za\u010dinskih mje\u0161avina, dodatak salatama, jelima od povr\u0107a i mesa, desertima, kremama.<\/p>\n<p>\ud83d\udc9a Hibiskus je odli\u010dan za sni\u017eavanje visokog krvnog tlaka.<\/p>\n<p>\ud83d\udc9a Poma\u017ee u ubla\u017eavanju simptoma depresije i nervoze.<\/p>\n<p>\ud83d\udc9a Odli\u010dan je za ko\u017eu zbog vitamin C i A.<\/p>\n<p>\ud83d\udc9a Ima antioksidativna svojstva.<\/p>\n","protected":false},"featured_media":6513,"comment_status":"open","ping_status":"closed","template":"","meta":{"_acf_changed":false},"product_brand":[],"product_cat":[15,223,205,216],"product_tag":[],"class_list":{"0":"post-6100","1":"product","2":"type-product","3":"status-publish","4":"has-post-thumbnail","6":"product_cat-uncategorized","7":"product_cat-caj","8":"product_cat-caj-hrana-zacini","9":"product_cat-svi-proizvodi-ponudba","11":"first","12":"instock","13":"sale","14":"taxable","15":"shipping-taxable","16":"purchasable","17":"product-type-simple"},"acf":[],"_links":{"self":[{"href":"https:\/\/fengchashop.com\/hr\/wp-json\/wp\/v2\/product\/6100","targetHints":{"allow":["GET"]}}],"collection":[{"href":"https:\/\/fengchashop.com\/hr\/wp-json\/wp\/v2\/product"}],"about":[{"href":"https:\/\/fengchashop.com\/hr\/wp-json\/wp\/v2\/types\/product"}],"replies":[{"embeddable":true,"href":"https:\/\/fengchashop.com\/hr\/wp-json\/wp\/v2\/comments?post=6100"}],"wp:featuredmedia":[{"embeddable":true,"href":"https:\/\/fengchashop.com\/hr\/wp-json\/wp\/v2\/media\/6513"}],"wp:attachment":[{"href":"https:\/\/fengchashop.com\/hr\/wp-json\/wp\/v2\/media?parent=6100"}],"wp:term":[{"taxonomy":"product_brand","embeddable":true,"href":"https:\/\/fengchashop.com\/hr\/wp-json\/wp\/v2\/product_brand?post=6100"},{"taxonomy":"product_cat","embeddable":true,"href":"https:\/\/fengchashop.com\/hr\/wp-json\/wp\/v2\/product_cat?post=6100"},{"taxonomy":"product_tag","embeddable":true,"href":"https:\/\/fengchashop.com\/hr\/wp-json\/wp\/v2\/product_tag?post=6100"}],"curies":[{"name":"wp","href":"https:\/\/api.w.org\/{rel}","templated":true}]}}