{"id":6095,"date":"2022-05-23T13:50:42","date_gmt":"2022-05-23T11:50:42","guid":{"rendered":"https:\/\/fengchashop.com\/hr\/product\/jiaogulan-caj-100-g\/"},"modified":"2026-04-29T13:49:38","modified_gmt":"2026-04-29T11:49:38","slug":"jiaogulan-caj","status":"publish","type":"product","link":"https:\/\/fengchashop.com\/hr\/product\/jiaogulan-caj\/","title":{"rendered":"Jiaogulan \u010daj 100 g"},"content":{"rendered":"<h2 style=\"text-align: justify\"><span style=\"color: #000000\">Jiaogulan (biljni \u010daj)<\/span><\/h2>\n<p style=\"text-align: justify\"><span style=\"color: #000000\">Jiaogulan je ljekoviti biljni \u010daj, tako\u0111er poznat kao Jiao Gu Lan ili <strong>Gynostemma<\/strong>. Biljni \u010daj <strong>u\u017eiva reputaciju \u010daja besmrtnosti ili dugovje\u010dnosti<\/strong>, jer sadr\u017ei mnogo aktivnih sastojaka va\u017enih za dug \u017eivot. Prvi poznati zapisi o \u010daju datiraju iz 14. stolje\u0107a prije Krista, a prona\u0111eni su u Kini, gdje je biljka i danas neizostavna u tradicionalnoj medicini.<\/span><\/p>\n<p style=\"text-align: justify\"><span style=\"color: #000000\">Jiaogulan je tako\u0111er znanstveno istra\u017eena biljka kojoj se pripisuju brojni pozitivni u\u010dinci. Uglavnom <strong>djeluje protiv upala, detoksificira i djeluje protiv starenja<\/strong>. Osim toga, jiaogulan je tako\u0111er <strong>sna\u017ean antioksidans<\/strong>. Budu\u0107i da ginseng <strong>pove\u0107ava energiju<\/strong>, <strong>uravnote\u017euje tijelo<\/strong> i <strong>pobolj\u0161ava op\u0107e stanje<\/strong>. Prema tradicionalnoj kineskoj medicini blagotvorno djeluje kod sindroma kroni\u010dnog umora i lupanja srca (osje\u0107aj lupanja u prsima). Me\u0111utim, \u010desto se koristi za medicinska stanja koja uklju\u010duju prevenciju i <strong>ubla\u017eavanje dijabetesa<\/strong> i <strong>visokog kolesterola<\/strong>, kao i sprje\u010davanje u\u010dinaka stresa koji dovode do <strong>tjeskobe<\/strong>. Redovitim kori\u0161tenjem mo\u017eete u potpunosti iskoristiti njegove u\u010dinke, a umjerenost tako\u0111er rezultira sigurnom konzumacijom bez nuspojava i ne\u017eeljenih u\u010dinaka.<\/span><\/p>\n<h2 style=\"text-align: justify\"><span style=\"color: #000000\">Poma\u017ee na\u0161em tijelu da se samo uravnote\u017ei<\/span><\/h2>\n<p style=\"text-align: justify\"><span style=\"color: #000000\">Jiaogulan je tako\u0111er <strong>adapotogen<\/strong>. Adaptogene biljke poma\u017eu tijelu da se prilagodi razli\u010ditim negativnim \u010dimbenicima okoli\u0161a. Imaju sposobnost reguliranja i kontrole \u017elijezdanih i hormonalnih sustava, \u017eiv\u010danog i kardiovaskularnog sustava te mi\u0161i\u0107a.<\/span><\/p>\n<p><span style=\"color: #000000\">Adaptogeni se brinu za zdravlje vitalnih organa i poma\u017eu u regulaciji \u0161e\u0107era u krvi, pobolj\u0161avaju rad jetre, probavnog trakta i ko\u017ee. Ja\u010daju i okrepljuju organizam. Tako\u0111er poti\u010du rad nadbubre\u017ene \u017elijezde i tako poma\u017eu tijelu da se u\u010dinkovito nosi sa stresom koji je posljedica fizi\u010dkih \u010dimbenika (infekcije, ozljede, nedovoljno sna) ili psihi\u010dkih \u010dimbenika (anksioznost).<\/span><\/p>\n<h2 style=\"text-align: justify\"><span style=\"color: #000000\">Druga imena<\/span><\/h2>\n<p style=\"text-align: justify\"><span style=\"color: #000000\"><em>Gynostemma pentalhyllum<\/em>. Zbog sli\u010dnih u\u010dinaka i sli\u010dnog okusa ginsengu, ponekad se naziva i ju\u017eni ginseng, budu\u0107i da dolazi iz ju\u017enih regija Kine.<\/span><\/p>\n<h2><span style=\"color: #000000\">Izgled<\/span><\/h2>\n<p style=\"text-align: justify\"><span style=\"color: #000000\">\u010cvrsto uvijeno tamnozeleno li\u0161\u0107e s malim, sitnim gran\u010dicama.<\/span><\/p>\n<h2 style=\"text-align: justify\"><span style=\"color: #000000\">Ukus in aroma<\/span><\/h2>\n<p style=\"text-align: justify\"><span style=\"color: #000000\">Na\u0161 jiaogulan skuplja se iz divljih stani\u0161ta netaknute prirode. Ima zanimljiv slatki okus, vrlo sli\u010dan ginsengu. Jiaogulan je svakako ukusan, ali prije svega zdrav izbor za ljubitelje biljnih \u010dajeva.<\/span><\/p>\n<h2 style=\"text-align: justify\"><span style=\"color: #000000\">Pohrana<\/span><\/h2>\n<p style=\"text-align: justify\"><span style=\"color: #000000\">Jiaogulan treba \u010duvati na suhom, tamnom i hladnom mjestu. Ambala\u017ea treba biti dobro zatvorena.<\/span><\/p>\n<h2 style=\"text-align: justify\"><span style=\"color: #000000\">Ambala\u017ea<\/span><\/h2>\n<p style=\"text-align: justify\"><span style=\"color: #000000\">Hermeti\u010dka vre\u0107ica s patentnim zatvara\u010dem u kojoj proizvod zadr\u017eava svu svoju svje\u017einu i aromu. Ambala\u017ea \u0161titi od svjetlosti i zraka jer se sastoji od vi\u0161e slojeva za\u0161tite koji \u010duvaju svojstva sadr\u017eaja.<\/span><\/p>\n<p style=\"text-align: justify\"><span style=\"color: #000000\">Pakiranje je vrlo prakti\u010dno i omogu\u0107uje recikliranje.<\/span><\/p>\n<h2 style=\"text-align: justify\"><span style=\"color: #000000\">Podrijetlo<\/span><\/h2>\n<p style=\"text-align: justify\"><span style=\"color: #000000\">Kina. Imamo vrlo pouzdane dobavlja\u010de koji nam \u0161alju detaljnu kemijsku analizu hrane za svaku seriju. U vi\u0161e od deset godina nismo imali povla\u010denja niti bilo kakvih problema s ovim artiklom, kao ni s drugim artiklima istog dobavlja\u010da.<\/span><\/p>\n","protected":false},"excerpt":{"rendered":"<p>Znanstveno dobro prou\u010dena biljka kojoj se pripisuju brojni pozitivni u\u010dinci. Prije svega <strong>djeluje protiv upala, detoksifikuje i djeluje protiv starenja<\/strong>. Prema tradicionalnoj kineskoj medicini <strong>blagotvorno djeluje kod sindroma kroni\u010dnog umora i lupanja srca<\/strong> (osje\u0107aj lupanja u prsima). Me\u0111utim, \u010desto se koristi za medicinska stanja koja uklju\u010duju <strong>sprje\u010davanje i ubla\u017eavanje dijabetesa i visokog kolesterola<\/strong>, kao i sprje\u010davanje u\u010dinaka stresa koji dovode do anksioznosti.<\/p>\n<p><span style=\"color: #000000\">\ud83d\udc9a<\/span> To je ljekoviti biljni \u010daj.<br \/>\n<span style=\"color: #000000\">\ud83d\udc9a<\/span> \u010caj besmrtnosti ili dugovje\u010dnosti.<br \/>\n<span style=\"color: #000000\">\ud83d\udc9a<\/span> Je adapotgen.<br \/>\n<span style=\"color: #000000\">\ud83d\udc9a<\/span> Sna\u017ean antioksidans.<\/p>\n<p>&nbsp;<\/p>\n","protected":false},"featured_media":6499,"comment_status":"open","ping_status":"closed","template":"","meta":{"_acf_changed":false},"product_brand":[],"product_cat":[15,223,205,216],"product_tag":[],"class_list":{"0":"post-6095","1":"product","2":"type-product","3":"status-publish","4":"has-post-thumbnail","6":"product_cat-uncategorized","7":"product_cat-caj","8":"product_cat-caj-hrana-zacini","9":"product_cat-svi-proizvodi-ponudba","11":"first","12":"instock","13":"sale","14":"taxable","15":"shipping-taxable","16":"purchasable","17":"product-type-simple"},"acf":[],"_links":{"self":[{"href":"https:\/\/fengchashop.com\/hr\/wp-json\/wp\/v2\/product\/6095","targetHints":{"allow":["GET"]}}],"collection":[{"href":"https:\/\/fengchashop.com\/hr\/wp-json\/wp\/v2\/product"}],"about":[{"href":"https:\/\/fengchashop.com\/hr\/wp-json\/wp\/v2\/types\/product"}],"replies":[{"embeddable":true,"href":"https:\/\/fengchashop.com\/hr\/wp-json\/wp\/v2\/comments?post=6095"}],"wp:featuredmedia":[{"embeddable":true,"href":"https:\/\/fengchashop.com\/hr\/wp-json\/wp\/v2\/media\/6499"}],"wp:attachment":[{"href":"https:\/\/fengchashop.com\/hr\/wp-json\/wp\/v2\/media?parent=6095"}],"wp:term":[{"taxonomy":"product_brand","embeddable":true,"href":"https:\/\/fengchashop.com\/hr\/wp-json\/wp\/v2\/product_brand?post=6095"},{"taxonomy":"product_cat","embeddable":true,"href":"https:\/\/fengchashop.com\/hr\/wp-json\/wp\/v2\/product_cat?post=6095"},{"taxonomy":"product_tag","embeddable":true,"href":"https:\/\/fengchashop.com\/hr\/wp-json\/wp\/v2\/product_tag?post=6095"}],"curies":[{"name":"wp","href":"https:\/\/api.w.org\/{rel}","templated":true}]}}