{"id":6089,"date":"2025-05-30T12:08:29","date_gmt":"2025-05-30T10:08:29","guid":{"rendered":"https:\/\/fengchashop.com\/hr\/product\/gunpowder-bio-100-g\/"},"modified":"2025-07-04T07:45:54","modified_gmt":"2025-07-04T05:45:54","slug":"gunpowder-bio","status":"publish","type":"product","link":"https:\/\/fengchashop.com\/hr\/product\/gunpowder-bio\/","title":{"rendered":"Gunpowder BIO 100 g"},"content":{"rendered":"<h2><span style=\"color: #000000;\">Gunpowder BIO (zeleni \u010daj)<\/span><\/h2>\n<p><span style=\"color: #000000;\">Gunpowder je jedan od naj\u010de\u0161\u0107e kori\u0161tenih zelenih \u010dajeva. BIO verziju karakterizira jak miris i okus.<\/span><\/p>\n<p><span style=\"color: #000000;\">Gunpowder \u010daj dosta se pije u arapskim zemljama, gdje se mije\u0161a s odabranim za\u010dinima i biljem. Tako\u0111er je jako dobar za pripremu ledenog \u010daja.<\/span><\/p>\n<p><span style=\"color: #000000;\">Ova verzija dolazi iz organskog uzgoja.<\/span><\/p>\n<h2><span style=\"color: #000000;\">Izgled<\/span><\/h2>\n<p><span style=\"color: #000000;\">Svijetlozeleni listovi su omotani u male kuglice.<\/span><\/p>\n<h2><span style=\"color: #000000;\">Ukus in aroma<\/span><\/h2>\n<p><span style=\"color: #000000;\">Jaka aroma, osvje\u017eavaju\u0107i okus.<\/span><\/p>\n<h2 style=\"text-align: justify;\"><span style=\"color: #000000;\">Pohrana<\/span><\/h2>\n<p><span style=\"color: #000000;\">\u010cuvati na suhom, tamnom i hladnom mjestu.<\/span><\/p>\n<h2 style=\"text-align: justify;\"><span style=\"color: #000000;\">Ambala\u017ea<\/span><\/h2>\n<p style=\"text-align: justify;\"><span style=\"color: #000000;\">Hermeti\u010dka vre\u0107ica s patentnim zatvara\u010dem u kojoj proizvod zadr\u017eava svu svoju svje\u017einu i aromu. Ambala\u017ea \u0161titi od svjetlosti i zraka jer se sastoji od vi\u0161e slojeva za\u0161tite koji \u010duvaju svojstva sadr\u017eaja.<\/span><\/p>\n<p style=\"text-align: justify;\"><span style=\"color: #000000;\">Pakiranje je vrlo prakti\u010dno i omogu\u0107uje recikliranje.<\/span><\/p>\n<h2 style=\"text-align: justify;\"><span style=\"color: #000000;\">Podrijetlo<\/span><\/h2>\n<p><span style=\"color: #000000;\">Zhejiang (Kina)<\/span><\/p>\n<p><span style=\"color: #000000;\">Imamo vrlo pouzdane dobavlja\u010de koji nam \u0161alju detaljnu kemijsku analizu hrane za svaku seriju. U vi\u0161e od deset godina nismo imali povla\u010denja niti bilo kakvih problema s ovim artiklom, kao ni s drugim artiklima istog dobavlja\u010da.<\/span><\/p>\n","protected":false},"excerpt":{"rendered":"<p>Gunpowder je jedan od naj\u010de\u0161\u0107e kori\u0161tenih zelenih \u010dajeva. Vrlo je dobar za pripremu ledenog \u010daja.<\/p>\n<p>\ud83d\udc9a Iz organske je proizvodnje.<\/p>\n","protected":false},"featured_media":6487,"comment_status":"open","ping_status":"closed","template":"","meta":{"_acf_changed":false},"product_brand":[],"product_cat":[15,223,205,216],"product_tag":[],"class_list":{"0":"post-6089","1":"product","2":"type-product","3":"status-publish","4":"has-post-thumbnail","6":"product_cat-uncategorized","7":"product_cat-caj","8":"product_cat-caj-hrana-zacini","9":"product_cat-svi-proizvodi-ponudba","11":"first","12":"outofstock","13":"sale","14":"taxable","15":"shipping-taxable","16":"purchasable","17":"product-type-simple"},"acf":[],"_links":{"self":[{"href":"https:\/\/fengchashop.com\/hr\/wp-json\/wp\/v2\/product\/6089","targetHints":{"allow":["GET"]}}],"collection":[{"href":"https:\/\/fengchashop.com\/hr\/wp-json\/wp\/v2\/product"}],"about":[{"href":"https:\/\/fengchashop.com\/hr\/wp-json\/wp\/v2\/types\/product"}],"replies":[{"embeddable":true,"href":"https:\/\/fengchashop.com\/hr\/wp-json\/wp\/v2\/comments?post=6089"}],"wp:featuredmedia":[{"embeddable":true,"href":"https:\/\/fengchashop.com\/hr\/wp-json\/wp\/v2\/media\/6487"}],"wp:attachment":[{"href":"https:\/\/fengchashop.com\/hr\/wp-json\/wp\/v2\/media?parent=6089"}],"wp:term":[{"taxonomy":"product_brand","embeddable":true,"href":"https:\/\/fengchashop.com\/hr\/wp-json\/wp\/v2\/product_brand?post=6089"},{"taxonomy":"product_cat","embeddable":true,"href":"https:\/\/fengchashop.com\/hr\/wp-json\/wp\/v2\/product_cat?post=6089"},{"taxonomy":"product_tag","embeddable":true,"href":"https:\/\/fengchashop.com\/hr\/wp-json\/wp\/v2\/product_tag?post=6089"}],"curies":[{"name":"wp","href":"https:\/\/api.w.org\/{rel}","templated":true}]}}