{"id":6088,"date":"2025-05-30T12:08:29","date_gmt":"2025-05-30T10:08:29","guid":{"rendered":"https:\/\/fengchashop.com\/hr\/product\/genmaicha-bio-50-g\/"},"modified":"2025-07-04T07:17:58","modified_gmt":"2025-07-04T05:17:58","slug":"genmaicha-bio","status":"publish","type":"product","link":"https:\/\/fengchashop.com\/hr\/product\/genmaicha-bio\/","title":{"rendered":"Genmaicha BIO 50 g"},"content":{"rendered":"<h2><span style=\"color: #000000;\">Genmaicha BIO (zeleni \u010daj)<\/span><\/h2>\n<p><span style=\"color: #000000;\">Genmaicha je japanski zeleni \u010daj kojem je dodana pr\u017eena ri\u017ea. Zeleni \u010daj daje nje\u017enost, a snagu daje okus pr\u017eenih \u017eitarica. Ugodna kombinacija koja inspirira. Ina\u010de, najgori zeleni \u010daj ide u genmaicho, ali ovdje je odabran solidan proljetno ubran zeleni \u010daj.<\/span><\/p>\n<p><span style=\"color: #000000;\">Ova verzija dolazi iz organskog uzgoja.<\/span><\/p>\n<h2><span style=\"color: #000000;\">Izgled<\/span><\/h2>\n<p><span style=\"color: #000000;\">Zeleno li\u0161\u0107e i svijetlosme\u0111a ri\u017ea.<\/span><\/p>\n<h2><span style=\"color: #000000;\">Okus i miris<\/span><\/h2>\n<p><span style=\"color: #000000;\">Sna\u017enog je i nje\u017enog okusa s primjesama pe\u010denja.<\/span><\/p>\n<h2><span style=\"color: #000000;\">Skladi\u0161tenje<\/span><\/h2>\n<p><span style=\"color: #000000;\">Genmaicho se \u010duva na suhom, tamnom i hladnom mjestu.<\/span><\/p>\n<h2><span style=\"color: #000000;\">Pakiranje<\/span><\/h2>\n<p><span style=\"color: #000000;\">Hermeti\u010dka vre\u0107ica s patentnim zatvara\u010dem u kojoj proizvod zadr\u017eava svu svoju svje\u017einu i aromu. Ambala\u017ea \u0161titi od svjetlosti i zraka. Sastoji se od nekoliko slojeva za\u0161tite koji \u010duvaju svojstva proizvoda.<\/span><\/p>\n<p><span style=\"color: #000000;\">Pakiranje je vrlo prakti\u010dno i omogu\u0107uje recikliranje.<\/span><\/p>\n<h2><span style=\"color: #000000;\">Podrijetlo<\/span><\/h2>\n<p><span style=\"color: #000000;\">Shizuoka (Japan)<\/span><\/p>\n","protected":false},"excerpt":{"rendered":"<p>Genmaicha je japanski zeleni \u010daj kojem je dodana pr\u017eena ri\u017ea. Zeleni \u010daj daje nje\u017enost, a snagu daje okus pr\u017eenih \u017eitarica. Ugodna kombinacija koja inspirira.<\/p>\n<p>\ud83d\udc9a Iz organske je proizvodnje.<\/p>\n","protected":false},"featured_media":6485,"comment_status":"open","ping_status":"closed","template":"","meta":{"_acf_changed":false},"product_brand":[],"product_cat":[15,223,205,216],"product_tag":[],"class_list":{"0":"post-6088","1":"product","2":"type-product","3":"status-publish","4":"has-post-thumbnail","6":"product_cat-uncategorized","7":"product_cat-caj","8":"product_cat-caj-hrana-zacini","9":"product_cat-svi-proizvodi-ponudba","11":"first","12":"outofstock","13":"taxable","14":"shipping-taxable","15":"purchasable","16":"product-type-simple"},"acf":[],"_links":{"self":[{"href":"https:\/\/fengchashop.com\/hr\/wp-json\/wp\/v2\/product\/6088","targetHints":{"allow":["GET"]}}],"collection":[{"href":"https:\/\/fengchashop.com\/hr\/wp-json\/wp\/v2\/product"}],"about":[{"href":"https:\/\/fengchashop.com\/hr\/wp-json\/wp\/v2\/types\/product"}],"replies":[{"embeddable":true,"href":"https:\/\/fengchashop.com\/hr\/wp-json\/wp\/v2\/comments?post=6088"}],"wp:featuredmedia":[{"embeddable":true,"href":"https:\/\/fengchashop.com\/hr\/wp-json\/wp\/v2\/media\/6485"}],"wp:attachment":[{"href":"https:\/\/fengchashop.com\/hr\/wp-json\/wp\/v2\/media?parent=6088"}],"wp:term":[{"taxonomy":"product_brand","embeddable":true,"href":"https:\/\/fengchashop.com\/hr\/wp-json\/wp\/v2\/product_brand?post=6088"},{"taxonomy":"product_cat","embeddable":true,"href":"https:\/\/fengchashop.com\/hr\/wp-json\/wp\/v2\/product_cat?post=6088"},{"taxonomy":"product_tag","embeddable":true,"href":"https:\/\/fengchashop.com\/hr\/wp-json\/wp\/v2\/product_tag?post=6088"}],"curies":[{"name":"wp","href":"https:\/\/api.w.org\/{rel}","templated":true}]}}