{"id":6087,"date":"2025-05-30T12:08:29","date_gmt":"2025-05-30T10:08:29","guid":{"rendered":"https:\/\/fengchashop.com\/hr\/product\/houjicha-bio-50-g\/"},"modified":"2025-07-04T08:02:34","modified_gmt":"2025-07-04T06:02:34","slug":"houjicha-bio","status":"publish","type":"product","link":"https:\/\/fengchashop.com\/hr\/product\/houjicha-bio\/","title":{"rendered":"Houjicha BIO 50 g"},"content":{"rendered":"<h2><span style=\"color: #000000;\">Houjicha BIO (zeleni \u010daj)<\/span><\/h2>\n<p><span style=\"color: #000000;\">Houjicha je pr\u017eeni japanski zeleni \u010daj. Listovi i stabljike koji se koriste su iz berbe u prolje\u0107e i rano ljeto. \u010caj ima karakteristi\u010dan miris pr\u017eenja. Nje\u017enog je i neagresivnog okusa. Vrlo je dobar kada se pije uz hranu, posebno uz riblja jela.<\/span><\/p>\n<p><span style=\"color: #000000;\">Houjicha je tako\u0111er pogodna za djecu, jer prakti\u010dki ne sadr\u017ei kofein za trudnice. Mo\u017ee se piti i nave\u010der. Ova verzija dolazi iz organskog uzgoja.<\/span><\/p>\n<h2><span style=\"color: #000000;\">Izgled<\/span><\/h2>\n<p><span style=\"color: #000000;\">Ve\u0107i tamnosme\u0111i listovi.<\/span><\/p>\n<h2><span style=\"color: #000000;\">Okus i miris<\/span><\/h2>\n<p><span style=\"color: #000000;\">Jak miris pe\u010denja i nje\u017ean okus.<\/span><\/p>\n<h2><span style=\"color: #000000;\">Skladi\u0161tenje<\/span><\/h2>\n<p><span style=\"color: #000000;\">Houjicha se \u010duva na suhom, tamnom i hladnom mjestu.<\/span><\/p>\n<h2><span style=\"color: #000000;\">Pakiranje<\/span><\/h2>\n<p><span style=\"color: #000000;\">Hermeti\u010dka vre\u0107ica s patentnim zatvara\u010dem u kojoj proizvod zadr\u017eava svu svoju svje\u017einu i aromu. Ambala\u017ea \u0161titi od svjetlosti i zraka. Sastoji se od nekoliko slojeva za\u0161tite koji \u010duvaju svojstva proizvoda.<\/span><\/p>\n<p><span style=\"color: #000000;\">Pakiranje je vrlo prakti\u010dno i omogu\u0107uje recikliranje.<\/span><\/p>\n<h2><span style=\"color: #000000;\">Podrijetlo<\/span><\/h2>\n<p><span style=\"color: #000000;\">Shizuoka (Japan)<\/span><\/p>\n","protected":false},"excerpt":{"rendered":"<p>\u010caj ima karakteristi\u010dan miris pr\u017eenja. Nje\u017enog je i neagresivnog okusa. Vrlo je dobar kada se pije uz hranu, posebno uz riblja jela. Houjicha je tako\u0111er pogodna za djecu, jer prakti\u010dki ne sadr\u017ei kofein za trudnice. Mo\u017ee se piti i nave\u010der.<\/p>\n<p>\ud83d\udc9a Iz organske je proizvodnje.<br \/>\n\ud83d\udc9a Bez kofeina.<\/p>\n<p>&nbsp;<\/p>\n","protected":false},"featured_media":6483,"comment_status":"open","ping_status":"closed","template":"","meta":{"_acf_changed":false},"product_brand":[],"product_cat":[15,223,205,216],"product_tag":[],"class_list":{"0":"post-6087","1":"product","2":"type-product","3":"status-publish","4":"has-post-thumbnail","6":"product_cat-uncategorized","7":"product_cat-caj","8":"product_cat-caj-hrana-zacini","9":"product_cat-svi-proizvodi-ponudba","11":"first","12":"outofstock","13":"taxable","14":"shipping-taxable","15":"purchasable","16":"product-type-simple"},"acf":[],"_links":{"self":[{"href":"https:\/\/fengchashop.com\/hr\/wp-json\/wp\/v2\/product\/6087","targetHints":{"allow":["GET"]}}],"collection":[{"href":"https:\/\/fengchashop.com\/hr\/wp-json\/wp\/v2\/product"}],"about":[{"href":"https:\/\/fengchashop.com\/hr\/wp-json\/wp\/v2\/types\/product"}],"replies":[{"embeddable":true,"href":"https:\/\/fengchashop.com\/hr\/wp-json\/wp\/v2\/comments?post=6087"}],"wp:featuredmedia":[{"embeddable":true,"href":"https:\/\/fengchashop.com\/hr\/wp-json\/wp\/v2\/media\/6483"}],"wp:attachment":[{"href":"https:\/\/fengchashop.com\/hr\/wp-json\/wp\/v2\/media?parent=6087"}],"wp:term":[{"taxonomy":"product_brand","embeddable":true,"href":"https:\/\/fengchashop.com\/hr\/wp-json\/wp\/v2\/product_brand?post=6087"},{"taxonomy":"product_cat","embeddable":true,"href":"https:\/\/fengchashop.com\/hr\/wp-json\/wp\/v2\/product_cat?post=6087"},{"taxonomy":"product_tag","embeddable":true,"href":"https:\/\/fengchashop.com\/hr\/wp-json\/wp\/v2\/product_tag?post=6087"}],"curies":[{"name":"wp","href":"https:\/\/api.w.org\/{rel}","templated":true}]}}