{"id":6083,"date":"2025-05-30T12:08:29","date_gmt":"2025-05-30T10:08:29","guid":{"rendered":"https:\/\/fengchashop.com\/hr\/product\/woojeon-korea-bio-100-g\/"},"modified":"2025-07-07T16:24:19","modified_gmt":"2025-07-07T14:24:19","slug":"woojeon-korea-bio","status":"publish","type":"product","link":"https:\/\/fengchashop.com\/hr\/product\/woojeon-korea-bio\/","title":{"rendered":"Woojeon Korea BIO 100 g"},"content":{"rendered":"<h2><span style=\"color: #000000;\">Woojeon Korea BIO (zeleni \u010daj)<\/span><\/h2>\n<p><span style=\"color: #000000;\">Na otoku Jeju u Ju\u017enoj Koreji uzgaja se vrhunski zeleni \u010daj. Listi\u0107i \u010daja su kompaktni i mekani. Miris \u010daja je vrlo nje\u017ean, a okus sa\u017eima biljne i blago vo\u0107ne note. Woojeon zna\u010di da je to prvo proljetno branje, gdje je li\u0161\u0107e najbolje.<\/span><\/p>\n<p><span style=\"color: #000000;\">Listovi \u010daja nisu izlo\u017eeni pari tijekom obrade (kao japanski \u010daj), ve\u0107 se zagrijavaju u velikim posudama \u2013 sli\u010dno kineskom zelenom \u010daju.<\/span><\/p>\n<p><span style=\"color: #000000;\">Woojeon Korea izvrstan je \u010daj kako za sladokusce tako i za one koji piju zeleni \u010daj za zdravlje.<\/span><\/p>\n<h2><span style=\"color: #000000;\">Pohrana<\/span><\/h2>\n<p><span style=\"color: #000000;\">BIO \u010dajeve \u010duvajte na suhom, tamnom i hladnom mjestu.<\/span><\/p>\n<h2><span style=\"color: #000000;\">Ambala\u017ea<\/span><\/h2>\n<p style=\"text-align: justify;\"><span style=\"color: #000000;\">Hermeti\u010dka vre\u0107ica s patentnim zatvara\u010dem u kojoj proizvod zadr\u017eava svu svoju svje\u017einu i aromu. Ambala\u017ea \u0161titi od svjetlosti i zraka jer se sastoji od vi\u0161e slojeva za\u0161tite koji \u010duvaju svojstva sadr\u017eaja.<\/span><\/p>\n<p style=\"text-align: justify;\"><span style=\"color: #000000;\">Pakiranje je vrlo prakti\u010dno i omogu\u0107uje recikliranje.<\/span><\/p>\n<h2 style=\"text-align: justify;\"><span style=\"color: #000000;\">Podrijetlo<\/span><\/h2>\n<p><span style=\"color: #000000;\">Jeju (Ju\u017ena Koreja)<\/span><\/p>\n","protected":false},"excerpt":{"rendered":"<p>Listovi \u010daja nisu izlo\u017eeni pari tijekom obrade (kao japanski \u010daj), ve\u0107 se zagrijavaju u velikim posudama \u2013 sli\u010dno kineskom zelenom \u010daju. Woojeon Korea izvrstan je \u010daj kako za sladokusce tako i za one koji piju zeleni \u010daj za zdravlje.<\/p>\n<p>\ud83d\udc9a Iz organske je proizvodnje.<\/p>\n<p>\ud83d\udc9a Vrhunski zeleni \u010daj.<\/p>\n","protected":false},"featured_media":6474,"comment_status":"open","ping_status":"closed","template":"","meta":{"_acf_changed":false},"product_brand":[],"product_cat":[15,223,205,216],"product_tag":[],"class_list":{"0":"post-6083","1":"product","2":"type-product","3":"status-publish","4":"has-post-thumbnail","6":"product_cat-uncategorized","7":"product_cat-caj","8":"product_cat-caj-hrana-zacini","9":"product_cat-svi-proizvodi-ponudba","11":"first","12":"outofstock","13":"sale","14":"taxable","15":"shipping-taxable","16":"purchasable","17":"product-type-simple"},"acf":[],"_links":{"self":[{"href":"https:\/\/fengchashop.com\/hr\/wp-json\/wp\/v2\/product\/6083","targetHints":{"allow":["GET"]}}],"collection":[{"href":"https:\/\/fengchashop.com\/hr\/wp-json\/wp\/v2\/product"}],"about":[{"href":"https:\/\/fengchashop.com\/hr\/wp-json\/wp\/v2\/types\/product"}],"replies":[{"embeddable":true,"href":"https:\/\/fengchashop.com\/hr\/wp-json\/wp\/v2\/comments?post=6083"}],"wp:featuredmedia":[{"embeddable":true,"href":"https:\/\/fengchashop.com\/hr\/wp-json\/wp\/v2\/media\/6474"}],"wp:attachment":[{"href":"https:\/\/fengchashop.com\/hr\/wp-json\/wp\/v2\/media?parent=6083"}],"wp:term":[{"taxonomy":"product_brand","embeddable":true,"href":"https:\/\/fengchashop.com\/hr\/wp-json\/wp\/v2\/product_brand?post=6083"},{"taxonomy":"product_cat","embeddable":true,"href":"https:\/\/fengchashop.com\/hr\/wp-json\/wp\/v2\/product_cat?post=6083"},{"taxonomy":"product_tag","embeddable":true,"href":"https:\/\/fengchashop.com\/hr\/wp-json\/wp\/v2\/product_tag?post=6083"}],"curies":[{"name":"wp","href":"https:\/\/api.w.org\/{rel}","templated":true}]}}