{"id":6080,"date":"2025-05-30T12:08:29","date_gmt":"2025-05-30T10:08:29","guid":{"rendered":"https:\/\/fengchashop.com\/hr\/product\/sencha-benifuki-bio-50-g\/"},"modified":"2025-07-07T16:04:12","modified_gmt":"2025-07-07T14:04:12","slug":"sencha-benifuki-bio","status":"publish","type":"product","link":"https:\/\/fengchashop.com\/hr\/product\/sencha-benifuki-bio\/","title":{"rendered":"Sencha benifuki BIO 50 g"},"content":{"rendered":"<h2><span style=\"color: #000000;\">Sencha benifuki BIO (zeleni \u010daj)<\/span><\/h2>\n<p><span style=\"color: #000000;\">Benifuki je sorta zelenog \u010daja dobivena kri\u017eanjem sorti benimar i makuro CD86, koja je prvi put predstavljena japanskom tr\u017ei\u0161tu 90-ih godina pro\u0161log stolje\u0107a. Ima ve\u0107e listove i cvjetove od Yakubite, ina\u010de najpopularnije sorte zelenog \u010daja u Japanu.<\/span><\/p>\n<p><span style=\"color: #000000;\">Sama biljka je izuzetno otporna na bolesti, obilno ra\u0111a i specifi\u010dnog je mirisa. Benifuki je posebna i rijetka sorta zelenog \u010daja koja sadr\u017ei puno vi\u0161e katehina od usporedivih vrsta zelenog \u010daja. Naime, radi se o novootkrivenim metiliranim katehinima koji imaju bioregulacijski u\u010dinak, \u0161to zna\u010di da reguliraju odre\u0111ene procese u na\u0161em tijelu i na taj na\u010din utje\u010du na organizam poku\u0161avaju\u0107i ga dovesti u ravnote\u017eu. Zbog prethodno navedenih katehina, beniufiki mo\u017ee djelovati antialergijski, otklanjaju\u0107i simptome odre\u0111enih alergijskih stanja (peludna groznica, dermatitis, ekcem), osim \u0161to \u0161titi stanice jetre, regulira metabolizam i poma\u017ee kod mr\u0161avljenja. Zbog toga u posljednje vrijeme postaje iznimno popularan.<\/span><\/p>\n<p><span style=\"color: #000000;\">Budu\u0107i da sun\u010deva svjetlost utje\u010de na sadr\u017eaj katehina, biljku treba \u0161to vi\u0161e izlagati izravnoj sun\u010devoj svjetlosti i ne prekrivati \u200b\u200bje; ve\u0107a povr\u0161ina listova omogu\u0107uje maksimalnu iskoristivost, to je najbolje posebno kod donjih velikih listova i ljetnog usjeva.<\/span><\/p>\n<p><span style=\"color: #000000;\">Za razliku od drugih vrsta zelenog \u010daja, benifuki sadr\u017ei samo pregr\u0161t va\u017enih hranjivih tvari, poput vitamina, aminokiselina, eteri\u010dnih ulja, klorofila itd. Stoga preporu\u010damo da \u010daj koristite kao dodatak svojoj kolekciji odabranih pravih \u010dajeva i tako optimalno iskoristite sve dobrobiti pravih \u010dajeva za svoje zdravlje.<\/span><\/p>\n<h2><span style=\"color: #000000;\">Koje su prednosti pijenja Sencha Benufiki \u010daja za na\u0161e zdravlje?<\/span><\/h2>\n<p><span style=\"color: #000000;\">Zahvaljuju\u0107i ve\u0107em udjelu metiliranih katehina, benifuki djeluje antialergijski jer sprje\u010dava izbijanje raznih alergijskih reakcija i bolesti, posebice peludne groznice, alergijske astme, koprivnja\u010de i ekcema. Uglavnom neistra\u017een aspekt benifuki \u010daja je njegov u\u010dinak na metabolizam i glavne tjelesne organe. Redovita konzumacija povoljno djeluje na metabolizam op\u0107enito, a posebno pozitivno djeluje na jetru, \u017eu\u010dni mjehur, slezenu i gu\u0161tera\u010du. U tu svrhu u Japanu se koristi benifuki prah, naime preporu\u010duje se kura od 10 dana koja se ponavlja 3 puta godi\u0161nje. Redovita konzumacija sencha benifuki \u010daja tako je dovela do statisti\u010dkih pobolj\u0161anja kod pacijenata s alergijskim rinitisom, bez negativnih u\u010dinaka na biokemijske parametre i imunolo\u0161ki odgovor (leukociti u krvi ostali su normalni).<\/span><\/p>\n<h2><span style=\"color: #000000;\">Izgled<\/span><\/h2>\n<p><span style=\"color: #000000;\">U usporedbi s drugim sencha \u010dajevima, listovi benifuki \u010daja su ne\u0161to ve\u0107i i svjetlije zelene boje.<\/span><\/p>\n<h2><span style=\"color: #000000;\">Okus i miris<\/span><\/h2>\n<p><span style=\"color: #000000;\">U \u0161alici je \u010daj sna\u017enog okusa s karakteristi\u010dnim biljnim notama koje podsje\u0107aju na morske alge.<\/span><\/p>\n<h2><span style=\"color: #000000;\">Skladi\u0161tenje<\/span><\/h2>\n<p><span style=\"color: #000000;\">\u010caj \u010duvajte na suhom, tamnom i hladnom mjestu.<\/span><\/p>\n<h2><span style=\"color: #000000;\">Pakiranje<\/span><\/h2>\n<p><span style=\"color: #000000;\">Hermeti\u010dka vre\u0107ica s patentnim zatvara\u010dem u kojoj proizvod zadr\u017eava svu svoju svje\u017einu i aromu. Ambala\u017ea \u0161titi od svjetlosti i zraka jer se sastoji od vi\u0161e slojeva za\u0161tite koji \u010duvaju svojstva sadr\u017eaja.<\/span><\/p>\n<p><span style=\"color: #000000;\">Pakiranje je vrlo prakti\u010dno i omogu\u0107uje recikliranje.<\/span><\/p>\n<h2><span style=\"color: #000000;\">Podrijetlo<\/span><\/h2>\n<p><span style=\"color: #000000;\">Kagoshima (Japan)<\/span><\/p>\n","protected":false},"excerpt":{"rendered":"<p>Benifuki je sorta zelenog \u010daja dobivena kri\u017eanjem sorti benimar i makuro CD86, koja je prvi put predstavljena japanskom tr\u017ei\u0161tu 1990-ih. Ima ve\u0107e listove i cvjetove od Yakubite, ina\u010de najpopularnije sorte zelenog \u010daja u Japanu.<\/p>\n<p>\ud83d\udc9a Iz organske je proizvodnje.<\/p>\n<p>&nbsp;<\/p>\n","protected":false},"featured_media":6465,"comment_status":"open","ping_status":"closed","template":"","meta":{"_acf_changed":false},"product_brand":[],"product_cat":[15,223,205,216],"product_tag":[],"class_list":{"0":"post-6080","1":"product","2":"type-product","3":"status-publish","4":"has-post-thumbnail","6":"product_cat-uncategorized","7":"product_cat-caj","8":"product_cat-caj-hrana-zacini","9":"product_cat-svi-proizvodi-ponudba","11":"first","12":"outofstock","13":"taxable","14":"shipping-taxable","15":"purchasable","16":"product-type-simple"},"acf":[],"_links":{"self":[{"href":"https:\/\/fengchashop.com\/hr\/wp-json\/wp\/v2\/product\/6080","targetHints":{"allow":["GET"]}}],"collection":[{"href":"https:\/\/fengchashop.com\/hr\/wp-json\/wp\/v2\/product"}],"about":[{"href":"https:\/\/fengchashop.com\/hr\/wp-json\/wp\/v2\/types\/product"}],"replies":[{"embeddable":true,"href":"https:\/\/fengchashop.com\/hr\/wp-json\/wp\/v2\/comments?post=6080"}],"wp:featuredmedia":[{"embeddable":true,"href":"https:\/\/fengchashop.com\/hr\/wp-json\/wp\/v2\/media\/6465"}],"wp:attachment":[{"href":"https:\/\/fengchashop.com\/hr\/wp-json\/wp\/v2\/media?parent=6080"}],"wp:term":[{"taxonomy":"product_brand","embeddable":true,"href":"https:\/\/fengchashop.com\/hr\/wp-json\/wp\/v2\/product_brand?post=6080"},{"taxonomy":"product_cat","embeddable":true,"href":"https:\/\/fengchashop.com\/hr\/wp-json\/wp\/v2\/product_cat?post=6080"},{"taxonomy":"product_tag","embeddable":true,"href":"https:\/\/fengchashop.com\/hr\/wp-json\/wp\/v2\/product_tag?post=6080"}],"curies":[{"name":"wp","href":"https:\/\/api.w.org\/{rel}","templated":true}]}}