{"id":6077,"date":"2025-05-30T12:08:26","date_gmt":"2025-05-30T10:08:26","guid":{"rendered":"https:\/\/fengchashop.com\/hr\/product\/kukicha-bio-100-g\/"},"modified":"2025-07-07T09:24:30","modified_gmt":"2025-07-07T07:24:30","slug":"kukicha-bio","status":"publish","type":"product","link":"https:\/\/fengchashop.com\/hr\/product\/kukicha-bio\/","title":{"rendered":"Kukicha BIO 100 g"},"content":{"rendered":"<h2><span style=\"color: #000000;\">Kukicha BIO (zeleni \u010daj)<\/span><\/h2>\n<p><span style=\"color: #000000;\">Kukicha je poseban japanski \u010daj u kojem se mije\u0161aju listovi i stabljike \u010daja. Kod obrade drugih \u010dajeva uvijek se odre\u017eu vi\u0161ak stabljika. Zatim se koriste za izradu kukicha \u010daja. Vrlo je dobrog nje\u017enog okusa te je pogodan i za ljubitelje pi\u0107a koji ne vole japanski intenzivni zeleni \u010daj. Stabljike daju druga\u010diju dimenziju \u010daju.<\/span><\/p>\n<p><span style=\"color: #000000;\">Ova kukicha dolazi iz organske proizvodnje.<\/span><\/p>\n<h2><span style=\"color: #000000;\">Izgled<\/span><\/h2>\n<p><span style=\"color: #000000;\">Ve\u0107i tamnozeleni listovi i svijetli komadi\u0107i stabljike.<\/span><\/p>\n<h2><span style=\"color: #000000;\">Okus i miris<\/span><\/h2>\n<p><span style=\"color: #000000;\">Vrlo delikatan okus s ugodnim mirisima.<\/span><\/p>\n<h2><span style=\"color: #000000;\">Skladi\u0161tenje<\/span><\/h2>\n<p><span style=\"color: #000000;\">Kukicha se \u010duva na suhom, tamnom i hladnom mjestu.<\/span><\/p>\n<h2><span style=\"color: #000000;\">Pakiranje<\/span><\/h2>\n<p><span style=\"color: #000000;\">Hermeti\u010dka vre\u0107ica s patentnim zatvara\u010dem u kojoj proizvod zadr\u017eava svu svoju svje\u017einu i aromu. Ambala\u017ea \u0161titi od svjetlosti i zraka. Sastoji se od nekoliko slojeva za\u0161tite koji \u010duvaju svojstva proizvoda.<\/span><\/p>\n<p><span style=\"color: #000000;\">Pakiranje je vrlo prakti\u010dno i omogu\u0107uje recikliranje.<\/span><\/p>\n<h2><span style=\"color: #000000;\">Podrijetlo<\/span><\/h2>\n<p><span style=\"color: #000000;\">Japan<\/span><\/p>\n","protected":false},"excerpt":{"rendered":"<p>Kukicha je poseban japanski \u010daj u kojem se mije\u0161aju listovi i stabljike \u010daja. Kod obrade drugih \u010dajeva uvijek se odre\u017eu vi\u0161ak stabljika. Zatim se koriste za izradu kukicha \u010daja. Vrlo je dobrog nje\u017enog okusa te je pogodan i za ljubitelje pi\u0107a koji ne vole japanski intenzivni zeleni \u010daj.<\/p>\n<p>\ud83d\udc9a Iz organske je proizvodnje.<\/p>\n<p>&nbsp;<\/p>\n","protected":false},"featured_media":6460,"comment_status":"open","ping_status":"closed","template":"","meta":{"_acf_changed":false},"product_brand":[],"product_cat":[15,223,205,216],"product_tag":[],"class_list":{"0":"post-6077","1":"product","2":"type-product","3":"status-publish","4":"has-post-thumbnail","6":"product_cat-uncategorized","7":"product_cat-caj","8":"product_cat-caj-hrana-zacini","9":"product_cat-svi-proizvodi-ponudba","11":"first","12":"outofstock","13":"taxable","14":"shipping-taxable","15":"purchasable","16":"product-type-simple"},"acf":[],"_links":{"self":[{"href":"https:\/\/fengchashop.com\/hr\/wp-json\/wp\/v2\/product\/6077","targetHints":{"allow":["GET"]}}],"collection":[{"href":"https:\/\/fengchashop.com\/hr\/wp-json\/wp\/v2\/product"}],"about":[{"href":"https:\/\/fengchashop.com\/hr\/wp-json\/wp\/v2\/types\/product"}],"replies":[{"embeddable":true,"href":"https:\/\/fengchashop.com\/hr\/wp-json\/wp\/v2\/comments?post=6077"}],"wp:featuredmedia":[{"embeddable":true,"href":"https:\/\/fengchashop.com\/hr\/wp-json\/wp\/v2\/media\/6460"}],"wp:attachment":[{"href":"https:\/\/fengchashop.com\/hr\/wp-json\/wp\/v2\/media?parent=6077"}],"wp:term":[{"taxonomy":"product_brand","embeddable":true,"href":"https:\/\/fengchashop.com\/hr\/wp-json\/wp\/v2\/product_brand?post=6077"},{"taxonomy":"product_cat","embeddable":true,"href":"https:\/\/fengchashop.com\/hr\/wp-json\/wp\/v2\/product_cat?post=6077"},{"taxonomy":"product_tag","embeddable":true,"href":"https:\/\/fengchashop.com\/hr\/wp-json\/wp\/v2\/product_tag?post=6077"}],"curies":[{"name":"wp","href":"https:\/\/api.w.org\/{rel}","templated":true}]}}