{"id":6076,"date":"2025-05-30T12:08:26","date_gmt":"2025-05-30T10:08:26","guid":{"rendered":"https:\/\/fengchashop.com\/hr\/product\/rooibos-zeleni-bio-100-g\/"},"modified":"2025-07-07T15:56:40","modified_gmt":"2025-07-07T13:56:40","slug":"rooibos-zeleni-bio","status":"publish","type":"product","link":"https:\/\/fengchashop.com\/hr\/product\/rooibos-zeleni-bio\/","title":{"rendered":"Rooibos zeleni BIO 100 g"},"content":{"rendered":"<h2><span style=\"color: #000000;\">Rooibos zeleni BIO<\/span><\/h2>\n<p><span style=\"color: #000000;\">Rooibos je biljni grm koji uspijeva u Ju\u017enoafri\u010dkoj Republici. Zeleni rooibos ne prolazi kroz proces fermentacije, pa pi\u0107e ima bla\u017ei okus. Rooibos ne sadr\u017ei kofein i mo\u017ee se piti \u010dak i nave\u010der.<\/span><\/p>\n<p><span style=\"color: #000000;\">Izuzetno je popularan napitak u cijelom svijetu, jer impresionira prirodnim slatkim okusom i brojnim blagotvornim u\u010dincima. Zeleni rooibos sadr\u017ei vi\u0161e antioksidansa od obi\u010dne fermentirane verzije. Na\u0161 rooibos \u010daj dolazi iz organskog uzgoja.<\/span><\/p>\n<h2><span style=\"color: #000000;\">Skladi\u0161tenje<\/span><\/h2>\n<p><span style=\"color: #000000;\">Rooibos \u010duvajte na suhom, tamnom i hladnom mjestu.<\/span><\/p>\n<h2><span style=\"color: #000000;\">Pakiranje<\/span><\/h2>\n<p><span style=\"color: #000000;\">Hermeti\u010dka vre\u0107ica s patentnim zatvara\u010dem u kojoj proizvod zadr\u017eava svu svoju svje\u017einu i aromu. Ambala\u017ea \u0161titi od svjetlosti i zraka. Sastoji se od nekoliko slojeva za\u0161tite koji \u010duvaju svojstva proizvoda.<\/span><\/p>\n<p><span style=\"color: #000000;\">Pakiranje je vrlo prakti\u010dno i omogu\u0107uje recikliranje.<\/span><\/p>\n<h2><span style=\"color: #000000;\">Podrijetlo<\/span><\/h2>\n<p><span style=\"color: #000000;\">Ju\u017enoafri\u010dka Republika<\/span><\/p>\n","protected":false},"excerpt":{"rendered":"<p>Rooibos je iznimno popularno pi\u0107e u cijelom svijetu, jer impresionira prirodnim slatkim okusom i brojnim blagotvornim u\u010dincima.<\/p>\n<p>\ud83d\udc9a Sadr\u017ei puno antioksidansa, minerala i minerala.<br \/>\n\ud83d\udc9a Iz organske je proizvodnje.<\/p>\n<p>&nbsp;<\/p>\n","protected":false},"featured_media":6459,"comment_status":"open","ping_status":"closed","template":"","meta":{"_acf_changed":false},"product_brand":[],"product_cat":[15,223,205,216],"product_tag":[],"class_list":{"0":"post-6076","1":"product","2":"type-product","3":"status-publish","4":"has-post-thumbnail","6":"product_cat-uncategorized","7":"product_cat-caj","8":"product_cat-caj-hrana-zacini","9":"product_cat-svi-proizvodi-ponudba","11":"first","12":"outofstock","13":"taxable","14":"shipping-taxable","15":"purchasable","16":"product-type-simple"},"acf":[],"_links":{"self":[{"href":"https:\/\/fengchashop.com\/hr\/wp-json\/wp\/v2\/product\/6076","targetHints":{"allow":["GET"]}}],"collection":[{"href":"https:\/\/fengchashop.com\/hr\/wp-json\/wp\/v2\/product"}],"about":[{"href":"https:\/\/fengchashop.com\/hr\/wp-json\/wp\/v2\/types\/product"}],"replies":[{"embeddable":true,"href":"https:\/\/fengchashop.com\/hr\/wp-json\/wp\/v2\/comments?post=6076"}],"wp:featuredmedia":[{"embeddable":true,"href":"https:\/\/fengchashop.com\/hr\/wp-json\/wp\/v2\/media\/6459"}],"wp:attachment":[{"href":"https:\/\/fengchashop.com\/hr\/wp-json\/wp\/v2\/media?parent=6076"}],"wp:term":[{"taxonomy":"product_brand","embeddable":true,"href":"https:\/\/fengchashop.com\/hr\/wp-json\/wp\/v2\/product_brand?post=6076"},{"taxonomy":"product_cat","embeddable":true,"href":"https:\/\/fengchashop.com\/hr\/wp-json\/wp\/v2\/product_cat?post=6076"},{"taxonomy":"product_tag","embeddable":true,"href":"https:\/\/fengchashop.com\/hr\/wp-json\/wp\/v2\/product_tag?post=6076"}],"curies":[{"name":"wp","href":"https:\/\/api.w.org\/{rel}","templated":true}]}}