{"id":6075,"date":"2022-05-21T06:15:13","date_gmt":"2022-05-21T04:15:13","guid":{"rendered":"https:\/\/fengchashop.com\/hr\/product\/rooibos-bio-200-g\/"},"modified":"2026-05-08T17:07:11","modified_gmt":"2026-05-08T15:07:11","slug":"rooibos-bio","status":"publish","type":"product","link":"https:\/\/fengchashop.com\/hr\/product\/rooibos-bio\/","title":{"rendered":"Rooibos BIO 200 g"},"content":{"rendered":"<h2><span style=\"color: #000000\">Rooibos BIO<\/span><\/h2>\n<p><span style=\"color: #000000\">Rooibos je biljni grm koji uspijeva u Ju\u017enoafri\u010dkoj Republici. Mje\u0161tani ga zovu crveni grm. Sakupljaju se listi\u0107i s gran\u010dicama i su\u0161e na suncu. Ovdje se odvija fermentacija, gdje zeleno li\u0161\u0107e postaje crveno. \u010caj ne sadr\u017ei kofein i mo\u017ee se piti i nave\u010der.<\/span><\/p>\n<p><span style=\"color: #000000\">Izuzetno je popularan napitak u cijelom svijetu, jer impresionira prirodnim slatkim okusom i brojnim blagotvornim u\u010dincima. Rooibos \u010daj sadr\u017ei mnogo antioksidansa, minerala i minerala. Na\u0161 rooibos \u010daj dolazi iz organskog uzgoja.<\/span><\/p>\n<h2><span style=\"color: #000000\">Pohrana<\/span><\/h2>\n<p><span style=\"color: #000000\">\u010cuvati na suhom, tamnom i hladnom mjestu.<\/span><\/p>\n<h2><span style=\"color: #000000\">Ambala\u017ea<\/span><\/h2>\n<p><span style=\"color: #000000\">Hermeti\u010dka vre\u0107ica s patentnim zatvara\u010dem u kojoj proizvod zadr\u017eava svu svoju svje\u017einu i aromu. Ambala\u017ea \u0161titi od svjetlosti i zraka jer se sastoji od vi\u0161e slojeva za\u0161tite koji \u010duvaju svojstva sadr\u017eaja.<\/span><\/p>\n<p><span style=\"color: #000000\">Pakiranje je vrlo prakti\u010dno i omogu\u0107uje recikliranje.<\/span><\/p>\n<h2><span style=\"color: #000000\">Podrijetlo<\/span><\/h2>\n<p><span style=\"color: #000000\">Ju\u017enoafri\u0161ka republika<\/span><\/p>\n","protected":false},"excerpt":{"rendered":"<p>Rooibos je iznimno popularno pi\u0107e u cijelom svijetu, jer impresionira prirodnim slatkim okusom i brojnim blagotvornim u\u010dincima.<\/p>\n<p>\ud83d\udc9a \u010caj iz organske proizvodnje.<br \/>\n\ud83d\udc9a Sadr\u017ei mnogo antioksidansa, minerala i elemenata u tragovima.<\/p>\n<p>&nbsp;<\/p>\n","protected":false},"featured_media":6457,"comment_status":"open","ping_status":"closed","template":"","meta":{"_acf_changed":false},"product_brand":[],"product_cat":[15,223,205,216],"product_tag":[],"class_list":{"0":"post-6075","1":"product","2":"type-product","3":"status-publish","4":"has-post-thumbnail","6":"product_cat-uncategorized","7":"product_cat-caj","8":"product_cat-caj-hrana-zacini","9":"product_cat-svi-proizvodi-ponudba","11":"first","12":"instock","13":"sale","14":"taxable","15":"shipping-taxable","16":"purchasable","17":"product-type-simple"},"acf":[],"_links":{"self":[{"href":"https:\/\/fengchashop.com\/hr\/wp-json\/wp\/v2\/product\/6075","targetHints":{"allow":["GET"]}}],"collection":[{"href":"https:\/\/fengchashop.com\/hr\/wp-json\/wp\/v2\/product"}],"about":[{"href":"https:\/\/fengchashop.com\/hr\/wp-json\/wp\/v2\/types\/product"}],"replies":[{"embeddable":true,"href":"https:\/\/fengchashop.com\/hr\/wp-json\/wp\/v2\/comments?post=6075"}],"wp:featuredmedia":[{"embeddable":true,"href":"https:\/\/fengchashop.com\/hr\/wp-json\/wp\/v2\/media\/6457"}],"wp:attachment":[{"href":"https:\/\/fengchashop.com\/hr\/wp-json\/wp\/v2\/media?parent=6075"}],"wp:term":[{"taxonomy":"product_brand","embeddable":true,"href":"https:\/\/fengchashop.com\/hr\/wp-json\/wp\/v2\/product_brand?post=6075"},{"taxonomy":"product_cat","embeddable":true,"href":"https:\/\/fengchashop.com\/hr\/wp-json\/wp\/v2\/product_cat?post=6075"},{"taxonomy":"product_tag","embeddable":true,"href":"https:\/\/fengchashop.com\/hr\/wp-json\/wp\/v2\/product_tag?post=6075"}],"curies":[{"name":"wp","href":"https:\/\/api.w.org\/{rel}","templated":true}]}}