{"id":6074,"date":"2025-05-30T12:08:26","date_gmt":"2025-05-30T10:08:26","guid":{"rendered":"https:\/\/fengchashop.com\/hr\/product\/english-breakfast-bio-100-g\/"},"modified":"2025-07-04T07:12:22","modified_gmt":"2025-07-04T05:12:22","slug":"english-breakfast-bio","status":"publish","type":"product","link":"https:\/\/fengchashop.com\/hr\/product\/english-breakfast-bio\/","title":{"rendered":"English Breakfast BIO 100 g"},"content":{"rendered":"<h2><span style=\"color: #000000;\">English Breakfast (crni \u010daj)<\/span><\/h2>\n<p><span style=\"color: #000000;\">English Breakfast popularna je engleska mje\u0161avina raznih crnih \u010dajeva jake i aromati\u010dne note. Na\u0161 dolazi iz organskog uzgoja.<\/span><\/p>\n<h2><span style=\"color: #000000;\">Pohrana<\/span><\/h2>\n<p><span style=\"color: #000000;\">BIO \u010dajeve \u010duvajte na suhom, tamnom i hladnom mjestu.<\/span><\/p>\n<h2><span style=\"color: #000000;\">Ambala\u017ea<\/span><\/h2>\n<p style=\"text-align: justify;\"><span style=\"color: #000000;\">Hermeti\u010dka vre\u0107ica s patentnim zatvara\u010dem u kojoj proizvod zadr\u017eava svu svoju svje\u017einu i aromu. Ambala\u017ea \u0161titi od svjetlosti i zraka jer se sastoji od vi\u0161e slojeva za\u0161tite koji \u010duvaju svojstva sadr\u017eaja.<\/span><\/p>\n<p style=\"text-align: justify;\"><span style=\"color: #000000;\">Pakiranje je vrlo prakti\u010dno i omogu\u0107uje recikliranje.<\/span><\/p>\n<h2 style=\"text-align: justify;\"><span style=\"color: #000000;\">Podrijetlo<\/span><\/h2>\n<p><span style=\"color: #000000;\">\u0160ri lanka<\/span><\/p>\n","protected":false},"excerpt":{"rendered":"<p>English Breakfast popularna je engleska mje\u0161avina raznih crnih \u010dajeva jake i aromati\u010dne note.<\/p>\n<p>\ud83d\udc9a Iz organske je proizvodnje.<\/p>\n<p>\ud83d\udc9a Pove\u0107ava i odr\u017eava koncentraciju.<\/p>\n<p>&nbsp;<\/p>\n","protected":false},"featured_media":6452,"comment_status":"open","ping_status":"closed","template":"","meta":{"_acf_changed":false},"product_brand":[],"product_cat":[15,223,205,216],"product_tag":[],"class_list":{"0":"post-6074","1":"product","2":"type-product","3":"status-publish","4":"has-post-thumbnail","6":"product_cat-uncategorized","7":"product_cat-caj","8":"product_cat-caj-hrana-zacini","9":"product_cat-svi-proizvodi-ponudba","11":"first","12":"outofstock","13":"sale","14":"taxable","15":"shipping-taxable","16":"purchasable","17":"product-type-simple"},"acf":[],"_links":{"self":[{"href":"https:\/\/fengchashop.com\/hr\/wp-json\/wp\/v2\/product\/6074","targetHints":{"allow":["GET"]}}],"collection":[{"href":"https:\/\/fengchashop.com\/hr\/wp-json\/wp\/v2\/product"}],"about":[{"href":"https:\/\/fengchashop.com\/hr\/wp-json\/wp\/v2\/types\/product"}],"replies":[{"embeddable":true,"href":"https:\/\/fengchashop.com\/hr\/wp-json\/wp\/v2\/comments?post=6074"}],"wp:featuredmedia":[{"embeddable":true,"href":"https:\/\/fengchashop.com\/hr\/wp-json\/wp\/v2\/media\/6452"}],"wp:attachment":[{"href":"https:\/\/fengchashop.com\/hr\/wp-json\/wp\/v2\/media?parent=6074"}],"wp:term":[{"taxonomy":"product_brand","embeddable":true,"href":"https:\/\/fengchashop.com\/hr\/wp-json\/wp\/v2\/product_brand?post=6074"},{"taxonomy":"product_cat","embeddable":true,"href":"https:\/\/fengchashop.com\/hr\/wp-json\/wp\/v2\/product_cat?post=6074"},{"taxonomy":"product_tag","embeddable":true,"href":"https:\/\/fengchashop.com\/hr\/wp-json\/wp\/v2\/product_tag?post=6074"}],"curies":[{"name":"wp","href":"https:\/\/api.w.org\/{rel}","templated":true}]}}