{"id":6073,"date":"2022-05-21T06:02:22","date_gmt":"2022-05-21T04:02:22","guid":{"rendered":"https:\/\/fengchashop.com\/hr\/product\/earl-grey-bio-250-g\/"},"modified":"2026-05-07T10:33:34","modified_gmt":"2026-05-07T08:33:34","slug":"earl-grey-bio","status":"publish","type":"product","link":"https:\/\/fengchashop.com\/hr\/product\/earl-grey-bio\/","title":{"rendered":"Earl Grey BIO 100 g"},"content":{"rendered":"<h2><span style=\"color: #000000\">Earl Grey (aromatizirani \u010daj)<\/span><\/h2>\n<p><span style=\"color: #000000\">Earl Grey mje\u0161avina crnog \u010daja s indijskih i cejlonskih planta\u017ea s prirodnom aromom ulja bergamota. Dolazi iz organskog uzgoja.<\/span><\/p>\n<h2><span style=\"color: #000000\">Pohrana<\/span><\/h2>\n<p><span style=\"color: #000000\">\u010cuvati na suhom, tamnom i hladnom mjestu.<\/span><\/p>\n<h2><span style=\"color: #000000\">Ambala\u017ea<\/span><\/h2>\n<p style=\"text-align: justify\"><span style=\"color: #000000\">Hermeti\u010dka vre\u0107ica s patentnim zatvara\u010dem u kojoj proizvod zadr\u017eava svu svoju svje\u017einu i aromu. Ambala\u017ea \u0161titi od svjetlosti i zraka jer se sastoji od vi\u0161e slojeva za\u0161tite koji \u010duvaju svojstva sadr\u017eaja.<\/span><\/p>\n<p style=\"text-align: justify\"><span style=\"color: #000000\">Pakiranje je vrlo prakti\u010dno i omogu\u0107uje recikliranje.<\/span><\/p>\n","protected":false},"excerpt":{"rendered":"<p>Earl Grey mje\u0161avina crnog \u010daja s indijskih i cejlonskih planta\u017ea s prirodnom aromom ulja bergamota.<\/p>\n<p>\ud83d\udc9a Iz organske je proizvodnje.<\/p>\n<p>\ud83d\udc9a Idealan za bu\u0111enje najve\u0107ih spavalica.<\/p>\n<p>&nbsp;<\/p>\n","protected":false},"featured_media":6447,"comment_status":"open","ping_status":"closed","template":"","meta":{"_acf_changed":false},"product_brand":[],"product_cat":[15,205,216],"product_tag":[],"class_list":{"0":"post-6073","1":"product","2":"type-product","3":"status-publish","4":"has-post-thumbnail","6":"product_cat-uncategorized","7":"product_cat-caj-hrana-zacini","8":"product_cat-svi-proizvodi-ponudba","10":"first","11":"instock","12":"taxable","13":"shipping-taxable","14":"purchasable","15":"product-type-simple"},"acf":[],"_links":{"self":[{"href":"https:\/\/fengchashop.com\/hr\/wp-json\/wp\/v2\/product\/6073","targetHints":{"allow":["GET"]}}],"collection":[{"href":"https:\/\/fengchashop.com\/hr\/wp-json\/wp\/v2\/product"}],"about":[{"href":"https:\/\/fengchashop.com\/hr\/wp-json\/wp\/v2\/types\/product"}],"replies":[{"embeddable":true,"href":"https:\/\/fengchashop.com\/hr\/wp-json\/wp\/v2\/comments?post=6073"}],"wp:featuredmedia":[{"embeddable":true,"href":"https:\/\/fengchashop.com\/hr\/wp-json\/wp\/v2\/media\/6447"}],"wp:attachment":[{"href":"https:\/\/fengchashop.com\/hr\/wp-json\/wp\/v2\/media?parent=6073"}],"wp:term":[{"taxonomy":"product_brand","embeddable":true,"href":"https:\/\/fengchashop.com\/hr\/wp-json\/wp\/v2\/product_brand?post=6073"},{"taxonomy":"product_cat","embeddable":true,"href":"https:\/\/fengchashop.com\/hr\/wp-json\/wp\/v2\/product_cat?post=6073"},{"taxonomy":"product_tag","embeddable":true,"href":"https:\/\/fengchashop.com\/hr\/wp-json\/wp\/v2\/product_tag?post=6073"}],"curies":[{"name":"wp","href":"https:\/\/api.w.org\/{rel}","templated":true}]}}