{"id":6072,"date":"2022-05-21T05:51:38","date_gmt":"2022-05-21T03:51:38","guid":{"rendered":"https:\/\/fengchashop.com\/hr\/product\/autofagijski-caj-bio-100-g\/"},"modified":"2026-05-07T10:28:21","modified_gmt":"2026-05-07T08:28:21","slug":"autofagijski-caj-bio","status":"publish","type":"product","link":"https:\/\/fengchashop.com\/hr\/product\/autofagijski-caj-bio\/","title":{"rendered":"Autofagijski \u010daj BIO 100 g"},"content":{"rendered":"<h2><span style=\"color: #000000\">Autofagijski \u010daj Bio<\/span><\/h2>\n<p><span style=\"color: #000000\">Autofagija ili autofagocitoza na starogr\u010dkom zna\u010di pro\u017edirati sebe. To je prirodni, regulirani mehanizam stanice koji uklanja nepotrebne ili nefunkcionalne komponente iz stanice. Japanac Yoshinori Ohsum 2016. godine dobio je Nobelovu nagradu za otkri\u0107e autofagije i njezinih molekularnih mehanizama.<\/span><\/p>\n<p><span style=\"color: #000000\">Autofagija poma\u017ee stanici da se obnovi, eliminira nepotrebne tvari i ponovno zablista. Mi sami mo\u017eemo pomo\u0107i aktiviranju autofagije i tako pomo\u0107i na\u0161em tijelu da bude zdravije, oja\u010dati imunolo\u0161ki sustav, smanjiti upale, dati nam vi\u0161e energije, osigurati bolji san, u\u010diniti da na\u0161a ko\u017ea ponovno blista i usporiti starenje.<\/span><\/p>\n<p><span style=\"color: #000000\"><strong>Autofagija se mo\u017ee aktivirati:<\/strong><\/span><\/p>\n<p><span style=\"color: #000000\">\ud83d\udc9a s prekidima posta<\/span><\/p>\n<p><span style=\"color: #000000\">\ud83d\udc9a s intervalnim treninzima<\/span><\/p>\n<p><span style=\"color: #000000\">\ud83d\udc9a da smo bez elektroni\u010dkih ure\u0111aja barem 30 minuta prije spavanja<\/span><\/p>\n<p><span style=\"color: #000000\">\ud83d\udc9a zapo\u010deti dan zdravim masno\u0107ama<\/span><\/p>\n<p><span style=\"color: #000000\">\ud83d\udc9a s \u010dajem od autofagije.<\/span><\/p>\n<p><span style=\"color: #000000\">Autofagijski \u010daj <strong>sadr\u017ei sastojke koji aktiviraju proces autofagije<\/strong> &#8211; eteri\u010dno ulje bergamota, crni \u010daj, zeleni \u010daj i cimet.<\/span><\/p>\n<p><span style=\"color: #000000\">Kokosovo ulje trebat \u0107e vam i <strong>za pripremu autofagijskog \u010daja<\/strong>. Na kraju, kada ste ve\u0107 pripremili \u010daj, samo dodajte \u017eli\u010dicu kokosovog ulja u \u010daj i u\u017eivajte u ispijanju \u010daja. Kokosovo ulje tako\u0111er aktivira proces autofagije.<\/span><\/p>\n<h2><span style=\"color: #000000\">Pohrana<\/span><\/h2>\n<p><span style=\"color: #000000\">\u010cuvati na suhom, tamnom i hladnom mjestu.<\/span><\/p>\n<p style=\"text-align: justify\"><span style=\"color: #000000\">Nepropusna vre\u0107ica s patentnim zatvara\u010dem u kojoj proizvod zadr\u017eava svu svje\u017einu i miris. Ambala\u017ea \u0161titi od svjetlosti i zraka, jer se sastoji od nekoliko slojeva za\u0161tite koji \u010duvaju svojstva sadr\u017eaja.<\/span><\/p>\n<p style=\"text-align: justify\"><span style=\"color: #000000\">Ambala\u017ea je vrlo prakti\u010dna i mo\u017ee se reciklirati.<\/span><\/p>\n<h2><span style=\"color: #000000\">Podrijetlo<\/span><\/h2>\n<p><span style=\"color: #000000\">Proizvedeno u Sloveniji<\/span><\/p>\n","protected":false},"excerpt":{"rendered":"<p>Autofagija ili autofagocitoza na starogr\u010dkom zna\u010di pro\u017edirati sebe. To je prirodni, regulirani mehanizam stanice koji uklanja nepotrebne ili nefunkcionalne komponente iz stanice. Japanac Yoshinori Ohsum 2016. godine dobio je Nobelovu nagradu za otkri\u0107e autofagije i njezinih molekularnih mehanizama. Autofagija poma\u017ee stanici da se obnovi, eliminira nepotrebne tvari i ponovno zablista. Mi sami mo\u017eemo pomo\u0107i aktiviranju autofagije i tako pomo\u0107i na\u0161em tijelu da bude zdravije, oja\u010dati imunolo\u0161ki sustav, smanjiti upale, dati nam vi\u0161e energije, osigurati bolji san, u\u010diniti da na\u0161a ko\u017ea ponovno blista i usporiti starenje.<\/p>\n<p>\ud83d\udc9a Autofagijski \u010daj sadr\u017ei sastojke koji aktiviraju proces autofagije.<br \/>\n\ud83d\udc9a Iz organske je proizvodnje.<\/p>\n<p>&nbsp;<\/p>\n","protected":false},"featured_media":6445,"comment_status":"open","ping_status":"closed","template":"","meta":{"_acf_changed":false},"product_brand":[],"product_cat":[15,223,205,216],"product_tag":[],"class_list":{"0":"post-6072","1":"product","2":"type-product","3":"status-publish","4":"has-post-thumbnail","6":"product_cat-uncategorized","7":"product_cat-caj","8":"product_cat-caj-hrana-zacini","9":"product_cat-svi-proizvodi-ponudba","11":"first","12":"instock","13":"sale","14":"taxable","15":"shipping-taxable","16":"purchasable","17":"product-type-simple"},"acf":[],"_links":{"self":[{"href":"https:\/\/fengchashop.com\/hr\/wp-json\/wp\/v2\/product\/6072","targetHints":{"allow":["GET"]}}],"collection":[{"href":"https:\/\/fengchashop.com\/hr\/wp-json\/wp\/v2\/product"}],"about":[{"href":"https:\/\/fengchashop.com\/hr\/wp-json\/wp\/v2\/types\/product"}],"replies":[{"embeddable":true,"href":"https:\/\/fengchashop.com\/hr\/wp-json\/wp\/v2\/comments?post=6072"}],"wp:featuredmedia":[{"embeddable":true,"href":"https:\/\/fengchashop.com\/hr\/wp-json\/wp\/v2\/media\/6445"}],"wp:attachment":[{"href":"https:\/\/fengchashop.com\/hr\/wp-json\/wp\/v2\/media?parent=6072"}],"wp:term":[{"taxonomy":"product_brand","embeddable":true,"href":"https:\/\/fengchashop.com\/hr\/wp-json\/wp\/v2\/product_brand?post=6072"},{"taxonomy":"product_cat","embeddable":true,"href":"https:\/\/fengchashop.com\/hr\/wp-json\/wp\/v2\/product_cat?post=6072"},{"taxonomy":"product_tag","embeddable":true,"href":"https:\/\/fengchashop.com\/hr\/wp-json\/wp\/v2\/product_tag?post=6072"}],"curies":[{"name":"wp","href":"https:\/\/api.w.org\/{rel}","templated":true}]}}