{"id":6071,"date":"2025-05-30T12:08:26","date_gmt":"2025-05-30T10:08:26","guid":{"rendered":"https:\/\/fengchashop.com\/hr\/product\/indijski-orescki-bio-500-g\/"},"modified":"2025-07-04T08:06:08","modified_gmt":"2025-07-04T06:06:08","slug":"indijski-orescki-bio","status":"publish","type":"product","link":"https:\/\/fengchashop.com\/hr\/product\/indijski-orescki-bio\/","title":{"rendered":"Indijski ora\u0161\u010di\u0107i BIO 500 g"},"content":{"rendered":"<h2 style=\"text-align: justify;\"><span style=\"color: #000000;\">Indijski ora\u0161\u010di\u0107i BIO<\/span><\/h2>\n<p><span style=\"color: #000000;\">Indijski ora\u0161\u010di\u0107i potje\u010du iz Brazila i sjemenke su zimzelenog stabla koje se naziva indijski orah. To je drvo koje ra\u0111a kru\u0161kolikim plodovima, koji imaju karakteristi\u010dne izrasline u ljusci, iz kojih vadimo t. ja indijski ora\u0161\u010di\u0107i. Kora se obi\u010dno uklanja odmah nakon berbe ploda jer je okru\u017eena uljastom teku\u0107inom koja izaziva iritaciju ko\u017ee.<\/span><\/p>\n<p><span style=\"color: #000000;\">Indijski ora\u0161\u010di\u0107i se smatraju jednim od zdravijih ora\u0161astih plodova zbog sadr\u017eaja vitamina i minerala &#8211; uklju\u010duju\u0107i kalij, vitamine B i K, mangan, magnezij, fosfor, cink, bakar i \u017eeljezo. U usporedbi s ostalim ora\u0161astim plodovima, imaju i ni\u017ei udio masti (rije\u010d je o nezasi\u0107enim masno\u0107ama, koje se \u010desto naziva zdravim masno\u0107ama) i ne\u0161to ve\u0107i udio ugljikohidrata. Osim toga, tako\u0111er su bogat izvor antioksidansa. Ponegdje ih \u010dak smatraju najzdravijim ora\u0161astim plodovima koje nam priroda nudi. Redovita, a prije svega umjerena konzumacija indijskih ora\u0161\u010di\u0107a mo\u017ee pomo\u0107i u smanjenju rizika od kardiovaskularnih bolesti, sniziti \u0161e\u0107er u krvi i tlak, a ujedno odr\u017eati razinu dobrog kolesterola, \u0161to se uglavnom mo\u017ee zahvaliti sadr\u017eaju mononezasi\u0107enih masno\u0107a.<\/span><\/p>\n<p><span style=\"color: #000000;\">Indijski ora\u0161\u010di\u0107i se mogu jesti kao me\u0111uobrok, kao dodatak salatama, \u017eitaricama, vo\u0107u ili smoothiejima. Zbog svoje kremaste strukture savr\u0161eno se snalaze u trpkim slasticama, slanim i slatkim vrhnjima, a mogu se koristiti i za pripremu ukusnog i zdravog biljnog napitka.<\/span><\/p>\n<p><span style=\"color: #000000;\">Bez dodanih konzervansa, aditiva ili soli.<\/span><\/p>\n<p><span style=\"color: #000000;\">Mo\u017ee sadr\u017eavati tragove drugih ora\u0161astih plodova, kikirikija i sezama.<\/span><\/p>\n<h2><span style=\"color: #000000;\">Skladi\u0161tenje<\/span><\/h2>\n<p><span style=\"color: #000000;\">Otvoreno sredstvo \u010duvati na suhom i tamnom mjestu i upotrijebiti \u0161to je prije mogu\u0107e.<\/span><\/p>\n<h2><span style=\"color: #000000;\">Pakiranje<\/span><\/h2>\n<p><span style=\"color: #000000;\">Hermeti\u010dka vre\u0107ica s patentnim zatvara\u010dem u kojoj proizvod zadr\u017eava svu svoju svje\u017einu i aromu. Ambala\u017ea \u0161titi od svjetlosti i zraka jer se sastoji od vi\u0161e slojeva za\u0161tite koji \u010duvaju svojstva sadr\u017eaja.<\/span><\/p>\n<p><span style=\"color: #000000;\">Pakiranje je vrlo prakti\u010dno i omogu\u0107uje recikliranje.<\/span><\/p>\n<h2><span style=\"color: #000000;\">Podrijetlo<\/span><\/h2>\n<p><span style=\"color: #000000;\">Vijetnam<\/span><\/p>\n","protected":false},"excerpt":{"rendered":"<p>Indijski ora\u0161\u010di\u0107i se smatraju jednim od zdravijih ora\u0161astih plodova zbog sadr\u017eaja vitamina i minerala, uklju\u010duju\u0107i kalij, vitamine B i K, mangan, magnezij, fosfor, cink, bakar i \u017eeljezo. U usporedbi s ostalim ora\u0161astim plodovima, imaju i ni\u017ei udio masti (rije\u010d je o nezasi\u0107enim masno\u0107ama, koje se \u010desto naziva zdravim masno\u0107ama) i ne\u0161to ve\u0107i udio ugljikohidrata. Ponegdje ih \u010dak smatraju najzdravijim ora\u0161astim plodovima koje nam priroda nudi. Redovita, a prije svega umjerena konzumacija indijskih ora\u0161\u010di\u0107a mo\u017ee pomo\u0107i u smanjenju rizika od kardiovaskularnih bolesti, sniziti \u0161e\u0107er u krvi i tlak, a ujedno odr\u017eati razinu dobrog kolesterola, \u0161to se uglavnom mo\u017ee zahvaliti sadr\u017eaju mononezasi\u0107enih masno\u0107a.<\/p>\n<p>\ud83d\udc9a Bogat izvor antioksidansa.<br \/>\n\ud83d\udc9a Iz organske je proizvodnje.<br \/>\n\ud83d\udc9a Bez dodanih konzervansa, aditiva i soli.<\/p>\n<p>&nbsp;<\/p>\n","protected":false},"featured_media":6443,"comment_status":"open","ping_status":"closed","template":"","meta":{"_acf_changed":false},"product_brand":[],"product_cat":[15,205,216],"product_tag":[],"class_list":{"0":"post-6071","1":"product","2":"type-product","3":"status-publish","4":"has-post-thumbnail","6":"product_cat-uncategorized","7":"product_cat-caj-hrana-zacini","8":"product_cat-svi-proizvodi-ponudba","10":"first","11":"outofstock","12":"taxable","13":"shipping-taxable","14":"purchasable","15":"product-type-simple"},"acf":[],"_links":{"self":[{"href":"https:\/\/fengchashop.com\/hr\/wp-json\/wp\/v2\/product\/6071","targetHints":{"allow":["GET"]}}],"collection":[{"href":"https:\/\/fengchashop.com\/hr\/wp-json\/wp\/v2\/product"}],"about":[{"href":"https:\/\/fengchashop.com\/hr\/wp-json\/wp\/v2\/types\/product"}],"replies":[{"embeddable":true,"href":"https:\/\/fengchashop.com\/hr\/wp-json\/wp\/v2\/comments?post=6071"}],"wp:featuredmedia":[{"embeddable":true,"href":"https:\/\/fengchashop.com\/hr\/wp-json\/wp\/v2\/media\/6443"}],"wp:attachment":[{"href":"https:\/\/fengchashop.com\/hr\/wp-json\/wp\/v2\/media?parent=6071"}],"wp:term":[{"taxonomy":"product_brand","embeddable":true,"href":"https:\/\/fengchashop.com\/hr\/wp-json\/wp\/v2\/product_brand?post=6071"},{"taxonomy":"product_cat","embeddable":true,"href":"https:\/\/fengchashop.com\/hr\/wp-json\/wp\/v2\/product_cat?post=6071"},{"taxonomy":"product_tag","embeddable":true,"href":"https:\/\/fengchashop.com\/hr\/wp-json\/wp\/v2\/product_tag?post=6071"}],"curies":[{"name":"wp","href":"https:\/\/api.w.org\/{rel}","templated":true}]}}