{"id":6070,"date":"2025-05-30T12:08:26","date_gmt":"2025-05-30T10:08:26","guid":{"rendered":"https:\/\/fengchashop.com\/hr\/product\/brazilski-orescki-bio-500-g\/"},"modified":"2025-07-01T10:24:45","modified_gmt":"2025-07-01T08:24:45","slug":"brazilski-orescki-bio","status":"publish","type":"product","link":"https:\/\/fengchashop.com\/hr\/product\/brazilski-orescki-bio\/","title":{"rendered":"Brazilski orah BIO 500 g"},"content":{"rendered":"<h2><span style=\"color: #000000;\">Brazilski orah BIO<\/span><\/h2>\n<p><span style=\"color: #000000;\">Brazilski orah raste na nekoliko desetaka metara visokom stablu zvanom Bertolecia. Potje\u010du iz pra\u0161uma Amazone i zapravo su sjemenke ovog mo\u0107nog stabla koje tako\u0111er ima \u017eivotni vijek 700 godina. Uglavnom rastu u prirodi i ne dobivaju se planta\u017eno, a najve\u0107i izvoznik ovog izuzetno hranjivog ora\u0161astog vo\u0107a je Bolivija.<\/span><\/p>\n<p><span style=\"color: #000000;\">Prije svega, brazilski orah je poznat kao zdrava grickalica koja sadr\u017ei mnogo zdravih masno\u0107a, dijetalnih vlakana i selena. Selen je iznimno va\u017ean element koji je \u0161titnja\u010di potreban za pravilan rad. Tako\u0111er je odgovoran za ravnote\u017eu hormona. Neravnote\u017ea hormona mo\u017ee dovesti do raznih nepo\u017eeljnih stanja, jer oni reguliraju raspolo\u017eenje i razne funkcije u tijelu. Zbog visokog udjela selena pozitivno utje\u010du i na izgled ko\u017ee. Zbog dijetalnih vlakana dobre su za probavu i daju osje\u0107aj sitosti. Va\u017eni su i vitamin C i cink koji, izme\u0111u ostalog, pove\u0107avaju imunolo\u0161ku otpornost i \u0161tite od bolesti, pa tako i kardiovaskularnih. Brazilski ora\u0161\u010di\u0107i tako\u0111er sadr\u017ee \u017eeljezo i bakar koji imaju klju\u010dnu ulogu u prevenciji anemije. anemija. Ako ih svakodnevno konzumiramo u manjim koli\u010dinama, vrlo brzo nam osiguravaju dnevne potrebe za va\u017enim vitaminima i mineralima \u2013 dovoljno je 10 g ora\u0161astih plodova dnevno.<\/span><\/p>\n<p><span style=\"color: #000000;\">No, brazilski ora\u0161\u010di\u0107i tako\u0111er su dosta kalori\u010dni pa je umjerenost u konzumaciji uvijek vrlo va\u017ena. Ovo je va\u017eno i zbog visokog udjela selena koji u prevelikim koli\u010dinama mo\u017ee izazvati suprotan u\u010dinak (ako svakodnevno konzumiramo velike koli\u010dine ora\u0161astih plodova).<\/span><\/p>\n<h2><span style=\"color: #000000;\">Skladi\u0161tenje<\/span><\/h2>\n<p><span style=\"color: #000000;\">Otvoreno sredstvo \u010duvati na suhom i tamnom mjestu i upotrijebiti \u0161to je prije mogu\u0107e.<\/span><\/p>\n<h2><span style=\"color: #000000;\">Pakiranje<\/span><\/h2>\n<p><span style=\"color: #000000;\">Hermeti\u010dka vre\u0107ica s patentnim zatvara\u010dem u kojoj proizvod zadr\u017eava svu svoju svje\u017einu i aromu. Ambala\u017ea \u0161titi od svjetlosti i zraka jer se sastoji od vi\u0161e slojeva za\u0161tite koji \u010duvaju svojstva sadr\u017eaja.<\/span><\/p>\n<p><span style=\"color: #000000;\">Pakiranje je vrlo prakti\u010dno i omogu\u0107uje recikliranje.<\/span><\/p>\n<h2><span style=\"color: #000000;\">Podrijetlo<\/span><\/h2>\n<p><span style=\"color: #000000;\">Brazil ili Bolivija<\/span><\/p>\n","protected":false},"excerpt":{"rendered":"<p>Prije svega, brazilski orah je poznat kao zdrava grickalica koja je bogata zdravim mastima, dijetalnim vlaknima i selenom. Selen je iznimno va\u017ean element koji je \u0161titnja\u010di potreban za pravilan rad. Tako\u0111er je odgovoran za ravnote\u017eu hormona. Neravnote\u017ea hormona mo\u017ee dovesti do raznih nepo\u017eeljnih stanja, jer oni reguliraju raspolo\u017eenje i razne funkcije u tijelu. Va\u017eni su i vitamin C i cink koji, izme\u0111u ostalog, pove\u0107avaju imunolo\u0161ku otpornost i \u0161tite od bolesti, pa tako i kardiovaskularnih. Brazilski ora\u0161\u010di\u0107i tako\u0111er sadr\u017ee \u017eeljezo i bakar koji imaju klju\u010dnu ulogu u prevenciji anemije. anemija. Ako ih svakodnevno konzumiramo u manjim koli\u010dinama, vrlo brzo nam osiguravaju dnevne potrebe za va\u017enim vitaminima i mineralima \u2013 dovoljno je 10 g ora\u0161astih plodova dnevno.<\/p>\n<p>\ud83d\udc9a Zbog dijetalnih vlakana dobre su za probavu i daju osje\u0107aj sitosti.<br \/>\n\ud83d\udc9a Iz organske je proizvodnje.<br \/>\n\ud83d\udc9a Zbog visokog udjela selena pozitivno utje\u010du i na izgled ko\u017ee.<\/p>\n<p>&nbsp;<\/p>\n","protected":false},"featured_media":6441,"comment_status":"open","ping_status":"closed","template":"","meta":{"_acf_changed":false},"product_brand":[],"product_cat":[15,205,216],"product_tag":[],"class_list":{"0":"post-6070","1":"product","2":"type-product","3":"status-publish","4":"has-post-thumbnail","6":"product_cat-uncategorized","7":"product_cat-caj-hrana-zacini","8":"product_cat-svi-proizvodi-ponudba","10":"first","11":"outofstock","12":"taxable","13":"shipping-taxable","14":"purchasable","15":"product-type-simple"},"acf":[],"_links":{"self":[{"href":"https:\/\/fengchashop.com\/hr\/wp-json\/wp\/v2\/product\/6070","targetHints":{"allow":["GET"]}}],"collection":[{"href":"https:\/\/fengchashop.com\/hr\/wp-json\/wp\/v2\/product"}],"about":[{"href":"https:\/\/fengchashop.com\/hr\/wp-json\/wp\/v2\/types\/product"}],"replies":[{"embeddable":true,"href":"https:\/\/fengchashop.com\/hr\/wp-json\/wp\/v2\/comments?post=6070"}],"wp:featuredmedia":[{"embeddable":true,"href":"https:\/\/fengchashop.com\/hr\/wp-json\/wp\/v2\/media\/6441"}],"wp:attachment":[{"href":"https:\/\/fengchashop.com\/hr\/wp-json\/wp\/v2\/media?parent=6070"}],"wp:term":[{"taxonomy":"product_brand","embeddable":true,"href":"https:\/\/fengchashop.com\/hr\/wp-json\/wp\/v2\/product_brand?post=6070"},{"taxonomy":"product_cat","embeddable":true,"href":"https:\/\/fengchashop.com\/hr\/wp-json\/wp\/v2\/product_cat?post=6070"},{"taxonomy":"product_tag","embeddable":true,"href":"https:\/\/fengchashop.com\/hr\/wp-json\/wp\/v2\/product_tag?post=6070"}],"curies":[{"name":"wp","href":"https:\/\/api.w.org\/{rel}","templated":true}]}}