{"id":6064,"date":"2025-05-30T12:08:23","date_gmt":"2025-05-30T10:08:23","guid":{"rendered":"https:\/\/fengchashop.com\/hr\/product\/beli-sezam-bio-250-g\/"},"modified":"2025-07-01T10:58:22","modified_gmt":"2025-07-01T08:58:22","slug":"beli-sezam-bio","status":"publish","type":"product","link":"https:\/\/fengchashop.com\/hr\/product\/beli-sezam-bio\/","title":{"rendered":"Bijeli sezam BIO 250 g"},"content":{"rendered":"<h2 style=\"text-align: justify;\"><span style=\"color: #000000;\">Bijeli sezam BIO<\/span><\/h2>\n<p style=\"text-align: justify;\"><span style=\"color: #000000;\">Sezamova semena so <strong>semena prastare kulturne rastline<\/strong>. Poznamo ve\u010d vrst sezamovih semen, ki jih obi\u010dajno lo\u010dimo po barvi. V na\u0161i ponudbi imamo <strong>\u010drni in beli sezam<\/strong>.<\/span><\/p>\n<p><span style=\"color: #000000;\">Danas se sezam koristi i uzgaja gotovo u cijelom svijetu. U kulinarstvu i medicini poznata je najmanje 3500 godina. Od sjemenki sezama pravi se sezamovo ulje, sezamovo bra\u0161no, a mogu se koristiti i cijele. Potonji se prethodno pr\u017ee bez dodavanja ulja kako bi im se pobolj\u0161ao okus. Sezam tako\u0111er sadr\u017ei do 80% mono- ili polinezasi\u0107enih masnih kiselina, antioksidanse, vitamine E i A te vitamine B skupine. Tako\u0111er sadr\u017ei kalcij i fitonutrijente koji se brinu za na\u0161e srce i krvne \u017eile. Zbog sezamina i sezamolina sezam ima i sna\u017ena antioksidativna i protuupalna svojstva. Prema rezultatima nekih istra\u017eivanja, konzumacija sezama trebala bi pridonijeti i prevenciji raka. Sezam je tako\u0111er bogat izvor proteina i vlakana.<\/span><\/p>\n<p><span style=\"color: #000000;\">Bijeli susam se od crnog razlikuje po tome \u0161to je bijeli olju\u0161ten, a crni nije. Crni sezam je stoga bogatiji od bijelog sa dosta nutrijenata koji su prirodno prisutni u ovojnici sjemena. Okus sezama je slatkast, podsje\u0107a na orahe, posebno pe\u010den.<\/span><\/p>\n<p><span style=\"color: #000000;\">Na\u0161 bijeli susam je iz organske proizvodnje.<\/span><\/p>\n<h2><span style=\"color: #000000;\">Skladi\u0161tenje<\/span><\/h2>\n<p><span style=\"color: #000000;\">\u010cuvati na suhom, tamnom i hladnom mjestu. Provjerite je li vre\u0107ica dobro zatvorena.<\/span><\/p>\n<h2><span style=\"color: #000000;\">Pakiranje<\/span><\/h2>\n<p><span style=\"color: #000000;\">Hermeti\u010dka vre\u0107ica s patentnim zatvara\u010dem u kojoj proizvod zadr\u017eava svu svoju svje\u017einu i aromu. Ambala\u017ea \u0161titi od svjetlosti i zraka jer se sastoji od vi\u0161e slojeva za\u0161tite koji \u010duvaju svojstva sadr\u017eaja.<\/span><\/p>\n<p><span style=\"color: #000000;\">Pakiranje je vrlo prakti\u010dno i omogu\u0107uje recikliranje.<\/span><\/p>\n<h2><span style=\"color: #000000;\">Podrijetlo<\/span><\/h2>\n<p><span style=\"color: #000000;\">Indija<\/span><\/p>\n","protected":false},"excerpt":{"rendered":"<p>Sezam tako\u0111er sadr\u017ei do 80% mono- ili polinezasi\u0107enih masnih kiselina, antioksidanse, vitamine E i A te vitamine B skupine. Tako\u0111er sadr\u017ei kalcij i fitonutrijente koji se brinu za na\u0161e srce i krvne \u017eile. Prema rezultatima nekih istra\u017eivanja, konzumacija sezama trebala bi pridonijeti i prevenciji raka.<\/p>\n<p>\ud83d\udc9a Iz organske proizvodnje.<br \/>\n\ud83d\udc9a Zbog sezamina i sezamolina, sezam ima i sna\u017ena antioksidativna i protuupalna svojstva.<br \/>\n\ud83d\udc9a Bogat je izvor proteina i vlakana.<\/p>\n","protected":false},"featured_media":6432,"comment_status":"open","ping_status":"closed","template":"","meta":{"_acf_changed":false},"product_brand":[],"product_cat":[15,205,216],"product_tag":[],"class_list":{"0":"post-6064","1":"product","2":"type-product","3":"status-publish","4":"has-post-thumbnail","6":"product_cat-uncategorized","7":"product_cat-caj-hrana-zacini","8":"product_cat-svi-proizvodi-ponudba","10":"first","11":"outofstock","12":"taxable","13":"shipping-taxable","14":"purchasable","15":"product-type-simple"},"acf":[],"_links":{"self":[{"href":"https:\/\/fengchashop.com\/hr\/wp-json\/wp\/v2\/product\/6064","targetHints":{"allow":["GET"]}}],"collection":[{"href":"https:\/\/fengchashop.com\/hr\/wp-json\/wp\/v2\/product"}],"about":[{"href":"https:\/\/fengchashop.com\/hr\/wp-json\/wp\/v2\/types\/product"}],"replies":[{"embeddable":true,"href":"https:\/\/fengchashop.com\/hr\/wp-json\/wp\/v2\/comments?post=6064"}],"wp:featuredmedia":[{"embeddable":true,"href":"https:\/\/fengchashop.com\/hr\/wp-json\/wp\/v2\/media\/6432"}],"wp:attachment":[{"href":"https:\/\/fengchashop.com\/hr\/wp-json\/wp\/v2\/media?parent=6064"}],"wp:term":[{"taxonomy":"product_brand","embeddable":true,"href":"https:\/\/fengchashop.com\/hr\/wp-json\/wp\/v2\/product_brand?post=6064"},{"taxonomy":"product_cat","embeddable":true,"href":"https:\/\/fengchashop.com\/hr\/wp-json\/wp\/v2\/product_cat?post=6064"},{"taxonomy":"product_tag","embeddable":true,"href":"https:\/\/fengchashop.com\/hr\/wp-json\/wp\/v2\/product_tag?post=6064"}],"curies":[{"name":"wp","href":"https:\/\/api.w.org\/{rel}","templated":true}]}}