{"id":6063,"date":"2022-05-20T16:38:02","date_gmt":"2022-05-20T14:38:02","guid":{"rendered":"https:\/\/fengchashop.com\/hr\/product\/kakao-zrna-bio-250-g\/"},"modified":"2026-04-28T16:46:21","modified_gmt":"2026-04-28T14:46:21","slug":"kakao-zrna-bio","status":"publish","type":"product","link":"https:\/\/fengchashop.com\/hr\/product\/kakao-zrna-bio\/","title":{"rendered":"Kakao zrna BIO 250 g"},"content":{"rendered":"<h2 style=\"text-align: justify\"><span style=\"color: #000000\">Kakao zrna criollo BIO<\/span><\/h2>\n<p style=\"text-align: justify\"><span style=\"color: #000000\">Zrna ili sjemenke <strong>kakaovca<\/strong>, od kojih se dobiva kakao, rastu u mahunama na stablu koje se zove i <strong>Theobroma cacao<\/strong>. Drobljena zrna kakaovca u pro\u0161losti su bila toliko cijenjena da su ih Maje i Asteci u Srednjoj i Ju\u017enoj Americi koristili kao sredstvo pla\u0107anja uz zlato.<\/span><\/p>\n<p style=\"text-align: justify\"><span style=\"color: #000000\">Kakao sadr\u017ei daleko najvi\u0161e antioksidansa od svih namirnica, kao i mnoge minerale poput kalija, cinka, magnezija, \u017eeljeza i kalcija. Zbog sadr\u017eaja cinka, zrna kakaovca tako\u0111er su va\u017ena <strong>pomo\u0107 u enzimskim reakcijama<\/strong>. Ujedno je i izvor proteina i vlakana. Sve je to va\u017eno za o\u010duvanje na\u0161eg zdravlja. Sadr\u017ei i mnoge hranjive tvari koje pozitivno djeluju na na\u0161 krvo\u017eilni sustav jer razrje\u0111uju krv i sprje\u010davaju stvaranje ugru\u0161aka. Istovremeno, zbog pove\u0107anja razine serotonina u mozgu, pobolj\u0161ava raspolo\u017eenje. Naime, sadr\u017ei \u010dak <strong>300 razli\u010ditih spojeva<\/strong> koji mogu utjecati na na\u0161e raspolo\u017eenje. Zrna kakaovca sadr\u017ee triptofan, koji je va\u017ean u proizvodnji serotonina, poznatog kao hormona sre\u0107e. Osim toga, zrna kakaovca sadr\u017ee i kemikalije koje tijelo proizvodi kada se zaljubimo, pa ne \u010dudi \u0161to se kakao <strong>\u010desto povezuje s ljubavlju<\/strong>.<\/span><\/p>\n<p style=\"text-align: justify\"><span style=\"color: #000000\">Da biste iskoristili sve pozitivne u\u010dinke, dovoljno je dnevno konzumirati 25-30 grama kakaovca, \u0161to odgovara otprilike deset zrna kakaa.<\/span><\/p>\n<p style=\"text-align: justify\"><span style=\"color: #000000\"><strong>Criollo<\/strong> kakao je najcjenjeniji kakao na svijetu. Ova zrna kakaovca tako\u0111er su organski uzgojena.<\/span><\/p>\n<p style=\"text-align: justify\"><span style=\"color: #000000\">Imaju okus po \u010dokoladi, ali istovremeno i po orasima.<\/span><\/p>\n<h2 style=\"text-align: justify\"><span style=\"color: #000000\">Za\u0161to kupiti na\u0161a zrna kakaa?<\/span><\/h2>\n<p style=\"text-align: justify\"><span style=\"color: #000000\">Jednostavno zato \u0161to:<\/span><\/p>\n<p style=\"text-align: justify\"><span style=\"color: #000000\">\ud83d\udc9a Iz kontrolirane su <strong>organske proizvodnje<\/strong> i stoga najbolje \u0161to Vam mo\u017eemo ponuditi.<\/span><\/p>\n<p style=\"text-align: justify\"><span style=\"color: #000000\">\ud83d\udc9a Oni <strong>su sirovi<\/strong>. \u0160to to zapravo zna\u010di? Zna\u010di da zrna kakaovca nakon berbe sjeme se samo fermentira i su\u0161i na niskim temperaturama. Ali nisu pr\u017eene niti na bilo koji na\u010din kemijski tretirane. Na taj na\u010din ova hrana bogova, kako je \u010desto nazivaju, zadr\u017eava ve\u0107inu svojih nutritivnih vrijednosti, uklju\u010duju\u0107i i nama tako va\u017ene antioksidanse.<\/span><\/p>\n<p style=\"text-align: justify\"><span style=\"color: #000000\">\ud83d\udc9a <strong>Bez aditiva<\/strong> i drugih nepotrebnih sastojaka.<\/span><\/p>\n<p style=\"text-align: justify\"><span style=\"color: #000000\">\ud83d\udc9a Kakao <strong>criollo<\/strong> najbolja je i najcjenjenija sorta na svijetu.<\/span><\/p>\n<p style=\"text-align: justify\"><span style=\"color: #000000\">Dobitna kombinacija koja \u0107e zadovoljiti i one najzahtjevnije.<\/span><\/p>\n<h2 style=\"text-align: justify\"><span style=\"color: #000000\">Pohrana<\/span><\/h2>\n<p style=\"text-align: justify\"><span style=\"color: #000000\">\u010cuvati na suhom, tamnom i hladnom mjestu. Uvjerite se da je vre\u0107ica dobro zatvorena.<\/span><\/p>\n<h2 style=\"text-align: justify\"><span style=\"color: #000000\">Ambala\u017ea<\/span><\/h2>\n<p style=\"text-align: justify\"><span style=\"color: #000000\">Nepropusna vre\u0107ica s patentnim zatvara\u010dem u kojoj proizvod zadr\u017eava svu svje\u017einu i miris. Ambala\u017ea \u0161titi od svjetlosti i zraka, jer se sastoji od nekoliko slojeva za\u0161tite koji \u010duvaju svojstva sadr\u017eaja.<\/span><\/p>\n<p style=\"text-align: justify\"><span style=\"color: #000000\">Ambala\u017ea je vrlo prakti\u010dna i mo\u017ee se reciklirati.<\/span><\/p>\n<h2 style=\"text-align: justify\"><span style=\"color: #000000\">Podrijetlo<\/span><\/h2>\n<p style=\"text-align: justify\"><span style=\"color: #000000\">Peru<\/span><\/p>\n","protected":false},"excerpt":{"rendered":"<p>Kakao sadr\u017ei daleko najvi\u0161e antioksidansa od svih namirnica, kao i mnoge minerale poput kalija, cinka, magnezija, \u017eeljeza i kalcija. Zbog sadr\u017eaja cinka, zrna kakaovca tako\u0111er su va\u017ena pomo\u0107 u enzimskim reakcijama. Ujedno je i izvor proteina i vlakana. Sve je to va\u017eno za o\u010duvanje na\u0161eg zdravlja. Sadr\u017ei i mnoge hranjive tvari koje pozitivno djeluju na na\u0161 krvo\u017eilni sustav jer razrje\u0111uju krv i sprje\u010davaju stvaranje ugru\u0161aka. Istovremeno, zbog pove\u0107anja razine serotonina u mozgu, pobolj\u0161ava raspolo\u017eenje. Naime, sadr\u017ei \u010dak 300 razli\u010ditih spojeva koji mogu utjecati na podizanje na\u0161eg raspolo\u017eenja. Zrna kakaovca sadr\u017ee triptofan, koji je va\u017ean u proizvodnji serotonina, poznatog kao hormona sre\u0107e.<\/p>\n<p>\ud83d\udc9a Iz kontrolirane je organske proizvodnje.<br \/>\n\ud83d\udc9a Oni su bez dodataka.<br \/>\n\ud83d\udc9a Kakao criollo je najcjenjeniji kakao na svijetu.<\/p>\n","protected":false},"featured_media":6430,"comment_status":"open","ping_status":"closed","template":"","meta":{"_acf_changed":false},"product_brand":[],"product_cat":[15,216],"product_tag":[],"class_list":{"0":"post-6063","1":"product","2":"type-product","3":"status-publish","4":"has-post-thumbnail","6":"product_cat-uncategorized","7":"product_cat-svi-proizvodi-ponudba","9":"first","10":"instock","11":"sale","12":"taxable","13":"shipping-taxable","14":"purchasable","15":"product-type-simple"},"acf":[],"_links":{"self":[{"href":"https:\/\/fengchashop.com\/hr\/wp-json\/wp\/v2\/product\/6063","targetHints":{"allow":["GET"]}}],"collection":[{"href":"https:\/\/fengchashop.com\/hr\/wp-json\/wp\/v2\/product"}],"about":[{"href":"https:\/\/fengchashop.com\/hr\/wp-json\/wp\/v2\/types\/product"}],"replies":[{"embeddable":true,"href":"https:\/\/fengchashop.com\/hr\/wp-json\/wp\/v2\/comments?post=6063"}],"wp:featuredmedia":[{"embeddable":true,"href":"https:\/\/fengchashop.com\/hr\/wp-json\/wp\/v2\/media\/6430"}],"wp:attachment":[{"href":"https:\/\/fengchashop.com\/hr\/wp-json\/wp\/v2\/media?parent=6063"}],"wp:term":[{"taxonomy":"product_brand","embeddable":true,"href":"https:\/\/fengchashop.com\/hr\/wp-json\/wp\/v2\/product_brand?post=6063"},{"taxonomy":"product_cat","embeddable":true,"href":"https:\/\/fengchashop.com\/hr\/wp-json\/wp\/v2\/product_cat?post=6063"},{"taxonomy":"product_tag","embeddable":true,"href":"https:\/\/fengchashop.com\/hr\/wp-json\/wp\/v2\/product_tag?post=6063"}],"curies":[{"name":"wp","href":"https:\/\/api.w.org\/{rel}","templated":true}]}}