{"id":6062,"date":"2022-05-20T16:26:40","date_gmt":"2022-05-20T14:26:40","guid":{"rendered":"https:\/\/fengchashop.com\/hr\/product\/drobljena-zrna-kakaa-bio-250-g\/"},"modified":"2026-04-28T13:34:02","modified_gmt":"2026-04-28T11:34:02","slug":"drobljena-zrna-kakaa-bio","status":"publish","type":"product","link":"https:\/\/fengchashop.com\/hr\/product\/drobljena-zrna-kakaa-bio\/","title":{"rendered":"Drobljena zrna kakaa BIO 250 g"},"content":{"rendered":"<h2 style=\"text-align: justify\"><span style=\"color: #000000\">Drobljena zrna kakaa criollo BIO<\/span><\/h2>\n<p style=\"text-align: justify\"><span style=\"color: #000000\">Zrna ili sjemenke kakaovca, iz kojih se dobiva kakao, rastu u mahunama na stablu zvanom <strong>Theobroma cacao<\/strong>. Zdrobljena zrna kakaovca u pro\u0161losti su bila toliko cijenjena da su ih Maje i Asteci u Srednjoj i Ju\u017enoj Americi <strong>osim zlata<\/strong> koristili kao <strong>sredstvo pla\u0107anja<\/strong>.<\/span><\/p>\n<p style=\"text-align: justify\"><span style=\"color: #000000\">Kakao sadr\u017ei daleko najvi\u0161e <strong>antioksidansa<\/strong> od svih namirnica, kao i mnoge <strong>minerale<\/strong> poput kalija, cinka, magnezija, \u017eeljeza i kalcija. Istovremeno je i bogat izvor <strong>proteina<\/strong> i <strong>vlakana<\/strong>. Sve je to va\u017eno za o\u010duvanje na\u0161eg zdravlja. Sadr\u017ei i mnoge hranjive tvari koje pozitivno djeluju na na\u0161 krvo\u017eilni sustav jer razrje\u0111uju krv i sprje\u010davaju stvaranje ugru\u0161aka. Zbog pove\u0107anja razine serotonina u mozgu <strong>pobolj\u0161ava raspolo\u017eenje<\/strong>. Naime, sadr\u017ei \u010dak 300 razli\u010ditih spojeva koji mogu utjecati na na\u0161e raspolo\u017eenje. Budu\u0107i da je kakao sirov, malo je gor\u010di nego \u0161to smo navikli, ali je zato puno zdraviji. Da biste iskoristili sve pozitivne u\u010dinke, dovoljno je konzumirati <strong>25-30 grama kakaa dnevno<\/strong>.<\/span><\/p>\n<p style=\"text-align: justify\"><span style=\"color: #000000\"><span class=\"JLqJ4b ChMk0b\" data-language-for-alternatives=\"hr\" data-language-to-translate-into=\"sl\" data-phrase-index=\"0\" data-number-of-phrases=\"2\"><span class=\"Q4iAWc\"><strong>Criollo<\/strong> kakao je <strong>najcjenjeniji<\/strong> kakao na svijetu.<\/span><\/span> <span class=\"JLqJ4b ChMk0b\" data-language-for-alternatives=\"hr\" data-language-to-translate-into=\"sl\" data-phrase-index=\"1\" data-number-of-phrases=\"2\"><span class=\"Q4iAWc\">Ova zrna kakaa <strong>su tako\u0111er organska<\/strong>.<\/span><\/span><\/span><\/p>\n<p style=\"text-align: justify\"><span style=\"color: #000000\">Za lak\u0161u konzumaciju, tvrda zrna kakaa se zdrobe na manje komade.<\/span><\/p>\n<p style=\"text-align: justify\"><span style=\"color: #000000\">Imaju okus po \u010dokoladi, ali istovremeno i po orasima.<\/span><\/p>\n<h2 style=\"text-align: justify\"><span style=\"color: #000000\">Za\u0161to kupiti na\u0161a drobljena zrna kakaa?<\/span><\/h2>\n<p style=\"text-align: justify\"><span style=\"color: #000000\">Jednostavno zato \u0161to:<\/span><\/p>\n<p style=\"text-align: justify\"><span style=\"color: #000000\">\ud83d\udc9a Iz kontrolirane su <strong>organske proizvodnje<\/strong> i stoga najbolje \u0161to Vam mo\u017eemo ponuditi.<\/span><\/p>\n<p style=\"text-align: justify\"><span style=\"color: #000000\">\ud83d\udc9a Izra\u0111uju se od <strong>sirovog zrna<\/strong>. \u0160to to zapravo zna\u010di? Zna\u010di da zrna kakaovca ili nakon berbe sjeme se samo fermentira i su\u0161i na niskim temperaturama. Ali nisu pr\u017eene niti na bilo koji na\u010din kemijski tretirane. Na taj na\u010din ova hrana bogova, kako je \u010desto nazivaju, zadr\u017eava ve\u0107inu svojih nutritivnih vrijednosti, uklju\u010duju\u0107i i nama tako va\u017ene antioksidanse.<\/span><\/p>\n<p style=\"text-align: justify\"><span style=\"color: #000000\">\ud83d\udc9a Su <strong>bez aditiva<\/strong> i drugih nepotrebnih sastojaka.<\/span><\/p>\n<p style=\"text-align: justify\"><span style=\"color: #000000\">\ud83d\udc9a <strong>Criollo<\/strong> kakao je najbolja i najcjenjenija sorta kakaa na svijetu.<\/span><\/p>\n<p style=\"text-align: justify\"><span style=\"color: #000000\">Dobitna kombinacija koja \u0107e zadovoljiti i one najzahtjevnije.<\/span><\/p>\n<h2><span style=\"color: #000000\">Pohrana<\/span><\/h2>\n<p style=\"text-align: justify\"><span style=\"color: #000000\">\u010cuvati na suhom, tamnom i hladnom mjestu. Uvjerite se da je vre\u0107ica dobro zatvorena.<\/span><\/p>\n<h2><span style=\"color: #000000\">Ambala\u017ea<\/span><\/h2>\n<p style=\"text-align: justify\"><span style=\"color: #000000\">Nepropusna vre\u0107ica s patentnim zatvara\u010dem u kojoj proizvod zadr\u017eava svu svje\u017einu i miris. Ambala\u017ea \u0161titi od svjetlosti i zraka, jer se sastoji od nekoliko slojeva za\u0161tite koji \u010duvaju svojstva sadr\u017eaja.<\/span><\/p>\n<p style=\"text-align: justify\"><span style=\"color: #000000\">Ambala\u017ea je vrlo prakti\u010dna i mo\u017ee se reciklirati.<\/span><\/p>\n<h2 style=\"text-align: justify\"><span style=\"color: #000000\">Podrijetlo<\/span><\/h2>\n<p style=\"text-align: justify\"><span style=\"color: #000000\">Peru<\/span><\/p>\n","protected":false},"excerpt":{"rendered":"<p>Kakao sadr\u017ei daleko najvi\u0161e antioksidansa od svih namirnica, kao i mnoge minerale poput kalija, cinka, magnezija, \u017eeljeza i kalcija. Istovremeno je i bogat izvor proteina i vlakana. Sve je to va\u017eno za o\u010duvanje na\u0161eg zdravlja. Sadr\u017ei i mnoge hranjive tvari koje pozitivno djeluju na na\u0161 krvo\u017eilni sustav jer razrje\u0111uju krv i sprje\u010davaju stvaranje ugru\u0161aka. Pobolj\u0161ava raspolo\u017eenje zbog pove\u0107anja razine serotonina u mozgu. Naime, sadr\u017ei \u010dak 300 razli\u010ditih spojeva koji mogu utjecati na na\u0161e raspolo\u017eenje. Budu\u0107i da je kakao sirov, malo je gor\u010di nego \u0161to smo navikli, ali je zato puno zdraviji. Da biste iskoristili sve pozitivne u\u010dinke, dovoljno je konzumirati 25-30 grama kakaa dnevno.<\/p>\n<p>\ud83d\udc9a Iz kontrolirane je organske proizvodnje.<br \/>\n\ud83d\udc9a Oni su bez dodataka.<br \/>\n\ud83d\udc9a Kakao criollo je najcjenjeniji kakao na svijetu.<\/p>\n","protected":false},"featured_media":6427,"comment_status":"open","ping_status":"closed","template":"","meta":{"_acf_changed":false},"product_brand":[],"product_cat":[15,216],"product_tag":[],"class_list":{"0":"post-6062","1":"product","2":"type-product","3":"status-publish","4":"has-post-thumbnail","6":"product_cat-uncategorized","7":"product_cat-svi-proizvodi-ponudba","9":"first","10":"instock","11":"sale","12":"taxable","13":"shipping-taxable","14":"purchasable","15":"product-type-simple"},"acf":[],"_links":{"self":[{"href":"https:\/\/fengchashop.com\/hr\/wp-json\/wp\/v2\/product\/6062","targetHints":{"allow":["GET"]}}],"collection":[{"href":"https:\/\/fengchashop.com\/hr\/wp-json\/wp\/v2\/product"}],"about":[{"href":"https:\/\/fengchashop.com\/hr\/wp-json\/wp\/v2\/types\/product"}],"replies":[{"embeddable":true,"href":"https:\/\/fengchashop.com\/hr\/wp-json\/wp\/v2\/comments?post=6062"}],"wp:featuredmedia":[{"embeddable":true,"href":"https:\/\/fengchashop.com\/hr\/wp-json\/wp\/v2\/media\/6427"}],"wp:attachment":[{"href":"https:\/\/fengchashop.com\/hr\/wp-json\/wp\/v2\/media?parent=6062"}],"wp:term":[{"taxonomy":"product_brand","embeddable":true,"href":"https:\/\/fengchashop.com\/hr\/wp-json\/wp\/v2\/product_brand?post=6062"},{"taxonomy":"product_cat","embeddable":true,"href":"https:\/\/fengchashop.com\/hr\/wp-json\/wp\/v2\/product_cat?post=6062"},{"taxonomy":"product_tag","embeddable":true,"href":"https:\/\/fengchashop.com\/hr\/wp-json\/wp\/v2\/product_tag?post=6062"}],"curies":[{"name":"wp","href":"https:\/\/api.w.org\/{rel}","templated":true}]}}