{"id":6061,"date":"2025-05-30T12:08:23","date_gmt":"2025-05-30T10:08:23","guid":{"rendered":"https:\/\/fengchashop.com\/hr\/product\/kakao-maslac-bio-250-g\/"},"modified":"2025-09-27T20:13:28","modified_gmt":"2025-09-27T18:13:28","slug":"kakao-maslac-bio","status":"publish","type":"product","link":"https:\/\/fengchashop.com\/hr\/product\/kakao-maslac-bio\/","title":{"rendered":"Kakao maslac BIO 250 g"},"content":{"rendered":"<h2 style=\"text-align: justify;\"><span style=\"color: #000000;\">Kakao maslac BIO<\/span><\/h2>\n<p style=\"text-align: justify;\"><span style=\"color: #000000;\">Kakao maslac <strong>je prirodno ulje<\/strong> dobiveno iz <strong>sjemenki ili zrna kakaovca<\/strong>. Bogat je korisnim zasi\u0107enim mastima i vitaminom E. Tako\u0111er sadr\u017ei stearinsku, palmitinsku, miristinsku, arahidinsku i laurinsku kiselinu. Kakao maslac u prehrani navodno ja\u010da srce jer sadr\u017ei zasi\u0107ene biljne masti koje smanjuju rizik od kardiovaskularnih bolesti. Zahvaljuju\u0107i polifenolima djeluje protuupalno, ja\u010da imunolo\u0161ki sustav, regulira hormonalnu ravnote\u017eu i blagotvorno djeluje na mozak. Osim kakaa u prahu, <strong>kakao maslac je glavni sastojak \u010dokolade<\/strong>. Njegov okus i miris stoga podsje\u0107a na \u010dokoladu pa je popularan i u <strong>aromaterapiji<\/strong>.<\/span><\/p>\n<p style=\"text-align: justify;\"><span style=\"color: #000000;\">Kao i ve\u0107ina prirodnih maslaca, <strong>kakao maslac je \u010dvrst na sobnoj temperaturi<\/strong>. Topi se u dodiru s ko\u017eom. U kozmeti\u010dkim proizvodima maslaci su iznimno dobrodo\u0161li za njegu ko\u017ee jer djeluju hidratantno i \u0161tite ko\u017eu od vanjskih utjecaja. Maslac kozmeti\u010dkim proizvodima pripremljenim kod ku\u0107e daje mazivost te glatku i gustu teksturu. Ali mogu se koristiti i samostalno. Kakao maslac namijenjen je <strong>suhoj ko\u017ei sklonoj psorijazi i ekcemima, kojoj nedostaje vlage i elasti\u010dnosti<\/strong>. Stoga je odli\u010dan u borbi protiv nastanka <strong>strija<\/strong> i prevenciji nastanka <strong>o\u017eiljaka<\/strong> nakon intervencija ili ozljeda. Izvrstan je i za njegu ko\u017ee nakon sun\u010danja jer ko\u017eu hrani i vla\u017ei. Tako\u0111er poti\u010de stvaranje melanina, koji je na\u0161a prirodna za\u0161tita od sunca, te tako ko\u017ei daje zdravo preplanuli izgled (me\u0111utim, kakao ulje nije zamjena za kreme za sun\u010danje jer ne sadr\u017ei visok za\u0161titni faktor). popularan je u kozmetici zbog primamljivog \u010dokoladnog mirisa, nje\u017ene strukture i visokog udjela antioksidansa &#8211; vitamina E. Zahvaljuju\u0107i antioksidansima i polifenolima, redovitom uporabom omek\u0161ava, vla\u017ei i usporava proces starenja.<\/span><\/p>\n<p style=\"text-align: justify;\"><span style=\"color: #000000;\">Na\u0161 kakao maslac je iz <strong>organske proizvodnje<\/strong>. Izra\u0111uje se u obliku kapi radi lak\u0161eg doziranja i vaganja te lak\u0161eg i br\u017eeg topljenja.<\/span><\/p>\n<h2 style=\"text-align: justify;\"><span style=\"color: #000000;\">Pohrana<\/span><\/h2>\n<p style=\"text-align: justify;\"><span style=\"color: #000000;\">\u010cuvati na suhom, tamnom i hladnom mjestu. Uvjerite se da je vre\u0107ica dobro zatvorena.<\/span><\/p>\n<h2 style=\"text-align: justify;\"><span style=\"color: #000000;\">Ambala\u017ea<\/span><\/h2>\n<p style=\"text-align: justify;\"><span style=\"color: #000000;\">Nepropusna vre\u0107ica s patentnim zatvara\u010dem u kojoj proizvod zadr\u017eava svu svje\u017einu i miris. Ambala\u017ea \u0161titi od svjetlosti i zraka, jer se sastoji od nekoliko slojeva za\u0161tite koji \u010duvaju svojstva sadr\u017eaja.<\/span><\/p>\n<p style=\"text-align: justify;\"><span style=\"color: #000000;\">Ambala\u017ea je vrlo prakti\u010dna i mo\u017ee se reciklirati.<\/span><\/p>\n<h2 style=\"text-align: justify;\"><span style=\"color: #000000;\">Podrijetlo<\/span><\/h2>\n<p style=\"text-align: justify;\"><span style=\"color: #000000;\">Peru<\/span><\/p>\n","protected":false},"excerpt":{"rendered":"<p>Kakao maslac je prirodno ulje dobiveno iz sjemenki ili zrna kakaovca. Bogat je korisnim zasi\u0107enim mastima i vitaminom E. Tako\u0111er sadr\u017ei stearinsku, palmitinsku, miristinsku, arahidinsku i laurinsku kiselinu. Kakao maslac u prehrani navodno ja\u010da srce jer sadr\u017ei zasi\u0107ene biljne masti koje smanjuju rizik od kardiovaskularnih bolesti. Zahvaljuju\u0107i polifenolima djeluje protuupalno, ja\u010da imunolo\u0161ki sustav, regulira hormonalnu ravnote\u017eu i blagotvorno djeluje na mozak. Uz kakao prah, kakao maslac je glavni sastojak \u010dokolade.<\/p>\n<p>\ud83d\udc9a Iz kontrolirane je organske proizvodnje.<br \/>\n\ud83d\udc9a Njegov okus i miris stoga podsje\u0107a na \u010dokoladu pa je popularan i u aromaterapiji.<br \/>\n\ud83d\udc9a Izra\u0111uje se u obliku kapi radi lak\u0161eg doziranja i vaganja te lak\u0161eg i br\u017eeg topljenja.<\/p>\n","protected":false},"featured_media":6425,"comment_status":"open","ping_status":"closed","template":"","meta":{"_acf_changed":false},"product_brand":[],"product_cat":[15,216],"product_tag":[],"class_list":{"0":"post-6061","1":"product","2":"type-product","3":"status-publish","4":"has-post-thumbnail","6":"product_cat-uncategorized","7":"product_cat-svi-proizvodi-ponudba","9":"first","10":"outofstock","11":"sale","12":"taxable","13":"shipping-taxable","14":"purchasable","15":"product-type-simple"},"acf":[],"_links":{"self":[{"href":"https:\/\/fengchashop.com\/hr\/wp-json\/wp\/v2\/product\/6061","targetHints":{"allow":["GET"]}}],"collection":[{"href":"https:\/\/fengchashop.com\/hr\/wp-json\/wp\/v2\/product"}],"about":[{"href":"https:\/\/fengchashop.com\/hr\/wp-json\/wp\/v2\/types\/product"}],"replies":[{"embeddable":true,"href":"https:\/\/fengchashop.com\/hr\/wp-json\/wp\/v2\/comments?post=6061"}],"wp:featuredmedia":[{"embeddable":true,"href":"https:\/\/fengchashop.com\/hr\/wp-json\/wp\/v2\/media\/6425"}],"wp:attachment":[{"href":"https:\/\/fengchashop.com\/hr\/wp-json\/wp\/v2\/media?parent=6061"}],"wp:term":[{"taxonomy":"product_brand","embeddable":true,"href":"https:\/\/fengchashop.com\/hr\/wp-json\/wp\/v2\/product_brand?post=6061"},{"taxonomy":"product_cat","embeddable":true,"href":"https:\/\/fengchashop.com\/hr\/wp-json\/wp\/v2\/product_cat?post=6061"},{"taxonomy":"product_tag","embeddable":true,"href":"https:\/\/fengchashop.com\/hr\/wp-json\/wp\/v2\/product_tag?post=6061"}],"curies":[{"name":"wp","href":"https:\/\/api.w.org\/{rel}","templated":true}]}}