{"id":6060,"date":"2025-05-30T12:08:23","date_gmt":"2025-05-30T10:08:23","guid":{"rendered":"https:\/\/fengchashop.com\/hr\/product\/kakao-masa-criollo-bio-250-g\/"},"modified":"2026-02-09T15:26:06","modified_gmt":"2026-02-09T14:26:06","slug":"kakao-masa-criollo-bio","status":"publish","type":"product","link":"https:\/\/fengchashop.com\/hr\/product\/kakao-masa-criollo-bio\/","title":{"rendered":"Kakao masa criollo BIO 250 g"},"content":{"rendered":"<h2 style=\"text-align: justify;\"><span style=\"color: #000000;\">Kakao masa criollo BIO<\/span><\/h2>\n<p style=\"text-align: justify;\"><span style=\"color: #000000;\">Criollo kakao masa je vrhunske kvalitete i okusa. Criollo kakao je najcjenjeniji kakao na svijetu i dolazi s organskih planta\u017ea u Peruu. Masa je izra\u0111ena u obliku nov\u010di\u0107a radi lak\u0161eg doziranja i vaganja. Ova masa <strong>je pravi izbor za ljubitelje autenti\u010dnih kakao proizvoda<\/strong>. Masa ne sadr\u017ei \u0161e\u0107er niti sladila i zapravo je \u010dista \u010dokoladna baza bez dodataka.<\/span><\/p>\n<p style=\"text-align: justify;\"><span style=\"color: #000000;\">Masa je napravljena od savr\u0161eno lagano pr\u017eenih zrna kakaovca. <strong>Okus je intenzivan i dugotrajan<\/strong>.<\/span><\/p>\n<h2 style=\"text-align: justify;\"><span style=\"color: #000000;\">Za\u0161to kupiti na\u0161u kakao masu?<\/span><\/h2>\n<p style=\"text-align: justify;\"><span style=\"color: #000000;\">Jednostavno zato \u0161to:<\/span><\/p>\n<p style=\"text-align: justify;\"><span style=\"color: #000000;\">\ud83d\udc9a Iz kontrolirane je <strong>organske proizvodnje<\/strong> i stoga najbolje \u0161to vam mo\u017eemo ponuditi.<\/span><\/p>\n<p style=\"text-align: justify;\"><span style=\"color: #000000;\">\ud83d\udc9a <strong>Bez aditiva<\/strong> i drugih nepotrebnih sastojaka, poput \u0161e\u0107era.<\/span><\/p>\n<p style=\"text-align: justify;\"><span style=\"color: #000000;\">\ud83d\udc9a Sorta <strong>criollo<\/strong> najbolja je i najcjenjenija sorta kakaovca na svijetu.<\/span><\/p>\n<p style=\"text-align: justify;\"><span style=\"color: #000000;\">Dobitna kombinacija koja \u0107e zadovoljiti i one najzahtjevnije.<\/span><\/p>\n<h2 style=\"text-align: justify;\"><span style=\"color: #000000;\">Pohrana<\/span><\/h2>\n<p style=\"text-align: justify;\"><span style=\"color: #000000;\">\u010cuvati na suhom, tamnom i hladnom mjestu. Uvjerite se da je vre\u0107ica dobro zatvorena.<\/span><\/p>\n<h2 style=\"text-align: justify;\"><span style=\"color: #000000;\">Ambala\u017ea<\/span><\/h2>\n<p style=\"text-align: justify;\"><span style=\"color: #000000;\">Nepropusna vre\u0107ica s patentnim zatvara\u010dem u kojoj proizvod zadr\u017eava svu svje\u017einu i miris. Ambala\u017ea \u0161titi od svjetlosti i zraka, jer se sastoji od nekoliko slojeva za\u0161tite koji \u010duvaju svojstva sadr\u017eaja.<\/span><\/p>\n<p style=\"text-align: justify;\"><span style=\"color: #000000;\">Ambala\u017ea je vrlo prakti\u010dna i mo\u017ee se reciklirati.<\/span><\/p>\n<h2><span style=\"color: #000000;\">Podrijetlo<\/span><\/h2>\n<p style=\"text-align: justify;\"><span style=\"color: #000000;\">Peru<\/span><\/p>\n","protected":false},"excerpt":{"rendered":"<p>Criollo kakao masa je vrhunske kvalitete i okusa. Criollo kakao je najcjenjeniji kakao na svijetu i dolazi s organskih planta\u017ea u Peruu. Masa je izra\u0111ena u obliku nov\u010di\u0107a radi lak\u0161eg doziranja i vaganja. Ova masa je pravi izbor za ljubitelje autenti\u010dnih kakao proizvoda. Masa ne sadr\u017ei \u0161e\u0107er niti sladila i zapravo je \u010dista \u010dokoladna baza bez dodataka. Masa je napravljena od savr\u0161eno lagano pr\u017eenih zrna kakaovca. Okus je intenzivan i dugotrajan.<\/p>\n<p>\ud83d\udc9a Iz kontrolirane je organske proizvodnje.<br \/>\n\ud83d\udc9a Sorta <strong>criollo<\/strong> najbolja je i najcjenjenija sorta kakaovca na svijetu.<br \/>\n\ud83d\udc9a Ne sadr\u017ei aditive i druge nepotrebne sastojke, poput \u0161e\u0107era ili drugih zasla\u0111iva\u010da.<\/p>\n","protected":false},"featured_media":6423,"comment_status":"open","ping_status":"closed","template":"","meta":{"_acf_changed":false},"product_brand":[],"product_cat":[15,216],"product_tag":[],"class_list":{"0":"post-6060","1":"product","2":"type-product","3":"status-publish","4":"has-post-thumbnail","6":"product_cat-uncategorized","7":"product_cat-svi-proizvodi-ponudba","9":"first","10":"outofstock","11":"sale","12":"taxable","13":"shipping-taxable","14":"purchasable","15":"product-type-simple"},"acf":[],"_links":{"self":[{"href":"https:\/\/fengchashop.com\/hr\/wp-json\/wp\/v2\/product\/6060","targetHints":{"allow":["GET"]}}],"collection":[{"href":"https:\/\/fengchashop.com\/hr\/wp-json\/wp\/v2\/product"}],"about":[{"href":"https:\/\/fengchashop.com\/hr\/wp-json\/wp\/v2\/types\/product"}],"replies":[{"embeddable":true,"href":"https:\/\/fengchashop.com\/hr\/wp-json\/wp\/v2\/comments?post=6060"}],"wp:featuredmedia":[{"embeddable":true,"href":"https:\/\/fengchashop.com\/hr\/wp-json\/wp\/v2\/media\/6423"}],"wp:attachment":[{"href":"https:\/\/fengchashop.com\/hr\/wp-json\/wp\/v2\/media?parent=6060"}],"wp:term":[{"taxonomy":"product_brand","embeddable":true,"href":"https:\/\/fengchashop.com\/hr\/wp-json\/wp\/v2\/product_brand?post=6060"},{"taxonomy":"product_cat","embeddable":true,"href":"https:\/\/fengchashop.com\/hr\/wp-json\/wp\/v2\/product_cat?post=6060"},{"taxonomy":"product_tag","embeddable":true,"href":"https:\/\/fengchashop.com\/hr\/wp-json\/wp\/v2\/product_tag?post=6060"}],"curies":[{"name":"wp","href":"https:\/\/api.w.org\/{rel}","templated":true}]}}