{"id":6059,"date":"2022-05-20T15:37:07","date_gmt":"2022-05-20T13:37:07","guid":{"rendered":"https:\/\/fengchashop.com\/hr\/product\/kakao-u-prahu-bio-250-g\/"},"modified":"2026-04-29T12:08:34","modified_gmt":"2026-04-29T10:08:34","slug":"kakao-u-prahu-bio","status":"publish","type":"product","link":"https:\/\/fengchashop.com\/hr\/product\/kakao-u-prahu-bio\/","title":{"rendered":"Kakao u prahu BIO 250 g"},"content":{"rendered":"<h2 style=\"text-align: justify\"><span style=\"color: #000000\">Kakao u prahu BIO<\/span><\/h2>\n<p style=\"text-align: justify\"><span style=\"color: #000000\">Zrna kakaovca, odnosno sjemenke iz kojih se dobiva kakao, rastu u mahunama na stablu koje se naziva <strong>kakaovac<\/strong> ili <strong>Theobroma cacao<\/strong>. Kakao je popularna hrana tisu\u0107ama godina. Izvorno raste u Ju\u017enoj i Srednjoj Americi. Osnovna je sirovina za pripremu svih vrsta \u010dokolade.<\/span><\/p>\n<p style=\"text-align: justify\"><span style=\"color: #000000\">Kakao sadr\u017ei daleko <strong>najvi\u0161e antioksidansa<\/strong> od svih namirnica. Sadr\u017ei tri puta vi\u0161e nego zeleni \u010daj. Osim toga, sadr\u017ei i mnoge <strong>minerale<\/strong> poput kalija, cinka, magnezija, \u017eeljeza i kalcija. Ujedno je i izvor <strong>proteina<\/strong> i <strong>vlakana<\/strong>. Sve je to va\u017eno za o\u010duvanje na\u0161eg zdravlja. Sadr\u017ei i hranjive tvari koje pozitivno djeluju na na\u0161 krvo\u017eilni sustav jer razrje\u0111uju krv i sprje\u010davaju stvaranje ugru\u0161aka. Zbog pove\u0107anja razine serotonina u mozgu pobolj\u0161ava raspolo\u017eenje. Naime, sadr\u017ei \u010dak <strong>300 razli\u010ditih spojeva<\/strong> koji mogu utjecati na podizanje na\u0161eg raspolo\u017eenja.<\/span><\/p>\n<p style=\"text-align: justify\"><span style=\"color: #000000\">Zrna ovog kakaovca su ru\u010dno ubrana. Odabrana zrna najprije se fermentiraju kako bi se lagano ubla\u017eila karakteristi\u010dna gor\u010dina. Na taj na\u010din zrna kakaovca zadr\u017eavaju svoju hranjivu vrijednost bez dodavanja nepotrebnih aditiva. Kako biste iskoristili sve pozitivne u\u010dinke, dovoljno je konzumirati 25-30 grama kakaa dnevno.<\/span><\/p>\n<h2><span style=\"color: #000000\">Za\u0161to kupiti ovu mje\u0161avinu kakao praha?<\/span><\/h2>\n<p style=\"text-align: justify\"><span style=\"color: #000000\">Jednostavno zato \u0161to:<\/span><\/p>\n<p style=\"text-align: justify\"><span style=\"color: #000000\">\ud83d\udc9a Iz kontroliranog je <strong>organskog uzgoja<\/strong> i stoga najbolje \u0161to vam mo\u017eemo ponuditi.<\/span><\/p>\n<p style=\"text-align: justify\"><span style=\"color: #000000\">\ud83d\udc9a <strong>Nagra\u0111ivani proizvod<\/strong> zbog svoje posebne mje\u0161avine mljevenih zrna kakaovca razli\u010ditog podrijetla &#8211; iz tri afri\u010dke zemlje.<\/span><\/p>\n<p style=\"text-align: justify\"><span style=\"color: #000000\">\ud83d\udc9a <strong>Ne sadr\u017ei aditive<\/strong> i druge nepotrebne sastojke, poput \u0161e\u0107era ili drugih zasla\u0111iva\u010da.<\/span><\/p>\n<p style=\"text-align: justify\"><span style=\"color: #000000\">Dobitna kombinacija koja zadovoljava i najzahtjevnije. Okus nije ni presladak ni pregorak, varijanta kakaovca neizostavna za pe\u010denje slastica, ali i za kuhanje. Vo\u0107ni okus nadopunjuje <strong>okus pr\u017eenih zrna kakaovca<\/strong>. Izvrstan za pripremu kakao napitka s obi\u010dnim mlijekom ili biljnim napitcima. <\/span><\/p>\n<h2><span style=\"color: #000000\">Pohrana<\/span><\/h2>\n<p style=\"text-align: justify\"><span style=\"color: #000000\">\u010cuvati na suhom, tamnom i hladnom mjestu. Uvjerite se da je vre\u0107ica dobro zatvorena.<\/span><\/p>\n<h2><span style=\"color: #000000\">Ambala\u017ea<\/span><\/h2>\n<p style=\"text-align: justify\"><span style=\"color: #000000\">Nepropusna vre\u0107ica s patentnim zatvara\u010dem u kojoj proizvod zadr\u017eava svu svje\u017einu i miris. Ambala\u017ea \u0161titi od svjetlosti i zraka, jer se sastoji od nekoliko slojeva za\u0161tite koji \u010duvaju svojstva sadr\u017eaja.<\/span><\/p>\n<p style=\"text-align: justify\"><span style=\"color: #000000\">Ambala\u017ea je vrlo prakti\u010dna i mo\u017ee se reciklirati.<\/span><\/p>\n<h2><span style=\"color: #000000\">Podrijetlo<\/span><\/h2>\n<p style=\"text-align: justify\"><span style=\"color: #000000\">Sierra Leone, Gana i Obala Bjelokosti<\/span><\/p>\n","protected":false},"excerpt":{"rendered":"<p>Kakao sadr\u017ei daleko najvi\u0161e antioksidansa od svih namirnica. Sadr\u017ei tri puta vi\u0161e nego zeleni \u010daj. Osim toga, sadr\u017ei i mnoge minerale poput kalija, cinka, magnezija, \u017eeljeza i kalcija. Ujedno je i izvor proteina i vlakana. Sve je to va\u017eno za o\u010duvanje na\u0161eg zdravlja. Sadr\u017ei i hranjive tvari koje pozitivno djeluju na na\u0161 krvo\u017eilni sustav jer razrje\u0111uju krv i sprje\u010davaju stvaranje ugru\u0161aka. Zbog pove\u0107anja razine serotonina u mozgu pobolj\u0161ava raspolo\u017eenje. Naime, sadr\u017ei \u010dak 300 razli\u010ditih spojeva koji mogu utjecati na podizanje na\u0161eg raspolo\u017eenja.<\/p>\n<p>\ud83d\udc9a Iz kontrolirane je organske proizvodnje.<br \/>\n\ud83d\udc9a Nagra\u0111ivani proizvod zbog svoje posebne mje\u0161avine mljevenih zrna kakaovca razli\u010ditog podrijetla &#8211; iz tri afri\u010dke zemlje.<br \/>\n\ud83d\udc9a Ne sadr\u017ei aditive i druge nepotrebne sastojke, poput \u0161e\u0107era ili drugih zasla\u0111iva\u010da.<\/p>\n","protected":false},"featured_media":6421,"comment_status":"open","ping_status":"closed","template":"","meta":{"_acf_changed":false},"product_brand":[],"product_cat":[15,205,241,217,216],"product_tag":[],"class_list":{"0":"post-6059","1":"product","2":"type-product","3":"status-publish","4":"has-post-thumbnail","6":"product_cat-uncategorized","7":"product_cat-caj-hrana-zacini","8":"product_cat-dobre-ponude","9":"product_cat-ponudba","10":"product_cat-svi-proizvodi-ponudba","12":"first","13":"instock","14":"sale","15":"taxable","16":"shipping-taxable","17":"purchasable","18":"product-type-simple"},"acf":[],"_links":{"self":[{"href":"https:\/\/fengchashop.com\/hr\/wp-json\/wp\/v2\/product\/6059","targetHints":{"allow":["GET"]}}],"collection":[{"href":"https:\/\/fengchashop.com\/hr\/wp-json\/wp\/v2\/product"}],"about":[{"href":"https:\/\/fengchashop.com\/hr\/wp-json\/wp\/v2\/types\/product"}],"replies":[{"embeddable":true,"href":"https:\/\/fengchashop.com\/hr\/wp-json\/wp\/v2\/comments?post=6059"}],"wp:featuredmedia":[{"embeddable":true,"href":"https:\/\/fengchashop.com\/hr\/wp-json\/wp\/v2\/media\/6421"}],"wp:attachment":[{"href":"https:\/\/fengchashop.com\/hr\/wp-json\/wp\/v2\/media?parent=6059"}],"wp:term":[{"taxonomy":"product_brand","embeddable":true,"href":"https:\/\/fengchashop.com\/hr\/wp-json\/wp\/v2\/product_brand?post=6059"},{"taxonomy":"product_cat","embeddable":true,"href":"https:\/\/fengchashop.com\/hr\/wp-json\/wp\/v2\/product_cat?post=6059"},{"taxonomy":"product_tag","embeddable":true,"href":"https:\/\/fengchashop.com\/hr\/wp-json\/wp\/v2\/product_tag?post=6059"}],"curies":[{"name":"wp","href":"https:\/\/api.w.org\/{rel}","templated":true}]}}