{"id":6057,"date":"2022-05-20T14:55:43","date_gmt":"2022-05-20T12:55:43","guid":{"rendered":"https:\/\/fengchashop.com\/hr\/product\/golden-latte-bio-250-g\/"},"modified":"2026-05-07T11:26:01","modified_gmt":"2026-05-07T09:26:01","slug":"golden-latte-bio","status":"publish","type":"product","link":"https:\/\/fengchashop.com\/hr\/product\/golden-latte-bio\/","title":{"rendered":"Golden latte BIO 250 g"},"content":{"rendered":"<h2><span style=\"color: #000000\">Golden latte BIO<\/span><\/h2>\n<p style=\"text-align: justify\"><span style=\"color: #000000\">Golden latte je ukusan i okrepljuju\u0107i napitak napravljen od pet jednostavnih sastojaka, od kojih je glavni sastojak kurkuma. Mo\u017eemo dodati i druge sastojke koje volimo i bliske su nam. Konzumacija mlijeka od kurkume mo\u017ee imati mnoge blagotvorne u\u010dinke na na\u0161 organizam, a uz to je i ugodnog okusa. Golden latte BIO mix je gotova mje\u0161avina koja vam \u0161tedi vrijeme pri pripremi napitka, jer ne morate brinuti o mjerenju koli\u010dina svih sastojaka. Lako se koristi i izvrsnog je okusa. Mje\u0161avina se sastoji od kurkume i dodatka cejlonskog cimeta (10%) i \u0111umbira (10%).<\/span><\/p>\n<p style=\"text-align: justify\"><span style=\"color: #000000\"><em>Odabrani su samo vrhunski sastojci iz organske proizvodnje.<\/em><\/span><\/p>\n<p><span style=\"color: #000000\">U smjesu se dodaje i prstohvat mljevenog crnog papra koji \u010dini da se aktivni sastojci kurkume, posebice kurkumin, lak\u0161e i bolje apsorbiraju u organizmu.<\/span><\/p>\n<p><span style=\"color: #000000\">Napitak mo\u017eete pripremiti s mlijekom, biljnim napitkom ili drugom teku\u0107inom. Mo\u017eete ga piti ujutro ili nave\u010der, no obi\u010dno je najbolje nave\u010der prije spavanja. Promijenite ritual i prepustite se u\u017eitku ljekovite kurkume. Napici od kurkume su trendovski napici u cijelom svijetu jer spajaju zdravlje i dobar okus.<\/span><\/p>\n<p><span style=\"color: #000000\">A ono \u0161to na\u0161u mje\u0161avinu \u010dini posebnom je to \u0161to u smjesu nismo dodali \u0161e\u0107er niti bilo koji drugi zasla\u0111iva\u010d. Mo\u017eete ga sami dodati po ukusu ili uop\u0107e ne zasla\u0111ivati \u200b\u200bnapitak, jer sami cimet i kurkuma daju ugodnu slatko\u0107u.<\/span><\/p>\n<h2><span style=\"color: #000000\">Za\u0161to kurkuma?<\/span><\/h2>\n<p><span style=\"color: #000000\">Ljekovito djelovanje kurkume u tradicionalnoj medicini Dalekog istoka neprocjenjivo je. Izme\u0111u ostalog, zbog svog glavnog djelatnog sastojka, kurkumina, koristi se za pro\u010di\u0161\u0107avanje krvi i probavnog trakta, za detoksikaciju jetre i \u017eu\u010dnog mjehura jer pospje\u0161uje izlu\u010divanje \u017eu\u010di, bilirubina i kolesterola. Mnogi ga u\u017eivaju u borbi protiv virusnih hepatitisa i raka, psorijaze, Alzheimerove bolesti i depresije, a koristi se i u kozmeti\u010dkim pripravcima.<\/span><\/p>\n<p><span style=\"color: #000000\">Blagotvorno djelovanje kurkume dokazali su i znanstvenici, koji ka\u017eu da se njezinom redovitom konzumacijom mo\u017ee sprije\u010diti \u0161tetno djelovanje kancerogenih tvari iz hrane na organizam. Uz sve navedeno, kurkumin navodno sprje\u010dava oksidaciju kolesterola koji svojim negativnim djelovanjem uzrokuje napredovanje po \u017eivot opasne ateroskleroze.<\/span><\/p>\n<p><span style=\"color: #000000\">Kao sna\u017ean antioksidans, kurkuma \u0161titi crijeva od slobodnih radikala i uspje\u0161no otklanja kiselost organizma. Ayurvedski lije\u010dnici ga koriste kao antiseptik i antibakterijsko sredstvo za dezinfekciju rana i opeklina. Neke su \u017eene uvjerene da poma\u017ee ubrzavanju probave i reguliranju metabolizma te je stoga u\u010dinkovit u skidanju suvi\u0161nih kilograma.<\/span><\/p>\n<p><span style=\"color: #000000\">Ugodan okus pi\u0107u uglavnom daje cimet. U kombinaciji s mlijekom u potpunosti iskori\u0161tavamo sve njegove prednosti poput sni\u017eavanja razine \u0161e\u0107era i kolesterola u krvi te regulacije krvnog tlaka. Cimet tako\u0111er poma\u017ee kod probave masti i probavnih problema poput proljeva. \u0110umbir poti\u010de probavu, zagrijava iznutra, ja\u010da imunitet i ubrzava metabolizam. Oba tako\u0111er ubla\u017eavaju simptome PMS-a i menstrualne gr\u010deve.<\/span><\/p>\n<h2><span style=\"color: #000000\">Koje su druge dobrobiti pijenja mlijeka od kurkume?<\/span><\/h2>\n<p style=\"text-align: justify\"><span style=\"color: #000000\">Kurkuma je iznimno cijenjen za\u010din u cijelom svijetu. U Ayurvedi se koristi za vi\u0161e od 150 potencijalnih terapeutskih u\u010dinaka. U modernoj znanosti predmet je mnogih istra\u017eivanja, od kojih su neka ve\u0107 potvr\u0111ena, a koristi se kao terapeutsko sredstvo kod upalnih bolesti crijeva i artritisa. Pozitivni u\u010dinci koje redovita konzumacija kurkuminskog mlijeka mo\u017ee donijeti ili kurkuma, a to su:<\/span><\/p>\n<p><span style=\"color: #000000\">\ud83d\udc9a poma\u017ee u lije\u010denju crijevnih bolesti,<\/span><br \/>\n<span style=\"color: #000000\">\ud83d\udc9a sni\u017eava kolesterol,<\/span><br \/>\n<span style=\"color: #000000\">\ud83d\udc9a odli\u010dan je kao ve\u010dernji napitak prije spavanja, jer nas smiruje,<\/span><br \/>\n<span style=\"color: #000000\">\ud83d\udc9a tako\u0111er djeluje protiv glavobolje i bolova,<\/span><br \/>\n<span style=\"color: #000000\">\ud83d\udc9a poma\u017ee kod probave,<\/span><br \/>\n<span style=\"color: #000000\">\ud83d\udc9a \u010disti jetru,<\/span><br \/>\n<span style=\"color: #000000\">\ud83d\udc9a poma\u017ee kod menstrualnih gr\u010deva,<\/span><br \/>\n<span style=\"color: #000000\">\ud83d\udc9a djeluje protuupalno.<\/span><\/p>\n<h2><span style=\"color: #000000\">Pohrana<\/span><\/h2>\n<p style=\"text-align: justify\"><span style=\"color: #000000\">\u010cuvati na suhom, tamnom i hladnom mjestu. Uvjerite se da je vre\u0107ica dobro zatvorena.<\/span><\/p>\n<h2><span style=\"color: #000000\">Ambala\u017ea<\/span><\/h2>\n<p style=\"text-align: justify\"><span style=\"color: #000000\">Nepropusna vre\u0107ica s patentnim zatvara\u010dem u kojoj proizvod zadr\u017eava svu svje\u017einu i miris. Ambala\u017ea \u0161titi od svjetlosti i zraka, jer se sastoji od nekoliko slojeva za\u0161tite koji \u010duvaju svojstva sadr\u017eaja.<\/span><\/p>\n<p style=\"text-align: justify\"><span style=\"color: #000000\">Ambala\u017ea je vrlo prakti\u010dna i mo\u017ee se reciklirati.<\/span><\/p>\n<h2><span style=\"color: #000000\">Podrijetlo<\/span><\/h2>\n<p style=\"text-align: justify\"><span style=\"color: #000000\">Slovenija<\/span><\/p>\n","protected":false},"excerpt":{"rendered":"<p>Golden latte je ukusan i okrepljuju\u0107i napitak napravljen od pet jednostavnih sastojaka, od kojih je glavni sastojak kurkuma. Mo\u017eemo dodati i druge sastojke koje volimo i bliske su nam. Konzumacija mlijeka od kurkume mo\u017ee imati mnoge blagotvorne u\u010dinke na na\u0161 organizam, a uz to je i ugodnog okusa. Golden latte BIO mix je gotova mje\u0161avina koja vam \u0161tedi vrijeme pri pripremi napitka, jer ne morate brinuti o mjerenju koli\u010dina svih sastojaka. Lako se koristi i izvrsnog je okusa. Mje\u0161avina se sastoji od kurkume i dodatka cejlonskog cimeta (10%) i \u0111umbira (10%). U smjesu se dodaje i prstohvat mljevenog crnog papra koji \u010dini da se aktivni sastojci kurkume, posebice kurkumin, lak\u0161e i bolje apsorbiraju u organizmu. Pozitivni u\u010dinci koje mo\u017ee donijeti redovita konzumacija kurkuminskog mlijeka su:<\/p>\n<p>\ud83d\udc9a poma\u017ee u lije\u010denju crijevnih bolesti,<br \/>\n\ud83d\udc9a sni\u017eava kolesterol,<br \/>\n\ud83d\udc9a \u010disti jetru,<br \/>\n\ud83d\udc9a poma\u017ee kod menstrualnih gr\u010deva,<br \/>\n\ud83d\udc9a Djeluje protuupalno.<\/p>\n<p>&nbsp;<\/p>\n","protected":false},"featured_media":6417,"comment_status":"open","ping_status":"closed","template":"","meta":{"_acf_changed":false},"product_brand":[],"product_cat":[15,194,195,216],"product_tag":[],"class_list":{"0":"post-6057","1":"product","2":"type-product","3":"status-publish","4":"has-post-thumbnail","6":"product_cat-uncategorized","7":"product_cat-ayurveda","8":"product_cat-superhrana","9":"product_cat-svi-proizvodi-ponudba","11":"first","12":"instock","13":"sale","14":"taxable","15":"shipping-taxable","16":"purchasable","17":"product-type-simple"},"acf":[],"_links":{"self":[{"href":"https:\/\/fengchashop.com\/hr\/wp-json\/wp\/v2\/product\/6057","targetHints":{"allow":["GET"]}}],"collection":[{"href":"https:\/\/fengchashop.com\/hr\/wp-json\/wp\/v2\/product"}],"about":[{"href":"https:\/\/fengchashop.com\/hr\/wp-json\/wp\/v2\/types\/product"}],"replies":[{"embeddable":true,"href":"https:\/\/fengchashop.com\/hr\/wp-json\/wp\/v2\/comments?post=6057"}],"wp:featuredmedia":[{"embeddable":true,"href":"https:\/\/fengchashop.com\/hr\/wp-json\/wp\/v2\/media\/6417"}],"wp:attachment":[{"href":"https:\/\/fengchashop.com\/hr\/wp-json\/wp\/v2\/media?parent=6057"}],"wp:term":[{"taxonomy":"product_brand","embeddable":true,"href":"https:\/\/fengchashop.com\/hr\/wp-json\/wp\/v2\/product_brand?post=6057"},{"taxonomy":"product_cat","embeddable":true,"href":"https:\/\/fengchashop.com\/hr\/wp-json\/wp\/v2\/product_cat?post=6057"},{"taxonomy":"product_tag","embeddable":true,"href":"https:\/\/fengchashop.com\/hr\/wp-json\/wp\/v2\/product_tag?post=6057"}],"curies":[{"name":"wp","href":"https:\/\/api.w.org\/{rel}","templated":true}]}}