{"id":6053,"date":"2022-05-20T08:51:51","date_gmt":"2022-05-20T06:51:51","guid":{"rendered":"https:\/\/fengchashop.com\/hr\/product\/atraktilis-v-prahu-250-g\/"},"modified":"2026-05-02T05:10:45","modified_gmt":"2026-05-02T03:10:45","slug":"atraktilis-u-prahu","status":"publish","type":"product","link":"https:\/\/fengchashop.com\/hr\/product\/atraktilis-u-prahu\/","title":{"rendered":"Atraktilis u prahu 250 g"},"content":{"rendered":"<h2><span style=\"color: #000000\">Atraktilis u prahu<\/span><\/h2>\n<p><span style=\"color: #000000\">Atraktil (Atractylodes macrocephala) je trajnica koja naraste oko pola metra visine. Ima mesnato korijenje i usku stabljiku s razgranatim listovima. Plodonosi krajem ljeta odn u jesen. U Kini je tako\u0111er poznat kao bai zhu. Korijenje, koje se koristi u ljekovite svrhe, zimi se iskapa i su\u0161i za pripremu za konzumaciju. Tradicionalno se u Kini koriste <strong>za ja\u010danje Chi energije, ja\u010danje organizma i pove\u0107anje otpornosti na bolesti<\/strong>. U tradicionalnoj kineskoj medicini <strong>smatra se jednim od najva\u017enijih sastojaka mnogih biljnih mje\u0161avina<\/strong>. \u010cesto se kombinira s ginsengom.<\/span><\/p>\n<h2><span style=\"color: #000000\">Kome preporu\u010dujemo uzimanje<\/span><\/h2>\n<p><span style=\"color: #000000\">Naj\u010de\u0161\u0107e se koristi <strong>za ja\u010danje slezene i \u017eeluca<\/strong>. Atraktilis se mo\u017ee pobrinuti za u\u010dinkovitiju probavu, <strong>a trebao bi regulirati i apetit te pomo\u0107i pri mr\u0161avljenju ili debljanju<\/strong>. Uz istovremenu tjelesnu aktivnost pridonosi rastu mi\u0161i\u0107ne mase, a time i boljoj tjelesnoj kondiciji i izdr\u017eljivosti.<\/span><\/p>\n<p><span style=\"color: #000000\">Atractilis posebno <strong>povoljno djeluje na probavu i poma\u017ee osobama koje imaju \u010deste probleme s naduto\u0161\u0107u, bolovima u \u017eelucu, proljevom i povra\u0107anjem te anemijom i nesvjesticom<\/strong>. Djeluje i kao diuretik te ubrzava izbacivanje vi\u0161ka vode iz organizma. Tako\u0111er bi trebao biti u\u010dinkovit kao prevencija protiv spontanih poba\u010daja.<\/span><\/p>\n<p><span style=\"color: #000000\">Atraktilis ima sladak okus, ali je u isto vrijeme pomalo gorak i ljut.<\/span><\/p>\n<h2><span style=\"color: #000000\">Koje su druge prednosti uzimanja<\/span><\/h2>\n<p><span style=\"color: #000000\">Atractilis je izuzetno popularan u kineskoj medicini jer vra\u0107a snagu, energiju, obnavlja imunitet i podr\u017eava zdravlje crijeva. \u010cesto se kombinira s drugim biljkama, posebice ginsengom, astragalom i ljekovite gljive rej\u0161i. Atractilis se smatra:<\/span><\/p>\n<p><span style=\"color: #000000\">\ud83d\udc9a pru\u017ea dobru <strong>za\u0161titu jetre<\/strong>,<\/span><br \/>\n<span style=\"color: #000000\"><strong>\ud83d\udc9a \u0161titi od bolesti vrata maternice, dojke i \u017eeluca,<\/strong><\/span><br \/>\n<span style=\"color: #000000\">\ud83d\udc9a <strong>pobolj\u0161ava tjelesnu spremnost<\/strong>,<\/span><br \/>\n<span style=\"color: #000000\">\ud83d\udc9a podupire <strong>imunolo\u0161ki sustav<\/strong>,<\/span><br \/>\n<span style=\"color: #000000\">\ud83d\udc9a prema nekim podacima trebao bi smanjiti odn kontrolirati razinu \u0161e\u0107era u krvi,<\/span><br \/>\n<span style=\"color: #000000\">\ud83d\udc9a poma\u017ee kod <strong>nadutosti, bolova u trbuhu<\/strong> i vrtoglavice,<\/span><br \/>\n<span style=\"color: #000000\">\ud83d\udc9a <strong>pove\u0107ava razinu energije<\/strong> i smanjuje umor.<\/span><\/p>\n<h2 style=\"text-align: justify\"><span style=\"color: #000000\">Spremanje i upozorenja<\/span><\/h2>\n<p><span style=\"color: #000000\">\u010cuvati na suhom i hladnom mjestu na temperaturi do 25 \u00b0C. Dodatak prehrani treba biti izvan dohvata djece!<\/span><\/p>\n<p><span style=\"color: #000000\">Ne zaboravite na va\u017enost raznolike prehrane i zdravog na\u010dina \u017eivota, stoga dodatak prehrani nije zamjena za uravnote\u017eenu i raznoliku prehranu. Preporu\u010dena dnevna koli\u010dina ili doza ne smije se prekora\u010diti. Trudnicama i dojiljama uvijek se savjetuje konzultacija s lije\u010dnikom prije upotrebe.<\/span><\/p>\n<h2><span style=\"color: #000000\">Ambala\u017ea<\/span><\/h2>\n<p style=\"text-align: justify\"><span style=\"color: #000000\">Nepropusna vre\u0107ica s patentnim zatvara\u010dem u kojoj proizvod zadr\u017eava svu svje\u017einu i miris. Ambala\u017ea \u0161titi od svjetlosti i zraka, jer se sastoji od nekoliko slojeva za\u0161tite koji \u010duvaju svojstva sadr\u017eaja.<\/span><\/p>\n<p style=\"text-align: justify\"><span style=\"color: #000000\">Ambala\u017ea je vrlo prakti\u010dna i mo\u017ee se reciklirati.<\/span><\/p>\n<h2><span style=\"color: #000000\">Podrijetlo<\/span><\/h2>\n<p><span style=\"color: #000000\">Kina. Imamo vrlo pouzdane dobavlja\u010de koji nam \u0161alju detaljnu kemijsku analizu hrane za svaku seriju. U vi\u0161e od deset godina nismo imali opoziva niti bilo kakvih drugih problema s ovim artiklom, kao ni s drugim artiklima istog dobavlja\u010da.\u00a0<\/span><\/p>\n","protected":false},"excerpt":{"rendered":"<p>Atractilis je izuzetno popularan u kineskoj medicini jer vra\u0107a snagu, energiju, obnavlja imunitet i podr\u017eava zdravlje crijeva. \u010cesto se kombinira s drugim biljem, osobito ginsengom, astragalom i ljekovitom gljivom rej\u0161i. Smatra se da Atractilis:<\/p>\n<p>\ud83d\udc9a osigurava dobru za\u0161titu jetre,<br \/>\n\ud83d\udc9a \u0161titi od bolesti vrata maternice, dojke i \u017eeluca,<br \/>\n\ud83d\udc9a podr\u017eava imunolo\u0161ki sustav,<br \/>\n\ud83d\udc9a poma\u017ee kod nadutosti, bolova u trbuhu i vrtoglavice,<br \/>\n\ud83d\udc9a pove\u0107ava razinu energije i smanjuje umor.<\/p>\n<p>&nbsp;<\/p>\n","protected":false},"featured_media":6407,"comment_status":"open","ping_status":"closed","template":"","meta":{"_acf_changed":false},"product_brand":[],"product_cat":[195,216],"product_tag":[],"class_list":{"0":"post-6053","1":"product","2":"type-product","3":"status-publish","4":"has-post-thumbnail","6":"product_cat-superhrana","7":"product_cat-svi-proizvodi-ponudba","9":"first","10":"instock","11":"sale","12":"taxable","13":"shipping-taxable","14":"purchasable","15":"product-type-simple"},"acf":[],"_links":{"self":[{"href":"https:\/\/fengchashop.com\/hr\/wp-json\/wp\/v2\/product\/6053","targetHints":{"allow":["GET"]}}],"collection":[{"href":"https:\/\/fengchashop.com\/hr\/wp-json\/wp\/v2\/product"}],"about":[{"href":"https:\/\/fengchashop.com\/hr\/wp-json\/wp\/v2\/types\/product"}],"replies":[{"embeddable":true,"href":"https:\/\/fengchashop.com\/hr\/wp-json\/wp\/v2\/comments?post=6053"}],"wp:featuredmedia":[{"embeddable":true,"href":"https:\/\/fengchashop.com\/hr\/wp-json\/wp\/v2\/media\/6407"}],"wp:attachment":[{"href":"https:\/\/fengchashop.com\/hr\/wp-json\/wp\/v2\/media?parent=6053"}],"wp:term":[{"taxonomy":"product_brand","embeddable":true,"href":"https:\/\/fengchashop.com\/hr\/wp-json\/wp\/v2\/product_brand?post=6053"},{"taxonomy":"product_cat","embeddable":true,"href":"https:\/\/fengchashop.com\/hr\/wp-json\/wp\/v2\/product_cat?post=6053"},{"taxonomy":"product_tag","embeddable":true,"href":"https:\/\/fengchashop.com\/hr\/wp-json\/wp\/v2\/product_tag?post=6053"}],"curies":[{"name":"wp","href":"https:\/\/api.w.org\/{rel}","templated":true}]}}