{"id":6052,"date":"2022-12-02T09:47:47","date_gmt":"2022-12-02T08:47:47","guid":{"rendered":"https:\/\/fengchashop.com\/hr\/product\/kokosov-secer-bio-250-g\/"},"modified":"2026-05-08T04:04:41","modified_gmt":"2026-05-08T02:04:41","slug":"kokosov-secer-bio","status":"publish","type":"product","link":"https:\/\/fengchashop.com\/hr\/product\/kokosov-secer-bio\/","title":{"rendered":"Kokosov \u0161e\u0107er BIO 250 g"},"content":{"rendered":"<h2><span style=\"color: #000000\">Kokosov \u0161e\u0107er BIO<\/span><\/h2>\n<p><span style=\"color: #000000\">Kokosov \u0161e\u0107er <strong>dobiva se iz cvjetova kokosa<\/strong> koji se zagrijavanjem na niskim temperaturama pretvaraju u poseban nektar. To se zatim su\u0161enjem pretvara u kristale. <strong>Svijetlo je sme\u0111e boje i nje\u017enog okusa<\/strong>. Budite oprezni pri kupnji kokosovog \u0161e\u0107era. Pretaman mo\u017ee zna\u010diti da je tijekom procesa prerade bio prekuhan i stoga iscrpljen. Ali mo\u017ee se dodati s mnogo jeftinijim nerafiniranim \u0161e\u0107erom od trske.<\/span><\/p>\n<p><span style=\"color: #000000\">Okus kokosovog \u0161e\u0107era <strong>ne podsje\u0107a na kokos, ve\u0107 puno vi\u0161e na karamelu<\/strong>. Nje\u017enog je i ugodnog okusa, ali ne dominira hranom ili pi\u0107em (kao \u0161to je npr. slu\u010daj sa steviom).<\/span><\/p>\n<p><span style=\"color: #000000\">Na\u0161 kokosov \u0161e\u0107er je iz organske proizvodnje. Pogodan je za zasla\u0111ivanje va\u0161ih omiljenih pi\u0107a i jela i <strong>vrhunske je kvalitete<\/strong>.<\/span><\/p>\n<p><span style=\"color: #000000\">Kokosov \u0161e\u0107er iz slatkih cvjetova kokosove palme je zdravija alternativa bijelom \u0161e\u0107eru jer:<\/span><\/p>\n<p><span style=\"color: #000000\">\ud83d\udc9a <strong>ima ni\u017ei glikemijski indeks od bijelog \u0161e\u0107era;<\/strong><\/span><br \/>\n<span style=\"color: #000000\">\ud83d\udc9a <strong>sadr\u017ei inulin<\/strong>, koji usporava apsorpciju glukoze u krv;<\/span><br \/>\n<span style=\"color: #000000\">\ud83d\udc9a <strong>tako\u0111er sadr\u017ei hranjive tvari<\/strong> kao \u0161to su: \u017eeljezo, cink, magnezij, kalcij i kalij, polifenole masnih kiselina i antioksidanse te vitamine B i C;<\/span><br \/>\n<span style=\"color: #000000\">\ud83d\udc9a ima neutralnu pH vrijednost, \u0161to zna\u010di da ne zakiseljuje organizam;<\/span><br \/>\n<span style=\"color: #000000\">\ud83d\udc9a <strong>mo\u017ee pomo\u0107i u lak\u0161em odr\u017eavanju zdrave tjelesne te\u017eine<\/strong>.<\/span><\/p>\n<p><span style=\"color: #000000\">Budu\u0107i da kokosov \u0161e\u0107er ima ni\u017ei glikemijski indeks u odnosu na obi\u010dni bijeli \u0161e\u0107er, <strong>mogu ga konzumirati i dijabeti\u010dari<\/strong> (tip II). S GI=35 ima samo minimalan u\u010dinak na podizanje razine \u0161e\u0107era u krvi. Osim toga, sadr\u017ei enzim koji poti\u010de sporiji prijelaz \u0161e\u0107era u krv, <strong>\u010dime se sprje\u010davaju nagli i kratkotrajni skokovi \u0161e\u0107era u krvi<\/strong>.<\/span><\/p>\n<p><span style=\"color: #000000\">Unato\u010d svemu, kokosov \u0161e\u0107er je tako\u0111er bogat izvor energije i kalorija, pa ga se preporu\u010duje konzumirati u ograni\u010denim koli\u010dinama. Ali to je zdravija varijanta u usporedbi s obi\u010dnim \u0161e\u0107erom od repe ili \u0161e\u0107erne trske. Tako\u0111er i zbog va\u017enih hranjivih tvari, minerala i antioksidansa koje sadr\u017ei.<\/span><\/p>\n<h2><span style=\"color: #000000\">Skladi\u0161tenje<\/span><\/h2>\n<p><span style=\"color: #000000\">\u010cuvati na suhom, tamnom i hladnom mjestu. Provjerite je li vre\u0107ica dobro zatvorena.<\/span><\/p>\n<h2><span style=\"color: #000000\">Ambala\u017ea<\/span><\/h2>\n<p><span style=\"color: #000000\">Hermeti\u010dka vre\u0107ica s patentnim zatvara\u010dem ili kutija u kojoj proizvod zadr\u017eava svu svoju svje\u017einu i aromu. Ambala\u017ea \u0161titi od svjetlosti i zraka. Sastoji se od nekoliko slojeva za\u0161tite koji \u010duvaju svojstva proizvoda.<\/span><\/p>\n<p><span style=\"color: #000000\">Pakiranje je vrlo prakti\u010dno i omogu\u0107uje recikliranje.<\/span><\/p>\n<h2><span style=\"color: #000000\">Podrijetlo<\/span><\/h2>\n<p><span style=\"color: #000000\">Indonezija<\/span><\/p>\n","protected":false},"excerpt":{"rendered":"<p>Pogodan je za zasla\u0111ivanje va\u0161ih omiljenih pi\u0107a i jela i vrhunske je kvalitete. Kokosov \u0161e\u0107er iz slatkih cvjetova kokosove palme je zdravija alternativa bijelom \u0161e\u0107eru jer:<\/p>\n<p>\ud83d\udc9a Ima manji glikemijski indeks od bijelog \u0161e\u0107era<br \/>\n\ud83d\udc9a Sadr\u017ei inulin, koji usporava apsorpciju glukoze u krvi<br \/>\n\ud83d\udc9a Tako\u0111er sadr\u017ei neke hranjive tvari, kao \u0161to su: \u017eeljezo, cink, magnezij, kalcij i kalij<br \/>\n\ud83d\udc9a Sadr\u017ei i polifenole masnih kiselina i antioksidanse te vitamine B i C<br \/>\n\ud83d\udc9a Ima neutralnu pH vrijednost, \u0161to zna\u010di da ne zakiseljuje organizam<\/p>\n","protected":false},"featured_media":6399,"comment_status":"open","ping_status":"closed","template":"","meta":{"_acf_changed":false},"product_brand":[],"product_cat":[15,194,205,216],"product_tag":[],"class_list":{"0":"post-6052","1":"product","2":"type-product","3":"status-publish","4":"has-post-thumbnail","6":"product_cat-uncategorized","7":"product_cat-ayurveda","8":"product_cat-caj-hrana-zacini","9":"product_cat-svi-proizvodi-ponudba","11":"first","12":"instock","13":"taxable","14":"shipping-taxable","15":"purchasable","16":"product-type-simple"},"acf":[],"_links":{"self":[{"href":"https:\/\/fengchashop.com\/hr\/wp-json\/wp\/v2\/product\/6052","targetHints":{"allow":["GET"]}}],"collection":[{"href":"https:\/\/fengchashop.com\/hr\/wp-json\/wp\/v2\/product"}],"about":[{"href":"https:\/\/fengchashop.com\/hr\/wp-json\/wp\/v2\/types\/product"}],"replies":[{"embeddable":true,"href":"https:\/\/fengchashop.com\/hr\/wp-json\/wp\/v2\/comments?post=6052"}],"wp:featuredmedia":[{"embeddable":true,"href":"https:\/\/fengchashop.com\/hr\/wp-json\/wp\/v2\/media\/6399"}],"wp:attachment":[{"href":"https:\/\/fengchashop.com\/hr\/wp-json\/wp\/v2\/media?parent=6052"}],"wp:term":[{"taxonomy":"product_brand","embeddable":true,"href":"https:\/\/fengchashop.com\/hr\/wp-json\/wp\/v2\/product_brand?post=6052"},{"taxonomy":"product_cat","embeddable":true,"href":"https:\/\/fengchashop.com\/hr\/wp-json\/wp\/v2\/product_cat?post=6052"},{"taxonomy":"product_tag","embeddable":true,"href":"https:\/\/fengchashop.com\/hr\/wp-json\/wp\/v2\/product_tag?post=6052"}],"curies":[{"name":"wp","href":"https:\/\/api.w.org\/{rel}","templated":true}]}}