{"id":6050,"date":"2022-03-15T11:18:31","date_gmt":"2022-03-15T10:18:31","guid":{"rendered":"https:\/\/fengchashop.com\/hr\/product\/kurkuma-u-kapsulama-bio-240-kapsula\/"},"modified":"2026-05-06T13:05:33","modified_gmt":"2026-05-06T11:05:33","slug":"kurkuma-u-kapsulama-bio","status":"publish","type":"product","link":"https:\/\/fengchashop.com\/hr\/product\/kurkuma-u-kapsulama-bio\/","title":{"rendered":"Kurkuma u kapsulama BIO 240 kapsula"},"content":{"rendered":"<h2><span style=\"color: #000000\">Kurkuma u kapsulama BIO<\/span><\/h2>\n<p style=\"text-align: justify\"><span style=\"color: #000000\">Kurkuma je biljka koja je u Europi poznata od davnina, a u domovini najmanje 4000 godina. Prvotno se koristio kao ljekovita biljka i bojilo, ali se kasnije ustalio kao za\u010din. Kao i \u0111umbir, kurkuma je za\u010din koji se dobiva <strong>iz podzemne zadebljale stabljike<\/strong> azijske vi\u0161egodi\u0161nje biljke. U Ayurvedi se kurkuma tradicionalno koristi za lije\u010denje raka i psorijaze. Poznata je i kao sastojak kozmeti\u010dkih pripravaka. Iako ga neki ljudi u zapadnom svijetu poznaju samo kao za\u010din, iza njega stoji puno vi\u0161e. Osim minerala, vitamina B6 i B3, folne kiseline, kalija, \u017eeljeza i mangana te omega 3 masnih kiselina, kurkuma sadr\u017ei i polifenol kurkumin koji je vrlo <strong>jak antioksidans<\/strong> i u\u010dinkovit <strong>protuupalni spoj<\/strong>. Kurkumin dokazano pozitivno djeluje na jetru i krvne \u017eile, ubla\u017eava upale kod artritisa i smanjuje \u010dimbenike rizika za dijabetes. Tako\u0111er pozitivno utje\u010de na zdravlje mozga i smanjuje rizik od raka. Kurkumin uspje\u0161no sprje\u010dava sve kroni\u010dne upale u na\u0161em tijelu \u2013 a sva bolesna stanja zapravo po\u010dinju upalom. Svojim antibakterijskim djelovanjem <strong>sprje\u010dava i rast lo\u0161ih bakterija<\/strong> u na\u0161em probavnom traktu, poput <em><strong>Heliobacter pylori<\/strong><\/em> u \u017eelucu i <em><strong>kandide<\/strong> <\/em>u ustima i crijevima.<\/span><\/p>\n<p style=\"text-align: justify\"><span style=\"color: #000000\">Kurkumin u kurkumi tako\u0111er pozitivno djeluje na sprje\u010davanje razvoja bolesti povezanih sa starenjem (Alzheimerova bolest)<\/span><\/p>\n<p style=\"text-align: justify\"><span style=\"color: #000000\">Okus kurkume je blago gorak, pikantan, ali u isto vrijeme sladak i podsje\u0107a na \u0111umbir, naran\u010du i papar.<\/span><\/p>\n<p style=\"text-align: justify\"><span style=\"color: #000000\">Za kurkumu je tipi\u010dno:<\/span><\/p>\n<p><span style=\"color: #000000\">\u00a0 \u00a0 \u00a0\ud83d\udc9a djeluje <strong>protuupalno<\/strong>, protugljivi\u010dno i antimikrobno, \u010dime se smanjuje upala;<\/span><br \/>\n<span style=\"color: #000000\">\u00a0 \u00a0 \u00a0\ud83d\udc9a \u010disti jetru, jer djeluje pro\u010di\u0161\u0107avaju\u0107e i <strong>sprje\u010dava nakupljanje masnih kiselina u jetri<\/strong>;<\/span><br \/>\n<span style=\"color: #000000\">\u00a0 \u00a0 \u00a0\ud83d\udc9a ubla\u017eava <strong>menstrualne i probavne <\/strong>probleme;<\/span><br \/>\n<span style=\"color: #000000\">\u00a0 \u00a0 \u00a0\ud83d\udc9a redovita konzumacija sprje\u010dava razvoj dijabetesa tipa 2 u t. i. predijabeti\u010darih;<\/span><br \/>\n<span style=\"color: #000000\">\u00a0 \u00a0 \u00a0\ud83d\udc9a u obliku paste <strong>ubla\u017eava upale<\/strong> i <strong>iritacije na ko\u017ei<\/strong>;<\/span><br \/>\n<span style=\"color: #000000\">\u00a0 \u00a0 \u00a0\ud83d\udc9a poti\u010de br\u017eu probavu masno\u0107e, \u0161to mo\u017ee pomo\u0107i <strong>pri gubitku te\u017eine<\/strong>;<\/span><br \/>\n<span style=\"color: #000000\">\u00a0 \u00a0 \u00a0\ud83d\udc9a doprinosi ve\u0107oj <strong>u\u010dinkovitosti mozga<\/strong> i sprje\u010dava povezane bolesti poput Alzheimerove bolesti;<\/span><br \/>\n<span style=\"color: #000000\"><strong>\u00a0 \u00a0 \u00a0\ud83d\udc9a pobolj\u0161ava raspolo\u017eenje<\/strong>;<\/span><br \/>\n<span style=\"color: #000000\">\u00a0 \u00a0 \u00a0\ud83d\udc9a ubla\u017eava bolove u mi\u0161i\u0107ima i zglobovima;<\/span><br \/>\n<span style=\"color: #000000\">\u00a0 \u00a0 \u00a0\ud83d\udc9a djeluje protiv neugodnog zadaha i korisna je kod parodontnih bolesti;<\/span><br \/>\n<span style=\"color: #000000\">\u00a0 \u00a0 \u00a0\ud83d\udc9a navodno ima i antikancerogeno djelovanje.<\/span><\/p>\n<h2><span style=\"color: #000000\">Pohrana<\/span><\/h2>\n<p style=\"text-align: justify\"><span style=\"color: #000000\">\u010cuvati na suhom, tamnom i hladnom mjestu. Provjerite je li vre\u0107ica ili kutija dobro zatvorena.<\/span><\/p>\n<h2 style=\"text-align: justify\"><span style=\"color: #000000\">Ambala\u017ea<\/span><\/h2>\n<p><span style=\"color: #000000\">Nepropusna vre\u0107ica s patentnim zatvara\u010dem u kojoj proizvod zadr\u017eava svu svoju svje\u017einu i aromu. Ambala\u017ea \u0161titi od svjetlosti i zraka, jer je napravljena od nekoliko slojeva za\u0161tite koji \u010duvaju svojstva sadr\u017eaja.<\/span><\/p>\n<p><span style=\"color: #000000\">Ambala\u017ea je vrlo prakti\u010dna i mo\u017ee se reciklirati.<\/span><\/p>\n<h2><span style=\"color: #000000\">Podrijetlo<\/span><\/h2>\n<p><span style=\"color: #000000\">Indija<\/span><\/p>\n","protected":false},"excerpt":{"rendered":"<p>Kurkuma je biljka koja je u Europi poznata od davnina, au domovini je poznata najmanje 4000 godina. Osim minerala, vitamina B6 i B3, folne kiseline, kalija, \u017eeljeza i mangana te omega 3 masnih kiselina, kurkuma sadr\u017ei i polifenol kurkumin koji je vrlo jak antioksidans i u\u010dinkovit protuupalni spoj. Za kurkumu je karakteristi\u010dno da:<\/p>\n<p>\ud83d\udc9a djeluje protuupalno, antigljivi\u010dno i antimikrobno te na taj na\u010din smanjuje upale,<br \/>\n\ud83d\udc9a \u010disti jetru, jer djeluje pro\u010di\u0161\u0107avaju\u0107e i sprje\u010dava nakupljanje masnih kiselina u jetri,<br \/>\n\ud83d\udc9a ubla\u017eava menstrualne tegobe i probleme vezane uz probavu,<br \/>\n\ud83d\udc9a Redovita konzumacija sprje\u010dava razvoj dijabetesa tipa 2 kod t. ja predijabeti\u010dari,<br \/>\n\ud83d\udc9a Doprinosi ve\u0107oj u\u010dinkovitosti mozga i sprje\u010dava povezane bolesti poput Alzheimerove bolesti.<\/p>\n<p align=\"JUSTIFY\">\n","protected":false},"featured_media":6396,"comment_status":"open","ping_status":"closed","template":"","meta":{"_acf_changed":false},"product_brand":[],"product_cat":[15,194,195,216],"product_tag":[],"class_list":{"0":"post-6050","1":"product","2":"type-product","3":"status-publish","4":"has-post-thumbnail","6":"product_cat-uncategorized","7":"product_cat-ayurveda","8":"product_cat-superhrana","9":"product_cat-svi-proizvodi-ponudba","11":"first","12":"instock","13":"sale","14":"taxable","15":"shipping-taxable","16":"purchasable","17":"product-type-simple"},"acf":[],"_links":{"self":[{"href":"https:\/\/fengchashop.com\/hr\/wp-json\/wp\/v2\/product\/6050","targetHints":{"allow":["GET"]}}],"collection":[{"href":"https:\/\/fengchashop.com\/hr\/wp-json\/wp\/v2\/product"}],"about":[{"href":"https:\/\/fengchashop.com\/hr\/wp-json\/wp\/v2\/types\/product"}],"replies":[{"embeddable":true,"href":"https:\/\/fengchashop.com\/hr\/wp-json\/wp\/v2\/comments?post=6050"}],"wp:featuredmedia":[{"embeddable":true,"href":"https:\/\/fengchashop.com\/hr\/wp-json\/wp\/v2\/media\/6396"}],"wp:attachment":[{"href":"https:\/\/fengchashop.com\/hr\/wp-json\/wp\/v2\/media?parent=6050"}],"wp:term":[{"taxonomy":"product_brand","embeddable":true,"href":"https:\/\/fengchashop.com\/hr\/wp-json\/wp\/v2\/product_brand?post=6050"},{"taxonomy":"product_cat","embeddable":true,"href":"https:\/\/fengchashop.com\/hr\/wp-json\/wp\/v2\/product_cat?post=6050"},{"taxonomy":"product_tag","embeddable":true,"href":"https:\/\/fengchashop.com\/hr\/wp-json\/wp\/v2\/product_tag?post=6050"}],"curies":[{"name":"wp","href":"https:\/\/api.w.org\/{rel}","templated":true}]}}