{"id":6045,"date":"2022-03-11T20:09:14","date_gmt":"2022-03-11T19:09:14","guid":{"rendered":"https:\/\/fengchashop.com\/hr\/product\/kolagen-kompleks-u-prahu-200-g\/"},"modified":"2026-04-13T08:05:21","modified_gmt":"2026-04-13T06:05:21","slug":"kolagen-kompleks-u-prahu","status":"publish","type":"product","link":"https:\/\/fengchashop.com\/hr\/product\/kolagen-kompleks-u-prahu\/","title":{"rendered":"Kolagen kompleks u prahu 200 g"},"content":{"rendered":"<h2><span style=\"color: #000000\"><b>Kolagenski kompleks u prahu<\/b><\/span><\/h2>\n<p><span style=\"color: #000000\">Kolagenski kompleks je dodatak prehrani koji sadr\u017ei kombinaciju razli\u010ditih sastojaka za <b>podr\u0161ku tijelu u stvaranju i odr\u017eavanju kolagena<\/b>. Kolagen je klju\u010dni protein koji \u010dini ve\u0107inu vezivnih tkiva u tijelu, uklju\u010duju\u0107i ko\u017eu, kosti, zglobove, mi\u0161i\u0107e, ligamente i hrskavicu. S godinama se njegova prirodna proizvodnja smanjuje, \u0161to mo\u017ee dovesti do razli\u010ditih problema, poput bora, gubitka elasti\u010dnosti ko\u017ee, bolova u zglobovima i slabijih noktiju te kose. Redovitim unosom mo\u017eete u\u010dinkovito podr\u017eati prirodnu proizvodnju kolagena i osigurati tijelu potrebne hranjive tvari za optimalno zdravlje i dobrobit<b>.<\/b><\/span><\/p>\n<h2><span style=\"color: #000000\"><b>Tko treba kolagenski kompleks?<\/b><\/span><\/h2>\n<p><span style=\"color: #000000\">Kolagenski kompleks preporu\u010duje se svima koji \u017eele odr\u017eati mladolik izgled i dobro fizi\u010dko stanje, a posebno:<\/span><\/p>\n<ul>\n<li><span style=\"color: #000000\">Osobama nakon 25. godine, kada prirodna proizvodnja kolagena po\u010dinje opadati.<\/span><\/li>\n<li><span style=\"color: #000000\">Sporta\u0161ima koji \u017eele oja\u010dati zglobove i mi\u0161i\u0107e.<\/span><\/li>\n<li><span style=\"color: #000000\">Osobama s problemima sa zglobovima, hrskavicom ili osteoporozom.<\/span><\/li>\n<li><span style=\"color: #000000\">Onima koji imaju problema sa suhom, opu\u0161tenom ko\u017eom, ispadanjem kose ili lomljivim noktima.<\/span><\/li>\n<\/ul>\n<h2><span style=\"color: #000000\"><b>Za\u0161to je va\u017eno unositi kolagen?<\/b><\/span><\/h2>\n<p><span style=\"color: #000000\">Nakon 25. godine \u017eivota tijelo postupno smanjuje proizvodnju vlastitog kolagena, \u0161to se mo\u017ee manifestirati u obliku prvih bora, manje \u010dvrste ko\u017ee, stanjivanja kose, lomljivih noktiju te problema sa zglobovima i mi\u0161i\u0107ima. Nedostatak kolagena mo\u017ee se nadoknaditi uravnote\u017eenom prehranom i kvalitetnim dodacima prehrani.<\/span><\/p>\n<p><span style=\"color: #000000\">Kolagenski kompleks sadr\u017ei samo pa\u017eljivo odabrane prirodne sastojke koji pru\u017eaju optimalnu podr\u0161ku tijelu.<\/span><\/p>\n<h2><span style=\"color: #000000\"><b>Prednosti redovitog unosa kolagena:<\/b><\/span><\/h2>\n<p><span style=\"color: #000000\"><b>Vitamin C<\/b><\/span><\/p>\n<ul>\n<li><span style=\"color: #000000\">ima ulogu u stvaranju kolagena za normalno funkcioniranje krvnih \u017eila, kostiju, hrskavice, desni, ko\u017ee i zuba<\/span><\/li>\n<li><span style=\"color: #000000\">doprinosi osloba\u0111anju energije tijekom metabolizma, funkciji \u017eiv\u010danog sustava i normalnom psiholo\u0161kom funkcioniranju<\/span><\/li>\n<li><span style=\"color: #000000\">ima ulogu u funkcioniranju imunolo\u0161kog sustava<\/span><\/li>\n<li><span style=\"color: #000000\">pove\u0107ava apsorpciju \u017eeljeza<\/span><\/li>\n<li><span style=\"color: #000000\">doprinosi smanjenju umora i iscrpljenosti<\/span><\/li>\n<li><span style=\"color: #000000\">ima ulogu u za\u0161titi stanica od oksidativnog stresa<\/span><\/li>\n<li><span style=\"color: #000000\">doprinosi obnovi reducirane forme vitamina E<\/span><\/li>\n<\/ul>\n<p><span style=\"color: #000000\"><b>Biotin<\/b><\/span><\/p>\n<ul>\n<li><span style=\"color: #000000\">doprinosi osloba\u0111anju energije tijekom metabolizma<\/span><\/li>\n<li><span style=\"color: #000000\">doprinosi funkciji \u017eiv\u010danog sustava<\/span><\/li>\n<li><span style=\"color: #000000\">doprinosi normalnom psiholo\u0161kom funkcioniranju<\/span><\/li>\n<li><span style=\"color: #000000\">doprinosi metabolizmu makronutrijenata<\/span><\/li>\n<li><span style=\"color: #000000\">doprinosi odr\u017eavanju zdrave kose<\/span><\/li>\n<li><span style=\"color: #000000\">doprinosi odr\u017eavanju zdravih sluznica i ko\u017ee<\/span><\/li>\n<\/ul>\n<p><span style=\"color: #000000\"><b>Vitamin D<\/b><\/span><\/p>\n<ul>\n<li><span style=\"color: #000000\">doprinosi normalnoj apsorpciji\/iskori\u0161tavanju kalcija i fosfora<\/span><\/li>\n<li><span style=\"color: #000000\">doprinosi normalnoj razini kalcija u krvi<\/span><\/li>\n<li><span style=\"color: #000000\">doprinosi odr\u017eavanju zdravih kostiju i zuba<\/span><\/li>\n<li><span style=\"color: #000000\">doprinosi funkciji mi\u0161i\u0107a<\/span><\/li>\n<li><span style=\"color: #000000\">doprinosi funkcioniranju imunolo\u0161kog sustava<\/span><\/li>\n<li><span style=\"color: #000000\">ima ulogu u diobi stanica<\/span><\/li>\n<\/ul>\n<h2><span style=\"color: #000000\"><b>\u010cuvanje i upozorenja<\/b><\/span><\/h2>\n<p><span style=\"color: #000000\">\u010cuvati na suhom mjestu pri temperaturi do 25 \u00b0C, za\u0161ti\u0107eno od vlage i svjetlosti. Pazite da vre\u0107ica ili kutija budu dobro zatvorene.<\/span><\/p>\n<p><span style=\"color: #000000\">Proizvod nije prikladan za djecu, adolescente, trudnice i dojilje. Dijabeti\u010dari, osobe s intolerancijom na glukozu, osobe koje se lije\u010de kumarinskim antikoagulansima te osobe s poznatim kardiovaskularnim bolestima i astmati\u010dari trebaju se prije upotrebe posavjetovati s lije\u010dnikom. U slu\u010daju mu\u010dnine, bolova u trbuhu, probavnih smetnji, proljeva, zatvora, vrtoglavice, pospanosti, glavobolje, osipa, svrbe\u017ea ili crvenila ko\u017ee, prekinite konzumaciju proizvoda.<\/span><\/p>\n<h2><span style=\"color: #000000\"><b>Pakiranje<\/b><\/span><\/h2>\n<p><span style=\"color: #000000\">Hermeti\u010dki zatvorena vre\u0107ica s patentnim zatvara\u010dem ili kutija, u kojoj proizvod zadr\u017eava svje\u017einu i aromu. Ambala\u017ea \u0161titi od svjetlosti i zraka. Sastoji se od vi\u0161eslojnih za\u0161titnih materijala koji \u010duvaju svojstva proizvoda.<\/span><\/p>\n<p><span style=\"color: #000000\">Ambala\u017ea je vrlo prakti\u010dna i omogu\u0107uje recikliranje.<\/span><\/p>\n<h2><span style=\"color: #000000\"><b>Podrijetlo<\/b><\/span><\/h2>\n<p><span style=\"color: #000000\">Sastojci kolagenskog kompleksa potje\u010du iz EU i izvan EU, pa\u017eljivo odabrani kako bi osigurali najvi\u0161u kvalitetu.<\/span><\/p>\n","protected":false},"excerpt":{"rendered":"<p><span class=\"jCAhz ChMk0b\"><span class=\"ryNqvb\">Kolagen kompleks sadr\u017ei samo pa\u017eljivo odabrane prirodne sastojke koji tijelu pru\u017eaju optimalnu potporu: <\/span><\/span><\/p>\n<p><span class=\"jCAhz ChMk0b\"><span class=\"ryNqvb\">\ud83d\udc9a Pobolj\u0161ava zdravlje ko\u017ee, vra\u0107a i poti\u010de elasti\u010dnost te uklanja bore <\/span><\/span><\/p>\n<p><span class=\"jCAhz ChMk0b\"><span class=\"ryNqvb\">\ud83d\udc9a regeneracija o\u0161te\u0107enih stanica i tkiva, <\/span><\/span><\/p>\n<p><span class=\"jCAhz ChMk0b\"><span class=\"ryNqvb\">\ud83d\udc9a poma\u017ee u ubla\u017eavanju bolova u zglobovima, <\/span><\/span><\/p>\n<p><span class=\"jCAhz\"><span class=\"ryNqvb\">\ud83d\udc9a djeluje na ja\u010de kosti, <\/span><\/span><\/p>\n<p><span class=\"jCAhz ChMk0b\"><span class=\"ryNqvb\">\ud83d\udc9a Za lijepu i sjajnu kosu i jake nokte, <\/span><\/span><\/p>\n<p><span class=\"jCAhz ChMk0b\"><span class=\"ryNqvb\">\ud83d\udc9a U\u010dinak protiv starenja, pove\u0107ava hidrataciju.<\/span><\/span><\/p>\n","protected":false},"featured_media":6389,"comment_status":"open","ping_status":"closed","template":"","meta":{"_acf_changed":false},"product_brand":[],"product_cat":[15,203,218,195,216],"product_tag":[],"class_list":{"0":"post-6045","1":"product","2":"type-product","3":"status-publish","4":"has-post-thumbnail","6":"product_cat-uncategorized","7":"product_cat-minerali-vitamini","8":"product_cat-najprodavaniji","9":"product_cat-superhrana","10":"product_cat-svi-proizvodi-ponudba","12":"first","13":"instock","14":"sale","15":"taxable","16":"shipping-taxable","17":"purchasable","18":"product-type-simple"},"acf":[],"_links":{"self":[{"href":"https:\/\/fengchashop.com\/hr\/wp-json\/wp\/v2\/product\/6045","targetHints":{"allow":["GET"]}}],"collection":[{"href":"https:\/\/fengchashop.com\/hr\/wp-json\/wp\/v2\/product"}],"about":[{"href":"https:\/\/fengchashop.com\/hr\/wp-json\/wp\/v2\/types\/product"}],"replies":[{"embeddable":true,"href":"https:\/\/fengchashop.com\/hr\/wp-json\/wp\/v2\/comments?post=6045"}],"wp:featuredmedia":[{"embeddable":true,"href":"https:\/\/fengchashop.com\/hr\/wp-json\/wp\/v2\/media\/6389"}],"wp:attachment":[{"href":"https:\/\/fengchashop.com\/hr\/wp-json\/wp\/v2\/media?parent=6045"}],"wp:term":[{"taxonomy":"product_brand","embeddable":true,"href":"https:\/\/fengchashop.com\/hr\/wp-json\/wp\/v2\/product_brand?post=6045"},{"taxonomy":"product_cat","embeddable":true,"href":"https:\/\/fengchashop.com\/hr\/wp-json\/wp\/v2\/product_cat?post=6045"},{"taxonomy":"product_tag","embeddable":true,"href":"https:\/\/fengchashop.com\/hr\/wp-json\/wp\/v2\/product_tag?post=6045"}],"curies":[{"name":"wp","href":"https:\/\/api.w.org\/{rel}","templated":true}]}}