{"id":6043,"date":"2022-03-11T19:29:12","date_gmt":"2022-03-11T18:29:12","guid":{"rendered":"https:\/\/fengchashop.com\/hr\/product\/omega-3-masne-kiseline-u-kapsulama-bio-180-kapsula\/"},"modified":"2026-05-03T01:20:45","modified_gmt":"2026-05-02T23:20:45","slug":"omega-3-masne-kiseline-u-kapsulama-bio","status":"publish","type":"product","link":"https:\/\/fengchashop.com\/hr\/product\/omega-3-masne-kiseline-u-kapsulama-bio\/","title":{"rendered":"Omega 3 masne kiseline u kapsulama BIO 180 kapsula"},"content":{"rendered":"<h2><span style=\"color: #000000\">Omega 3 masne kiseline<\/span><\/h2>\n<p><span style=\"color: #000000\">Omega 3 masne kiseline <strong>su neophodne<\/strong> za ljude, ali tijelo ih ne mo\u017ee samo proizvesti. Budu\u0107i da su prijeko potrebne <strong>za pravilno odvijanje niza procesa u tijelu<\/strong>, potrebno ih je unositi uz prikladnu prehranu bogatu ovim vrijednim masno\u0107ama. No, ako prehranom ne unosimo dovoljno omega 3 masnih kiselina, jedan od naju\u010dinkovitijih, a ujedno i jednostavnih na\u010dina je uzimanje dodatka prehrani. Ovdje moramo biti svjesni da je ponuda na tr\u017ei\u0161tu izuzetno velika, ali nije svaki dodatak prehrani s ribljim uljem (ili iz biljnog izvora) dovoljno dobar. Prije svega, moramo biti oprezni ako namjeravamo uzimati dodatak prehrani dulje vrijeme. Ne\u010disto\u0107e i nepotrebni, \u010dak i \u0161tetni dodaci mogu u\u010diniti vi\u0161e \u0161tete nego koristi.<\/span><\/p>\n<p><span style=\"color: #000000\">Na\u0161e kapsule omega 3 masnih kiselina izra\u0111ene su od naj\u010di\u0161\u0107eg ribljeg ulja. Od riba iz divljih voda, pravilno obra\u0111ena i uhva\u0107ena u softgel kapsule, koje su manje, ali istovremeno dizajnirane za lak\u0161e gutanje. Oni su vrhunski dodatak prehrani napravljen od najboljih sastojaka. Ne izazivaju podrigivanje i nemaju dosadan riblji okus.<\/span><\/p>\n<h2><span style=\"color: #000000\">Koje su koristi od uzimanja omega 3 masnih kiselina?<\/span><\/h2>\n<p><span style=\"color: #000000\">Omega 3 masne kiseline imaju najmanje dvije va\u017ene uloge u na\u0161em tijelu. Istra\u017eivanja su pokazala da utje\u010du na <strong>pravilan rad kardiovaskularnog sustava i smanjuju upale<\/strong>. Dakle, ako sumiramo neke od u\u010dinaka konzumiranja omega 3 masnih kiselina, nalazimo sljede\u0107e:<\/span><\/p>\n<p><span style=\"color: #000000\">\ud83d\udc9a Doprinose normalnom funkcioniranju srca i kardiovaskularnog sustava, uklju\u010duju\u0107i regulaciju otkucaja srca te <strong>poma\u017eu u regulaciji krvnog tlaka i kolesterola<\/strong>.<\/span><br \/>\n<span style=\"color: #000000\">\ud83d\udc9a Pridonose <strong>odr\u017eavanju normalnog vida<\/strong>.<\/span><br \/>\n<span style=\"color: #000000\">\ud83d\udc9a Pridonose <strong>odr\u017eavanju normalne funkcije mozga<\/strong>, uklju\u010duju\u0107i funkciju pam\u0107enja te regulaciji raspolo\u017eenja i emocionalne ravnote\u017ee.<\/span><br \/>\n<span style=\"color: #000000\">\ud83d\udc9a Doprinose odr\u017eavanju <strong>normalne razine triglicerida u krvi<\/strong>.<\/span><br \/>\n<span style=\"color: #000000\">\ud83d\udc9a Poti\u010du <strong>pravilan rad imunolo\u0161kog sustava<\/strong>.<\/span><br \/>\n<span style=\"color: #000000\">\ud83d\udc9a Reguliraju raspolo\u017eenje i kognitivne (pona\u0161anje) funkcije.<\/span><br \/>\n<span style=\"color: #000000\">\ud83d\udc9a Iznimno su va\u017eni <strong>za zdravu trudno\u0107u i zdrav razvoj nero\u0111enog i dojenog djeteta<\/strong>. Za poticanje ja\u010danja intelektualnih, motori\u010dkih i vizualnih sposobnosti djeteta, boljeg pam\u0107enja i pa\u017enje te prevencije poreme\u0107aja u pona\u0161anju i prevencije razvoja alergija na hranu.<\/span><br \/>\n<span style=\"color: #000000\">\ud83d\udc9a <strong>Poma\u017eu u pobolj\u0161anju simptoma autoimunih bolesti<\/strong> i ADHD-a kod djece.<\/span><br \/>\n<span style=\"color: #000000\">\ud83d\udc9a Prirodno hidratiziraju na\u0161u ko\u017eu i kosu te im daju zdrav izgled.<\/span><br \/>\n<span style=\"color: #000000\">\ud83d\udc9a <strong>Smanjuju upale<\/strong>; tako\u0111er ubla\u017eava ko\u017ene probleme poput ekcema, akni, rozaceje i psorijaze.<\/span><br \/>\n<span style=\"color: #000000\">\ud83d\udc9a <strong>Omogu\u0107uju br\u017eu regeneraciju mi\u0161i\u0107a<\/strong> nakon napornih sportskih treninga ili drugih tjelesnih aktivnosti; tako\u0111er sprje\u010dava gubitak mi\u0161i\u0107a i istovremeno pove\u0107ava gubitak masnih zaliha.<\/span><\/p>\n<h2><span style=\"color: #000000\">Za\u0161to odabrati na\u0161e Omega 3 kapsule?<\/span><\/h2>\n<p><span style=\"color: #000000\">Konzumacija omega 3 masnih kiselina je sama po sebi dobra investicija za na\u0161e fizi\u010dko i psihi\u010dko zdravlje. Odabirom \u010distog i \u0161to prirodnijeg suplementa, kao \u0161to je na\u0161, mo\u017eemo iskoristiti i druge prednosti, jer:<\/span><\/p>\n<p><span style=\"color: #000000\">\ud83d\udc9a Dodatak prehrani <strong>nije napravljen koncentriranjem<\/strong> ribljeg ulja i dodavanjem umjetnih sastojaka. Na\u0161 dodatak prehrani je minimalno prera\u0111en, mnogo prirodniji, pa na\u0161e tijelo lak\u0161e koristi njegove prednosti.<\/span><br \/>\n<span style=\"color: #000000\">\ud83d\udc9a <strong>To su kapsule bez karakteristi\u010dnog okusa i mirisa<\/strong>. Ali ne\u0107emo podrigivati \u200b\u200bza njima.<\/span><br \/>\n<span style=\"color: #000000\">\ud83d\udc9a Manje <strong>softgel kapsule<\/strong> omogu\u0107uju lak\u0161e gutanje.<\/span><br \/>\n<span style=\"color: #000000\">\ud83d\udc9a Sadr\u017ee minimalno <strong>90% prirodnih triglicerida<\/strong>, bez etil estera, koji se ina\u010de koriste u proizvodnji koncentriranog ribljeg ulja &#8211; kako bi osigurali vi\u0161e razine DHA i EPA od vrijednosti tipi\u010dnih za normalno riblje ulje. Takav dodatak prehrani je umjetno pobolj\u0161an i samim time te\u017ee probavljiv, manje prirodan i mo\u017ee biti \u010dak i optere\u0107uju\u0107i za na\u0161 organizam pri dugotrajnom uzimanju.<\/span><br \/>\n<span style=\"color: #000000\">\ud83d\udc9a Ulje je posebno <strong>\u010disto<\/strong>, napravljeno nakon posebnog procesa filtracije, destilacije i rafinacije.<\/span><br \/>\n<span style=\"color: #000000\">\ud83d\udc9a Sadr\u017ee minimalno <strong>65% dokozaheksaenske (DHA) i eikosapentaenske kiseline (EPA)<\/strong>.<\/span><br \/>\n<span style=\"color: #000000\">\ud83d\udc9a Za bolju trajnost proizvodu je dodan prirodni antioksidans u obliku tokoferola (vitamin E).<\/span><br \/>\n<span style=\"color: #000000\">\ud83d\udc9a Osim toga, riba se lovi prema na\u010delima odr\u017eivog ribolova. Svako pakiranje dobavlja\u010da tako\u0111er je opremljeno brojem za pra\u0107enje. Tako\u0111er je zajam\u010dena stalna opskrba najkvalitetnijim uljima. Konstantno su \u010disti, sigurni i bez problema. Predanost \u010disto\u0107i proizvoda, kvaliteti i inovativnosti osigurava da proizvodi zadovoljavaju najvi\u0161e industrijske standarde za sigurnost, sljedivost i odr\u017eivost. S najni\u017eim ograni\u010denjima specifikacija, proizvodi zajam\u010deno zadovoljavaju ili prema\u0161uju sve poznate globalne standarde \u010disto\u0107e. Bezuvjetno jam\u010dimo postojanost, sigurnost i \u010disto\u0107u svakog proizvoda.<\/span><\/p>\n<h2><span style=\"color: #000000\">Spremanje i upozorenja<\/span><\/h2>\n<p><span style=\"color: #000000\">\u010cuvati na suhom i hladnom mjestu na temperaturi do 25 \u00b0C. Dodatak prehrani treba biti izvan dohvata djece!<\/span><\/p>\n<p><span style=\"color: #000000\">Ne zaboravite na va\u017enost raznolike prehrane i zdravog na\u010dina \u017eivota, stoga dodatak prehrani nije zamjena za uravnote\u017eenu i raznoliku prehranu. Preporu\u010dena dnevna koli\u010dina ili doza ne smije se prekora\u010diti.<\/span><\/p>\n<h2><span style=\"color: #000000\">Ambala\u017ea<\/span><\/h2>\n<p><span style=\"color: #000000\">Proizvod je upakiran u zgodnu staklenu ambala\u017eu sa slojem crne folije koja ne propu\u0161ta svjetlost. Poklopac omogu\u0107uje hermeti\u010dko zatvaranje, \u0161to posljedi\u010dno zna\u010di da vanjski mirisi ne mogu utjecati na sadr\u017eaj boce. Ina\u010de, samo staklo je tako\u0111er nepropusno, ne upija mirise i ni na koji na\u010din ne utje\u010de na okus sadr\u017eaja. Ova vrsta pakiranja tako\u0111er ne sadr\u017ei plastiku koja je \u0161tetna za okoli\u0161 te je ekolo\u0161kija i odr\u017eivija. Zapravo, pakiranje od prirodnih i odr\u017eivih sastojaka je idealno, simboliziraju\u0107i vrhunsku kvalitetu.<\/span><\/p>\n<p><span style=\"color: #000000\">U slu\u010daju ve\u0107ih pakiranja (rinfuza), proizvod se nalazi u hermeti\u010dki zatvorenoj vre\u0107ici s patentnim zatvara\u010dem, gdje zadr\u017eava svu svoju svje\u017einu i aromu. Ambala\u017ea \u0161titi od svjetlosti i zraka jer se sastoji od vi\u0161e slojeva za\u0161tite koji \u010duvaju svojstva sadr\u017eaja.<\/span><\/p>\n<p><span style=\"color: #000000\">Oba pakiranja \u0161tite sadr\u017eaj od svjetlosti i zraka, vrlo su prakti\u010dna i dopu\u0161taju recikliranje.<\/span><\/p>\n<h2><span style=\"color: #000000\">Podrijetlo<\/span><\/h2>\n<p><span style=\"color: #000000\">Norve\u0161ka<\/span><\/p>\n","protected":false},"excerpt":{"rendered":"<p>Omega 3 masne kiseline imaju najmanje dvije va\u017ene uloge u na\u0161em tijelu. Istra\u017eivanja su pokazala da utje\u010du na pravilan rad kardiovaskularnog sustava i smanjuju upale. Omega 3 masne kiseline:<\/p>\n<p>\ud83d\udc9a pridonose normalnom funkcioniranju srca i kardiovaskularnog sustava, uklju\u010duju\u0107i regulaciju otkucaja srca te poma\u017eu u regulaciji krvnog tlaka i kolesterola,<br \/>\n\ud83d\udc9a doprinose odr\u017eavanju normalne funkcije mozga, uklju\u010duju\u0107i funkciju pam\u0107enja te regulaciju raspolo\u017eenja i emocionalne ravnote\u017ee,<br \/>\n\ud83d\udc9a doprinose odr\u017eavanju normalne razine triglicerida u krvi,<br \/>\n\ud83d\udc9a promicati pravilan rad imunolo\u0161kog sustava,<br \/>\n\ud83d\udc9a smanjuju upale.<\/p>\n","protected":false},"featured_media":6382,"comment_status":"open","ping_status":"closed","template":"","meta":{"_acf_changed":false},"product_brand":[],"product_cat":[15,203,216],"product_tag":[],"class_list":{"0":"post-6043","1":"product","2":"type-product","3":"status-publish","4":"has-post-thumbnail","6":"product_cat-uncategorized","7":"product_cat-minerali-vitamini","8":"product_cat-svi-proizvodi-ponudba","10":"first","11":"instock","12":"taxable","13":"shipping-taxable","14":"purchasable","15":"product-type-simple"},"acf":[],"_links":{"self":[{"href":"https:\/\/fengchashop.com\/hr\/wp-json\/wp\/v2\/product\/6043","targetHints":{"allow":["GET"]}}],"collection":[{"href":"https:\/\/fengchashop.com\/hr\/wp-json\/wp\/v2\/product"}],"about":[{"href":"https:\/\/fengchashop.com\/hr\/wp-json\/wp\/v2\/types\/product"}],"replies":[{"embeddable":true,"href":"https:\/\/fengchashop.com\/hr\/wp-json\/wp\/v2\/comments?post=6043"}],"wp:featuredmedia":[{"embeddable":true,"href":"https:\/\/fengchashop.com\/hr\/wp-json\/wp\/v2\/media\/6382"}],"wp:attachment":[{"href":"https:\/\/fengchashop.com\/hr\/wp-json\/wp\/v2\/media?parent=6043"}],"wp:term":[{"taxonomy":"product_brand","embeddable":true,"href":"https:\/\/fengchashop.com\/hr\/wp-json\/wp\/v2\/product_brand?post=6043"},{"taxonomy":"product_cat","embeddable":true,"href":"https:\/\/fengchashop.com\/hr\/wp-json\/wp\/v2\/product_cat?post=6043"},{"taxonomy":"product_tag","embeddable":true,"href":"https:\/\/fengchashop.com\/hr\/wp-json\/wp\/v2\/product_tag?post=6043"}],"curies":[{"name":"wp","href":"https:\/\/api.w.org\/{rel}","templated":true}]}}