{"id":6042,"date":"2022-03-11T17:52:40","date_gmt":"2022-03-11T16:52:40","guid":{"rendered":"https:\/\/fengchashop.com\/hr\/product\/vitamin-c-u-prahu-500-g\/"},"modified":"2026-04-29T12:12:33","modified_gmt":"2026-04-29T10:12:33","slug":"vitamin-c-u-prahu","status":"publish","type":"product","link":"https:\/\/fengchashop.com\/hr\/product\/vitamin-c-u-prahu\/","title":{"rendered":"Vitamin C u prahu 500 g"},"content":{"rendered":"<h2><span style=\"color: #000000\">L-askorbinska kiselina<\/span><\/h2>\n<p><span style=\"color: #000000\">Vitamin C ili kemijski askorbinska kiselina <strong>esencijalni je vitamin<\/strong> za \u010dovjeka, \u0161to zna\u010di da je apsolutno neophodan za pravilno funkcioniranje na\u0161eg organizma, ali ga na\u0161e tijelo ne mo\u017ee samo sintetizirati niti proizvesti, stoga ga je izuzetno va\u017eno unositi hranom . Vitamin C prisutan je u ve\u0107ini vo\u0107a i povr\u0107a, tako da oni koji redovito konzumiraju najmanje 5 jedinica vo\u0107a i\/ili povr\u0107a dnevno unose u organizam dovoljne koli\u010dine. Ipak, ponekad ima smisla dodati i ovaj iznimno va\u017ean vitamin koji je odgovoran za mnoge procese u na\u0161em tijelu, jer <strong>je i antioksidans koji \u0161titi na\u0161e stanice od oksidativnog stresa<\/strong>, koji se naj\u010de\u0161\u0107e vidi na na\u0161oj ko\u017ei. Nedostatak vitamina C mo\u017ee dovesti do starenja ko\u017ee, budu\u0107i da je vitamin C uvelike odgovoran za stvaranje kolagena, pa ima va\u017enu ulogu u normalnom funkcioniranju ko\u017ee, te kostiju i krvnih \u017eila. U svakom slu\u010daju <strong>dobro djeluje i na na\u0161 imunolo\u0161ki sustav<\/strong>, preventivnom konzumacijom mo\u017eemo sprije\u010diti ili ubrzati oporavak od sezonskih prehlada i virusnih respiratornih infekcija.<\/span><\/p>\n<p><span style=\"color: #000000\">Vo\u0107e i povr\u0107e na na\u0161im tanjurima sve je siroma\u0161nije vitaminima zbog na\u010dina uzgoja, transporta i vremena od berbe do konzumacije. Nedostatak vitamina C mo\u017ee se manifestirati op\u0107im fizi\u010dkim i psihi\u010dkim umorom, slabijim zacjeljivanjem rana, krvarenjem, sporijim oporavkom od bolesti, oslabljenim imunolo\u0161kim sustavom itd. U to vrijeme dobro je uz pomo\u0107 dodataka prehrani organizmu osigurati pove\u0107ani unos vitamina. Puno vi\u0161e vitamina C op\u0107enito trebaju pu\u0161a\u010di, fizi\u010dki radnici i sporta\u0161i te trudnice i dojilje koje bi se prije uzimanja dodataka prehrani uvijek trebale posavjetovati s lije\u010dnikom.<\/span><\/p>\n<p><span style=\"color: #000000\">Na\u0161e tijelo ne skladi\u0161ti vitamin C, stoga je prijeko potrebno svakodnevno konzumirati vo\u0107e i povr\u0107e te po potrebi dodavati dodatke prehrani s L-askorbinskom kiselinom.<\/span><\/p>\n<h2><span style=\"color: #000000\">Za\u0161to odabrati vitamin C u obliku praha L-askorbinske kiseline?<\/span><\/h2>\n<p><span style=\"color: #000000\">Na\u0161a \u010dista L-askorbinska kiselina zapravo je prirodni oblik vitamina C, koji mo\u017ee biti prirodan ili sintetski, ali ta su dva oblika toliko sli\u010dna \u2013 u strukturi i djelotvornosti \u2013 da ih struka izjedna\u010dava (\u0161to nije slu\u010daj sa sinteti\u010dkim D &#8211; askorbinska kiselina, koju tijelo ne mo\u017ee sintetizirati pa se ne koristi za dodatke prehrani).<\/span><\/p>\n<p><span style=\"color: #000000\">Uzimanje L-askorbinske kiseline ili vitamina C tako \u0107e pomo\u0107i (sljede\u0107e dobrobiti vitamina C su tako\u0111er odobrene od strane EFSA-e ili Europske agencije za sigurnost hrane):<\/span><\/p>\n<p><span style=\"color: #000000\">\ud83d\udc9a za <strong>bolju apsorpciju \u017eeljeza<\/strong>, koje je prijeko potrebno za dobru krv;<\/span><br \/>\n<span style=\"color: #000000\">\ud83d\udc9a <strong>pobolj\u0161ati stvaranje kolagena<\/strong>, a time i normalan rad kostiju, ko\u017ee, zubi, vena, hrskavice i desni;<\/span><br \/>\n<span style=\"color: #000000\">\ud83d\udc9a za normalno <strong>psiholo\u0161ko funkcioniranje<\/strong>;<\/span><br \/>\n<span style=\"color: #000000\">\ud83d\udc9a za <strong>za\u0161titu stanica od oksidativnog stresa<\/strong>;<\/span><br \/>\n<span style=\"color: #000000\">\ud83d\udc9a bolje funkcioniranje <strong>imunolo\u0161kog sustava<\/strong>;<\/span><br \/>\n<span style=\"color: #000000\">\ud83d\udc9a za <strong>smanjenje umora i iscrpljenosti<\/strong> itd.<\/span><\/p>\n<p><span style=\"color: #000000\">Dodatak prehrani u prahu tako\u0111er je prakti\u010dan za upotrebu, a pripremljen napitak je ukusan i osvje\u017eavaju\u0107i.<\/span><\/p>\n<h2><span style=\"color: #000000\">Pohrana i upozorenja<\/span><\/h2>\n<p><span style=\"color: #000000\">\u010cuvati na suhom i hladnom mjestu na temperaturi do 25 \u00b0C. Dodatak prehrani treba biti izvan dohvata djece!<\/span><\/p>\n<p><span style=\"color: #000000\">Ne zaboravite na va\u017enost raznolike prehrane i zdravog na\u010dina \u017eivota, stoga dodatak prehrani nije zamjena za uravnote\u017eenu i raznoliku prehranu. Preporu\u010dena dnevna koli\u010dina ili doza ne smije se prekora\u010diti. Trudnicama i dojiljama uvijek se savjetuje konzultacija s lije\u010dnikom prije upotrebe. Nije prikladno za djecu mla\u0111u od 14 godina.<\/span><\/p>\n<h2><span style=\"color: #000000\">Ambala\u017ea<\/span><\/h2>\n<p><span style=\"color: #000000\">Hermeti\u010dka vre\u0107ica s patentnim zatvara\u010dem u kojoj proizvod zadr\u017eava svu svoju svje\u017einu i aromu. Ambala\u017ea \u0161titi od svjetlosti i zraka jer se sastoji od vi\u0161e slojeva za\u0161tite koji \u010duvaju svojstva sadr\u017eaja.<\/span><\/p>\n<p><span style=\"color: #000000\">Ambala\u017ea je vrlo prakti\u010dna i omogu\u0107ava recikliranje.<\/span><\/p>\n","protected":false},"excerpt":{"rendered":"<p>Uzimanje L-askorbinske kiseline ili vitamina C tako \u0107e pomo\u0107i (sljede\u0107e dobrobiti vitamina C su tako\u0111er odobrene od strane EFSA-e ili Europske agencije za sigurnost hrane):<\/p>\n<p><span style=\"color: #000000\">\ud83d\udc9a za bolju apsorpciju \u017eeljeza, koje je prijeko potrebno za dobru krv,<\/span><br \/>\n<span style=\"color: #000000\">\ud83d\udc9a pobolj\u0161ati stvaranje kolagena, a time i normalan rad kostiju, ko\u017ee, zubi, vena, hrskavice i desni,<\/span><br \/>\n<span style=\"color: #000000\">\ud83d\udc9a za normalno psiholo\u0161ko funkcioniranje,<\/span><br \/>\n<span style=\"color: #000000\">\ud83d\udc9a za za\u0161titu stanica od oksidativnog stresa,<\/span><br \/>\n<span style=\"color: #000000\">\ud83d\udc9a bolje funkcioniranje imunolo\u0161kog sustava,<\/span><br \/>\n<span style=\"color: #000000\">\ud83d\udc9a za smanjenje umora i iscrpljenosti<\/span>.<\/p>\n","protected":false},"featured_media":6381,"comment_status":"open","ping_status":"closed","template":"","meta":{"_acf_changed":false},"product_brand":[],"product_cat":[15,203,216],"product_tag":[],"class_list":{"0":"post-6042","1":"product","2":"type-product","3":"status-publish","4":"has-post-thumbnail","6":"product_cat-uncategorized","7":"product_cat-minerali-vitamini","8":"product_cat-svi-proizvodi-ponudba","10":"first","11":"instock","12":"taxable","13":"shipping-taxable","14":"purchasable","15":"product-type-simple"},"acf":[],"_links":{"self":[{"href":"https:\/\/fengchashop.com\/hr\/wp-json\/wp\/v2\/product\/6042","targetHints":{"allow":["GET"]}}],"collection":[{"href":"https:\/\/fengchashop.com\/hr\/wp-json\/wp\/v2\/product"}],"about":[{"href":"https:\/\/fengchashop.com\/hr\/wp-json\/wp\/v2\/types\/product"}],"replies":[{"embeddable":true,"href":"https:\/\/fengchashop.com\/hr\/wp-json\/wp\/v2\/comments?post=6042"}],"wp:featuredmedia":[{"embeddable":true,"href":"https:\/\/fengchashop.com\/hr\/wp-json\/wp\/v2\/media\/6381"}],"wp:attachment":[{"href":"https:\/\/fengchashop.com\/hr\/wp-json\/wp\/v2\/media?parent=6042"}],"wp:term":[{"taxonomy":"product_brand","embeddable":true,"href":"https:\/\/fengchashop.com\/hr\/wp-json\/wp\/v2\/product_brand?post=6042"},{"taxonomy":"product_cat","embeddable":true,"href":"https:\/\/fengchashop.com\/hr\/wp-json\/wp\/v2\/product_cat?post=6042"},{"taxonomy":"product_tag","embeddable":true,"href":"https:\/\/fengchashop.com\/hr\/wp-json\/wp\/v2\/product_tag?post=6042"}],"curies":[{"name":"wp","href":"https:\/\/api.w.org\/{rel}","templated":true}]}}