{"id":6040,"date":"2022-03-11T10:03:16","date_gmt":"2022-03-11T09:03:16","guid":{"rendered":"https:\/\/fengchashop.com\/hr\/product\/magnezijev-klorid-u-prahu-500-g\/"},"modified":"2026-05-06T14:51:20","modified_gmt":"2026-05-06T12:51:20","slug":"magnezijev-klorid-u-prahu","status":"publish","type":"product","link":"https:\/\/fengchashop.com\/hr\/product\/magnezijev-klorid-u-prahu\/","title":{"rendered":"Magnezijev klorid u prahu 500 g"},"content":{"rendered":"<h2><span style=\"color: #000000\">Magnezijev klorid<\/span><\/h2>\n<p><span style=\"color: #000000\">Magnezij je vrlo <strong>va\u017ean mineral<\/strong> koji je odgovoran za vi\u0161e od 300 metaboli\u010dkih reakcija u ljudskom tijelu. Stru\u010dnjaci ga \u010desto nazivaju &#8220;kraljem minerala&#8221;. Ima vrlo va\u017enu ulogu u <strong>osiguravanju pravilnog funkcioniranja kostiju, mi\u0161i\u0107a i \u017eiv\u010danog sustava<\/strong>. \u010cesto se koristi <strong>za sprje\u010davanje gr\u010deva (u ma\u010devima), umora, iscrpljenosti te za normalno psihi\u010dko funkcioniranje<\/strong>. Magnezij uravnote\u017euje odnos s kalcijem i tako sprje\u010dava zakiseljavanje organizma i &#8220;\u0161kripanje&#8221; zglobova, koji su rezultat kalcinacija. Zbog suvremenog na\u010dina \u017eivota \u2013 nedostatak sna, stres, prehrana \u2013 \u010desto pose\u017eemo za dodacima prehrani s magnezijem. I premda ga u velikim koli\u010dinama ima u zelenom povr\u0107u, ribi, sjemenkama suncokreta i bundeve, vo\u0107u i ora\u0161astim plodovima, jednostavno ga vi\u0161e koristimo nego \u0161to unosimo. Pove\u0107ane potrebe za magnezijem imaju sporta\u0161i i vrlo aktivne osobe, trudnice i starije osobe. Magnezij je u prirodi uvijek vezan za neki drugi spoj, \u0161to mu daje specifi\u010dna svojstva, posebice u pogledu apsorpcije i dodatnih u\u010dinaka. Stoga je va\u017eno odabrati pravi magnezij za na\u0161e potrebe.<\/span><\/p>\n<p><span style=\"color: #000000\">Magnezij u obliku <strong>magnezijevog klorida<\/strong> jedan je od \u010de\u0161\u0107ih oblika magnezija na na\u0161em tr\u017ei\u0161tu. Poznajemo vi\u0161e od desetak razli\u010ditih oblika magnezija, a neke \u010dak i ne savjetujemo (npr. magnezijev aspartat i magnezijev glutamat). Ne\u0107e svaki magnezij zadovoljiti na\u0161e potrebe. Odaberite visokokvalitetne oblike magnezija koji vam odgovaraju.<\/span><\/p>\n<p><span style=\"color: #000000\">Nedostatak magnezija povezuje se s mnogim bolestima, poput migrene, kroni\u010dnog umora, visokog krvnog tlaka, tjeskobe i drugih psihi\u010dkih poreme\u0107aja. Magnezij se posredno brine za popravak o\u0161te\u0107enih stanica, \u010dime se sprje\u010dava razvoj bolesti koje su povezane s <strong>o\u0161te\u0107enjem stanica<\/strong> &#8211; primjerice, rak. Istovremeno, nedostatak magnezija smanjuje u\u010dinak va\u017enog vitamina D.<\/span><\/p>\n<p><span style=\"color: #000000\">Na\u0161 magnezijev klorid vrhunske je kvalitete.<\/span><\/p>\n<h2><span style=\"color: #000000\">Za\u0161to izabrati magnezij klorid?<\/span><\/h2>\n<p><span style=\"color: #000000\">Zanimljiva je \u010dinjenica da tijelo <strong>mo\u017ee apsorbirati magnezij i kroz ko\u017eu<\/strong>. <strong>Kupke<\/strong> su stoga dobrodo\u0161le i kada nedostaje magnezija. Posebno su dobri za iscrpljene mi\u0161i\u0107e, a magnezij kroz ko\u017eu prodire u krvotok i tako opskrbljuje i unutarnje organe. Najprikladniji oblik magnezija za kupke je magnezijev klorid. Od praha se mo\u017ee napraviti i takozvano <strong>magnezijevo ulje<\/strong>. Iznimno je popularan za brzu i dobru regeneraciju umornih i bolnih mi\u0161i\u0107a tijekom ve\u0107ih fizi\u010dkih napora. Tijelo ga apsorbira i brine se za dnevne potrebe magnezija. Magnezijev klorid se mo\u017ee uzimati i oralno kao dodatak prehrani.<\/span><\/p>\n<p><span style=\"color: #000000\">Ovaj oblik magnezija najprikladniji je za brzo opskrbljivanje umornih mi\u0161i\u0107a magnezijem i razbijanje ovapnjenja zglobova uz pomo\u0107 kupki i magnezijevog ulja. Osim toga, ovako unesen magnezij minimalno utje\u010de na probavu i s njom povezanu pojavu proljeva. Stoga je posebno pogodan za osobe osjetljivije na konzumaciju magnezija.<\/span><\/p>\n<p><span style=\"color: #000000\">Magnezij u obliku magnezijevog klorida se slabije i sporije apsorbira nego npr. magnezijev bisglicinat. No prednost mu je mogu\u0107nost uno\u0161enja kroz ko\u017eu u obliku spreja ili kupke.<\/span><\/p>\n<h2><span style=\"color: #000000\">Kakav u\u010dinak ima konzumacija magnezija na na\u0161e tijelo?<\/span><\/h2>\n<p><span style=\"color: #000000\">Konzumiranje magnezija ili pripremanje magnezijevog ulja i kupki na nas ima sljede\u0107a pozitivna svojstva, koja su priznata i od strane struke:<\/span><\/p>\n<p><span style=\"color: #000000\">\ud83d\udc9a doprinosi <strong>smanjenju umora i iscrpljenosti<\/strong>,<\/span><br \/>\n<span style=\"color: #000000\"><strong>\ud83d\udc9a podr\u017eava ravnote\u017eu elektrolita, <\/strong>koji su nam posebno potrebni tijekom tjelesnog napora,<\/span><br \/>\n<span style=\"color: #000000\">\ud83d\udc9a doprinosi <strong>osloba\u0111anju energije tijekom metabolizma<\/strong>,<\/span><br \/>\n<span style=\"color: #000000\">\ud83d\udc9a blagotvorno djeluje na <strong>\u017eiv\u010dani sustav<\/strong>,<\/span><br \/>\n<span style=\"color: #000000\">\ud83d\udc9a doprinosi <strong>normalnoj funkciji mi\u0161i\u0107a, normalnim psihi\u010dkim funkcijama<\/strong>,<\/span><br \/>\n<span style=\"color: #000000\">\ud83d\udc9a igra ulogu u <strong>sintezi proteina<\/strong>,<\/span><br \/>\n<span style=\"color: #000000\">\ud83d\udc9a odr\u017eava <strong>zdrave kosti i zube<\/strong>,<\/span><br \/>\n<span style=\"color: #000000\">\ud83d\udc9a igra ulogu u diobi stanica.<\/span><\/p>\n<h2><span style=\"color: #000000\">Ambala\u017ea<\/span><\/h2>\n<p><span style=\"color: #000000\">Hermeti\u010dka vre\u0107ica s patentnim zatvara\u010dem u kojoj proizvod zadr\u017eava svu svoju svje\u017einu i aromu. Ambala\u017ea \u0161titi od svjetlosti i zraka jer se sastoji od vi\u0161e slojeva za\u0161tite koji \u010duvaju svojstva sadr\u017eaja.<\/span><\/p>\n<p><span style=\"color: #000000\">Ambala\u017ea je vrlo prakti\u010dna i omogu\u0107ava recikliranje.<\/span><\/p>\n<h2 style=\"text-align: justify\"><span style=\"color: #000000\">Spremanje i upozorenja<\/span><\/h2>\n<p><span style=\"color: #000000\">\u010cuvati na suhom i hladnom mjestu na temperaturi do 25 \u00b0C. Dodatak prehrani treba biti izvan dohvata djece!<\/span><\/p>\n<p><span style=\"color: #000000\">Posavjetujte se s lije\u010dnikom ako istovremeno uzimate i antibiotike, lijekove za osteoporozu ili lijekove za visoki krvni tlak jer magnezij mo\u017ee utjecati na njihovo djelovanje.<\/span><\/p>\n<p><span style=\"color: #000000\">Ne zaboravite na va\u017enost raznolike prehrane i zdravog na\u010dina \u017eivota, stoga dodatak prehrani nije zamjena za uravnote\u017eenu i raznoliku prehranu. Preporu\u010dena dnevna koli\u010dina ili doza ne smije se prekora\u010diti. Trudnicama i dojiljama uvijek se savjetuje konzultacija s lije\u010dnikom prije upotrebe. Nije prikladno za djecu.<\/span><\/p>\n","protected":false},"excerpt":{"rendered":"<p align=\"JUSTIFY\">Magnezij je vrlo va\u017ean mineral koji je odgovoran za vi\u0161e od 300 metaboli\u010dkih reakcija u ljudskom tijelu. Stru\u010dnjaci ga \u010desto nazivaju &#8220;kraljem minerala&#8221;. Ima vrlo va\u017enu ulogu u osiguravanju pravilnog funkcioniranja kostiju, mi\u0161i\u0107a i \u017eiv\u010danog sustava. \u010cesto se koristi za sprje\u010davanje gr\u010deva (u ma\u010devima), umora, iscrpljenosti te za normalno psihi\u010dko funkcioniranje. Magnezij uravnote\u017euje odnos s kalcijem i tako sprje\u010dava zakiseljavanje organizma i &#8220;\u0161kripanje&#8221; zglobova, koji su rezultat kalcinacija.<\/p>\n<p>\ud83d\udc9a Doprinosi smanjenju umora i iscrpljenosti.<br \/>\n\ud83d\udc9a Podr\u017eava ravnote\u017eu elektrolita koji su nam posebno potrebni tijekom tjelesnog napora.<br \/>\n\ud83d\udc9a Doprinosi osloba\u0111anju energije tijekom metabolizma.<br \/>\n\ud83d\udc9a Blagotvorno djeluje na \u017eiv\u010dani sustav.<br \/>\n\ud83d\udc9a Doprinosi normalnoj funkciji mi\u0161i\u0107a, normalnim psihi\u010dkim funkcijama.<\/p>\n","protected":false},"featured_media":6377,"comment_status":"open","ping_status":"closed","template":"","meta":{"_acf_changed":false},"product_brand":[],"product_cat":[15,203,216],"product_tag":[],"class_list":{"0":"post-6040","1":"product","2":"type-product","3":"status-publish","4":"has-post-thumbnail","6":"product_cat-uncategorized","7":"product_cat-minerali-vitamini","8":"product_cat-svi-proizvodi-ponudba","10":"first","11":"instock","12":"sale","13":"taxable","14":"shipping-taxable","15":"purchasable","16":"product-type-simple"},"acf":[],"_links":{"self":[{"href":"https:\/\/fengchashop.com\/hr\/wp-json\/wp\/v2\/product\/6040","targetHints":{"allow":["GET"]}}],"collection":[{"href":"https:\/\/fengchashop.com\/hr\/wp-json\/wp\/v2\/product"}],"about":[{"href":"https:\/\/fengchashop.com\/hr\/wp-json\/wp\/v2\/types\/product"}],"replies":[{"embeddable":true,"href":"https:\/\/fengchashop.com\/hr\/wp-json\/wp\/v2\/comments?post=6040"}],"wp:featuredmedia":[{"embeddable":true,"href":"https:\/\/fengchashop.com\/hr\/wp-json\/wp\/v2\/media\/6377"}],"wp:attachment":[{"href":"https:\/\/fengchashop.com\/hr\/wp-json\/wp\/v2\/media?parent=6040"}],"wp:term":[{"taxonomy":"product_brand","embeddable":true,"href":"https:\/\/fengchashop.com\/hr\/wp-json\/wp\/v2\/product_brand?post=6040"},{"taxonomy":"product_cat","embeddable":true,"href":"https:\/\/fengchashop.com\/hr\/wp-json\/wp\/v2\/product_cat?post=6040"},{"taxonomy":"product_tag","embeddable":true,"href":"https:\/\/fengchashop.com\/hr\/wp-json\/wp\/v2\/product_tag?post=6040"}],"curies":[{"name":"wp","href":"https:\/\/api.w.org\/{rel}","templated":true}]}}