{"id":6038,"date":"2022-03-11T09:18:33","date_gmt":"2022-03-11T08:18:33","guid":{"rendered":"https:\/\/fengchashop.com\/hr\/product\/magnezijev-kompleks-u-prahu-200-g\/"},"modified":"2026-04-28T13:29:10","modified_gmt":"2026-04-28T11:29:10","slug":"magnezijev-kompleks-u-prahu","status":"publish","type":"product","link":"https:\/\/fengchashop.com\/hr\/product\/magnezijev-kompleks-u-prahu\/","title":{"rendered":"Magnezijev kompleks u prahu 200 g"},"content":{"rendered":"<h2 style=\"text-align: justify\"><span style=\"color: #000000\"><b>Magnezijev kompleks u prahu<\/b><\/span><\/h2>\n<p style=\"text-align: justify\"><span style=\"color: #000000\">Magnezij je izuzetno va\u017ean mineral koji sudjeluje u vi\u0161e od 300 metaboli\u010dkih procesa u ljudskom tijelu. \u010cesto ga nazivaju &#8220;<b>kralj minerala<\/b>&#8220;, jer ima <b>klju\u010dnu ulogu u funkcioniranju mi\u0161i\u0107a, \u017eiv\u010danog sustava i o\u010duvanju zdravih kostiju<\/b>. Poma\u017ee u prevenciji gr\u010deva u mi\u0161i\u0107ima, smanjuje umor i iscrpljenost te doprinosi normalnom psihi\u010dkom funkcioniranju. Zbog brzog tempa suvremenog \u017eivota \u2013 stresa, neprikladne prehrane i nedostatka sna \u2013 mnogi ljudi pose\u017eu za prehrambenim dodacima s magnezijem.<\/span><\/p>\n<p style=\"text-align: justify\"><span style=\"color: #000000\">Iako se magnezij prirodno nalazi u mnogim namirnicama, poput zelenog lisnatog povr\u0107a, ora\u0161astih plodova, sjemenki, ribe i cjelovitih \u017eitarica, \u010desto ga unosimo vi\u0161e nego \u0161to ga unosimo hranom. Pove\u010dane potrebe za magnezijem imaju sporta\u0161i, trudnice, stariji ljudi i osobe pod ve\u0107im tjelesnim ili mentalnim stresom.<\/span><\/p>\n<p style=\"text-align: justify\"><span style=\"color: #000000\">Magnezijem \u0107ete svom tijelu osigurati optimalnu podr\u0161ku za bolje raspolo\u017eenje, vi\u0161e energije i zdravo funkcioniranje mi\u0161i\u0107a, kostiju i \u017eiv\u010danog sustava.<\/span><\/p>\n<h2 style=\"text-align: justify\"><span style=\"color: #000000\"><b>Za\u0161to magnezijev kompleks?<\/b><\/span><\/h2>\n<p style=\"text-align: justify\"><span style=\"color: #000000\">Magnezijev kompleks kombinira <strong>\u010detiri visoko kvalitetne oblike magnezija \u2013 magnezijev bisglicinat, magnezijev citrat, magnezijev malat i magnezijev taurat<\/strong>. Svaki od tih oblika ima svoje specifi\u010dne osobitosti i koristi, stoga njihova kombinacija omogu\u0107ava optimalnu apsorpciju i u\u010dinkovitost.<\/span><\/p>\n<h2 style=\"text-align: justify\"><span style=\"color: #000000\"><b>Prednosti magnezijevog kompleksa<\/b><\/span><\/h2>\n<p style=\"text-align: justify\"><span style=\"color: #000000\"><b>Magnezij:<\/b><\/span><\/p>\n<ul style=\"text-align: justify\">\n<li><span style=\"color: #000000\">poma\u017ee u smanjenju umora i iscrpljenosti<\/span><\/li>\n<li><span style=\"color: #000000\">poma\u017ee u ravnote\u017ei elektrolita<\/span><\/li>\n<li><span style=\"color: #000000\">poma\u017ee u osloba\u0111anju energije u metabolizmu<\/span><\/li>\n<li><span style=\"color: #000000\">poma\u017ee u funkcioniranju \u017eiv\u010danog sustava<\/span><\/li>\n<li><span style=\"color: #000000\">poma\u017ee u funkcioniranju mi\u0161i\u0107a<\/span><\/li>\n<li><span style=\"color: #000000\">ima ulogu u sintezi proteina<\/span><\/li>\n<li><span style=\"color: #000000\">poma\u017ee u normalnom psiholo\u0161kom funkcioniranju<\/span><\/li>\n<li><span style=\"color: #000000\">poma\u017ee u o\u010duvanju zdravih kosti<\/span><span style=\"color: #000000\">ju i zuba<\/span><\/li>\n<li><span style=\"color: #000000\">ima ulogu u diobi stanica<\/span><\/li>\n<\/ul>\n<p>&nbsp;<\/p>\n<p><b style=\"color: #000000\">Vitamin B6:<\/b><\/p>\n<ul style=\"text-align: justify\">\n<li><span style=\"color: #000000\">ima ulogu u sintezi cisteina<\/span><\/li>\n<li><span style=\"color: #000000\">poma\u017ee u osloba\u0111anju energije u metabolizmu<\/span><\/li>\n<li><span style=\"color: #000000\">poma\u017ee u funkcioniranju \u017eiv\u010danog sustava<\/span><\/li>\n<li><span style=\"color: #000000\">poma\u017ee u metabolizmu homocisteina<\/span><\/li>\n<li><span style=\"color: #000000\">ima ulogu u metabolizmu proteina i glikogena<\/span><\/li>\n<li><span style=\"color: #000000\">poma\u017ee u normalnom psiholo\u0161kom funkcioniranju<\/span><\/li>\n<li><span style=\"color: #000000\">ima ulogu u stvaranju crvenih krvnih stanica<\/span><\/li>\n<li><span style=\"color: #000000\">ima ulogu u funkcioniranju imunolo\u0161kog sustava<\/span><\/li>\n<li><span style=\"color: #000000\">poma\u017ee u smanjenju umora i iscrpljenosti<\/span><\/li>\n<li><span style=\"color: #000000\">ima ulogu u regulaciji funkcije hormona<\/span><\/li>\n<\/ul>\n<p style=\"text-align: justify\"><span style=\"color: #000000\">Dovoljan unos magnezija mo\u017ee zna\u010dajno utjecati na prevenciju ovih problema i pobolj\u0161ati op\u0107e zdravlje i dobrobit.<\/span><\/p>\n<h2 style=\"text-align: justify\"><span style=\"color: #000000\"><b>\u010cuvanje i upozorenja<\/b><\/span><\/h2>\n<p style=\"text-align: justify\"><span style=\"color: #000000\">\u010cuvati na suhom mjestu na temperaturi do 25 \u00b0C, za\u0161ti\u0107eno od vlage i svjetlosti. Pobrinite se da je vre\u0107ica ili posuda dobro zatvorena.<\/span><\/p>\n<p style=\"text-align: justify\"><span style=\"color: #000000\">Proizvod nije prikladan za djecu, mlade, trudnice i dojilje. Dijabeti\u010dari, osobe s intolerancijom na glukozu, osobe koje koriste kumarinske antikoagulanse te osobe sa poznatim kardiovaskularnim bolestima ili astmati\u010dari, trebaju se posavjetovati s lije\u010dnikom prije kori\u0161tenja proizvoda. U slu\u010daju mu\u010dnine, bolova u trbuhu, lo\u0161e probave, proljeva, zatvora, vrtoglavice, pospanosti, glavobolje, osipa, svrbe\u017ea ili crvenila ko\u017ee, prestanite s uzimanjem proizvoda.<\/span><\/p>\n<h2 style=\"text-align: justify\"><span style=\"color: #000000\"><b>Pakiranje<\/b><\/span><\/h2>\n<p style=\"text-align: justify\"><span style=\"color: #000000\">Nepropusna vre\u0107ica sa zatvara\u010dem ili posuda u kojoj proizvod zadr\u017eava svu svje\u017einu i aromu. Pakiranje \u0161titi od svjetlosti i zraka. Sastoji se od vi\u0161e slojeva za\u0161tite koji o\u010duvaju svojstva proizvoda.<\/span><\/p>\n<p><span style=\"color: #000000\">Pakiranje je vrlo prakti\u010dno i omogu\u0107uje recikla\u017eu.<\/span><\/p>\n<h2 style=\"text-align: justify\"><span style=\"color: #000000\"><b>Podrijetlo<\/b><\/span><\/h2>\n<p style=\"text-align: justify\"><span style=\"color: #000000\">Sastojci magnezijevog kompleksa poti\u010du iz EU i izvan EU, pa\u017eljivo odabrani kako bi osigurali najvi\u0161u kvalitetu.<\/span><\/p>\n","protected":false},"excerpt":{"rendered":"<p align=\"JUSTIFY\"><span style=\"color: #000000\">Magnezijev kompleks kombinira<strong> \u010detiri visokokvalitetna oblika magnezija \u2013 magnezijev bisglicinat, magnezijev citrat, magnezijev malat i magnezijev taurat.<\/strong><\/span><\/p>\n<p>\ud83d\udc9a Doprinosi smanjenju umora i iscrpljenosti.<br \/>\n\ud83d\udc9a Podr\u017eava ravnote\u017eu elektrolita, koji su nam posebno potrebni tijekom tjelesnog napora.<br \/>\n\ud83d\udc9a Blagotvorno djeluje na \u017eiv\u010dani sustav.<br \/>\n\ud83d\udc9a Doprinosi normalnoj funkciji mi\u0161i\u0107a i normalnim psihi\u010dkim funkcijama.<br \/>\n\ud83d\udc9a Odr\u017eava zdrave kosti i zube.<\/p>\n","protected":false},"featured_media":5910,"comment_status":"open","ping_status":"closed","template":"","meta":{"_acf_changed":false},"product_brand":[],"product_cat":[15,203,218,216],"product_tag":[],"class_list":{"0":"post-6038","1":"product","2":"type-product","3":"status-publish","4":"has-post-thumbnail","6":"product_cat-uncategorized","7":"product_cat-minerali-vitamini","8":"product_cat-najprodavaniji","9":"product_cat-svi-proizvodi-ponudba","11":"first","12":"instock","13":"sale","14":"taxable","15":"shipping-taxable","16":"purchasable","17":"product-type-simple"},"acf":[],"_links":{"self":[{"href":"https:\/\/fengchashop.com\/hr\/wp-json\/wp\/v2\/product\/6038","targetHints":{"allow":["GET"]}}],"collection":[{"href":"https:\/\/fengchashop.com\/hr\/wp-json\/wp\/v2\/product"}],"about":[{"href":"https:\/\/fengchashop.com\/hr\/wp-json\/wp\/v2\/types\/product"}],"replies":[{"embeddable":true,"href":"https:\/\/fengchashop.com\/hr\/wp-json\/wp\/v2\/comments?post=6038"}],"wp:featuredmedia":[{"embeddable":true,"href":"https:\/\/fengchashop.com\/hr\/wp-json\/wp\/v2\/media\/5910"}],"wp:attachment":[{"href":"https:\/\/fengchashop.com\/hr\/wp-json\/wp\/v2\/media?parent=6038"}],"wp:term":[{"taxonomy":"product_brand","embeddable":true,"href":"https:\/\/fengchashop.com\/hr\/wp-json\/wp\/v2\/product_brand?post=6038"},{"taxonomy":"product_cat","embeddable":true,"href":"https:\/\/fengchashop.com\/hr\/wp-json\/wp\/v2\/product_cat?post=6038"},{"taxonomy":"product_tag","embeddable":true,"href":"https:\/\/fengchashop.com\/hr\/wp-json\/wp\/v2\/product_tag?post=6038"}],"curies":[{"name":"wp","href":"https:\/\/api.w.org\/{rel}","templated":true}]}}