{"id":6037,"date":"2022-03-11T08:08:31","date_gmt":"2022-03-11T07:08:31","guid":{"rendered":"https:\/\/fengchashop.com\/hr\/product\/zeolit-u-kapsulama-bio-240-kapsula\/"},"modified":"2026-04-30T08:19:34","modified_gmt":"2026-04-30T06:19:34","slug":"zeolit-u-kapsulama-bio","status":"publish","type":"product","link":"https:\/\/fengchashop.com\/hr\/product\/zeolit-u-kapsulama-bio\/","title":{"rendered":"Zeolit \u200b\u200bu kapsulama BIO 240 kapsula"},"content":{"rendered":"<h2><span style=\"color: #000000;\">Zeolit \u200b\u200bklinoptilolit u kapsulama<\/span><\/h2>\n<p><span style=\"color: #000000;\">Vulkanski kameni zeolit \u200b\u200b<strong>jedan je od najja\u010dih prirodnih detoksikanata na svijetu<\/strong>. Prirodni kameni zeolit \u200b\u200bu obliku jestivog <strong>vulkanskog minerala klinoptilolita<\/strong> poma\u017ee o\u010distiti tijelo od toksina iz okoli\u0161a i prehrane.<\/span><\/p>\n<p><span style=\"color: #000000;\">Nastao je tijekom velikih vulkanskih erupcija i ima sposobnost vezati otrove, ostatke pesticida i te\u0161ke metale. Tako\u0111er mo\u017ee biti izvrsna alternativa nekim lijekovima. Postoji vi\u0161e vrsta zeolita, me\u0111u kojima <strong>je najcjenjeniji i najprou\u010davaniji aktivirani kristalni oblik klinoptilolit<\/strong>. Kristali sadr\u017ee vitalne minerale: natrij, kalcij, kalij, magnezij, \u017eeljezo i druge elemente.<\/span><\/p>\n<p><span style=\"color: #000000;\"><strong>Negativne ionske izmjene<\/strong> daju mu posebnu zna\u010dajku. Uz pomo\u0107 klinoptilolit zeolita eliminiramo otrove i \u0161tetne tvari koje nam kradu energiju: olovo, arsen, kadmij, nikal, uran, \u017eivu, amonijak&#8230; Kao i ostatke lijekova, patogene bakterije i viruse.<\/span><\/p>\n<p><span style=\"color: #000000;\">Zeolit \u200b\u200b<strong>je ve\u0107 aktiviran<\/strong> posebnim postupkom. Zagrijavaju ga na 250-400 Celzijevih stupnjeva. Zatim se nekoliko puta melje kamenim mlinovima do \u017eeljene granulacije. Iznosi <strong>samo 5 \u00b5m<\/strong>, \u0161to je znatno manje od ve\u0107ine ostalih zeolita na tr\u017ei\u0161tu. Takve male granulacije na\u0161 organizam najlak\u0161e koristi.<\/span><\/p>\n<p><span style=\"color: #000000;\">NOVO: Nudimo ga u obliku kapsula. Konzumacija takvog zeolita puno je prakti\u010dnija.<\/span><\/p>\n<h2><span style=\"color: #000000;\">Za\u0161to ga koristimo i kome je namijenjen?<\/span><\/h2>\n<p><span style=\"color: #000000;\">Na\u017ealost, osim privilegija, moderan \u017eivot donosi i lo\u0161e navike, zaga\u0111en okoli\u0161 i druge negativne utjecaje na okoli\u0161 i nas same. Prehrana nezdravom hranom, izlo\u017eenost zaga\u0111enom okoli\u0161u, pu\u0161enje, stres. Sve to negativno utje\u010de na na\u0161e fizi\u010dko i psihi\u010dko zdravlje.<\/span><\/p>\n<p><span style=\"color: #000000;\">Zato sve ve\u0107u va\u017enost pridajemo redovitoj detoksikaciji kojom se preparatima iz organizma eliminiraju \u0161tetne tvari koje se u organizam unose hranom i iz okoli\u0161a. Na\u0161e tijelo mo\u017ee samo ukloniti te tvari (u na\u0161em tijelu to \u010dini jetra), ali samo do odre\u0111ene mjere. Prezasi\u0107enost organizma te\u0161kim metalima, konzervansima, pesticidima itd. naj\u010de\u0161\u0107e se o\u010dituje kao umor, letargija, depresija, glavobolja, probavne smetnje, bolovi u trbuhu, zatvor.<\/span><\/p>\n<p><span style=\"color: #000000;\">Zeolit \u200b\u200bnam u tome mo\u017ee pomo\u0107i jer redovitom konzumacijom <strong>na sebe ve\u017ee sve te lo\u0161e i otrovne tvari i uklanja ih iz na\u0161eg tijela na prirodan na\u010din<\/strong> \u2013 putem znoja, urina i stolice. Pritom <strong>regulira pH vrijednost organizma, neutralizira kiselost i sprje\u010dava razvoj \u0161tetnih bakterija i virusa<\/strong>.<\/span><\/p>\n<p><span style=\"color: #000000;\">Detoksikacija uz pomo\u0107 zeolita pobolj\u0161ava op\u0107e stanje, dugoro\u010dno sprje\u010dava bolesti i poma\u017ee imunolo\u0161kom sustavu da se bolje obrani od patogena.<\/span><\/p>\n<p><span style=\"color: #000000;\">Kao takav, zeolit \u200b\u200bje pogodan za svakoga tko \u017eeli na prirodan na\u010din o\u010distiti svoj organizam i osje\u0107ati se bolje, a pritom \u017eeli u\u010diniti ne\u0161to dobro za svoje fizi\u010dko i psihi\u010dko zdravlje. Zeolit \u200b\u200bnema nikakvih nuspojava i potpuno je siguran za konzumaciju. Va\u017eno je samo dosljedno ga koristiti i pridr\u017eavati se preporu\u010denih dnevnih koli\u010dina.<\/span><\/p>\n<p><span style=\"color: #000000;\">U\u010dinci detoksikacije pri kori\u0161tenju zeolita mogu se vidjeti vrlo brzo, \u010dak unutar 24 sata.<\/span><\/p>\n<h2><span style=\"color: #000000;\">Koji su najpovoljniji u\u010dinci detoksikacije zeolitom?<\/span><\/h2>\n<p><span style=\"color: #000000;\">Popis blagotvornih u\u010dinaka zeolita gotovo je beskrajan. Ve\u0107 sama eliminacija toksi\u010dnih i \u0161tetnih tvari iz organizma \u010dini ga jednim od prirodnih dodataka prehrani koji bi svatko od nas trebao barem probati. Naime, zeolit:<\/span><\/p>\n<p><span style=\"color: #000000;\">\ud83d\udc9a Detoksificira, jer na sebe ve\u017ee \u0161tetne tvari koje se prirodnim putem izlu\u010duju iz organizma.<\/span><br \/>\n<span style=\"color: #000000;\">\ud83d\udc9a \u010cisti organizam i uravnote\u017euje ga.<\/span><br \/>\n<span style=\"color: #000000;\">\ud83d\udc9a Pobolj\u0161ava dobrobit.<\/span><br \/>\n<span style=\"color: #000000;\">\ud83d\udc9a Pobolj\u0161ava rad imunolo\u0161kog sustava.<\/span><br \/>\n<span style=\"color: #000000;\">\ud83d\udc9a Regulira probavu.<\/span><br \/>\n<span style=\"color: #000000;\">\ud83d\udc9a Poma\u017ee kod problema sa \u017eelucem.<\/span><br \/>\n<span style=\"color: #000000;\">\ud83d\udc9a Pozitivno djeluje na prevladavanje i ubla\u017eavanje raznih zdravstvenih stanja i bolesti.<\/span><\/p>\n<h2><span style=\"color: #000000;\">Za\u0161to kupiti na\u0161 zeolit?<\/span><\/h2>\n<p><span style=\"color: #000000;\">\ud83d\udc9a Na\u0161 vulkanski mineralni zeolit <strong>100 % je prirodan i bez umjetnih aditiva<\/strong>. Dolazi iz odabranog rudnika, koji dokazano proizvodi <strong>najbolje klinoptilolitne zeolite na svijetu<\/strong>. <\/span><br \/>\n<span style=\"color: #000000;\">\ud83d\udc9a Uvozimo ga direktno iz<strong>\u00a0rudnika<\/strong>. Osobno poznajemo proizvo\u0111a\u010da i uvjereni smo u kvalitetu. <\/span><br \/>\n<span style=\"color: #000000;\">\ud83d\udc9a Ve\u0107 je <strong>aktiviran <\/strong><\/span><br \/>\n<span style=\"color: #000000;\">\ud83d\udc9a Granulacija je samo <strong>5 \u00b5m<\/strong>. <\/span><br \/>\n<span style=\"color: #000000;\">\ud83d\udc9a Nudimo <strong>100 % zajam\u010deno zadovoljstvo<\/strong>. <\/span><br \/>\n<span style=\"color: #000000;\">\ud83d\udc9a Imamo <strong>super cijenu<\/strong>, posebno po pakiranju od kilograma. <\/span><br \/>\n<span style=\"color: #000000;\">\ud83d\udc9a Proizvod ima <strong>neograni\u010den rok trajanja<\/strong>.<\/span><\/p>\n<h2><span style=\"color: #000000;\">Ambala\u017ea<\/span><\/h2>\n<p><span style=\"color: #000000;\">Proizvod se nalazi u hermeti\u010dki zatvorenoj vre\u0107ici s patentnim zatvara\u010dem, gdje zadr\u017eava svu svoju svje\u017einu i aromu. Ambala\u017ea \u0161titi od svjetlosti i zraka jer se sastoji od vi\u0161e slojeva za\u0161tite koji \u010duvaju svojstva sadr\u017eaja.<\/span><\/p>\n<p><span style=\"color: #000000;\">Oba pakiranja \u0161tite sadr\u017eaj od svjetlosti i zraka, vrlo su prakti\u010dna i dopu\u0161taju recikliranje.<\/span><\/p>\n<h2><span style=\"color: #000000;\">Spremanje\u00a0<\/span><\/h2>\n<p><span style=\"color: #000000;\">\u010cuvati na suhom i hladnom mjestu. <\/span><\/p>\n<h2><span style=\"color: #000000;\">Certifikati<\/span><\/h2>\n<p><span style=\"color: #000000;\">Posjedujemo analize te\u0161kih metala, analize radioaktivnosti i ostale potrebne kemijske analize. Proizvod je siguran prema svim ovim kriterijima.<\/span><\/p>\n<h2><span style=\"color: #000000;\">Porijeklo<\/span><\/h2>\n<p><span style=\"color: #000000;\">EU<\/span><\/p>\n<h2><span style=\"color: #000000;\">Je li zeolit aktiviran?<\/span><\/h2>\n<p><span style=\"color: #000000;\">Da, jest. Ve\u0107 je <strong>aktiviran<\/strong>. To zna\u010di da ga mo\u017eete pomije\u0161ati u vodi i odmah popiti. Na\u0161 zeolit tako\u0111er ima poseban proces aktivacije. Zagrijava se na 250 \u2013 400 Celzijevih stupnjeva. Zatim se nekoliko puta melje kamenim mlinovima do \u017eeljene granulacije. Ona iznosi <strong>samo<\/strong> <strong>5 \u00b5m<\/strong>. To je znatno manje od ve\u0107ine drugih zeolita na tr\u017ei\u0161tu.<\/span><\/p>\n<h2><span style=\"color: #000000;\">Ima li zeolit odre\u0111ene certifikate?<\/span><\/h2>\n<p><span style=\"color: #000000;\">Posjedujemo <strong>analize te\u0161kih metala, analize radioaktivnosti i ostale potrebne kemijske analize<\/strong>. Proizvod je siguran prema svim ovim kriterijima. Zeolit je tako\u0111er u procesu dobivanja oznake CE. Mogao bi je dobiti ve\u0107 ove godine.<\/span><\/p>\n","protected":false},"excerpt":{"rendered":"<p align=\"JUSTIFY\">Vulkanski kameni zeolit \u200b\u200bjedan je od najja\u010dih prirodnih detoksikanata na svijetu. Prirodni kameni zeolit \u200b\u200bu obliku jestivog vulkanskog minerala klinoptilolita poma\u017ee o\u010distiti tijelo od toksina iz okoli\u0161a i prehrane. Nastao je tijekom velikih vulkanskih erupcija i ima sposobnost vezati otrove, ostatke pesticida i te\u0161ke metale. Tako\u0111er mo\u017ee biti izvrsna alternativa nekim lijekovima. Postoji nekoliko vrsta zeolita, me\u0111u kojima je najcjenjeniji i najprou\u010davaniji aktivirani kristalni oblik klinoptilolit. Kristali sadr\u017ee vitalne minerale: natrij, kalcij, kalij, magnezij, \u017eeljezo i druge elemente.<\/p>\n<p align=\"JUSTIFY\"><span style=\"color: #000000;\">\ud83d\udc9a<\/span> Detoksificira, jer na sebe ve\u017ee \u0161tetne tvari koje se prirodnim putem izlu\u010duju iz organizma.<br \/>\n<span style=\"color: #000000;\">\ud83d\udc9a<\/span> \u010cisti organizam i dovodi ga u ravnote\u017eu.<br \/>\n<span style=\"color: #000000;\">\ud83d\udc9a<\/span> Pobolj\u0161ava dobrobit.<br \/>\n<span style=\"color: #000000;\">\ud83d\udc9a<\/span> Pobolj\u0161ava funkcioniranje imunosnog sustava.<br \/>\n<span style=\"color: #000000;\">\ud83d\udc9a<\/span> Regulira probavu.<\/p>\n","protected":false},"featured_media":6371,"comment_status":"open","ping_status":"closed","template":"","meta":{"_acf_changed":false},"product_brand":[],"product_cat":[15,218,216,197],"product_tag":[],"class_list":{"0":"post-6037","1":"product","2":"type-product","3":"status-publish","4":"has-post-thumbnail","6":"product_cat-uncategorized","7":"product_cat-najprodavaniji","8":"product_cat-svi-proizvodi-ponudba","9":"product_cat-zeolit","11":"first","12":"instock","13":"sale","14":"taxable","15":"shipping-taxable","16":"purchasable","17":"product-type-simple"},"acf":[],"_links":{"self":[{"href":"https:\/\/fengchashop.com\/hr\/wp-json\/wp\/v2\/product\/6037","targetHints":{"allow":["GET"]}}],"collection":[{"href":"https:\/\/fengchashop.com\/hr\/wp-json\/wp\/v2\/product"}],"about":[{"href":"https:\/\/fengchashop.com\/hr\/wp-json\/wp\/v2\/types\/product"}],"replies":[{"embeddable":true,"href":"https:\/\/fengchashop.com\/hr\/wp-json\/wp\/v2\/comments?post=6037"}],"wp:featuredmedia":[{"embeddable":true,"href":"https:\/\/fengchashop.com\/hr\/wp-json\/wp\/v2\/media\/6371"}],"wp:attachment":[{"href":"https:\/\/fengchashop.com\/hr\/wp-json\/wp\/v2\/media?parent=6037"}],"wp:term":[{"taxonomy":"product_brand","embeddable":true,"href":"https:\/\/fengchashop.com\/hr\/wp-json\/wp\/v2\/product_brand?post=6037"},{"taxonomy":"product_cat","embeddable":true,"href":"https:\/\/fengchashop.com\/hr\/wp-json\/wp\/v2\/product_cat?post=6037"},{"taxonomy":"product_tag","embeddable":true,"href":"https:\/\/fengchashop.com\/hr\/wp-json\/wp\/v2\/product_tag?post=6037"}],"curies":[{"name":"wp","href":"https:\/\/api.w.org\/{rel}","templated":true}]}}