{"id":6035,"date":"2022-03-10T18:57:47","date_gmt":"2022-03-10T17:57:47","guid":{"rendered":"https:\/\/fengchashop.com\/hr\/product\/kokosovo-mlijeko-u-prahu-bio-250-g\/"},"modified":"2026-05-07T23:52:05","modified_gmt":"2026-05-07T21:52:05","slug":"kokosovo-mlijeko-u-prahu-bio","status":"publish","type":"product","link":"https:\/\/fengchashop.com\/hr\/product\/kokosovo-mlijeko-u-prahu-bio\/","title":{"rendered":"Kokosovo mlijeko u prahu BIO 250 g"},"content":{"rendered":"<h2><span style=\"color: #000000\">Kokosovo mlijeko u prahu BIO<\/span><\/h2>\n<p><span style=\"color: #000000\">Kokosovo mlijeko u prahu jedan je od glavnih kulinarskih sastojaka azijske prehrane i <strong>izvrsna zamjena za mlijeko s laktozom<\/strong> na koju je sve vi\u0161e ljudi alergi\u010dno.<\/span><\/p>\n<p><span style=\"color: #000000\"><strong>Kokosovo mlijeko u prahu sadr\u017ei oko 60% kokosove masti i sadr\u017ei niz korisnih tvari za ljudski organizam:<\/strong><\/span><\/p>\n<p><span style=\"color: #000000\"><strong>\ud83d\udc9a puno \u017eeljeza, <\/strong>koje je glavni sastojak crvenih krvnih stanica,<\/span><br \/>\n<span style=\"color: #000000\"><strong>\ud83d\udc9a korisne nezasi\u0107ene omega 3 masti <\/strong>koje poma\u017eu u regulaciji kolesterola u krvi,<\/span><br \/>\n<span style=\"color: #000000\"><strong>\ud83d\udc9a laurinske, kaprilne i kaprinske masne kiseline, <\/strong>poznate po svom protugljivi\u010dnom, antibakterijskom i antivirusnom djelovanju.<\/span><\/p>\n<h2><span style=\"color: #000000\">Kokosovo mlijeko u prahu izvrstan je dodatak jelima ili sastojak prirodne kozmetike<\/span><\/h2>\n<p><span style=\"color: #000000\">Kokosovo mlijeko u prahu dobiva se su\u0161enjem kokosovog mlijeka iz ribanog kokosovog mesa. Budu\u0107i da sadr\u017ei visok postotak masno\u0107e, obi\u010dno se mije\u0161a sa \u0161krobom oko kojeg se masno\u0107a lijepi stvaraju\u0107i kokosovo mlijeko u prahu. U azijskoj kuhinji ne samo da je neizostavan kulinarski sastojak umaka, juha i slastica, ve\u0107 se koristi i za prirodnu kozmetiku jer ima prekrasne sastojke koji blagotvorno djeluju na ko\u017eu. Prah jednostavno pomije\u0161ate s vodom i dobijete kokosovo mlijeko ili kokosovo vrhnje ili ga mo\u017eete umije\u0161ati direktno u jela i dodatno ih pobolj\u0161ati.<\/span><\/p>\n<h2><span style=\"color: #000000\">Ambala\u017ea<\/span><\/h2>\n<p><span style=\"color: #000000\">Hermeti\u010dka vre\u0107ica s patentnim zatvara\u010dem ili kutija u kojoj proizvod zadr\u017eava svu svoju svje\u017einu i aromu. Ambala\u017ea \u0161titi od svjetlosti i zraka. Sastoji se od nekoliko slojeva za\u0161tite koji \u010duvaju svojstva proizvoda.<\/span><\/p>\n<p><span style=\"color: #000000\">Pakiranje je vrlo prakti\u010dno i omogu\u0107uje recikliranje.<\/span><\/p>\n<h2><span style=\"color: #000000\">Podrijetlo<\/span><\/h2>\n<p><span style=\"color: #000000\">Vijetnam<\/span><\/p>\n","protected":false},"excerpt":{"rendered":"<p>Kokosovo mlijeko u prahu jedan je od glavnih kulinarskih sastojaka azijske prehrane i izvrsna zamjena za mlijeko s laktozom. Kokosovo mlijeko u prahu sadr\u017ei oko 60% kokosove masti i sadr\u017ei niz korisnih tvari za ljudski organizam:<\/p>\n<p>\ud83d\udc9a puno \u017eeljeza, koje je glavni sastojak crvenih krvnih stanica,<br \/>\n\ud83d\udc9a korisne nezasi\u0107ene omega 3 masti koje poma\u017eu u regulaciji kolesterola u krvi,<br \/>\n\ud83d\udc9a laurinske, kaprilne i kaprinske masne kiseline, poznate po svom protugljivi\u010dnom, antibakterijskom i antivirusnom djelovanju.<\/p>\n","protected":false},"featured_media":6366,"comment_status":"open","ping_status":"closed","template":"","meta":{"_acf_changed":false},"product_brand":[],"product_cat":[15,194,205,216],"product_tag":[],"class_list":{"0":"post-6035","1":"product","2":"type-product","3":"status-publish","4":"has-post-thumbnail","6":"product_cat-uncategorized","7":"product_cat-ayurveda","8":"product_cat-caj-hrana-zacini","9":"product_cat-svi-proizvodi-ponudba","11":"first","12":"instock","13":"taxable","14":"shipping-taxable","15":"purchasable","16":"product-type-simple"},"acf":[],"_links":{"self":[{"href":"https:\/\/fengchashop.com\/hr\/wp-json\/wp\/v2\/product\/6035","targetHints":{"allow":["GET"]}}],"collection":[{"href":"https:\/\/fengchashop.com\/hr\/wp-json\/wp\/v2\/product"}],"about":[{"href":"https:\/\/fengchashop.com\/hr\/wp-json\/wp\/v2\/types\/product"}],"replies":[{"embeddable":true,"href":"https:\/\/fengchashop.com\/hr\/wp-json\/wp\/v2\/comments?post=6035"}],"wp:featuredmedia":[{"embeddable":true,"href":"https:\/\/fengchashop.com\/hr\/wp-json\/wp\/v2\/media\/6366"}],"wp:attachment":[{"href":"https:\/\/fengchashop.com\/hr\/wp-json\/wp\/v2\/media?parent=6035"}],"wp:term":[{"taxonomy":"product_brand","embeddable":true,"href":"https:\/\/fengchashop.com\/hr\/wp-json\/wp\/v2\/product_brand?post=6035"},{"taxonomy":"product_cat","embeddable":true,"href":"https:\/\/fengchashop.com\/hr\/wp-json\/wp\/v2\/product_cat?post=6035"},{"taxonomy":"product_tag","embeddable":true,"href":"https:\/\/fengchashop.com\/hr\/wp-json\/wp\/v2\/product_tag?post=6035"}],"curies":[{"name":"wp","href":"https:\/\/api.w.org\/{rel}","templated":true}]}}