{"id":6033,"date":"2022-03-10T18:14:36","date_gmt":"2022-03-10T17:14:36","guid":{"rendered":"https:\/\/fengchashop.com\/hr\/product\/tulsi-u-prahu-bio-250-g\/"},"modified":"2026-05-07T23:52:04","modified_gmt":"2026-05-07T21:52:04","slug":"tulsi-u-prahu-bio","status":"publish","type":"product","link":"https:\/\/fengchashop.com\/hr\/product\/tulsi-u-prahu-bio\/","title":{"rendered":"Tulsi u prahu BIO 250 g"},"content":{"rendered":"<h2><span style=\"color: #000000\">Tulsi u prahu BIO<\/span><\/h2>\n<p><span style=\"color: #000000\">Tulsi je tako\u0111er poznat kao <strong>divlji ili sveti bosiljak<\/strong>. Njegovo latinsko ime je Ocimum Sanctum. Vrlo je cijenjena biljka u Ayurvedi, koju Hindusi \u0161tuju uz posebne rituale i koriste je vi\u0161e od 5000 godina kao <strong>ljekoviti melem za tijelo, um i duh<\/strong>. Naj\u010de\u0161\u0107e se koristi za pripremu \u010daja. \u010cesto se koristi i kao dodatak (za\u010din) raznim jelima. Tako\u0111er se koristi u kozmeti\u010dkim proizvodima za ko\u017eu i kosu jer \u010disti ko\u017eu i prirodni je antiseptik, \u0161to zna\u010di da prirodno uni\u0161tava i sprje\u010dava razvoj mikroorganizama na ko\u017ei. Time se mogu ograni\u010diti i sprije\u010diti infekcije. Budu\u0107i da je potpuno prirodan, mo\u017ee se koristiti i na ko\u017ei zahva\u0107enoj li\u0161ajevima, ekcemima, pri\u0161ti\u0107ima, povr\u0161inskim ranama itd.<\/span><\/p>\n<p><span style=\"color: #000000\">Tulsi prah ima vrlo jaku aromu, ljut i gorak okus i svijetlozelenu boju.<\/span><\/p>\n<p><span style=\"color: #000000\"><strong>Glavni sastojci svetog bosiljka u\u010dinkovito djeluju:<\/strong><\/span><\/p>\n<p><span style=\"color: #000000\">\ud83d\udc9a protuupalno,<\/span><br \/>\n<span style=\"color: #000000\">\ud83d\udc9a antipiretik (protiv temperature)<\/span><br \/>\n<span style=\"color: #000000\">\ud83d\udc9a analgetik (sredstvo protiv bolova),<\/span><br \/>\n<span style=\"color: #000000\">\ud83d\udc9a antimikrobno,<\/span><br \/>\n<span style=\"color: #000000\">\ud83d\udc9a protiv gljivica,<\/span><br \/>\n<span style=\"color: #000000\">\ud83d\udc9a diaforeti\u010dno (poja\u010dano znojenje).<\/span><\/p>\n<h2><span style=\"color: #000000\">Koji su najva\u017eniji u\u010dinci kraljice biljaka Tulsi na zdravlje ljudskog organizma?<\/span><\/h2>\n<p><span style=\"color: #000000\">Zbog svojih <strong>adaptogenih svojstava<\/strong>, Tulsi ima sposobnost <strong>pove\u0107anja vitalne energije i snage<\/strong>, jer se uspje\u0161no bori protiv stresa, trauma, anksioznih stanja, depresije i fizi\u010dkog umora. Odstranjuje vi\u0161ak zraka u crijevima, <strong>otklanja \u017eelu\u010dane probleme, pobolj\u0161ava probavu<\/strong> i uzrokuje bolju apsorpciju hranjivih tvari. Pove\u0107ava <strong>izdr\u017eljivost, vitalnost i ja\u010da \u017eiv\u010dani sustav<\/strong>. Savr\u0161eno poma\u017ee kod glavobolje, artritisa i reume.<\/span><\/p>\n<p><span style=\"color: #000000\">Tulsi je <strong>bogat izvor antioksidansa<\/strong> koji \u0161tite na\u0161e tijelo od slobodnih radikala i oksidacije. Tako\u0111er sadr\u017ei organske oblike bakra, koji su neophodni za tijelo da apsorbira \u017eeljezo. Tulsi se op\u0107enito smatra sigurnom biljkom.<\/span><\/p>\n<p><span style=\"color: #000000\">\u00bb<strong>Majka svih prirodnih lijekova<\/strong>\u00ab, kako je vole nazivati, pozitivno djeluje i na na\u0161 imunolo\u0161ki sustav, poma\u017ee kod infekcija di\u0161nog sustava, \u010disti krv i ubrzava zacjeljivanje rana. Ubrzavanjem metabolizma poma\u017ee u gubitku i odr\u017eavanju tjelesne te\u017eine. Pobolj\u0161ava pam\u0107enje, koncentraciju i zdravlje mozga. Tako\u0111er sprje\u010dava gubitak kose i brine se za njihov lijep izgled.<\/span><\/p>\n<h2><span style=\"color: #000000\">Pohrana i upozorenja<\/span><\/h2>\n<p><span style=\"color: #000000\">\u010cuvati na suhom i hladnom mjestu na temperaturi do 25 \u00b0C. Dodatak prehrani treba biti izvan dohvata djece!<\/span><\/p>\n<p><span style=\"color: #000000\">Ne zaboravite na va\u017enost raznolike prehrane i zdravog na\u010dina \u017eivota, stoga dodatak prehrani nije zamjena za uravnote\u017eenu i raznoliku prehranu. Preporu\u010dena dnevna koli\u010dina ili doza ne smije se prekora\u010diti. Trudnicama i dojiljama uvijek se savjetuje konzultacija s lije\u010dnikom prije upotrebe.<\/span><\/p>\n<h2><span style=\"color: #000000\">Ambala\u017ea<\/span><\/h2>\n<p><span style=\"color: #000000\">Hermeti\u010dka vre\u0107ica s patentnim zatvara\u010dem u kojoj proizvod zadr\u017eava svu svoju svje\u017einu i aromu. Ambala\u017ea \u0161titi od svjetlosti i zraka jer se sastoji od vi\u0161e slojeva za\u0161tite koji \u010duvaju svojstva sadr\u017eaja.<\/span><\/p>\n<p><span style=\"color: #000000\">Ambala\u017ea je vrlo prakti\u010dna i omogu\u0107ava recikliranje.<\/span><\/p>\n<h2><span style=\"color: #000000\">Podrijetlo<\/span><\/h2>\n<p><span style=\"color: #000000\">Indija<\/span><\/p>\n","protected":false},"excerpt":{"rendered":"<p>Tulsi je tako\u0111er poznat kao divlji ili sveti bosiljak. Njegovo latinsko ime je Ocimum Sanctum. Vrlo je cijenjena biljka u Ayurvedi, koju Hindusi \u0161tuju uz posebne rituale i koriste je vi\u0161e od 5000 godina kao ljekoviti melem za tijelo, um i duh. Glavni sastojci svetog bosiljka u\u010dinkovito djeluju:<\/p>\n<p>\ud83d\udc9a protuupalno,<br \/>\n\ud83d\udc9a <span style=\"color: #000000\">antipiretik (protiv temperature)<\/span><br \/>\n\ud83d\udc9a analgetik (sredstvo protiv bolova),<br \/>\n\ud83d\udc9a antimikrobno,<br \/>\n\ud83d\udc9a protiv gljivica,<br \/>\n\ud83d\udc9a <span style=\"color: #000000\">diaforeti\u010dno (poja\u010dano znojenje).<\/span><\/p>\n","protected":false},"featured_media":6365,"comment_status":"open","ping_status":"closed","template":"","meta":{"_acf_changed":false},"product_brand":[],"product_cat":[15,194,195,216],"product_tag":[],"class_list":{"0":"post-6033","1":"product","2":"type-product","3":"status-publish","4":"has-post-thumbnail","6":"product_cat-uncategorized","7":"product_cat-ayurveda","8":"product_cat-superhrana","9":"product_cat-svi-proizvodi-ponudba","11":"first","12":"instock","13":"sale","14":"taxable","15":"shipping-taxable","16":"purchasable","17":"product-type-simple"},"acf":[],"_links":{"self":[{"href":"https:\/\/fengchashop.com\/hr\/wp-json\/wp\/v2\/product\/6033","targetHints":{"allow":["GET"]}}],"collection":[{"href":"https:\/\/fengchashop.com\/hr\/wp-json\/wp\/v2\/product"}],"about":[{"href":"https:\/\/fengchashop.com\/hr\/wp-json\/wp\/v2\/types\/product"}],"replies":[{"embeddable":true,"href":"https:\/\/fengchashop.com\/hr\/wp-json\/wp\/v2\/comments?post=6033"}],"wp:featuredmedia":[{"embeddable":true,"href":"https:\/\/fengchashop.com\/hr\/wp-json\/wp\/v2\/media\/6365"}],"wp:attachment":[{"href":"https:\/\/fengchashop.com\/hr\/wp-json\/wp\/v2\/media?parent=6033"}],"wp:term":[{"taxonomy":"product_brand","embeddable":true,"href":"https:\/\/fengchashop.com\/hr\/wp-json\/wp\/v2\/product_brand?post=6033"},{"taxonomy":"product_cat","embeddable":true,"href":"https:\/\/fengchashop.com\/hr\/wp-json\/wp\/v2\/product_cat?post=6033"},{"taxonomy":"product_tag","embeddable":true,"href":"https:\/\/fengchashop.com\/hr\/wp-json\/wp\/v2\/product_tag?post=6033"}],"curies":[{"name":"wp","href":"https:\/\/api.w.org\/{rel}","templated":true}]}}