{"id":6030,"date":"2022-03-10T10:15:47","date_gmt":"2022-03-10T09:15:47","guid":{"rendered":"https:\/\/fengchashop.com\/hr\/product\/goji-bobice-bio-500-g\/"},"modified":"2026-04-29T22:01:03","modified_gmt":"2026-04-29T20:01:03","slug":"goji-bobice-bio","status":"publish","type":"product","link":"https:\/\/fengchashop.com\/hr\/product\/goji-bobice-bio\/","title":{"rendered":"Goji bobice BIO 500 g"},"content":{"rendered":"<h2><span style=\"color: #000000\">Goji bobice BIO<\/span><\/h2>\n<p><span style=\"color: #000000\">Goji bobice, koje se ponekad nazivaju vu\u010djim bobicama, crvenim dijamantima ili bra\u010dnim vinom, superbobi\u010dasto vo\u0107e koje raste na visokom kineskom grmu. Oblikom najvi\u0161e podsje\u0107aju na \u0161ipak. U drevnoj Kini su ih smatrali vo\u0107em sa super mo\u0107ima i koristili su se za lije\u010denje kraljeva i hranjenje ratnika prije bitaka. <strong>U tradicionalnoj kineskoj medicini, gdje se koriste vi\u0161e od 2500 godina<\/strong>, ka\u017eu da lije\u010de dijabetes, visoki krvni tlak te bolesti jetre i bubrega. Tako\u0111er se koriste za pove\u0107anje energije i libida. U ljekovite svrhe koriste se i drugi dijelovi biljke, kao \u0161to su sjemenke, cvjetovi, korijen i listovi.<\/span><\/p>\n<p><span style=\"color: #000000\">Zajedno s ginsengom i reishi gljivama, <strong>Li Quing Yuen<\/strong> navodno redovito konzumira goji bobice u obliku \u010daja. Najbolje dokumentirani primjer dugovje\u010dnosti u cijeloj povijesti, jer se ka\u017ee da je Kinez \u017eivio \u010dak 256 godina.<\/span><\/p>\n<p><span style=\"color: #000000\"><strong>Suvremena istra\u017eivanja pokazuju da su goji bobice zaista dobre za ja\u010danje cijelog organizma<\/strong>, dobre su i za na\u0161e zdravlje. Sadr\u017ee iznimno veliku koli\u010dinu <strong>antioksidansa<\/strong> koji dokazano pozitivno djeluju na nas jer nas \u0161tite od oksidativnog stresa koji je \u010desto uzro\u010dnik modernih bolesti.<\/span><\/p>\n<p><span style=\"color: #000000\">Ka\u017ee se da sadr\u017ee daleko vi\u0161e beta karotena (provitamina vitamina A) od bilo koje druge biljke koja je do sada otkrivena ili prou\u010davana. Na\u0161e ga tijelo sintetizira u vitamin A (retionol) koji je odgovoran za normalan rast, normalan vid, metabolizam \u017eeljeza, a va\u017ean je i za normalno funkcioniranje imunolo\u0161kog sustava. Tako\u0111er je va\u017ean tijekom i prije trudno\u0107e jer podr\u017eava reprodukciju i utje\u010de na razvoj stanica i tkiva. Istra\u017eivanja pokazuju da je bolje i korisnije za organizam unositi beta karotene (osobito hranom), koje tijelo pretvara u retinol, nego uzimati sam retinol, koji je vitamin A \u017eivotinjskog podrijetla. Tako\u0111er sadr\u017ee najmanje tri puta vi\u0161e antioksidansa od borovnica.<\/span><\/p>\n<p><span style=\"color: #000000\"><strong>Mali crveni plodovi sadr\u017ee:<\/strong><\/span><\/p>\n<p><span style=\"color: #000000\">\ud83d\udc9a nevjerojatni prirodni aktivni sastojci,<\/span><br \/>\n<span style=\"color: #000000\">\ud83d\udc9a karotenoidi, polifenoli, bjelan\u010devine,<\/span><br \/>\n<span style=\"color: #000000\">\ud83d\udc9a polisaharide koji ja\u010daju imunolo\u0161ki sustav, pove\u0107avaju apsorpciju minerala i pove\u0107avaju vitalnost organizma,<\/span><br \/>\n<span style=\"color: #000000\">\ud83d\udc9a vitamin C, B i E,<\/span><br \/>\n<span style=\"color: #000000\">\ud83d\udc9a lutein i zeaksantin koji ja\u010daju vid i sprje\u010davaju njegovo pogor\u0161anje,<\/span><br \/>\n<span style=\"color: #000000\">\ud83d\udc9a antioksidansi za zdravlje i mladena\u010dki izgled,<\/span><br \/>\n<span style=\"color: #000000\">\ud83d\udc9a ostali vitamini koji pobje\u0111uju mnoge bolesti.<\/span><\/p>\n<p><span style=\"color: #000000\">Goji bobice <strong>dokazano ja\u010daju imunolo\u0161ki sustav<\/strong>. Tako\u0111er <strong>pozitivno utje\u010du na libido i spolnu mo\u0107<\/strong>. Sve vi\u0161e se povezuju i s <strong>brzim metabolizmom, boljim osje\u0107ajem, manjim op\u0107im umorom i ve\u0107om vitalno\u0161\u0107u<\/strong>.<\/span><\/p>\n<p><span style=\"color: #000000\">Na\u0161e goji bobice su iz <strong>organske proizvodnje<\/strong>. Suho vo\u0107e je blago vla\u017eno &#8211; mekane i \u017evaka\u0107e teksture, \u0161to ga \u010dini namirnicom vrhunske kvalitete. Jagode su jako ukusne. Ve\u0107i su i sla\u0111eg su okusa. Pobolj\u0161avaju nutritivnu vrijednost jela i daju slatkasti dodir. Okus im nije pretjerano intenzivan pa ih je lako uvrstiti u svakodnevna jela.<\/span><\/p>\n<h2><span style=\"color: #000000\">Kome su sve one namijenjene?<\/span><\/h2>\n<p><span style=\"color: #000000\">Goji bobice mo\u017eete u\u017eivati \u200b\u200bkao me\u0111uobrok ili kao dio raznolike zdrave prehrane. Mno\u0161tvo pozitivnih u\u010dinaka i aktivnih sastojaka jo\u0161 uvijek iznena\u0111uje istra\u017eiva\u010de koji im neprestano posve\u0107uju pozornost. Goji bobice tako:<\/span><\/p>\n<p><span style=\"color: #000000\">\ud83d\udc9a reguliraju probleme s <strong>visokim krvnim tlakom i lo\u0161im kolesterolom<\/strong>;<\/span><br \/>\n<span style=\"color: #000000\">\ud83d\udc9a <strong>reguliraju probavu<\/strong>, <strong>imaju bazi\u010dno djelovanje<\/strong> i utje\u010du na mr\u0161avljenje;<\/span><br \/>\n<span style=\"color: #000000\"><strong>\ud83d\udc9a hidratiziraju <\/strong>tijelo;<\/span><br \/>\n<span style=\"color: #000000\">\ud83d\udc9a pobolj\u0161aju <strong>stanje ko\u017ee<\/strong>;<\/span><br \/>\n<span style=\"color: #000000\">\ud83d\udc9a ja\u010daju <strong>imunolo\u0161ki sustav<\/strong>;<\/span><br \/>\n<span style=\"color: #000000\">\ud83d\udc9a imaju <strong>adaptogeni u\u010dinak<\/strong>;<\/span><br \/>\n<span style=\"color: #000000\"><strong>\ud83d\udc9a reguliraju razine \u0161e\u0107era u krvi.<\/strong><\/span><\/p>\n<h2 style=\"text-align: justify\"><span style=\"color: #000000\">Spremanje i upozorenja<\/span><\/h2>\n<p><span style=\"color: #000000\">\u010cuvati na suhom i hladnom mjestu na temperaturi do 25 \u00b0C. Dodatak prehrani treba biti izvan dohvata djece!<\/span><\/p>\n<p><span style=\"color: #000000\">Ne zaboravite na va\u017enost raznolike prehrane i zdravog na\u010dina \u017eivota, stoga dodatak prehrani nije zamjena za uravnote\u017eenu i raznoliku prehranu. Preporu\u010dena dnevna koli\u010dina ili doza ne smije se prekora\u010diti.<\/span><\/p>\n<h2><span style=\"color: #000000\">Ambala\u017ea<\/span><\/h2>\n<p style=\"text-align: justify\"><span style=\"color: #000000\">Nepropusna vre\u0107ica s patentnim zatvara\u010dem u kojoj proizvod zadr\u017eava svu svje\u017einu i miris. Ambala\u017ea \u0161titi od svjetlosti i zraka, jer se sastoji od nekoliko slojeva za\u0161tite koji \u010duvaju svojstva sadr\u017eaja.<\/span><\/p>\n<p style=\"text-align: justify\"><span style=\"color: #000000\">Ambala\u017ea je vrlo prakti\u010dna i mo\u017ee se reciklirati.<\/span><\/p>\n<h2><span style=\"color: #000000\">Podrijetlo<\/span><\/h2>\n<p><span style=\"color: #000000\">Kina. Imamo vrlo pouzdane dobavlja\u010de koji nam \u0161alju detaljnu kemijsku analizu hrane za svaku seriju. U vi\u0161e od deset godina nismo imali nikakvih opoziva niti bilo kakvih problema s ovim artiklom, kao ni s drugim artiklima istog dobavlja\u010da. Artikal ima 100% organski certifikat.<\/span><\/p>\n","protected":false},"excerpt":{"rendered":"<p>Goji bobice, koje se ponekad nazivaju vu\u010djim bobicama, crvenim dijamantima ili bra\u010dnim vinom, superbobi\u010dasto vo\u0107e koje raste na visokom kineskom grmu. Oblikom najvi\u0161e podsje\u0107aju na \u0161ipak. U drevnoj Kini su ih smatrali vo\u0107em sa super mo\u0107ima i koristili su se za lije\u010denje kraljeva i hranjenje ratnika prije bitaka. U tradicionalnoj kineskoj medicini, gdje se koriste vi\u0161e od 2500 godina, ka\u017eu da lije\u010de dijabetes, visoki krvni tlak te bolesti jetre i bubrega. Tako\u0111er se koriste za pove\u0107anje energije i libida.<\/p>\n<p>\ud83d\udc9a Reguliraju probleme s visokim krvnim tlakom i sni\u017eavaju kolesterol.<br \/>\n\ud83d\udc9a Reguliraju probavu, bazi\u010dno djeluju i utje\u010du na mr\u0161avljenje.<br \/>\n\ud83d\udc9a Hidratiziraju tijelo.<br \/>\n\ud83d\udc9a Pobolj\u0161avaju stanje ko\u017ee.<br \/>\n\ud83d\udc9a Ja\u010daju imunolo\u0161ki sustav.<\/p>\n","protected":false},"featured_media":6357,"comment_status":"open","ping_status":"closed","template":"","meta":{"_acf_changed":false},"product_brand":[],"product_cat":[15,195,216],"product_tag":[],"class_list":{"0":"post-6030","1":"product","2":"type-product","3":"status-publish","4":"has-post-thumbnail","6":"product_cat-uncategorized","7":"product_cat-superhrana","8":"product_cat-svi-proizvodi-ponudba","10":"first","11":"instock","12":"taxable","13":"shipping-taxable","14":"purchasable","15":"product-type-simple"},"acf":[],"_links":{"self":[{"href":"https:\/\/fengchashop.com\/hr\/wp-json\/wp\/v2\/product\/6030","targetHints":{"allow":["GET"]}}],"collection":[{"href":"https:\/\/fengchashop.com\/hr\/wp-json\/wp\/v2\/product"}],"about":[{"href":"https:\/\/fengchashop.com\/hr\/wp-json\/wp\/v2\/types\/product"}],"replies":[{"embeddable":true,"href":"https:\/\/fengchashop.com\/hr\/wp-json\/wp\/v2\/comments?post=6030"}],"wp:featuredmedia":[{"embeddable":true,"href":"https:\/\/fengchashop.com\/hr\/wp-json\/wp\/v2\/media\/6357"}],"wp:attachment":[{"href":"https:\/\/fengchashop.com\/hr\/wp-json\/wp\/v2\/media?parent=6030"}],"wp:term":[{"taxonomy":"product_brand","embeddable":true,"href":"https:\/\/fengchashop.com\/hr\/wp-json\/wp\/v2\/product_brand?post=6030"},{"taxonomy":"product_cat","embeddable":true,"href":"https:\/\/fengchashop.com\/hr\/wp-json\/wp\/v2\/product_cat?post=6030"},{"taxonomy":"product_tag","embeddable":true,"href":"https:\/\/fengchashop.com\/hr\/wp-json\/wp\/v2\/product_tag?post=6030"}],"curies":[{"name":"wp","href":"https:\/\/api.w.org\/{rel}","templated":true}]}}