{"id":6028,"date":"2022-03-10T08:38:09","date_gmt":"2022-03-10T07:38:09","guid":{"rendered":"https:\/\/fengchashop.com\/hr\/product\/brahmi-v-prahu-bio-250-g\/"},"modified":"2026-04-29T11:43:10","modified_gmt":"2026-04-29T09:43:10","slug":"brahmi-u-prahu-bio","status":"publish","type":"product","link":"https:\/\/fengchashop.com\/hr\/product\/brahmi-u-prahu-bio\/","title":{"rendered":"Brahmi u prahu BIO 250 g"},"content":{"rendered":"<h2><span style=\"color: #000000\">Brahmi bio<\/span><\/h2>\n<p><span style=\"color: #000000\">Brahmi je <strong>jedna od najcjenjenijih ayurvedskih ljekovitih biljaka koja se koristi vi\u0161e od 3000 godina<\/strong>. Potje\u010de iz mo\u010dvarnih podru\u010dja Azije, ali danas raste u mnogim dijelovima svijeta. Brahmi je prepoznatljiv po svojim mesnatim zelenim listovima i plavkasto-bijelim cvjetovima.<\/span><\/p>\n<p><span style=\"color: #000000\"><strong>Biljni lijek pripremljen od li\u0161\u0107a, stabljike i korijena biljke Brahmi ima sljede\u0107e nevjerojatne u\u010dinke:<\/strong><\/span><\/p>\n<p><span style=\"color: #000000\"><strong>\ud83d\udc9a ubrzava probavu i detoksicira tijelo,<\/strong><\/span><br \/>\n<span style=\"color: #000000\">\ud83d\udc9a poti\u010de <strong>optimalnu funkciju mozga<\/strong> kao tonik za mozak,<\/span><br \/>\n<span style=\"color: #000000\">\ud83d\udc9a djeluje u\u010dinkovito kao tonik za \u017eivce, jer <strong>poti\u010de zdravu funkciju \u017eivaca<\/strong>,<\/span><br \/>\n<span style=\"color: #000000\"><strong>\ud83d\udc9a poti\u010de mentalne funkcije te pobolj\u0161ava pam\u0107enje i koncentraciju,<\/strong><\/span><br \/>\n<span style=\"color: #000000\"><strong>\ud83d\udc9a poma\u017ee u prevladavanju ovisnosti <\/strong>o cigaretama, \u0161e\u0107eru i alkoholu.<\/span><\/p>\n<h2><span style=\"color: #000000\">Za\u0161to je Brahmi zaslu\u017eio titulu \u00bb\u010dudesan eliksir mladosti\u00ab?<\/span><\/h2>\n<p><span style=\"color: #000000\">Brahmi je poznat po svom <strong>blagotvornom djelovanju na ljudski organizam<\/strong>. <strong>Vrlo <\/strong>povoljno<strong> djeluje na rast kose<\/strong>, ja\u010da je i sprje\u010dava sije\u0111enje i opadanje. Povoljno <strong>djeluje na smanjenje tjeskobe i napetosti u stresnim situacijama i depresije<\/strong> jer smanjuje razinu hormona stresa kortizola. <strong>Poma\u017ee u uspostavljanju psihi\u010dke ravnote\u017ee<\/strong> kod raznih bolesti \u017eiv\u010danog sustava, problema s nesanicom i drugih simptoma preranog starenja, jer smiruje i ja\u010da \u017eiv\u010dano tkivo, pobolj\u0161ava njegovu prokrvljenost, otklanja blokade i unosi esencijalne elemente. Tako\u0111er djeluje umiruju\u0107e na ko\u017ene bolesti i nadra\u017eenu ko\u017eu te omogu\u0107uje br\u017ee zacjeljivanje rana.<\/span><\/p>\n<h2><span style=\"color: #000000\">Spremanje i upozorenja<\/span><\/h2>\n<p><span style=\"color: #000000\">\u010cuvati na suhom i hladnom mjestu. Dodatak prehrani treba biti izvan dohvata djece!<\/span><\/p>\n<p><span style=\"color: #000000\">Ne zaboravite na va\u017enost raznolike prehrane i zdravog na\u010dina \u017eivota, stoga dodatak prehrani nije zamjena za uravnote\u017eenu i raznoliku prehranu. Preporu\u010dena dnevna koli\u010dina ili doza ne smije se prekora\u010diti. Trudnice, dojilje i osobe koje uzimaju lijekove trebaju se prije upotrebe uvijek posavjetovati s lije\u010dnikom. Nije prikladno za djecu.<\/span><\/p>\n<h2><span style=\"color: #000000\">Ambala\u017ea<\/span><\/h2>\n<p><span style=\"color: #000000\">Nepropusna vre\u0107ica s patentnim zatvara\u010dem u kojoj proizvod zadr\u017eava svu svje\u017einu i miris. Ambala\u017ea \u0161titi od svjetlosti i zraka, jer se sastoji od nekoliko slojeva za\u0161tite koji \u010duvaju svojstva sadr\u017eaja.<\/span><\/p>\n<p><span style=\"color: #000000\">Ambala\u017ea je vrlo prakti\u010dna i mo\u017ee se reciklirati.<\/span><\/p>\n<h2><span style=\"color: #000000\">Podrijetlo<\/span><\/h2>\n<p><span style=\"color: #000000\">Indija<\/span><\/p>\n","protected":false},"excerpt":{"rendered":"<p>Brahmi je jedna od <strong>najcjenjenijih ayurvedskih ljekovitih biljaka<\/strong> koja se koristi vi\u0161e od 3000 godina. Potje\u010de iz mo\u010dvarnih podru\u010dja Azije, ali danas raste u mnogim dijelovima svijeta. Brahmi je prepoznatljiv po svojim mesnatim zelenim listovima i plavkasto-bijelim cvjetovima. Biljni lijek pripremljen od li\u0161\u0107a, stabljike i korijena biljke Brahmi ima sljede\u0107e nevjerojatne u\u010dinke:<\/p>\n<p>\ud83d\udc9a ubrzava probavu i detoksicira tijelo,<br \/>\n\ud83d\udc9a poti\u010de optimalnu funkciju mozga kao tonik za mozak,<br \/>\n\ud83d\udc9a djeluje u\u010dinkovito kao tonik za \u017eivce, jer poti\u010de zdravu funkciju \u017eivaca,<br \/>\n\ud83d\udc9a poti\u010de mentalne funkcije te pobolj\u0161ava pam\u0107enje i koncentraciju,<br \/>\n\ud83d\udc9a ima blagotvoran u\u010dinak na rast kose.<\/p>\n","protected":false},"featured_media":6353,"comment_status":"open","ping_status":"closed","template":"","meta":{"_acf_changed":false},"product_brand":[],"product_cat":[15,194,195,216],"product_tag":[],"class_list":{"0":"post-6028","1":"product","2":"type-product","3":"status-publish","4":"has-post-thumbnail","6":"product_cat-uncategorized","7":"product_cat-ayurveda","8":"product_cat-superhrana","9":"product_cat-svi-proizvodi-ponudba","11":"first","12":"instock","13":"sale","14":"taxable","15":"shipping-taxable","16":"purchasable","17":"product-type-simple"},"acf":[],"_links":{"self":[{"href":"https:\/\/fengchashop.com\/hr\/wp-json\/wp\/v2\/product\/6028","targetHints":{"allow":["GET"]}}],"collection":[{"href":"https:\/\/fengchashop.com\/hr\/wp-json\/wp\/v2\/product"}],"about":[{"href":"https:\/\/fengchashop.com\/hr\/wp-json\/wp\/v2\/types\/product"}],"replies":[{"embeddable":true,"href":"https:\/\/fengchashop.com\/hr\/wp-json\/wp\/v2\/comments?post=6028"}],"wp:featuredmedia":[{"embeddable":true,"href":"https:\/\/fengchashop.com\/hr\/wp-json\/wp\/v2\/media\/6353"}],"wp:attachment":[{"href":"https:\/\/fengchashop.com\/hr\/wp-json\/wp\/v2\/media?parent=6028"}],"wp:term":[{"taxonomy":"product_brand","embeddable":true,"href":"https:\/\/fengchashop.com\/hr\/wp-json\/wp\/v2\/product_brand?post=6028"},{"taxonomy":"product_cat","embeddable":true,"href":"https:\/\/fengchashop.com\/hr\/wp-json\/wp\/v2\/product_cat?post=6028"},{"taxonomy":"product_tag","embeddable":true,"href":"https:\/\/fengchashop.com\/hr\/wp-json\/wp\/v2\/product_tag?post=6028"}],"curies":[{"name":"wp","href":"https:\/\/api.w.org\/{rel}","templated":true}]}}