{"id":6025,"date":"2022-03-04T10:07:28","date_gmt":"2022-03-04T09:07:28","guid":{"rendered":"https:\/\/fengchashop.com\/hr\/product\/rdeca-pesa-v-prahu-bio-250-g\/"},"modified":"2026-05-07T14:28:37","modified_gmt":"2026-05-07T12:28:37","slug":"rdeca-pesa-v-prahu-bio","status":"publish","type":"product","link":"https:\/\/fengchashop.com\/hr\/product\/rdeca-pesa-v-prahu-bio\/","title":{"rendered":"Cikla u prahu BIO 250 g"},"content":{"rendered":"<h2><span style=\"color: #000000\">Cikla u prahu BIO<\/span><\/h2>\n<p>Cikla (Beta vulgaris) je niskokalori\u010dno povr\u0107e, ali u odnosu na drugo povr\u0107e sadr\u017ei ve\u0107i postotak ugljikohidrata i \u0161e\u0107era. Bogata je vitaminom C, niacinom i folnom kiselinom. Od minerala dominiraju magnezij, \u017eeljezo, fosfor i kalij. Sadr\u017ei i betalaine koji su sna\u017eni antioksidansi i daju joj intenzivnu crvenu boju.<\/p>\n<p>Na\u0161a cikla u prahu je iz organske proizvodnje.<\/p>\n<h2>Koje su dobrobiti konzumiranja cikle u prahu?<\/h2>\n<p>Cikla u prahu dobra je zamjena za obi\u010dnu ciklu jer sadr\u017ei ve\u0107inu hranjivih tvari koje ima svje\u017ea cikla. Jelima daje dodatnu nutritivnu vrijednost pa je posebno pogodan za one koji jedu malo povr\u0107a jer ga je lak\u0161e sakriti u jelu. Cikla je prvenstveno bogat izvor folne kiseline, kalija i \u017eeljeza koji doprinose dobroj krvi. Uvrije\u017eeno mi\u0161ljenje da je cikla dobra za krv tako\u0111er je znanstveno potvr\u0111eno \u2013 a razlog le\u017ei upravo u visokom udjelu \u017eeljeza, kalija i folne kiseline (odnosno vitamina B9). Cikla tako poma\u017ee u prevenciji anemije, posljedi\u010dno podi\u017ee energiju, raspolo\u017eenje i pobolj\u0161ava op\u0107e stanje. Budu\u0107i da je toliko bogat hranjivim tvarima, dovoljno ga je konzumirati u malim koli\u010dinama dnevno ili nekoliko puta tjedno. Zbog sadr\u017eaja dijetalnih vlakana dobro djeluje i na zdravlje probavnog trakta. Tako\u0111er poti\u010de rad jetre, a time i izbacivanje otrova i otpadnih tvari iz tijela.<\/p>\n<h2>Spremanje i upozorenja<\/h2>\n<p><span style=\"color: #000000\">\u010cuvati na suhom i hladnom mjestu na temperaturi do 25 \u00b0C. Dodatak prehrani \u010duvajte izvan dohvata djece!<\/span><\/p>\n<p>Ne zaboravite na va\u017enost raznolike prehrane i zdravog na\u010dina \u017eivota, stoga dodatak prehrani nije zamjena za uravnote\u017eenu i raznoliku prehranu. Preporu\u010dena dnevna koli\u010dina ili doza ne smije se prekora\u010diti. Trudnicama i dojiljama uvijek se savjetuje konzultacija s lije\u010dnikom prije upotrebe. Cikla je povr\u0107e sa srednje visokim glikemijskim indeksom i stoga nije prikladna za dijabeti\u010dare.<\/p>\n<h2>Ambala\u017ea<\/h2>\n<p>Nepropusna vre\u0107ica s patentnim zatvara\u010dem u kojoj proizvod zadr\u017eava svu svoju svje\u017einu i aromu. Ambala\u017ea \u0161titi od svjetlosti i zraka, jer je napravljena od nekoliko slojeva za\u0161tite koji \u010duvaju svojstva sadr\u017eaja.<\/p>\n<p>Ambala\u017ea je vrlo prakti\u010dna i mo\u017ee se reciklirati.<\/p>\n<h2>Podrijetlo<\/h2>\n<p>Kina. Imamo vrlo pouzdane dobavlja\u010de koji nam \u0161alju detaljnu kemijsku analizu proizvoda za svaku seriju. U vi\u0161e od 10 godina nikada nismo imali opoziv ili bilo kakav drugi problem s ovim proizvodom, niti s bilo kojim drugim proizvodom istog dobavlja\u010da. Proizvod je 100 % certificiran kao organski.<\/p>\n","protected":false},"excerpt":{"rendered":"<p>Cikla (Beta vulgaris) je niskokalori\u010dno povr\u0107e, ali u odnosu na drugo povr\u0107e sadr\u017ei ve\u0107i postotak ugljikohidrata i \u0161e\u0107era. Bogata je vitaminom C, niacinom i folnom kiselinom. Od minerala prevladavaju magnezij, \u017eeljezo, fosfor i kalij. Sadr\u017ei i betalaine koji su sna\u017eni antioksidansi i daju joj intenzivnu crvenu boju.<\/p>\n<p align=\"JUSTIFY\">\ud83d\udc9a Poma\u017ee u sprje\u010davanju anemije.<br \/>\n\ud83d\udc9a Podi\u017ee razinu energije.<br \/>\n\ud83d\udc9a Dobro utje\u010de na op\u0107e stanje.<br \/>\n\ud83d\udc9a Dobro djeluje na zdravlje probavnog trakta.<\/p>\n","protected":false},"featured_media":6348,"comment_status":"open","ping_status":"closed","template":"","meta":{"_acf_changed":false},"product_brand":[],"product_cat":[15,195,216],"product_tag":[],"class_list":{"0":"post-6025","1":"product","2":"type-product","3":"status-publish","4":"has-post-thumbnail","6":"product_cat-uncategorized","7":"product_cat-superhrana","8":"product_cat-svi-proizvodi-ponudba","10":"first","11":"instock","12":"taxable","13":"shipping-taxable","14":"purchasable","15":"product-type-simple"},"acf":[],"_links":{"self":[{"href":"https:\/\/fengchashop.com\/hr\/wp-json\/wp\/v2\/product\/6025","targetHints":{"allow":["GET"]}}],"collection":[{"href":"https:\/\/fengchashop.com\/hr\/wp-json\/wp\/v2\/product"}],"about":[{"href":"https:\/\/fengchashop.com\/hr\/wp-json\/wp\/v2\/types\/product"}],"replies":[{"embeddable":true,"href":"https:\/\/fengchashop.com\/hr\/wp-json\/wp\/v2\/comments?post=6025"}],"wp:featuredmedia":[{"embeddable":true,"href":"https:\/\/fengchashop.com\/hr\/wp-json\/wp\/v2\/media\/6348"}],"wp:attachment":[{"href":"https:\/\/fengchashop.com\/hr\/wp-json\/wp\/v2\/media?parent=6025"}],"wp:term":[{"taxonomy":"product_brand","embeddable":true,"href":"https:\/\/fengchashop.com\/hr\/wp-json\/wp\/v2\/product_brand?post=6025"},{"taxonomy":"product_cat","embeddable":true,"href":"https:\/\/fengchashop.com\/hr\/wp-json\/wp\/v2\/product_cat?post=6025"},{"taxonomy":"product_tag","embeddable":true,"href":"https:\/\/fengchashop.com\/hr\/wp-json\/wp\/v2\/product_tag?post=6025"}],"curies":[{"name":"wp","href":"https:\/\/api.w.org\/{rel}","templated":true}]}}