{"id":6024,"date":"2022-03-04T09:49:00","date_gmt":"2022-03-04T08:49:00","guid":{"rendered":"https:\/\/fengchashop.com\/hr\/product\/sisandra-bobice-u-prahu-bio-250-g\/"},"modified":"2026-04-24T05:00:44","modified_gmt":"2026-04-24T03:00:44","slug":"sisandra-bobice-u-prahu-bio","status":"publish","type":"product","link":"https:\/\/fengchashop.com\/hr\/product\/sisandra-bobice-u-prahu-bio\/","title":{"rendered":"\u0160isandra bobice u prahu BIO 250 g"},"content":{"rendered":"<h2><span style=\"color: #000000\">\u0160isandra bobice u prahu iz organskog uzgoja<\/span><\/h2>\n<p><span style=\"color: #000000\">\u0160isandra je malo stablo ili vinova loza koja daje sitne crvene bobice koje su visoko cijenjene u tradicionalnoj kineskoj medicini zbog svojih aktivnih sastojaka. \u0160isandra je poznata pod nazivom <strong>wu wei zi, \u0161to na kineskom zna\u010di vo\u0107e pet okusa, jer male crvene bobice kriju slatki, kiseli, slan, gorak i ljut okus<\/strong>. Okusi se poklapaju s pet osnovnih energija: zemlje, drveta, vode, metala i vatre te utje\u010du na pet najva\u017enijih organa ljudskog tijela \u2013 srce, jetru, plu\u0107a, slezenu i bubrege.<\/span><\/p>\n<p><span style=\"color: #000000\">\u0160isandra je jedna od 50 tradicionalnih kineskih biljaka koje se koriste <strong>vi\u0161e od 2000 godina<\/strong> jer:<\/span><\/p>\n<p><span style=\"color: #000000\">\ud83d\udc9a smatra se sredstvom za podizanje <strong>vitalnosti<\/strong>,<\/span><br \/>\n<span style=\"color: #000000\">\ud83d\udc9a pobolj\u0161ava i ja\u010da <strong>imunolo\u0161ki sustav<\/strong>,<\/span><br \/>\n<span style=\"color: #000000\">\ud83d\udc9a poma\u017ee u <strong>mladolikom izgledu ko\u017ee<\/strong>,<\/span><br \/>\n<span style=\"color: #000000\">\ud83d\udc9a poma\u017ee kod <strong>nesanice<\/strong>, <strong>glavobolje<\/strong>, <strong>vrtoglavice<\/strong>,<\/span><br \/>\n<span style=\"color: #000000\">\ud83d\udc9a stimulira funkciju mozga<\/span><br \/>\n<span style=\"color: #000000\">\ud83d\udc9a svladava <strong>umor i iscrpljenost organizma uslijed stresa<\/strong>.<\/span><\/p>\n<p><span style=\"color: #000000\">Kao dodatak prehrani najprikladniji je za konzumaciju u obliku praha.<\/span><\/p>\n<h2><span style=\"color: #000000\">Za\u0161to je \u0161isandra sve poznatiji i popularniji za\u010din?<\/span><\/h2>\n<p><span style=\"color: #000000\">\u0160isandra sadr\u017ei <strong>brojne aktivne tvari poput \u0161isandrina, eteri\u010dnih ulja i vitamina A, C i E<\/strong>\u00a0koji sudjeluju u mnogim procesima ljudskog organizma. Zahvaljuju\u0107i navedenim sastojcima ima i dokazano <strong>protuupalno, antioksidativno i detoksikacijsko<\/strong> djelovanje. Zbog njezinih pozitivnih u\u010dinaka na nekoliko sustava ljudskog tijela, pomno su je prou\u010davali mnogi istra\u017eiva\u010di i utvrdili da je koristna za nekoliko razli\u010ditih zdravstvenih problema. \u0160isandra djeluje kao <strong>adaptogen<\/strong> \u2013 odnosno pronalazi najslabiju to\u010dku u tijelu i djeluje na nju kako bi uspostavila ravnote\u017eu. <strong>Djeluje umiruju\u0107e<\/strong> i ubla\u017eava bol, ali istovremeno poti\u010de koncentraciju i budnost. 100 dana konzumiranja \u0161isandre pobolj\u0161ava krv, izo\u0161trava um i pam\u0107enje, pobolj\u0161ava seksualnu energiju, ja\u010da plu\u0107a i bubrege, te uljep\u0161ava ko\u017eu. Zato \u0161to regulira rad nadbubre\u017ene \u017elijezde i time <strong>smanjuje negativne u\u010dinke kortizola<\/strong>. Povi\u0161ena razina kortizola, koja se naj\u010de\u0161\u0107e javlja kao posljedica stresa, negativno utje\u010de na mnoge procese u na\u0161em tijelu \u2013 od probave do imunolo\u0161kog sustava.<\/span><\/p>\n<h2><span style=\"color: #000000\">Spremanje i upozorenja<\/span><\/h2>\n<p><span style=\"color: #000000\">\u010cuvati na suhom i hladnom mjestu. Pazimo da proizvod bude izvan dohvata djece!<\/span><\/p>\n<p><span style=\"color: #000000\">Ne zaboravite na va\u017enost raznolike prehrane i zdravog na\u010dina \u017eivota, stoga dodatak prehrani nije zamjena za uravnote\u017eenu i raznoliku prehranu. Preporu\u010dena dnevna koli\u010dina ili doza ne smije se prekora\u010diti. Trudnice, dojilje i osobe koje uzimaju lijekove trebaju se prije upotrebe uvijek posavjetovati s lije\u010dnikom.<\/span><\/p>\n<h2><span style=\"color: #000000\">Ambala\u017ea<\/span><\/h2>\n<p><span style=\"color: #000000\">Hermeti\u010dka vre\u0107ica s patentnim zatvara\u010dem u kojoj proizvod zadr\u017eava svu svoju svje\u017einu i aromu. Ambala\u017ea \u0161titi od svjetlosti i zraka jer se sastoji od vi\u0161e slojeva za\u0161tite koji \u010duvaju svojstva sadr\u017eaja.<\/span><\/p>\n<p><span style=\"color: #000000\">Pakiranje je vrlo prakti\u010dno i omogu\u0107uje recikliranje.<\/span><\/p>\n<h2><span style=\"color: #000000\">Podrijetlo<\/span><\/h2>\n<p><span style=\"color: #000000\">Kina. Imamo vrlo pouzdane dobavlja\u010de koji nam \u0161alju detaljnu kemijsku analizu hrane za svaku seriju. U vi\u0161e od deset godina nismo imali nikakvih opoziva niti bilo kakvih problema s ovim artiklom, kao ni s drugim artiklima istog dobavlja\u010da. Artikal ima 100% organski certifikat.<\/span><\/p>\n<p>&nbsp;<\/p>\n<p>&nbsp;<\/p>\n","protected":false},"excerpt":{"rendered":"<p>\u0160isandra je malo stablo ili vinova loza koja daje sitne crvene bobice koje su visoko cijenjene u tradicionalnoj kineskoj medicini zbog svojih aktivnih sastojaka. \u0160isandra je poznata pod nazivom wu wei zi, \u0161to na kineskom zna\u010di vo\u0107e pet okusa, jer male crvene bobice kriju slatki, kiseli, slan, gorak i ljut okus. \u0160isandra je jedna od 50 tradicionalnih kineskih biljaka koje se koriste vi\u0161e od 2000 godina jer:<\/p>\n<p align=\"JUSTIFY\">\ud83d\udc9a pobolj\u0161ava i ja\u010da imunolo\u0161ki sustav,<br \/>\n\ud83d\udc9a poma\u017ee u mladolikom izgledu ko\u017ee,<br \/>\n\ud83d\udc9a pove\u0107ava vitalnost,<br \/>\n\ud83d\udc9a svladava umor i iscrpljenost organizma uslijed stresa.<\/p>\n","protected":false},"featured_media":6346,"comment_status":"open","ping_status":"closed","template":"","meta":{"_acf_changed":false},"product_brand":[],"product_cat":[15,195,216],"product_tag":[],"class_list":{"0":"post-6024","1":"product","2":"type-product","3":"status-publish","4":"has-post-thumbnail","6":"product_cat-uncategorized","7":"product_cat-superhrana","8":"product_cat-svi-proizvodi-ponudba","10":"first","11":"instock","12":"taxable","13":"shipping-taxable","14":"purchasable","15":"product-type-simple"},"acf":[],"_links":{"self":[{"href":"https:\/\/fengchashop.com\/hr\/wp-json\/wp\/v2\/product\/6024","targetHints":{"allow":["GET"]}}],"collection":[{"href":"https:\/\/fengchashop.com\/hr\/wp-json\/wp\/v2\/product"}],"about":[{"href":"https:\/\/fengchashop.com\/hr\/wp-json\/wp\/v2\/types\/product"}],"replies":[{"embeddable":true,"href":"https:\/\/fengchashop.com\/hr\/wp-json\/wp\/v2\/comments?post=6024"}],"wp:featuredmedia":[{"embeddable":true,"href":"https:\/\/fengchashop.com\/hr\/wp-json\/wp\/v2\/media\/6346"}],"wp:attachment":[{"href":"https:\/\/fengchashop.com\/hr\/wp-json\/wp\/v2\/media?parent=6024"}],"wp:term":[{"taxonomy":"product_brand","embeddable":true,"href":"https:\/\/fengchashop.com\/hr\/wp-json\/wp\/v2\/product_brand?post=6024"},{"taxonomy":"product_cat","embeddable":true,"href":"https:\/\/fengchashop.com\/hr\/wp-json\/wp\/v2\/product_cat?post=6024"},{"taxonomy":"product_tag","embeddable":true,"href":"https:\/\/fengchashop.com\/hr\/wp-json\/wp\/v2\/product_tag?post=6024"}],"curies":[{"name":"wp","href":"https:\/\/api.w.org\/{rel}","templated":true}]}}