{"id":6023,"date":"2022-03-04T09:36:13","date_gmt":"2022-03-04T08:36:13","guid":{"rendered":"https:\/\/fengchashop.com\/hr\/product\/macja-kandza-u-prahu-125-g\/"},"modified":"2026-05-05T21:09:18","modified_gmt":"2026-05-05T19:09:18","slug":"macja-kandza-u-prahu","status":"publish","type":"product","link":"https:\/\/fengchashop.com\/hr\/product\/macja-kandza-u-prahu\/","title":{"rendered":"Ma\u010dja kand\u017ea u prahu 125 g"},"content":{"rendered":"<h2><span style=\"color: #000000\">Ma\u010dja kand\u017ea u prahu<\/span><\/h2>\n<p><span style=\"color: #000000\">Amazonska tropska penja\u010dica ima 2 zakrivljene bodlje u podno\u017eju svakog lista, otuda joj i naziv ma\u010dja kand\u017ea.<\/span><\/p>\n<p><span style=\"color: #000000\">Ma\u010dja kand\u017ea posebno je cijenjena zbog blagotvornog djelovanja na ljudski organizam:<\/span><\/p>\n<p><span style=\"color: #000000\">\ud83d\udc9a ja\u010da rad <strong>imunolo\u0161kog sustava<\/strong>,<\/span><br \/>\n<span style=\"color: #000000\"><strong>\ud83d\udc9a ubla\u017eava i sprje\u010dava upale,<\/strong><\/span><br \/>\n<span style=\"color: #000000\">\ud83d\udc9a <strong>ubla\u017eava bolove kod infekcija,<\/strong><\/span><br \/>\n<span style=\"color: #000000\">\ud83d\udc9a <strong>ubla\u017eava tegobe kod kroni\u010dnih bolesti.<\/strong><\/span><\/p>\n<h2><span style=\"color: #000000\">Kako djeluje ma\u010dja kand\u017ea?<\/span><\/h2>\n<p><span style=\"color: #000000\">Ma\u010dja kand\u017ea u osnovi se smatra <strong>prirodnim antibiotikom<\/strong>, jer se uspje\u0161no bori protiv svih vrsta mikroba te sprje\u010dava infekcije i upale. Brojna su istra\u017eivanja pokazala <strong>da ima niz blagotvornih u\u010dinaka na ljudski organizam<\/strong>, a ponajprije <strong>poti\u010de rad imunolo\u0161kog sustava zbog sadr\u017eaja oksinol alkaloida<\/strong> koji uspje\u0161no neutraliziraju \u0161tetne slobodne radikale u tijelu. Mnogi drugi alkaloidi iz ma\u010dje kand\u017ee tako\u0111er <strong>dobro utje\u010du na pam\u0107enje i regulaciju krvnog tlaka<\/strong>. <strong>Budu\u0107i da uspje\u0161no svladava infekcije i upale, blagotvorno djeluje i na bolove kod kroni\u010dnih bolesti poput reume ili artritisa<\/strong>.<\/span><\/p>\n<h2><span style=\"color: #000000\">Spremanje i upozorenja<\/span><\/h2>\n<p><span style=\"color: #000000\">\u010cuvati na suhom i hladnom mjestu. Dodatak prehrani treba biti izvan dohvata djece!<\/span><\/p>\n<p><span style=\"color: #000000\">Ne zaboravite na va\u017enost raznolike prehrane i zdravog na\u010dina \u017eivota, stoga dodatak prehrani nije zamjena za uravnote\u017eenu i raznoliku prehranu. Preporu\u010dena dnevna koli\u010dina ili doza ne smije se prekora\u010diti. Trudnice, dojilje i osobe koje uzimaju lijekove trebaju se prije upotrebe uvijek posavjetovati s lije\u010dnikom. Nije prikladno za djecu.<\/span><\/p>\n<h2><span style=\"color: #000000\">Ambala\u017ea<\/span><\/h2>\n<p><span style=\"color: #000000\">Nepropusna vre\u0107ica s patentnim zatvara\u010dem u kojoj proizvod zadr\u017eava svu svoju svje\u017einu i aromu. Ambala\u017ea \u0161titi od svjetlosti i zraka, jer je napravljena od nekoliko slojeva za\u0161tite koji \u010duvaju svojstva sadr\u017eaja.<\/span><\/p>\n<p><span style=\"color: #000000\">Ambala\u017ea je vrlo prakti\u010dna i mo\u017ee se reciklirati.<\/span><\/p>\n<h2><span style=\"color: #000000\">Podrijetlo<\/span><\/h2>\n<p><span style=\"color: #000000\">Ju\u017ena Amerika<\/span><\/p>\n","protected":false},"excerpt":{"rendered":"<p align=\"JUSTIFY\">Amazonska tropska penja\u010dica ima 2 zakrivljene bodlje u podno\u017eju svakog lista, otuda joj i naziv ma\u010dja kand\u017ea. Ma\u010dja kand\u017ea u osnovi se smatra prirodnim antibiotikom, jer se uspje\u0161no bori protiv svih vrsta mikroba te sprje\u010dava infekcije i upale. Ma\u010dja kand\u017ea posebno je cijenjena zbog blagotvornog djelovanja na ljudski organizam:<\/p>\n<p align=\"JUSTIFY\">\ud83d\udc9a ja\u010da rad imunolo\u0161kog sustava,<br \/>\n\ud83d\udc9a ubla\u017eava i sprje\u010dava upale,<br \/>\n\ud83d\udc9a ubla\u017eava bolove kod infekcija,<br \/>\n\ud83d\udc9a ubla\u017eava tegobe kod kroni\u010dnih bolesti.<\/p>\n","protected":false},"featured_media":6343,"comment_status":"open","ping_status":"closed","template":"","meta":{"_acf_changed":false},"product_brand":[],"product_cat":[15,195,216],"product_tag":[],"class_list":{"0":"post-6023","1":"product","2":"type-product","3":"status-publish","4":"has-post-thumbnail","6":"product_cat-uncategorized","7":"product_cat-superhrana","8":"product_cat-svi-proizvodi-ponudba","10":"first","11":"instock","12":"sale","13":"taxable","14":"shipping-taxable","15":"purchasable","16":"product-type-simple"},"acf":[],"_links":{"self":[{"href":"https:\/\/fengchashop.com\/hr\/wp-json\/wp\/v2\/product\/6023","targetHints":{"allow":["GET"]}}],"collection":[{"href":"https:\/\/fengchashop.com\/hr\/wp-json\/wp\/v2\/product"}],"about":[{"href":"https:\/\/fengchashop.com\/hr\/wp-json\/wp\/v2\/types\/product"}],"replies":[{"embeddable":true,"href":"https:\/\/fengchashop.com\/hr\/wp-json\/wp\/v2\/comments?post=6023"}],"wp:featuredmedia":[{"embeddable":true,"href":"https:\/\/fengchashop.com\/hr\/wp-json\/wp\/v2\/media\/6343"}],"wp:attachment":[{"href":"https:\/\/fengchashop.com\/hr\/wp-json\/wp\/v2\/media?parent=6023"}],"wp:term":[{"taxonomy":"product_brand","embeddable":true,"href":"https:\/\/fengchashop.com\/hr\/wp-json\/wp\/v2\/product_brand?post=6023"},{"taxonomy":"product_cat","embeddable":true,"href":"https:\/\/fengchashop.com\/hr\/wp-json\/wp\/v2\/product_cat?post=6023"},{"taxonomy":"product_tag","embeddable":true,"href":"https:\/\/fengchashop.com\/hr\/wp-json\/wp\/v2\/product_tag?post=6023"}],"curies":[{"name":"wp","href":"https:\/\/api.w.org\/{rel}","templated":true}]}}