{"id":6021,"date":"2022-03-04T08:26:18","date_gmt":"2022-03-04T07:26:18","guid":{"rendered":"https:\/\/fengchashop.com\/hr\/product\/triphala-u-kapsulama-bio-120-kapsula\/"},"modified":"2026-05-06T13:11:55","modified_gmt":"2026-05-06T11:11:55","slug":"triphala-u-kapsulama-bio","status":"publish","type":"product","link":"https:\/\/fengchashop.com\/hr\/product\/triphala-u-kapsulama-bio\/","title":{"rendered":"Triphala u kapsulama BIO 120 kapsula"},"content":{"rendered":"<h2><span style=\"color: #000000\">Triphala u kapsulama<\/span><\/h2>\n<p><span style=\"color: #000000\">Triphala je drevna, izuzetno priznata ajurvedska biljna mje\u0161avina tri vrste super vo\u0107a s podru\u010dja Indije: amalaki (Emblica officinalis) &#8211; kod nas poznata i kao amla, bibhitaki (Terminalia belerica) i haritaki (Terminalia chebula). Vi\u0161e od 5000 godina se koristi prvenstveno <strong>za \u010di\u0161\u0107enje i detoksikaciju cijelog organizma<\/strong>.<\/span><\/p>\n<p><span style=\"color: #000000\">Triphala blagotvorno djeluje na na\u0161u probavu, poti\u010de njenu aktivnost i potpora je apsorpciji vitamina i minerala.<\/span><\/p>\n<p><span style=\"color: #000000\">Va\u017eno je posezati za proizvodima od biljaka organskog uzgoja, jer samo na taj na\u010din mo\u017eemo kontrolirati i sprije\u010diti unos pesticida i te\u0161kih metala u tijelo.<\/span><\/p>\n<p><span style=\"color: #000000\">Na\u0161a triphala je premium kvalitete i organskog uzgoja.<\/span><\/p>\n<p><span style=\"color: #000000\">Triphala je temeljni kamen ajurvedske medicine, jer posjeduje mnoge u\u010dinkovite ljekovite svojstva:<\/span><\/p>\n<p><span style=\"color: #000000\">\ud83d\udc9a <strong>pozitivno djeluje na probavni sustav<\/strong> i djeluje kao blagi laksativ koji ne o\u0161te\u0107uje crijevnu sluznicu,<\/span><br \/>\n<span style=\"color: #000000\">\ud83d\udc9a poma\u017ee kod nadutosti, vjetrova i hemoroida,<\/span><br \/>\n<span style=\"color: #000000\">\ud83d\udc9a <strong>uklanja vi\u0161ak<\/strong> masno\u0107e iz organizma,<\/span><br \/>\n<span style=\"color: #000000\">\ud83d\udc9a pozitivno djeluje <strong>na rad jetre<\/strong>,<\/span><br \/>\n<span style=\"color: #000000\">\ud83d\udc9a s visokim sadr\u017eajem vitamina C u\u010dinkovito <strong>ja\u010da imunolo\u0161ki sustav<\/strong>,<\/span><br \/>\n<span style=\"color: #000000\">\ud83d\udc9anjeguje i ja\u010da di\u0161ne puteve te olak\u0161ava iska\u0161ljavanje kod sluzavog ka\u0161lja,<\/span><br \/>\n<span style=\"color: #000000\">\ud83d\udc9a posjeduje dokazana protuupalna i antivirusna svojstva,<\/span><br \/>\n<span style=\"color: #000000\">\ud83d\udc9a <strong>pomla\u0111uje tijelo<\/strong>.<\/span><\/p>\n<p><span style=\"color: #000000\">Radi prakti\u010dnosti uzimanja, triphalu smo tako\u0111er pakirali u kapsule koje su biljnog podrijetla.<\/span><\/p>\n<h2><span style=\"color: #000000\">Jeste li znali da Triphala brine o unutarnjim organima kao \u0161to majka brine o svojoj djeci?<\/span><\/h2>\n<p><span style=\"color: #000000\">Mje\u0161avina Triphala izuzetno je hranjiva, nje\u017ena, bogata vitaminom C, bioflavonoidima i omega 3 masnim kiselinama. Ona je izvanredan izvor proteina, ulja i antioksidansa, \u0161to zajedno s antimikrobnim i antibakterijskim svojstvima poja\u010dava otpornost tijela. Ima dobar laksativni u\u010dinak, stoga je prikladna za \u010di\u0161\u0107enje crijeva i smanjenje tjelesne te\u017eine. U\u010dinkovito pro\u010di\u0161\u0107ava organizam.<\/span><\/p>\n<p><span style=\"color: #000000\">Sve tri vrste vo\u0107a u zajedni\u010dkoj formuli Triphale hrane, ja\u010daju, \u010diste, dubinski obnavljaju i pomla\u0111uju cijeli organizam. Redovita konzumacija Triphale <strong>smanjuje umor i iscrpljenost organizma<\/strong> te je <strong>izvrsna podr\u0161ka imunolo\u0161kom sustavu<\/strong>. Prema ajurvedskom naslje\u0111u, Triphala je jedna od rijetkih mje\u0161avina koja povoljno djeluje na sva tri do\u0161a. Stoga je sigurna za konzumaciju za svakoga.<\/span><\/p>\n<h2><span style=\"color: #000000\">\u010cuvanje i upozorenja<\/span><\/h2>\n<p><span style=\"color: #000000\">\u010cuvati na suhom i hladnom mjestu. Dodatak prehrani treba biti izvan dohvata djece!<\/span><\/p>\n<p><span style=\"color: #000000\">Nemojte zaboraviti na va\u017enost raznolike prehrane i zdravog na\u010dina \u017eivota, dodatak prehrani stoga nije zamjena za uravnote\u017eenu i raznovrsnu prehranu. Preporu\u010dene dnevne koli\u010dine ili doze ne smiju se prekora\u010diti. Trudnicama, dojiljama i osobama koje uzimaju lijekove uvijek preporu\u010dujemo konzultaciju sa lije\u010dnikom prije upotrebe. Nije pogodno za djecu.<\/span><\/p>\n<h2><span style=\"color: #000000\">Ambala\u017ea<\/span><\/h2>\n<p><span style=\"color: #000000\">Proizvod se nalazi u nepropusnoj vre\u0107ici s patentnim zatvara\u010dem koja \u010duva svje\u017einu i aromu. Ambala\u017ea \u0161titi od svjetlosti i zraka jer je sastavljena od vi\u0161e slojeva za\u0161tite koji odr\u017eavaju svojstva sadr\u017eaja.<\/span><\/p>\n<h2><span style=\"color: #000000\">Podrijetlo<\/span><\/h2>\n<p><span style=\"color: #000000\">Indija.<\/span><\/p>\n","protected":false},"excerpt":{"rendered":"<p>Triphala je drevna, visoko priznata ayurvedska biljna mje\u0161avina tri vrste super vo\u0107a iz regije Indije: amalaki, bibhitaki i haritaki. Ve\u0107 vi\u0161e od 5000 godina koristi se uglavnom za \u010di\u0161\u0107enje i detoksikaciju cijelog organizma. Triphala je kamen temeljac ajurvedske medicine jer ima mnoga u\u010dinkovita ljekovita svojstva:<\/p>\n<p><span style=\"color: #000000\">\ud83d\udc9a<\/span> blagotvorno djeluje na probavni sustav,<br \/>\n<span style=\"color: #000000\">\ud83d\udc9a<\/span> uklanja vi\u0161ak masno\u0107e iz tijela,<br \/>\n<span style=\"color: #000000\">\ud83d\udc9a<\/span> s visokim udjelom vitamina C u\u010dinkovito ja\u010da imunolo\u0161ki sustav,<br \/>\n<span style=\"color: #000000\">\ud83d\udc9a<\/span> hrani i ja\u010da di\u0161ne \u200b\u200bputove,<br \/>\n<span style=\"color: #000000\">\ud83d\udc9a<\/span> pomla\u0111uje tijelo.<\/p>\n","protected":false},"featured_media":6342,"comment_status":"open","ping_status":"closed","template":"","meta":{"_acf_changed":false},"product_brand":[],"product_cat":[15,194,195,216],"product_tag":[],"class_list":{"0":"post-6021","1":"product","2":"type-product","3":"status-publish","4":"has-post-thumbnail","6":"product_cat-uncategorized","7":"product_cat-ayurveda","8":"product_cat-superhrana","9":"product_cat-svi-proizvodi-ponudba","11":"first","12":"instock","13":"taxable","14":"shipping-taxable","15":"purchasable","16":"product-type-simple"},"acf":[],"_links":{"self":[{"href":"https:\/\/fengchashop.com\/hr\/wp-json\/wp\/v2\/product\/6021","targetHints":{"allow":["GET"]}}],"collection":[{"href":"https:\/\/fengchashop.com\/hr\/wp-json\/wp\/v2\/product"}],"about":[{"href":"https:\/\/fengchashop.com\/hr\/wp-json\/wp\/v2\/types\/product"}],"replies":[{"embeddable":true,"href":"https:\/\/fengchashop.com\/hr\/wp-json\/wp\/v2\/comments?post=6021"}],"wp:featuredmedia":[{"embeddable":true,"href":"https:\/\/fengchashop.com\/hr\/wp-json\/wp\/v2\/media\/6342"}],"wp:attachment":[{"href":"https:\/\/fengchashop.com\/hr\/wp-json\/wp\/v2\/media?parent=6021"}],"wp:term":[{"taxonomy":"product_brand","embeddable":true,"href":"https:\/\/fengchashop.com\/hr\/wp-json\/wp\/v2\/product_brand?post=6021"},{"taxonomy":"product_cat","embeddable":true,"href":"https:\/\/fengchashop.com\/hr\/wp-json\/wp\/v2\/product_cat?post=6021"},{"taxonomy":"product_tag","embeddable":true,"href":"https:\/\/fengchashop.com\/hr\/wp-json\/wp\/v2\/product_tag?post=6021"}],"curies":[{"name":"wp","href":"https:\/\/api.w.org\/{rel}","templated":true}]}}