{"id":6020,"date":"2022-03-03T22:42:00","date_gmt":"2022-03-03T21:42:00","guid":{"rendered":"https:\/\/fengchashop.com\/hr\/product\/jecmena-trava-u-tabletama-bio-125-g\/"},"modified":"2025-09-24T10:42:16","modified_gmt":"2025-09-24T08:42:16","slug":"jecmena-trava-u-tabletama-bio","status":"publish","type":"product","link":"https:\/\/fengchashop.com\/hr\/product\/jecmena-trava-u-tabletama-bio\/","title":{"rendered":"Je\u010dmena trava u tabletama BIO 125 g"},"content":{"rendered":"<h2><span style=\"color: #000000;\">Je\u010dmena trava u tabletama BIO<\/span><\/h2>\n<p><span style=\"color: #000000;\">Mo\u0107ne civilizacije Egip\u0107ana, Rimljana i Vikinga ve\u0107 su poznavale dobrobiti je\u010dmene trave. Potje\u010de s europskog podru\u010dja, a ljudski organizam ga lako metabolizira i koristi mikronutrijente za sve svoje potrebe. Iznimno se brzo probavlja, a nutrijenti se vrlo brzo apsorbiraju nakon unosa. Sadr\u017ei i <strong>mnogo fitokemikalija<\/strong>\u00a0koje \u0161tite na\u0161e tijelo od one\u010di\u0161\u0107enja i zra\u010denja.<\/span><\/p>\n<p><span style=\"color: #000000;\">Na\u0161a je\u010dmena trava je <strong>organski uzgojena<\/strong>.<\/span><\/p>\n<h2><span style=\"color: #000000;\">Kakvi su u\u010dinci uzimanja je\u010dmene trave?<\/span><\/h2>\n<p><span style=\"color: #000000;\"><strong>Je\u010dmena trava sadr\u017ei mnogo aktivnih sastojaka pa blagotvorno djeluje na:<\/strong><\/span><\/p>\n<p><span style=\"color: #000000;\">\ud83d\udc9a \u010di\u0161\u0107enje i detoksikaciju ljudskog organizma,<\/span><br \/>\n<span style=\"color: #000000;\">\ud83d\udc9a pobolj\u0161anje stanja ko\u017ee,<\/span><br \/>\n<span style=\"color: #000000;\">\ud83d\udc9a gubitak te\u017eine,<\/span><br \/>\n<span style=\"color: #000000;\">\ud83d\udc9a smanjenje umora,<\/span><br \/>\n<span style=\"color: #000000;\">\ud83d\udc9a pobolj\u0161anje i reguliranje probave,<\/span><br \/>\n<span style=\"color: #000000;\">\ud83d\udc9a smanjenje upale,<\/span><br \/>\n<span style=\"color: #000000;\">\ud83d\udc9a pobolj\u0161anje problema s anemijom,<\/span><br \/>\n<span style=\"color: #000000;\">\ud83d\udc9a regulaciju kalcija u krvi i otapanje kalcijevih naslaga na kostima.<\/span><\/p>\n<p><span style=\"color: #000000;\">Je\u010dmena trava je <strong>riznica vitamina, minerala i drugih va\u017enih nutrijenata<\/strong>. Ima jak alkalni u\u010dinak na tijelo, \u0161to donosi op\u0107e dobro. Redovita konzumacija mo\u017ee smanjiti razinu kolesterola i slobodnih radikala u krvi.<\/span><\/p>\n<p><span style=\"color: #000000;\">Je\u010dmena trava <strong>izuzetno je bogata klorofilom<\/strong> koji je za biljke va\u017ean koliko i krv za \u017eivotinje. Tako\u0111er ima sli\u010dnu molekularnu strukturu kao i hemoglobin, pa obnavlja i \u010disti krv, ali i organizam op\u0107enito. Sadr\u017ei 11x vi\u0161e kalcija i 30x vi\u0161e vitamina B1 od kravljeg mlijeka, 5x vi\u0161e \u017eeljeza i 7x vi\u0161e karotena od \u0161pinata i 7x vi\u0161e vitamina C od naran\u010de. Sadr\u017ei i 80 mikrograma vitamina B12 koji nedostaje sve ve\u0107em broju ljudi.<\/span><\/p>\n<p><span style=\"color: #000000;\">Osim vitamina i brojnih minerala, je\u010dmena trava sadr\u017ei i esencijalne aminokiseline koje su osnovni gradivni materijali proteina. Sadr\u017ei i <strong>polisaharid \u00df-glukan<\/strong> koji sni\u017eava razinu lo\u0161eg kolesterola i ja\u010da obrambeni mehanizam imunolo\u0161kog sustava. Djeluje kao antioksidans i uspje\u0161no se bori protiv opasnih slobodnih radikala u tijelu. Enzimi iz je\u010dmene trave tako\u0111er doprinose iskori\u0161tenju svih hranjivih tvari, stoga je izuzetno va\u017eno da prah je\u010dmene trave ne bude su\u0161en iznad temperature od 40\u00b0C.<\/span><\/p>\n<h2 style=\"text-align: justify;\"><span style=\"color: #000000;\">Spremanje i upozorenja<\/span><\/h2>\n<p><span style=\"color: #000000;\">\u010cuvati na suhom i hladnom mjestu na temperaturi do 25 \u00b0C. Dodatak prehrani treba biti izvan dohvata djece!<\/span><\/p>\n<p><span style=\"color: #000000;\">Ne zaboravite na va\u017enost raznolike prehrane i zdravog na\u010dina \u017eivota, stoga dodatak prehrani nije zamjena za uravnote\u017eenu i raznoliku prehranu. Preporu\u010dena dnevna koli\u010dina ili doza ne smije se prekora\u010diti. Trudnicama i dojiljama uvijek se savjetuje konzultacija s lije\u010dnikom prije upotrebe.<\/span><\/p>\n<h2><span style=\"color: #000000;\">Ambala\u017ea<\/span><\/h2>\n<p style=\"text-align: justify;\"><span style=\"color: #000000;\">Nepropusna vre\u0107ica s patentnim zatvara\u010dem u kojoj proizvod zadr\u017eava svu svje\u017einu i miris. Ambala\u017ea \u0161titi od svjetlosti i zraka, jer se sastoji od nekoliko slojeva za\u0161tite koji \u010duvaju svojstva sadr\u017eaja.<\/span><\/p>\n<p style=\"text-align: justify;\"><span style=\"color: #000000;\">Ambala\u017ea je vrlo prakti\u010dna i mo\u017ee se reciklirati.<\/span><\/p>\n<h2><span style=\"color: #000000;\">Dobro je znati<\/span><\/h2>\n<p><span style=\"color: #000000;\">Proizvod je prikladan i za \u017eivotinje. Izvrstan je izvor vitamina, minerala i drugih hranjivih tvari. Prije uporabe posavjetujte se s veterinarom o svrsishodnosti uzimanja i preporu\u010denoj dnevnoj koli\u010dini.<\/span><\/p>\n<h2><span style=\"color: #000000;\">Podrijetlo<\/span><\/h2>\n<p><span style=\"color: #000000;\">EU (Njema\u010dka ili Nizozemska)<\/span><\/p>\n","protected":false},"excerpt":{"rendered":"<p align=\"JUSTIFY\">Mo\u0107ne civilizacije Egip\u0107ana, Rimljana i Vikinga ve\u0107 su poznavale dobrobiti je\u010dmene trave. Potje\u010de s europskog podru\u010dja, a ljudski organizam ga lako metabolizira i koristi mikronutrijente za sve svoje potrebe. Iznimno se brzo probavlja, a nutrijenti se vrlo brzo apsorbiraju nakon unosa. Sadr\u017ei i mnogo fitokemikalija koje \u0161tite na\u0161e tijelo od one\u010di\u0161\u0107enja i zra\u010denja.<\/p>\n<p align=\"JUSTIFY\"><span style=\"color: #000000;\">\ud83d\udc9a \u010cisti i detoksificira.<\/span><br \/>\n<span style=\"color: #000000;\">\ud83d\udc9a Pobolj\u0161anje problema s anemijom.<\/span><br \/>\n<span style=\"color: #000000;\">\ud83d\udc9a Poma\u017ee kod mr\u0161avljenja.<\/span><br \/>\n<span style=\"color: #000000;\">\ud83d\udc9a Bogat je izvor <strong>klorofila<\/strong>.<\/span><\/p>\n<p align=\"JUSTIFY\">\n","protected":false},"featured_media":6340,"comment_status":"open","ping_status":"closed","template":"","meta":{"_acf_changed":false},"product_brand":[],"product_cat":[15,222,195,216],"product_tag":[],"class_list":{"0":"post-6020","1":"product","2":"type-product","3":"status-publish","4":"has-post-thumbnail","6":"product_cat-uncategorized","7":"product_cat-alge-i-trave","8":"product_cat-superhrana","9":"product_cat-svi-proizvodi-ponudba","11":"first","12":"instock","13":"sale","14":"taxable","15":"shipping-taxable","16":"purchasable","17":"product-type-simple"},"acf":[],"_links":{"self":[{"href":"https:\/\/fengchashop.com\/hr\/wp-json\/wp\/v2\/product\/6020","targetHints":{"allow":["GET"]}}],"collection":[{"href":"https:\/\/fengchashop.com\/hr\/wp-json\/wp\/v2\/product"}],"about":[{"href":"https:\/\/fengchashop.com\/hr\/wp-json\/wp\/v2\/types\/product"}],"replies":[{"embeddable":true,"href":"https:\/\/fengchashop.com\/hr\/wp-json\/wp\/v2\/comments?post=6020"}],"wp:featuredmedia":[{"embeddable":true,"href":"https:\/\/fengchashop.com\/hr\/wp-json\/wp\/v2\/media\/6340"}],"wp:attachment":[{"href":"https:\/\/fengchashop.com\/hr\/wp-json\/wp\/v2\/media?parent=6020"}],"wp:term":[{"taxonomy":"product_brand","embeddable":true,"href":"https:\/\/fengchashop.com\/hr\/wp-json\/wp\/v2\/product_brand?post=6020"},{"taxonomy":"product_cat","embeddable":true,"href":"https:\/\/fengchashop.com\/hr\/wp-json\/wp\/v2\/product_cat?post=6020"},{"taxonomy":"product_tag","embeddable":true,"href":"https:\/\/fengchashop.com\/hr\/wp-json\/wp\/v2\/product_tag?post=6020"}],"curies":[{"name":"wp","href":"https:\/\/api.w.org\/{rel}","templated":true}]}}