{"id":6017,"date":"2022-03-03T21:49:08","date_gmt":"2022-03-03T20:49:08","guid":{"rendered":"https:\/\/fengchashop.com\/hr\/product\/psenicna-trava-u-prahu-bio-250-g\/"},"modified":"2026-05-07T06:05:23","modified_gmt":"2026-05-07T04:05:23","slug":"psenicna-trava-u-prahu-bio","status":"publish","type":"product","link":"https:\/\/fengchashop.com\/hr\/product\/psenicna-trava-u-prahu-bio\/","title":{"rendered":"P\u0161eni\u010dna trava u prahu BIO 250 g"},"content":{"rendered":"<h2><span style=\"color: #000000\">P\u0161eni\u010dna trava u prahu BIO<\/span><\/h2>\n<p><span style=\"color: #000000\">P\u0161eni\u010dna trava je zapravo <strong>mlada p\u0161eni\u010dna klica<\/strong>. Kao takava ne sadr\u017ei gluten, jer se on nalazi u klasu p\u0161enice \u2013 to\u010dnije u zrnu p\u0161enice. Proklijala trava obi\u010dno se bere ne\u0161to vi\u0161e od tjedan dana nakon klijanja i od nje se pravi sok. P\u0161eni\u010dna trava u prahu mnogo je jednostavnija za kori\u0161tenje. Pogodna je za detoksikaciju i pro\u010di\u0161\u0107avanje. Sadr\u017ei mnogo <strong>vitamina, minerala, aminokiselina, enzima, klorofila, vlakana, proteina i fitonutrijenata<\/strong>.<\/span><\/p>\n<p><span style=\"color: #000000\">S Bliskog istoka u pro\u0161losti p\u0161enica se u kratkom vremenu pro\u0161irila svijetom, a p\u0161eni\u010dna trava se pokazala kao <strong>u\u010dinkovit lijek za \u010di\u0161\u0107enje i detoksikaciju ljudskog organizma<\/strong>. Upravo je zbog toga iznimno popularana kao zdrava namirnica.<\/span><\/p>\n<p><span style=\"color: #000000\">Na\u0161a p\u0161eni\u010dna trava je <strong>organski uzgojena<\/strong>.<\/span><\/p>\n<h2><span style=\"color: #000000\">Kakvi su u\u010dinci uzimanja p\u0161eni\u010dne trave?<\/span><\/h2>\n<p><span style=\"color: #000000\"><strong>P\u0161eni\u010dna trava sadr\u017ei mnoge hranjive i aktivne sastojke, stoga:<\/strong><\/span><\/p>\n<p><span style=\"color: #000000\">\ud83d\udc9a \u010disti i pobolj\u0161ava sastav krvi,<\/span><br \/>\n<span style=\"color: #000000\">\ud83d\udc9a brine za zdravo debelo crijevo i detoksificira jetru,<\/span><br \/>\n<span style=\"color: #000000\">\ud83d\udc9a poti\u010de pravilan rad srca,<\/span><br \/>\n<span style=\"color: #000000\">\ud83d\udc9a stimulira rad \u0161titnja\u010de,<\/span><br \/>\n<span style=\"color: #000000\">\ud83d\udc9a brojni antioksidansi bore se protiv slobodnih radikala te sprje\u010davaju bolesti i prerano starenje,<\/span><br \/>\n<span style=\"color: #000000\">\ud83d\udc9a jedan je od najbogatijih izvora klorofila koji pospje\u0161uje zacjeljivanje tkiva, a tako\u0111er ve\u017ee toksine i sprje\u010dava njihovu apsorpciju,<\/span><br \/>\n<span style=\"color: #000000\">\ud83d\udc9a klorofil ubla\u017eava upale u usnoj \u0161upljini te \u010disti i hrani ko\u017eu,<\/span><br \/>\n<span style=\"color: #000000\">\ud83d\udc9a zbog sadr\u017eaja vitamina B-skupine, ubla\u017eava stres,<\/span><br \/>\n<span style=\"color: #000000\">\ud83d\udc9a klorofil \u0161titi i od zra\u010denja elektronskih ure\u0111aja<\/span><br \/>\n<span style=\"color: #000000\">\ud83d\udc9a sadr\u017ei sve aminokiseline potrebne ljudskom tijelu.<\/span><\/p>\n<p><span style=\"color: #000000\">P\u0161eni\u010dna trava sadr\u017ei <strong>veliku koli\u010dinu klorofila<\/strong> koji djeluje pro\u010di\u0161\u0107avaju\u0107e i detoksiciraju\u0107e na ljudski organizam. Ima gotovo \u010dudesna svojstva za regeneraciju organizma. Osim toga, sadr\u017ei mnoge hranjive tvari, <strong>vitamine<\/strong> (C, E, A, B1, B2, B3, B6, K), <strong>minerale<\/strong> (\u017eeljezo, kalij, kalcij, cink, selen, fosfor, bor, klorid, krom, kobalt, bakar , jod, \u017eeljezo, magnezij, mangan, nikal), <strong>enzime, aminokiseline, fitokemikalije te linolnu i linolensku kiselinu<\/strong>. P\u0161eni\u010dna trava <strong>ja\u010da imunolo\u0161ki sustav, inhibira slobodne radikale, poti\u010de proizvodnju hormona rasta<\/strong> te tako poma\u017ee u regeneraciji tkiva. Tako\u0111er <strong>regulira kolesterol u krvi i sprje\u010dava upale i infekcije<\/strong>. Nano\u0161enjem na ko\u017eu ubla\u017eit \u0107ete probleme s problemati\u010dnom ko\u017eom, aknama i ekcemima jer djeluje antimikrobno i br\u017ee zacjeljuje rane. Tako\u0111er poma\u017ee kod svrbe\u017ea i uboda insekata.<\/span><\/p>\n<h2 style=\"text-align: justify\"><span style=\"color: #000000\">Spremanje i upozorenja<\/span><\/h2>\n<p><span style=\"color: #000000\">\u010cuvati na suhom i hladnom mjestu na temperaturi do 25 \u00b0C. Dodatak prehrani treba biti izvan dohvata djece!<\/span><\/p>\n<p><span style=\"color: #000000\">Ne zaboravite na va\u017enost raznolike prehrane i zdravog na\u010dina \u017eivota, stoga dodatak prehrani nije zamjena za uravnote\u017eenu i raznoliku prehranu. Preporu\u010dena dnevna koli\u010dina ili doza ne smije se prekora\u010diti. Trudnicama i dojiljama uvijek se savjetuje konzultacija s lije\u010dnikom prije upotrebe.<\/span><\/p>\n<h2><span style=\"color: #000000\">Ambala\u017ea<\/span><\/h2>\n<p style=\"text-align: justify\"><span style=\"color: #000000\">Nepropusna vre\u0107ica s patentnim zatvara\u010dem u kojoj proizvod zadr\u017eava svu svje\u017einu i miris. Ambala\u017ea \u0161titi od svjetlosti i zraka, jer se sastoji od nekoliko slojeva za\u0161tite koji \u010duvaju svojstva sadr\u017eaja.<\/span><\/p>\n<p style=\"text-align: justify\"><span style=\"color: #000000\">Ambala\u017ea je vrlo prakti\u010dna i mo\u017ee se reciklirati.<\/span><\/p>\n<h2><span style=\"color: #000000\">Podrijetlo<\/span><\/h2>\n<p><span style=\"color: #000000\">EU (Njema\u010dka ili Nizozemska)<\/span><\/p>\n","protected":false},"excerpt":{"rendered":"<p align=\"JUSTIFY\">P\u0161eni\u010dna trava je zapravo <strong>mlada p\u0161eni\u010dna klica<\/strong>. Kao takava ne sadr\u017ei gluten, jer se nalazi u klasu p\u0161enice \u2013 to\u010dnije u zrnu p\u0161enice. Pogodana je za <strong>detoksikaciju i pro\u010di\u0161\u0107avanje<\/strong>. Sadr\u017ei mnogo vitamina, minerala, aminokiselina, enzima, klorofila, vlakana, proteina i fitonutrijenata.<\/p>\n<p align=\"JUSTIFY\"><span style=\"color: #000000\">\ud83d\udc9a \u010cisti i pobolj\u0161ava sastav <strong>krvi<\/strong>.<\/span><br \/>\n<span style=\"color: #000000\">\ud83d\udc9a Brine se za <strong>zdravo debelo crijevo<\/strong> i <strong>detoksificira jetru<\/strong>.<\/span><br \/>\n<span style=\"color: #000000\">\ud83d\udc9a Sadr\u017ei puno antioksidansa.<\/span><br \/>\n<span style=\"color: #000000\">\ud83d\udc9a Bogat je izvor <strong>klorofila<\/strong>.<\/span><\/p>\n<p align=\"JUSTIFY\">\n","protected":false},"featured_media":6334,"comment_status":"open","ping_status":"closed","template":"","meta":{"_acf_changed":false},"product_brand":[],"product_cat":[15,222,195,216],"product_tag":[],"class_list":{"0":"post-6017","1":"product","2":"type-product","3":"status-publish","4":"has-post-thumbnail","6":"product_cat-uncategorized","7":"product_cat-alge-i-trave","8":"product_cat-superhrana","9":"product_cat-svi-proizvodi-ponudba","11":"first","12":"instock","13":"sale","14":"taxable","15":"shipping-taxable","16":"purchasable","17":"product-type-simple"},"acf":[],"_links":{"self":[{"href":"https:\/\/fengchashop.com\/hr\/wp-json\/wp\/v2\/product\/6017","targetHints":{"allow":["GET"]}}],"collection":[{"href":"https:\/\/fengchashop.com\/hr\/wp-json\/wp\/v2\/product"}],"about":[{"href":"https:\/\/fengchashop.com\/hr\/wp-json\/wp\/v2\/types\/product"}],"replies":[{"embeddable":true,"href":"https:\/\/fengchashop.com\/hr\/wp-json\/wp\/v2\/comments?post=6017"}],"wp:featuredmedia":[{"embeddable":true,"href":"https:\/\/fengchashop.com\/hr\/wp-json\/wp\/v2\/media\/6334"}],"wp:attachment":[{"href":"https:\/\/fengchashop.com\/hr\/wp-json\/wp\/v2\/media?parent=6017"}],"wp:term":[{"taxonomy":"product_brand","embeddable":true,"href":"https:\/\/fengchashop.com\/hr\/wp-json\/wp\/v2\/product_brand?post=6017"},{"taxonomy":"product_cat","embeddable":true,"href":"https:\/\/fengchashop.com\/hr\/wp-json\/wp\/v2\/product_cat?post=6017"},{"taxonomy":"product_tag","embeddable":true,"href":"https:\/\/fengchashop.com\/hr\/wp-json\/wp\/v2\/product_tag?post=6017"}],"curies":[{"name":"wp","href":"https:\/\/api.w.org\/{rel}","templated":true}]}}