{"id":6015,"date":"2022-02-06T22:10:00","date_gmt":"2022-02-06T21:10:00","guid":{"rendered":"https:\/\/fengchashop.com\/hr\/product\/bachove-kapi-savjetovanje\/"},"modified":"2026-01-21T17:36:09","modified_gmt":"2026-01-21T16:36:09","slug":"bachove-kapi-savjetovanje","status":"publish","type":"product","link":"https:\/\/fengchashop.com\/hr\/product\/bachove-kapi-savjetovanje\/","title":{"rendered":"Bachove kapi savjetovanje"},"content":{"rendered":"<h2 style=\"text-align: justify;\"><span style=\"color: #000000;\">Bachove kapi &#8211; individualno savjetovanje<\/span><\/h2>\n<p style=\"text-align: justify;\"><span style=\"color: #000000;\">\u017delite li preuzeti <strong>kontrolu nad svojim emocijama, prona\u0107i harmoniju i unutarnji mir<\/strong>? Ako ste barem jednom odgovorili potvrdno, terapija Bachovim cvjetnim esencijama mo\u017ee biti pravo rje\u0161enje za va\u0161e probleme.<\/span><\/p>\n<p style=\"text-align: justify;\"><span style=\"color: #000000;\"><strong>Po\u0161aljite nam kratak opis problema koje \u017eelite rije\u0161iti.<\/strong><\/span><\/p>\n<p style=\"text-align: justify;\"><span style=\"color: #000000;\">Dr. Edvard Bach, lije\u010dnik i homeopat, otkrio je 38 cvjetnih esencija za individualna emocionalna stanja 30-ih godina pro\u0161log stolje\u0107a. Bachove kapi u\u010dinkovito djeluju protiv razli\u010ditih emocionalnih tegoba pojedinca. <strong>Nemaju nuspojave<\/strong> i jednostavni su za kori\u0161tenje. Poma\u017eu u raznim krizama i te\u0161kim \u017eivotnim situacijama.<\/span><\/p>\n<p style=\"text-align: justify;\"><span style=\"color: #000000;\">\ud83d\udc9a Prikladni su za sve ljude (trudnice, starije osobe, djeca,&#8230;) i \u017eivotinje.<\/span><\/p>\n<p style=\"text-align: justify;\"><span style=\"color: #000000;\">\ud83d\udc9a Nemaju nuspojava, ne mogu se predozirati i ne izazivaju ovisnost.<\/span><\/p>\n<p style=\"text-align: justify;\"><span style=\"color: #000000;\">\ud83d\udc9a Prve rezultate mo\u017eete primijetiti nakon nekoliko dana ili tjedana, ovisi o svakom pojedincu.<\/span><\/p>\n<p style=\"text-align: justify;\"><span style=\"color: #000000;\">\ud83d\udc9a Ne utje\u010de na druge lijekove.<\/span><\/p>\n<p><span style=\"color: #000000;\">\ud83d\udc9a Kapi se pripremaju na vrijeme i na dan otpreme.<\/span><\/p>\n<p style=\"text-align: justify;\"><span style=\"color: #000000;\">Uz pomo\u0107 Bachovih kapi preuzimamo kontrolu nad svojim emocijama, pronalazimo harmoniju i unutarnji mir. Mje\u0161avine Bachovih kapi pripremaju se prema metodi Dr. Bacha, a <strong>koristimo samo originalne Bachove esencije<\/strong>.<\/span><\/p>\n<h2 style=\"text-align: justify;\"><span style=\"color: #000000;\">Mogu\u0107nost izbora kapi<\/span><\/h2>\n<p style=\"text-align: justify;\"><span style=\"color: #000000;\">Certificirana Bachova savjetnica za vas priprema posebnu smjesu prema poslanom opisu. Po\u0161aljite nam e-mail (info@fengchashop.com) ili nam recite u napomenama prilikom narud\u017ebe koje kapi \u017eelite. Nakon \u0161to naru\u010dite, pripremit \u0107emo va\u0161u personaliziranu mje\u0161avinu.<\/span><\/p>\n<p style=\"text-align: justify;\"><span style=\"color: #000000;\">Kapi se pripremaju <strong>na vrijeme i na dan otpreme<\/strong>.<\/span><\/p>\n<h2 style=\"text-align: justify;\"><span style=\"color: #000000;\">Skladi\u0161tenje<\/span><\/h2>\n<p style=\"text-align: justify;\"><span style=\"color: #000000;\">\u010cuvati na suhom i tamnom mjestu, na temperaturi do +25 \u00b0C.<\/span><\/p>\n<h2 style=\"text-align: justify;\"><span style=\"color: #000000;\">Pakiranje<\/span><\/h2>\n<p style=\"text-align: justify;\"><span style=\"color: #000000;\">30 ml (dovoljno za 30 dana redovnog uzimanja)<\/span><\/p>\n","protected":false},"excerpt":{"rendered":"<p><span style=\"color: #000000;\">Bachove kapi u\u010dinkovito djeluju protiv razli\u010ditih emocionalnih tegoba pojedinca. Poma\u017eu u raznim krizama i te\u0161kim \u017eivotnim situacijama. Uz njih se smirujemo i \u010duvamo mirnu glavu. One djeluju na na\u0161e emocionalno stanje i poma\u017eu u njegovom uskla\u0111ivanju.<\/span><\/p>\n<p><span style=\"color: #000000;\">\ud83d\udc9a Kapi se pakiraju ru\u010dno i na dan otpreme.<\/span><br \/>\n<span style=\"color: #000000;\">\ud83d\udc9a Pogodne su za sve ljude (trudnice, starije osobe, djeca,&#8230;) i \u017eivotinje.<\/span><br \/>\n<span style=\"color: #000000;\">\ud83d\udc9a Nemaju nuspojave, ne stvaraju ovisnost i ne mogu se predozirati.<\/span><br \/>\n<span style=\"color: #000000;\">\ud83d\udc9a Prve rezultate mo\u017eete primijetiti nakon nekoliko dana ili tjedana, ovisi o svakom pojedincu.<\/span><br \/>\n<span style=\"color: #000000;\">\ud83d\udc9a Ne utje\u010de na druge lijekove.<\/span><\/p>\n","protected":false},"featured_media":6329,"comment_status":"open","ping_status":"closed","template":"","meta":{"_acf_changed":false},"product_brand":[],"product_cat":[15,204,216],"product_tag":[],"class_list":{"0":"post-6015","1":"product","2":"type-product","3":"status-publish","4":"has-post-thumbnail","6":"product_cat-uncategorized","7":"product_cat-bachove-kapi","8":"product_cat-svi-proizvodi-ponudba","10":"first","11":"instock","12":"taxable","13":"shipping-taxable","14":"purchasable","15":"product-type-simple"},"acf":[],"_links":{"self":[{"href":"https:\/\/fengchashop.com\/hr\/wp-json\/wp\/v2\/product\/6015","targetHints":{"allow":["GET"]}}],"collection":[{"href":"https:\/\/fengchashop.com\/hr\/wp-json\/wp\/v2\/product"}],"about":[{"href":"https:\/\/fengchashop.com\/hr\/wp-json\/wp\/v2\/types\/product"}],"replies":[{"embeddable":true,"href":"https:\/\/fengchashop.com\/hr\/wp-json\/wp\/v2\/comments?post=6015"}],"wp:featuredmedia":[{"embeddable":true,"href":"https:\/\/fengchashop.com\/hr\/wp-json\/wp\/v2\/media\/6329"}],"wp:attachment":[{"href":"https:\/\/fengchashop.com\/hr\/wp-json\/wp\/v2\/media?parent=6015"}],"wp:term":[{"taxonomy":"product_brand","embeddable":true,"href":"https:\/\/fengchashop.com\/hr\/wp-json\/wp\/v2\/product_brand?post=6015"},{"taxonomy":"product_cat","embeddable":true,"href":"https:\/\/fengchashop.com\/hr\/wp-json\/wp\/v2\/product_cat?post=6015"},{"taxonomy":"product_tag","embeddable":true,"href":"https:\/\/fengchashop.com\/hr\/wp-json\/wp\/v2\/product_tag?post=6015"}],"curies":[{"name":"wp","href":"https:\/\/api.w.org\/{rel}","templated":true}]}}