{"id":6010,"date":"2022-02-06T21:55:00","date_gmt":"2022-02-06T20:55:00","guid":{"rendered":"https:\/\/fengchashop.com\/hr\/product\/bachove-kapi-koncentracija\/"},"modified":"2026-01-28T17:40:15","modified_gmt":"2026-01-28T16:40:15","slug":"bachove-kapi-koncentracija","status":"publish","type":"product","link":"https:\/\/fengchashop.com\/hr\/product\/bachove-kapi-koncentracija\/","title":{"rendered":"Bachove kapi Koncentracija"},"content":{"rendered":"<h2 style=\"text-align: justify;\"><span style=\"color: #000000;\">Bachove kapi za bolju koncentraciju<\/span><\/h2>\n<p style=\"text-align: justify;\"><span style=\"color: #000000;\">Nedostatak koncentracije mo\u017ee se okarakterizirati kao <strong>posljedica modernog na\u010dina \u017eivota<\/strong>. Bezbrojni vanjski podra\u017eaji koji danas svakodnevno zaokupljaju na\u0161 mozak prije pola stolje\u0107a nisu ni postojali. Mobiteli, internet i ra\u010dunala, dru\u0161tvene mre\u017ee, brojni poslovi, ali posebno <strong>na\u010din prehrane<\/strong> i <strong>manjak tjelesne aktivnosti (na otvorenom)<\/strong> utje\u010du na slabiju koncentraciju. Ovdje mo\u017eete u\u010diniti mnogo sami. Od velike pomo\u0107i mo\u017ee biti i terapija Bachovim kapima.<\/span><\/p>\n<p style=\"text-align: justify;\"><span style=\"color: #000000;\">Prve rezultate mo\u017eete primijetiti nakon nekoliko dana ili tjedana, ovisi o svakom pojedincu. Pripremljena mje\u0161avina bit \u0107e vam dovoljna za 30 dana, a mo\u017eete je jednostavno nanijeti direktno u usta ili ukapati u \u010da\u0161u vode. \u00a0 \u00a0<\/span><\/p>\n<p style=\"text-align: justify;\"><span style=\"color: #000000;\">Ova posebna mje\u0161avina pomo\u0107i \u0107e vam da:<\/span><\/p>\n<p><span style=\"color: #000000;\"><i>\u00a0 \u00a0 \u00a0 \ud83d\udc9a bolje \u0107ete se i lak\u0161e fokusirati na posao,<\/i><\/span><\/p>\n<p><span style=\"color: #000000;\"><i>\u00a0 \u00a0 \u00a0 \ud83d\udc9a smanjit \u0107ete utjecaj ometanja pozornosti nebitnim podra\u017eajima u \u0161koli ili na poslu,<\/i><\/span><\/p>\n<p><span style=\"color: #000000;\"><i>\u00a0 \u00a0 \u00a0 \ud83d\udc9a bit \u0107ete mirniji<\/i><\/span><\/p>\n<p><span style=\"color: #000000;\"><i>\u00a0 \u00a0 \u00a0 \ud83d\udc9a jednostavno \u0107ete biti bolji u \u0161koli ili na poslu.<\/i><\/span><\/p>\n<h2 style=\"text-align: justify;\"><span style=\"color: #000000;\">Djelovanje Bachovih kapi<\/span><\/h2>\n<p style=\"text-align: justify;\"><span style=\"color: #000000;\">Bachove kapi u\u010dinkovito djeluju protiv <strong>razli\u010ditih emocionalnih tegoba pojedinca<\/strong>. <strong>Manjak koncentracije tako\u0111er mo\u017ee biti optere\u0107uju\u0107e emocionalno stanje<\/strong>. Kapi tako\u0111er poma\u017eu u raznim krizama i te\u0161kim \u017eivotnim situacijama. Uz njih se smirujemo, odr\u017eavamo mirnu glavu i dobivamo vi\u0161e energije. One djeluju na na\u0161e emocionalno stanje i poma\u017eu u njegovom uskla\u0111ivanju.<\/span><\/p>\n<p style=\"text-align: justify;\"><span style=\"color: #000000;\">Bachova terapija poti\u010de samolije\u010denje i duhovno opu\u0161tanje. Prema teoriji dr. Bacha je uzrok bolesti u neharmoni\u010dnom stanju odn. u nedostatku sklada izme\u0111u tijela i du\u0161e. Uz pomo\u0107 cvjetnih esencija nastojimo izlije\u010diti bolest <strong>iskori\u0161tavanjem pozitivnih svojstava cvije\u0107a<\/strong>, odnosno tako da nam poma\u017eu da uspostavimo ravnote\u017eu u sebi.<\/span><\/p>\n<p style=\"text-align: justify;\"><span style=\"color: #000000;\">Mje\u0161avine Bachovih kapi pripremaju se prema metodi Dr. Bacha, a <strong>koristimo samo originalne Bachove esencije<\/strong>.<\/span><\/p>\n<p style=\"text-align: justify;\"><span style=\"color: #000000;\">Bachove kapi se uzimaju iz bo\u010dice pomo\u0107u prilo\u017eene pipete, \u0161to \u010dini doziranje izuzetno lakim. Uzimajte 4 kapi 4 puta dnevno, rasporedite na cijeli dan. Bo\u010dica koju dobijete dovoljna je za 1 mjesec terapije. <\/span><\/p>\n<p style=\"text-align: justify;\"><span style=\"color: #000000;\">Svaka boca odabrane mje\u0161avine <strong>priprema se ru\u010dno i u hodu<\/strong>. Da bi smjesa dugo ostala svje\u017ea, koristimo malo alkohola (konjak). Rok trajanja smjese je 1 mjesec od datuma kupnje.<\/span><\/p>\n<p style=\"text-align: justify;\"><span style=\"color: #000000;\">Budu\u0107i da Bachove kapi <strong>nemaju nuspojava<\/strong>, ne mogu se predozirati i ne izazivaju ovisnost. Prikladni su za sve &#8211; trudnice, dojilje, starije osobe, djecu i \u017eivotinje.<\/span><\/p>\n<p style=\"text-align: justify;\"><span style=\"color: #000000;\">Ne utje\u010de na druge lijekove.<\/span><\/p>\n<h2 style=\"text-align: justify;\"><span style=\"color: #000000;\">Skladi\u0161tenje<\/span><\/h2>\n<p style=\"text-align: justify;\"><span style=\"color: #000000;\">\u010cuvati na suhom i tamnom mjestu, na temperaturi do +25 \u00b0C.<\/span><\/p>\n<h2 style=\"text-align: justify;\"><span style=\"color: #000000;\">Pakiranje<\/span><\/h2>\n<p style=\"text-align: justify;\"><span style=\"color: #000000;\">30 ml (dovoljno za 30 dana redovnog uzimanja)<\/span><\/p>\n","protected":false},"excerpt":{"rendered":"<p><span style=\"color: #000000;\">Bachove kapi u\u010dinkovito djeluju protiv razli\u010ditih emocionalnih tegoba pojedinca. Poma\u017eu u raznim krizama i te\u0161kim \u017eivotnim situacijama. Uz njih se smirujemo i \u010duvamo mirnu glavu. One djeluju na na\u0161e emocionalno stanje i poma\u017eu u njegovom uskla\u0111ivanju.<\/span><\/p>\n<p><span style=\"color: #000000;\">\ud83d\udc9a Kapi se pakiraju ru\u010dno i na dan otpreme.<\/span><br \/>\n<span style=\"color: #000000;\">\ud83d\udc9a Pogodne su za sve ljude (trudnice, starije osobe, djeca,&#8230;) i \u017eivotinje.<\/span><br \/>\n<span style=\"color: #000000;\">\ud83d\udc9a Nemaju nuspojave, ne stvaraju ovisnost i ne mogu se predozirati.<\/span><br \/>\n<span style=\"color: #000000;\">\ud83d\udc9a Prve rezultate mo\u017eete primijetiti nakon nekoliko dana ili tjedana, ovisi o svakom pojedincu.<\/span><br \/>\n<span style=\"color: #000000;\">\ud83d\udc9a Ne utje\u010de na druge lijekove.<\/span><\/p>\n","protected":false},"featured_media":6329,"comment_status":"open","ping_status":"closed","template":"","meta":{"_acf_changed":false},"product_brand":[],"product_cat":[15,204,216],"product_tag":[],"class_list":{"0":"post-6010","1":"product","2":"type-product","3":"status-publish","4":"has-post-thumbnail","6":"product_cat-uncategorized","7":"product_cat-bachove-kapi","8":"product_cat-svi-proizvodi-ponudba","10":"first","11":"instock","12":"sale","13":"taxable","14":"shipping-taxable","15":"purchasable","16":"product-type-simple"},"acf":[],"_links":{"self":[{"href":"https:\/\/fengchashop.com\/hr\/wp-json\/wp\/v2\/product\/6010","targetHints":{"allow":["GET"]}}],"collection":[{"href":"https:\/\/fengchashop.com\/hr\/wp-json\/wp\/v2\/product"}],"about":[{"href":"https:\/\/fengchashop.com\/hr\/wp-json\/wp\/v2\/types\/product"}],"replies":[{"embeddable":true,"href":"https:\/\/fengchashop.com\/hr\/wp-json\/wp\/v2\/comments?post=6010"}],"wp:featuredmedia":[{"embeddable":true,"href":"https:\/\/fengchashop.com\/hr\/wp-json\/wp\/v2\/media\/6329"}],"wp:attachment":[{"href":"https:\/\/fengchashop.com\/hr\/wp-json\/wp\/v2\/media?parent=6010"}],"wp:term":[{"taxonomy":"product_brand","embeddable":true,"href":"https:\/\/fengchashop.com\/hr\/wp-json\/wp\/v2\/product_brand?post=6010"},{"taxonomy":"product_cat","embeddable":true,"href":"https:\/\/fengchashop.com\/hr\/wp-json\/wp\/v2\/product_cat?post=6010"},{"taxonomy":"product_tag","embeddable":true,"href":"https:\/\/fengchashop.com\/hr\/wp-json\/wp\/v2\/product_tag?post=6010"}],"curies":[{"name":"wp","href":"https:\/\/api.w.org\/{rel}","templated":true}]}}