{"id":6008,"date":"2022-02-06T21:44:00","date_gmt":"2022-02-06T20:44:00","guid":{"rendered":"https:\/\/fengchashop.com\/hr\/product\/bachove-kapi-nesanica\/"},"modified":"2026-01-28T17:40:18","modified_gmt":"2026-01-28T16:40:18","slug":"bachove-kapi-nesanica","status":"publish","type":"product","link":"https:\/\/fengchashop.com\/hr\/product\/bachove-kapi-nesanica\/","title":{"rendered":"Bachove kapi Nesanica"},"content":{"rendered":"<h2 style=\"text-align: justify;\"><span style=\"color: #000000;\">Bachove kapi protiv nesanice<\/span><\/h2>\n<p style=\"text-align: justify;\"><span style=\"color: #000000;\">Nesanica je poreme\u0107aj spavanja kada du\u017ee vrijeme ne mo\u017eemo mirno zaspati i spavati kako bismo zadovoljili osnovne potrebe za snom. <strong>Kroni\u010dna nesanica mo\u017ee utjecati na kvalitetu \u017eivota<\/strong>. Ali tako\u0111er mo\u017ee utjecati na na\u0161e mentalno i fizi\u010dko zdravlje. Zato je iznimno va\u017eno pomo\u0107i jedni drugima da bolje spavaju. Samo tako mo\u017eete osigurati smireno blagostanje i pobolj\u0161ati svoju vitalnu energiju. U tome nam mogu pomo\u0107i Bachove kapi. Imamo pravo rje\u0161enje za vas.<\/span><\/p>\n<p style=\"text-align: justify;\"><span style=\"color: #000000;\">Prve rezultate mo\u017eete primijetiti nakon nekoliko dana ili tjedana, ovisi o svakom pojedincu. Pripremljena mje\u0161avina bit \u0107e vam dovoljna za 30 dana, a mo\u017eete je jednostavno nanijeti direktno u usta ili ukapati u \u010da\u0161u vode. \u00a0<\/span><\/p>\n<p style=\"text-align: justify;\"><span style=\"color: #000000;\">Terapija Bachovim kapima omogu\u0107it \u0107e nam bolji san, \u0161to \u0107e na nas utjecati na na\u010din da \u0107emo:<\/span><\/p>\n<p><span style=\"color: #000000;\"><em>\u00a0 \u00a0 \ud83d\udc9a lak\u0161e zaspati i mirnije spavati,<\/em><\/span><\/p>\n<p><span style=\"color: #000000;\"><em>\u00a0 \u00a0 \ud83d\udc9a pobolj\u0161ati na\u0161e psihi\u010dko i fizi\u010dko stanje zbog dovoljno sna,<\/em><\/span><\/p>\n<p><span style=\"color: #000000;\"><em>\u00a0 \u00a0 \ud83d\udc9a lak\u0161e se suo\u010davati sa svakodnevnim izazovima,<\/em><\/span><\/p>\n<p><span style=\"color: #000000;\"><em>\u00a0 \u00a0 \ud83d\udc9a pobolj\u0161ati koncentraciju na poslu,<\/em><\/span><\/p>\n<p><span style=\"color: #000000;\"><em>\u00a0 \u00a0 \ud83d\udc9a sprije\u010diti da nesanica postane kroni\u010dna.<\/em><\/span><\/p>\n<h2 style=\"text-align: justify;\"><span style=\"color: #000000;\">Djelovanje Bachovih kapi<\/span><\/h2>\n<p style=\"text-align: justify;\"><span style=\"color: #000000;\">Bachove kapi u\u010dinkovito djeluju protiv <strong>raznih emocionalnih tegoba pojedinca, koje mogu dovesti i do nesanice<\/strong>. Bachove kapi poma\u017eu nam i u raznim krizama i te\u0161kim \u017eivotnim situacijama i ku\u0161njama. Uz njih se smirujemo i odr\u017eavamo mirnu glavu jer utje\u010du na na\u0161e emocionalno stanje i poma\u017eu ga uskladiti. Uz pomo\u0107 Bachovih kapi preuzimamo <strong>kontrolu nad svojim emocijama<\/strong>, stvaramo sklad i tako pronalazimo svoj unutarnji mir.<\/span><\/p>\n<p style=\"text-align: justify;\"><span style=\"color: #000000;\">Bachova terapija poti\u010de samolije\u010denje i duhovno opu\u0161tanje. Prema teoriji dr. Bacha je uzrok bolesti u neharmoni\u010dnom stanju odn. u nedostatku sklada izme\u0111u tijela i du\u0161e. Uz pomo\u0107 cvjetnih esencija nastojimo izlije\u010diti bolest <strong>iskori\u0161tavanjem pozitivnih svojstava cvije\u0107a<\/strong>, odnosno tako da nam poma\u017eu da uspostavimo ravnote\u017eu u sebi.<\/span><\/p>\n<p style=\"text-align: justify;\"><span style=\"color: #000000;\">Mje\u0161avine Bachovih kapi pripremaju se prema metodi Dr. Bacha, a <strong>koristimo samo originalne Bachove esencije<\/strong>.<\/span><\/p>\n<p style=\"text-align: justify;\"><span style=\"color: #000000;\">Bachove kapi se uzimaju iz bo\u010dice pomo\u0107u prilo\u017eene pipete, \u0161to \u010dini doziranje izuzetno lakim. Uzimajte 4 kapi 4 puta dnevno, rasporedite na cijeli dan. Bo\u010dica koju dobijete dovoljna je za 1 mjesec terapije. <\/span><\/p>\n<p style=\"text-align: justify;\"><span style=\"color: #000000;\">Svaka boca odabrane mje\u0161avine <strong>priprema se ru\u010dno i u hodu<\/strong>. Da bi smjesa dugo ostala svje\u017ea, koristimo malo alkohola (konjak). Rok trajanja smjese je 1 mjesec od datuma kupnje.<\/span><\/p>\n<p style=\"text-align: justify;\"><span style=\"color: #000000;\">Budu\u0107i da Bachove kapi <strong>nemaju nuspojava<\/strong>, ne mogu se predozirati i ne izazivaju ovisnost. Prikladni su za sve &#8211; trudnice, dojilje, starije osobe, djecu i \u017eivotinje.<\/span><\/p>\n<p style=\"text-align: justify;\"><span style=\"color: #000000;\">Ne utje\u010de na druge lijekove.<\/span><\/p>\n<h2 style=\"text-align: justify;\"><span style=\"color: #000000;\">Skladi\u0161tenje<\/span><\/h2>\n<p style=\"text-align: justify;\"><span style=\"color: #000000;\">\u010cuvati na suhom i tamnom mjestu, na temperaturi do +25 \u00b0C.<\/span><\/p>\n<h2 style=\"text-align: justify;\"><span style=\"color: #000000;\">Pakiranje<\/span><\/h2>\n<p style=\"text-align: justify;\"><span style=\"color: #000000;\">30 ml (dovoljno za 30 dana redovnog uzimanja)<\/span><\/p>\n","protected":false},"excerpt":{"rendered":"<p><span style=\"color: #000000;\">Bachove kapi u\u010dinkovito djeluju protiv razli\u010ditih emocionalnih tegoba pojedinca. Poma\u017eu u raznim krizama i te\u0161kim \u017eivotnim situacijama. Uz njih se smirujemo i \u010duvamo mirnu glavu. One djeluju na na\u0161e emocionalno stanje i poma\u017eu u njegovom uskla\u0111ivanju.<\/span><\/p>\n<p><span style=\"color: #000000;\">\ud83d\udc9a Kapi se pakiraju ru\u010dno i na dan otpreme.<\/span><br \/>\n<span style=\"color: #000000;\">\ud83d\udc9a Pogodne su za sve ljude (trudnice, starije osobe, djeca,&#8230;) i \u017eivotinje.<\/span><br \/>\n<span style=\"color: #000000;\">\ud83d\udc9a Nemaju nuspojave, ne stvaraju ovisnost i ne mogu se predozirati.<\/span><br \/>\n<span style=\"color: #000000;\">\ud83d\udc9a Prve rezultate mo\u017eete primijetiti nakon nekoliko dana ili tjedana, ovisi o svakom pojedincu.<\/span><br \/>\n<span style=\"color: #000000;\">\ud83d\udc9a Ne utje\u010de na druge lijekove.<\/span><\/p>\n","protected":false},"featured_media":6329,"comment_status":"open","ping_status":"closed","template":"","meta":{"_acf_changed":false},"product_brand":[],"product_cat":[15,204,216],"product_tag":[],"class_list":{"0":"post-6008","1":"product","2":"type-product","3":"status-publish","4":"has-post-thumbnail","6":"product_cat-uncategorized","7":"product_cat-bachove-kapi","8":"product_cat-svi-proizvodi-ponudba","10":"first","11":"instock","12":"sale","13":"taxable","14":"shipping-taxable","15":"purchasable","16":"product-type-simple"},"acf":[],"_links":{"self":[{"href":"https:\/\/fengchashop.com\/hr\/wp-json\/wp\/v2\/product\/6008","targetHints":{"allow":["GET"]}}],"collection":[{"href":"https:\/\/fengchashop.com\/hr\/wp-json\/wp\/v2\/product"}],"about":[{"href":"https:\/\/fengchashop.com\/hr\/wp-json\/wp\/v2\/types\/product"}],"replies":[{"embeddable":true,"href":"https:\/\/fengchashop.com\/hr\/wp-json\/wp\/v2\/comments?post=6008"}],"wp:featuredmedia":[{"embeddable":true,"href":"https:\/\/fengchashop.com\/hr\/wp-json\/wp\/v2\/media\/6329"}],"wp:attachment":[{"href":"https:\/\/fengchashop.com\/hr\/wp-json\/wp\/v2\/media?parent=6008"}],"wp:term":[{"taxonomy":"product_brand","embeddable":true,"href":"https:\/\/fengchashop.com\/hr\/wp-json\/wp\/v2\/product_brand?post=6008"},{"taxonomy":"product_cat","embeddable":true,"href":"https:\/\/fengchashop.com\/hr\/wp-json\/wp\/v2\/product_cat?post=6008"},{"taxonomy":"product_tag","embeddable":true,"href":"https:\/\/fengchashop.com\/hr\/wp-json\/wp\/v2\/product_tag?post=6008"}],"curies":[{"name":"wp","href":"https:\/\/api.w.org\/{rel}","templated":true}]}}