{"id":6007,"date":"2022-02-06T21:25:00","date_gmt":"2022-02-06T20:25:00","guid":{"rendered":"https:\/\/fengchashop.com\/hr\/product\/bachove-kapi-prva-pomoc-za-zivotinje\/"},"modified":"2026-01-28T17:40:19","modified_gmt":"2026-01-28T16:40:19","slug":"bachove-kapi-prva-pomoc-za-zivotinje","status":"publish","type":"product","link":"https:\/\/fengchashop.com\/hr\/product\/bachove-kapi-prva-pomoc-za-zivotinje\/","title":{"rendered":"Bachove kapi Prva pomo\u0107 za \u017eivotinje"},"content":{"rendered":"<h2 style=\"text-align: justify;\"><span style=\"color: #000000;\">Bachove kapi prva pomo\u0107 za \u017eivotinje<\/span><\/h2>\n<p style=\"text-align: justify;\"><span style=\"color: #000000;\">Mnogi ku\u0107ni ljubimci iz ovog ili onog razloga imaju problema s suo\u010davanjem s ina\u010de sasvim normalnim situacijama. Bilo da se radi o posjetu veterinaru, tjeskobi od usamljenosti, pucanju petardi ili jednostavnom pranju i dotjerivanju. Problem s vremenom mo\u017ee postati sve dublji. Kako \u017eivotinji i vlasniku ne bi postalo nekontrolirano i optere\u0107uju\u0107e, priprema Bachovih cvjetnih esencija prava je prva pomo\u0107 u svakoj takvoj situaciji. Uz pomo\u0107 Bachovih kapi <strong>smanjujete napetost, stres, tjeskobu i bolje kontrolirate pona\u0161anje svog ku\u0107nog ljubimca<\/strong>.<\/span><\/p>\n<p style=\"text-align: justify;\"><span style=\"color: #000000;\">Bachov terapeut <strong>pripremit \u0107e posebnu mje\u0161avinu<\/strong> cvjetnih esencija nakon konzultacije s vlasnikom ili skrbnikom \u017eivotinje. Dakle, svje\u017ea smjesa za prvu pomo\u0107 (rescue remedy). Smjesa je dovoljna za 1 mjesec i bez konzervansa. Bachove kapi u kriznim situacijama <strong>treba staviti na jezik ili nos \u017eivotinje<\/strong>.<\/span><\/p>\n<h2 style=\"text-align: justify;\"><span style=\"color: #000000;\">Djelovanje Bachovih kapi<\/span><\/h2>\n<p style=\"text-align: justify;\"><span style=\"color: #000000;\">Bachove kapi u\u010dinkovito djeluju protiv razli\u010ditih <strong>emocionalnih tegoba kod \u017eivotinja<\/strong>. Tako\u0111er poma\u017eu u raznim krizama i te\u0161kim \u017eivotnim situacijama, poput bolesti i suo\u010davanja s novom okolinom, novim vlasnicima. Uz njih se \u017eivotinja smiruje. Kapi utje\u010du na emocionalno stanje \u017eivotinje i poma\u017eu u njegovom uskla\u0111ivanju.<\/span><\/p>\n<p style=\"text-align: justify;\"><span style=\"color: #000000;\">Prva pomo\u0107 za \u017eivotinje <strong>u\u010dinkovita je ako \u017eivotinja<\/strong>:<\/span><\/p>\n<p><span style=\"color: #000000;\"><em>\u00a0 \u00a0 \ud83d\udc9a u panici ili tjeskobi,<\/em><\/span><\/p>\n<p><span style=\"color: #000000;\"><em>\u00a0 \u00a0 \ud83d\udc9a iznenada zabrinuta<\/em><\/span><\/p>\n<p><span style=\"color: #000000;\"><em>\u00a0 \u00a0 \ud83d\udc9a suo\u010dena sa stresnom situacijom (buka, nevrijeme, pucketanje, vatromet&#8230;) ili<\/em><\/span><\/p>\n<p><span style=\"color: #000000;\"><em>\u00a0 \u00a0 \ud83d\udc9a imala traumati\u010dno iskustvo (selidba, napad, posjet veterinaru&#8230;).<\/em><\/span><\/p>\n<p style=\"text-align: justify;\"><span style=\"color: #000000;\">Mje\u0161avine Bachovih kapi pripremaju se prema metodi Dr. Bacha, <strong>a koristimo samo originalne Bachove esencije<\/strong>. Bachove kapi se uzimaju iz bo\u010dice pomo\u0107u prilo\u017eene pipete, \u0161to \u010dini doziranje izuzetno lakim. Prikladne su za sve \u017eivotinje (pse, ma\u010dke, konje, ptice, hr\u010dke&#8230;). <strong>Nemaju nuspojave<\/strong> i ne mogu se predozirati.<\/span><\/p>\n<p style=\"text-align: justify;\"><span style=\"color: #000000;\">Svaka boca odabrane mje\u0161avine <strong>priprema se ru\u010dno i u hodu<\/strong>.<\/span><\/p>\n<h2 style=\"text-align: justify;\"><span style=\"color: #000000;\">Skladi\u0161tenje<\/span><\/h2>\n<p style=\"text-align: justify;\"><span style=\"color: #000000;\">\u010cuvati na suhom i tamnom mjestu, na temperaturi do +25 \u00b0C.<\/span><\/p>\n<h2 style=\"text-align: justify;\"><span style=\"color: #000000;\">Pakiranje<\/span><\/h2>\n<p style=\"text-align: justify;\"><span style=\"color: #000000;\">30 ml<\/span><\/p>\n","protected":false},"excerpt":{"rendered":"<p><span style=\"color: #000000;\">Bachove kapi u\u010dinkovito djeluju protiv razli\u010ditih emocionalnih tegoba pojedinca. Poma\u017eu u raznim krizama i te\u0161kim \u017eivotnim situacijama. Uz njih se smirujemo i \u010duvamo mirnu glavu. One djeluju na na\u0161e emocionalno stanje i poma\u017eu u njegovom uskla\u0111ivanju.<\/span><\/p>\n<p><span style=\"color: #000000;\">\ud83d\udc9a Kapi se pakiraju ru\u010dno i na dan otpreme.<\/span><br \/>\n<span style=\"color: #000000;\">\ud83d\udc9a Pogodne su za sve ljude (trudnice, starije osobe, djeca,&#8230;) i \u017eivotinje.<\/span><br \/>\n<span style=\"color: #000000;\">\ud83d\udc9a Nemaju nuspojave, ne stvaraju ovisnost i ne mogu se predozirati.<\/span><br \/>\n<span style=\"color: #000000;\">\ud83d\udc9a Prve rezultate mo\u017eete primijetiti nakon nekoliko dana ili tjedana, ovisi o svakom pojedincu.<\/span><br \/>\n<span style=\"color: #000000;\">\ud83d\udc9a Ne utje\u010de na druge lijekove.<\/span><\/p>\n","protected":false},"featured_media":6329,"comment_status":"open","ping_status":"closed","template":"","meta":{"_acf_changed":false},"product_brand":[],"product_cat":[15,204,216],"product_tag":[],"class_list":{"0":"post-6007","1":"product","2":"type-product","3":"status-publish","4":"has-post-thumbnail","6":"product_cat-uncategorized","7":"product_cat-bachove-kapi","8":"product_cat-svi-proizvodi-ponudba","10":"first","11":"instock","12":"sale","13":"taxable","14":"shipping-taxable","15":"purchasable","16":"product-type-simple"},"acf":[],"_links":{"self":[{"href":"https:\/\/fengchashop.com\/hr\/wp-json\/wp\/v2\/product\/6007","targetHints":{"allow":["GET"]}}],"collection":[{"href":"https:\/\/fengchashop.com\/hr\/wp-json\/wp\/v2\/product"}],"about":[{"href":"https:\/\/fengchashop.com\/hr\/wp-json\/wp\/v2\/types\/product"}],"replies":[{"embeddable":true,"href":"https:\/\/fengchashop.com\/hr\/wp-json\/wp\/v2\/comments?post=6007"}],"wp:featuredmedia":[{"embeddable":true,"href":"https:\/\/fengchashop.com\/hr\/wp-json\/wp\/v2\/media\/6329"}],"wp:attachment":[{"href":"https:\/\/fengchashop.com\/hr\/wp-json\/wp\/v2\/media?parent=6007"}],"wp:term":[{"taxonomy":"product_brand","embeddable":true,"href":"https:\/\/fengchashop.com\/hr\/wp-json\/wp\/v2\/product_brand?post=6007"},{"taxonomy":"product_cat","embeddable":true,"href":"https:\/\/fengchashop.com\/hr\/wp-json\/wp\/v2\/product_cat?post=6007"},{"taxonomy":"product_tag","embeddable":true,"href":"https:\/\/fengchashop.com\/hr\/wp-json\/wp\/v2\/product_tag?post=6007"}],"curies":[{"name":"wp","href":"https:\/\/api.w.org\/{rel}","templated":true}]}}