{"id":5995,"date":"2022-03-03T21:15:49","date_gmt":"2022-03-03T20:15:49","guid":{"rendered":"https:\/\/fengchashop.com\/hr\/product\/kelp-u-prahu-bio-250-g\/"},"modified":"2026-05-08T02:13:11","modified_gmt":"2026-05-08T00:13:11","slug":"kelp-u-prahu-bio","status":"publish","type":"product","link":"https:\/\/fengchashop.com\/hr\/product\/kelp-u-prahu-bio\/","title":{"rendered":"Kelp u prahu BIO 250 g"},"content":{"rendered":"<h2><span style=\"color: #000000\">Kelp u prahu BIO<\/span><\/h2>\n<p><span style=\"color: #000000\">U hladnijim morima svijeta uspijeva <strong> sme\u0111a alga <\/strong> koja se zove kelp. Posebno je bogata mineralima koje upija iz \u010diste morske vode najhladnijeg norve\u0161kog mora. Ovi minerali iznimno su va\u017eni za na\u0161 organizam i vi\u0161estruko je dokazano da bez dovoljne koli\u010dine njih na\u0161e tijelo ne obavlja svoje funkcije kako bi trebalo, a kao posljedica toga nastaju razna bolesna stanja, kako tjelesna tako i psihi\u010dka.<\/span><\/p>\n<p><span style=\"color: #000000\">Kelp je prava riznica ovih minerala, hranjivih tvari i aktivnih sastojaka koji pozitivno djeluju na na\u0161 organizam, kao \u0161to su:<\/span><\/p>\n<p><span style=\"color: #000000\">\ud83d\udc9a uz pomo\u0107 fitokemikalija iz organizma uklanja radioaktivne elemente i \u0161tetne metale koji su sve ve\u0107i problem one\u010di\u0161\u0107enog okoli\u0161a u kojem \u017eivimo;<\/span><br \/>\n<span style=\"color: #000000\">\ud83d\udc9a jedan je od najbogatijih izvora joda, koji regulira rad \u0161titnja\u010de, pobolj\u0161ava metabolizam i sudjeluje u borbi protiv vi\u0161ka kilograma;<\/span><br \/>\n<span style=\"color: #000000\">\ud83d\udc9a minerali kelpa pobolj\u0161avaju rad organa, a posebno mje\u0161avina minerala kelpa povoljno djeluje na srce i krvne \u017eile;<\/span><br \/>\n<span style=\"color: #000000\">\ud83d\udc9a izvrstan je prebiotik, hrana za na\u0161e korisne crijevne bakterije;<\/span><br \/>\n<span style=\"color: #000000\">\ud83d\udc9a njegov polisaharid ksiloza <strong>neutralizira bakterije i gljivice;<\/strong><\/span><br \/>\n<span style=\"color: #000000\">\ud83d\udc9a zbog svoje bazi\u010dnosti vrlo poma\u017ee kod \u010destih problema <strong>kiselosti organizma<\/strong>, \u0161to dovodi do op\u0107e slabosti;<\/span><br \/>\n<span style=\"color: #000000\">\ud83d\udc9a sna\u017ean je <strong>antioksidans<\/strong>;<\/span><br \/>\n<span style=\"color: #000000\">\ud83d\udc9a galaktoza osigurava <strong> dobro pam\u0107enje <\/strong> i <strong> poti\u010de zacjeljivanje rana <\/strong>, zbog bolje apsorpcije kalcija pa i kosti.<\/span><\/p>\n<h2><span style=\"color: #000000\">\u0160to zapravo sadr\u017ei kelp koji tako pozitivno djeluje na nekoliko sustava na\u0161eg tijela?<\/span><\/h2>\n<p><span style=\"color: #000000\">Kelp je sme\u0111a alga koja se ponegdje tradicionalno koristi u prehrambene svrhe, a zbog \u010dinjenice da je iznimno bogata mineralima, aminokiselinama, hranjivim tvarima i aktivnim sastojcima na\u0161la je svoje mjesto u mnogim zdravstvenim priru\u010dnicima. Me\u0111u mineralima svakako se isti\u010du kalcij i magnezij, a kelp sadr\u017ei i kalij, jod, \u017eeljezo, riboflavin, vitamin B6 i puno vlakana, sve zajedno zapravo \u010dak 46 razli\u010ditih minerala, 16 aminokiselina i 11 vitamina. Stoga nas ne \u010dudi \u010dinjenica da su alge, uklju\u010duju\u0107i Kelp, u posljednjih nekoliko desetlje\u0107a \u010desto bile predmet znanstvenih istra\u017eivanja. Kelp tako\u0111er sadr\u017ei <strong>glutaminsku kiselinu <\/strong>, koja omek\u0161ava hranu bogatu vlaknima i pobolj\u0161ava okus hrane koju jedemo. <strong>Fitokemikalije <\/strong> uklanjaju radioaktivne tvari i te\u0161ke metale, pa se preporu\u010da jesti kelpu nakon zra\u010denja i kemoterapije. Fitokemikalije zapravo nisu minerali ili aminokiseline, ali bolje su poznate one aktivne tvari koje sprje\u010davaju bolesti, kao \u0161to je alicin u \u010de\u0161njaku, za kojeg svi znamo da se smatra prirodnim antibiotikom. Sme\u0111e alge tako\u0111er sadr\u017ee dvije va\u017ene tvari, a to su <strong>fukoidan i fukoksantin.<\/strong> Prvi se smatra dobrom prevencijom u borbi protiv raka, drugi u borbi protiv prekomjerne te\u017eine te za bolji metabolizam i sagorijevanje masti.<\/span><\/p>\n<p><span style=\"color: #000000\"><strong>Jod<\/strong> je najbolje zastupljen u kelpi \u2013 mineralu od kojeg pate mnoge (osobito) \u017eene. Jod regulira metabolizam i rad \u0161titnja\u010de pa \u0107e pomo\u0107i u pobolj\u0161anju metabolizma i lak\u0161e kontrolirati svoju te\u017einu, posebice one uzrokovane problemima sa \u0161titnja\u010dom. Ne zaboravimo da \u0161titnja\u010da lu\u010di hormone koji kontroliraju brzinu metaboli\u010dkih procesa, a posredno utje\u010du i na gotovo sve tjelesne funkcije. Zbog toga je jedan od najva\u017enijih organa u na\u0161em tijelu pa je na\u0161a briga za njegovo normalno i pravilno funkcioniranje neophodna. Ponekad je dovoljan i dovoljan unos joda, \u0161to se mo\u017ee posti\u0107i redovitom konzumacijom prirodnog dodatka prehrani \u2013 kelpa. U slu\u010daju problema sa \u0161titnja\u010dom, prije uzimanja kelpa posavjetujte se s lije\u010dnikom. Mineral pun kelpa utje\u010de i na rad ostalih unutarnjih organa koji presudno utje\u010du na u\u010dinkovitu borbu protiv toksina i slobodnih radikala, te na taj na\u010din djeluju i pomla\u0111uju\u0107e.<\/span><\/p>\n<h2><span style=\"color: #000000\">Spremanje i upozorenja<\/span><\/h2>\n<p><span style=\"color: #000000\">\u010cuvati na suhom i hladnom mjestu na temperaturi do 25\u00b0C. Dodatke prehrani \u010duvajte izvan dohvata djece!<\/span><\/p>\n<p><span style=\"color: #000000\">Zapamtite va\u017enost raznolike prehrane i zdravog na\u010dina \u017eivota, stoga dodatak prehrani nije zamjena za uravnote\u017eenu i raznoliku prehranu. Preporu\u010dena dnevna koli\u010dina ili doza ne smije se prekora\u010diti. Trudnicama i dojiljama uvijek se savjetuje da se prije uporabe posavjetuju s lije\u010dnikom.<\/span><\/p>\n<h2><span style=\"color: #000000\">Ambala\u017ea<\/span><\/h2>\n<p style=\"text-align: justify\"><span style=\"color: #000000\">Nepropusna vre\u0107ica s patentnim zatvara\u010dem u kojoj proizvod zadr\u017eava svu svje\u017einu i miris. Ambala\u017ea \u0161titi od svjetlosti i zraka, jer se sastoji od nekoliko slojeva za\u0161tite koji \u010duvaju svojstva sadr\u017eaja.<\/span><\/p>\n<p style=\"text-align: justify\"><span style=\"color: #000000\">Ambala\u017ea je vrlo prakti\u010dna i mo\u017ee se reciklirati.<\/span><\/p>\n<h2><span style=\"color: #000000\">Podrijetlo<\/span><\/h2>\n<p><span style=\"color: #000000\">Norve\u0161ka ali Kanada<\/span><\/p>\n","protected":false},"excerpt":{"rendered":"<p>U hladnijim morima svijeta uspijeva <strong>sme\u0111a alga<\/strong> zvana <strong>kelp<\/strong>. Posebno je bogat mineralima koje upija iz \u010diste morske vode najhladnijeg norve\u0161kog mora. Ovi minerali iznimno su va\u017eni za na\u0161 organizam i vi\u0161estruko je dokazano da bez dovoljne koli\u010dine njih na\u0161e tijelo ne obavlja svoje funkcije kako bi trebalo, a kao posljedica toga nastaju razna bolesna stanja, kako tjelesna tako i psihi\u010dka.<\/p>\n<p align=\"JUSTIFY\"><span style=\"color: #000000\">\ud83d\udc9a Uz pomo\u0107 fitokemikalija iz tijela <strong>uklanja radioaktivne elemente<\/strong> i <strong>\u0161tetne metale<\/strong>.<\/span><br \/>\n<span style=\"color: #000000\">\ud83d\udc9a <strong>Jedan<\/strong> je od <strong>najbogatijih izvora joda<\/strong>, koji <strong>regulira<\/strong> rad <strong>\u0161titnja\u010de<\/strong>.<\/span><br \/>\n<span style=\"color: #000000\">\ud83d\udc9a Izvrstan je <strong>prebiotik<\/strong>, hrana za na\u0161e korisne crijevne bakterije.<\/span><br \/>\n<span style=\"color: #000000\">\ud83d\udc9a Bogat je izvor biljnih proteina.<\/span><\/p>\n","protected":false},"featured_media":6327,"comment_status":"open","ping_status":"closed","template":"","meta":{"_acf_changed":false},"product_brand":[],"product_cat":[15,222,195,216],"product_tag":[],"class_list":{"0":"post-5995","1":"product","2":"type-product","3":"status-publish","4":"has-post-thumbnail","6":"product_cat-uncategorized","7":"product_cat-alge-i-trave","8":"product_cat-superhrana","9":"product_cat-svi-proizvodi-ponudba","11":"first","12":"instock","13":"sale","14":"taxable","15":"shipping-taxable","16":"purchasable","17":"product-type-simple"},"acf":[],"_links":{"self":[{"href":"https:\/\/fengchashop.com\/hr\/wp-json\/wp\/v2\/product\/5995","targetHints":{"allow":["GET"]}}],"collection":[{"href":"https:\/\/fengchashop.com\/hr\/wp-json\/wp\/v2\/product"}],"about":[{"href":"https:\/\/fengchashop.com\/hr\/wp-json\/wp\/v2\/types\/product"}],"replies":[{"embeddable":true,"href":"https:\/\/fengchashop.com\/hr\/wp-json\/wp\/v2\/comments?post=5995"}],"wp:featuredmedia":[{"embeddable":true,"href":"https:\/\/fengchashop.com\/hr\/wp-json\/wp\/v2\/media\/6327"}],"wp:attachment":[{"href":"https:\/\/fengchashop.com\/hr\/wp-json\/wp\/v2\/media?parent=5995"}],"wp:term":[{"taxonomy":"product_brand","embeddable":true,"href":"https:\/\/fengchashop.com\/hr\/wp-json\/wp\/v2\/product_brand?post=5995"},{"taxonomy":"product_cat","embeddable":true,"href":"https:\/\/fengchashop.com\/hr\/wp-json\/wp\/v2\/product_cat?post=5995"},{"taxonomy":"product_tag","embeddable":true,"href":"https:\/\/fengchashop.com\/hr\/wp-json\/wp\/v2\/product_tag?post=5995"}],"curies":[{"name":"wp","href":"https:\/\/api.w.org\/{rel}","templated":true}]}}