{"id":5992,"date":"2022-03-03T20:19:46","date_gmt":"2022-03-03T19:19:46","guid":{"rendered":"https:\/\/fengchashop.com\/hr\/product\/klorela-u-prahu-bio-250-g\/"},"modified":"2026-05-07T18:47:35","modified_gmt":"2026-05-07T16:47:35","slug":"klorela-u-prahu-bio","status":"publish","type":"product","link":"https:\/\/fengchashop.com\/hr\/product\/klorela-u-prahu-bio\/","title":{"rendered":"Klorela u prahu BIO 250 g"},"content":{"rendered":"<h2><span style=\"color: #000000\">Klorela u prahu BIO<\/span><\/h2>\n<p><span style=\"color: #000000\">Biljka bogata klorofilom koja uspijeva u slatkoj vodi diljem svijeta naziva se klorela (Chlorella). Klorela ima mnoge pozitivne u\u010dinke na zdravlje. Ima prepoznatljivu svijetlo zelenu boju i mnoge zdravstvene prednosti. Najpoznatija je kao alga, koja sadr\u017ei <strong>izuzetno veliku koli\u010dinu proteina <\/strong> i bogatu i, iznad svega, uravnote\u017eenu, idealnu strukturu. Zbog svog sadr\u017eaja beta-karotena smatra se i <strong>izvrsnim detoksikantom.<\/strong> <strong>\u010cisti nas od \u0161tetnih tvari uzrokovanih zaga\u0111enim okoli\u0161em i hranom<\/strong> (pesticidi, herbicidi, te\u0161ki metali) koje konzumiramo.<\/span><\/p>\n<p><span style=\"color: #000000\">To je mikroskopski mala zelena alga s uravnote\u017eenom strukturom i stoga ima nekoliko prednosti:<\/span><\/p>\n<p><span style=\"color: #000000\">\ud83d\udc9a <strong>Visoke razine klorofila <\/strong> igraju va\u017enu ulogu u detoksikaciji tijela,<\/span><\/p>\n<p><span style=\"color: #000000\">\ud83d\udc9a proizvodi <strong> protein interferon koji je va\u017ean za optimalno funkcioniranje imunolo\u0161kog sustava,<\/strong><\/span><\/p>\n<p><span style=\"color: #000000\">\ud83d\udc9a <strong>ima visok udio proteina<\/strong> \u2013 oko 55 %,<\/span><\/p>\n<p><span style=\"color: #000000\">\ud83d\udc9a sadr\u017ei vitalne <strong>ugljikohidrate, proteine, enzime, minerale i vitamine.<\/strong><\/span><\/p>\n<p><span style=\"color: #000000\">Klorela i druge alge naj\u010de\u0161\u0107e se konzumiraju u prahu. U ponudi imamo i klorelu u tabletama.<\/span><\/p>\n<p><span style=\"color: #000000\">Na\u0161a klorela je iz organske proizvodnje.<\/span><\/p>\n<h2><span style=\"color: #000000\">Za\u0161to klorela tako dobro djeluje na ljudski organizam?<\/span><\/h2>\n<p><span style=\"color: #000000\">Klorela ima visok <strong>udio antioksidansa i klorofila<\/strong>, koji ve\u017eu toksine u tijelu i imaju izuzetno pro\u010di\u0161\u0107avaju\u0107u i detoksikacijsku ulogu u ljudskom tijelu. \u010cisti i krv i jetru i cijeli probavni trakt. Time se tako\u0111er pobolj\u0161ava probava, uz pomo\u0107 probavnog <strong>enzima pepsina<\/strong> koji se proizvodi u kloreli i sudjeluje u probavnom sustavu. Chlorella sadr\u017ei 18 aminokiselina, od kojih je 8 esencijalnih, \u0161to zna\u010di da ima idealan proteinski sastav. Osim toga, puna je vitamina i minerala poput vitamina B, vitamina C, E i K, te \u017eeljeza, kalcija, magnezija, fosfora i naravno joda.<\/span><\/p>\n<p><span style=\"color: #000000\">Poznata je i kao alga koja <strong>regulira probavu<\/strong>, jer se brine za rast dobrih bakterija u crijevima i dobru crijevnu floru. Zbog visokog sadr\u017eaja klorofila,<strong>\u010disti crijeva, jetru i krv.<\/strong>Tako\u0111er detoksificira cijelo tijelo i poma\u017ee kod zatvora. \u010cista krv i uredna probava tako\u0111er povoljno utje\u010du na izgled i zdravlje na\u0161e ko\u017ee \u2013 na\u0161eg najve\u0107eg organa. Klorela tako\u0111er mo\u017ee pomo\u0107i u borbi protiv <strong> kandide.<\/strong><\/span><\/p>\n<p><span style=\"color: #000000\">Chlorella sadr\u017ei <strong>puno \u017eeljeza<\/strong> koje tijelo brzo apsorbira i koristi za svoje crvene krvne stanice. Na taj na\u010din pozitivno djeluje na probleme s anemijom, umorom, prekomjernim radom i malaksalo\u0161\u0107u. Povoljno djeluje i na ljude koji se oporavljaju od dugotrajnih bolesti.<\/span><\/p>\n<p><span style=\"color: #000000\">Faktor rasta klorele <strong>ubrzava regeneraciju stanica<\/strong>, pa \u0107e rane br\u017ee zacijeliti, bit \u0107ete otporniji na infekcije i imat \u0107ete vi\u0161e energije.<\/span><\/p>\n<h2><span style=\"color: #000000\">Kome je namijenjena klorela?<\/span><\/h2>\n<p><span style=\"color: #000000\">Klorela je, kao i spirulina, izvrstan dodatak prehrani za sve, a posebno je korisna za one koji ne jedu meso i mesne prera\u0111evine, za pothranjene, za starije i bolesne osobe. Pogodan je i za osobe koje ne jedu dovoljno kvalitetnog svje\u017eeg zelenog povr\u0107a. Pogodana je i za trudnice i dojilje, koje \u010desto imaju lo\u0161u krv ili nizak nivo \u017eeljeza u krvi. Pogodaa je i za sporta\u0161e, jer im poma\u017ee da lak\u0161e apsorbiraju hranjive tvari.<\/span><\/p>\n<p><span style=\"color: #000000\">Pogodana je i za osobe koje su izlo\u017eene pretjeranom stresu i zbog toga imaju pote\u0161ko\u0107a s koncentracijom.<\/span><\/p>\n<p><span style=\"color: #000000\">Namijenjena je osobama koje \u017eele zadr\u017eati tjelesnu te\u017einu ili izgubiti kilogram, a klorela je izvrstan pratitelj raznim (mr\u0161avljenim) dijetama. Regulira probavu <strong>i puni nas va\u017enim hranjivim tvarima<\/strong>.<\/span><\/p>\n<h2><span style=\"color: #000000\">Spremanje i upozorenja<\/span><\/h2>\n<p><span style=\"color: #000000\">\u010cuvati na suhom i hladnom mjestu na temperaturi do 25\u00b0C. Dodatke prehrani \u010duvajte izvan dohvata djece!<\/span><\/p>\n<p><span style=\"color: #000000\">Zapamtite va\u017enost raznolike prehrane i zdravog na\u010dina \u017eivota, stoga dodatak prehrani nije zamjena za uravnote\u017eenu i raznoliku prehranu. Preporu\u010dena dnevna koli\u010dina ili doza ne smije se prekora\u010diti. Trudnicama i dojiljama uvijek se savjetuje da se prije uporabe posavjetuju s lije\u010dnikom.<\/span><\/p>\n<p><span style=\"color: #000000\">Klorela mo\u017ee sadr\u017eavati sulfite koji se prirodno nalaze u algama.<\/span><\/p>\n<h2><span style=\"color: #000000\">Ambala\u017ea<\/span><\/h2>\n<p style=\"text-align: justify\"><span style=\"color: #000000\">Nepropusna vre\u0107ica s patentnim zatvara\u010dem u kojoj proizvod zadr\u017eava svu svje\u017einu i miris. Ambala\u017ea \u0161titi od svjetlosti i zraka, jer se sastoji od nekoliko slojeva za\u0161tite koji \u010duvaju svojstva sadr\u017eaja.<\/span><\/p>\n<p style=\"text-align: justify\"><span style=\"color: #000000\">Ambala\u017ea je vrlo prakti\u010dna i mo\u017ee se reciklirati.<\/span><\/p>\n<h2><span style=\"color: #000000\">Podrijetlo<\/span><\/h2>\n<p><span style=\"color: #000000\">Kina.<\/span><\/p>\n<p><span style=\"color: #000000\">Imamo vrlo pouzdane dobavlja\u010de koji nam \u0161alju detaljnu kemijsku analizu hrane za svaku seriju. U vi\u0161e od deset godina nismo imali opoziva niti bilo kakvih drugih problema s ovim artiklom, kao ni s drugim artiklima istog dobavlja\u010da. <\/span><\/p>\n<p><span style=\"color: #000000\">Artikal ima 100% ekolo\u0161ki certifikat.<\/span><\/p>\n","protected":false},"excerpt":{"rendered":"<p align=\"JUSTIFY\">Biljka bogata klorofilom koja uspijeva u slatkoj vodi diljem svijeta naziva se klorela. Klorela ima mnoge pozitivne u\u010dinke na zdravlje. Poznata je prvenstveno kao alga, koja sadr\u017ei iznimno visoku koli\u010dinu proteina i bogatu i prije svega uravnote\u017eenu, idealnu strukturu. Zbog sadr\u017eaja beta karotena, smatra se i izvrsnim detoksikatorom. \u010cisti nas od \u0161tetnih tvari koje proizlaze iz zaga\u0111enog okoli\u0161a i hrane (pesticidi, herbicidi, te\u0161ki metali) koju jedemo.<\/p>\n<p align=\"JUSTIFY\"><span style=\"color: #000000\">\ud83d\udc9a Poma\u017ee u detoksikaciji organizma.<\/span><br \/>\n<span style=\"color: #000000\">\ud83d\udc9a Ima visok sadr\u017eaj antioksidansa i klorofila.<\/span><br \/>\n<span style=\"color: #000000\">\ud83d\udc9a \u010cisti crijeva, jetru i krv.<\/span><br \/>\n<span style=\"color: #000000\">\ud83d\udc9a Bogat je izvor biljnih proteina.<\/span><\/p>\n","protected":false},"featured_media":6322,"comment_status":"open","ping_status":"closed","template":"","meta":{"_acf_changed":false},"product_brand":[],"product_cat":[15,222,195,216],"product_tag":[],"class_list":{"0":"post-5992","1":"product","2":"type-product","3":"status-publish","4":"has-post-thumbnail","6":"product_cat-uncategorized","7":"product_cat-alge-i-trave","8":"product_cat-superhrana","9":"product_cat-svi-proizvodi-ponudba","11":"first","12":"instock","13":"sale","14":"taxable","15":"shipping-taxable","16":"purchasable","17":"product-type-simple"},"acf":[],"_links":{"self":[{"href":"https:\/\/fengchashop.com\/hr\/wp-json\/wp\/v2\/product\/5992","targetHints":{"allow":["GET"]}}],"collection":[{"href":"https:\/\/fengchashop.com\/hr\/wp-json\/wp\/v2\/product"}],"about":[{"href":"https:\/\/fengchashop.com\/hr\/wp-json\/wp\/v2\/types\/product"}],"replies":[{"embeddable":true,"href":"https:\/\/fengchashop.com\/hr\/wp-json\/wp\/v2\/comments?post=5992"}],"wp:featuredmedia":[{"embeddable":true,"href":"https:\/\/fengchashop.com\/hr\/wp-json\/wp\/v2\/media\/6322"}],"wp:attachment":[{"href":"https:\/\/fengchashop.com\/hr\/wp-json\/wp\/v2\/media?parent=5992"}],"wp:term":[{"taxonomy":"product_brand","embeddable":true,"href":"https:\/\/fengchashop.com\/hr\/wp-json\/wp\/v2\/product_brand?post=5992"},{"taxonomy":"product_cat","embeddable":true,"href":"https:\/\/fengchashop.com\/hr\/wp-json\/wp\/v2\/product_cat?post=5992"},{"taxonomy":"product_tag","embeddable":true,"href":"https:\/\/fengchashop.com\/hr\/wp-json\/wp\/v2\/product_tag?post=5992"}],"curies":[{"name":"wp","href":"https:\/\/api.w.org\/{rel}","templated":true}]}}