{"id":5991,"date":"2022-03-03T20:05:37","date_gmt":"2022-03-03T19:05:37","guid":{"rendered":"https:\/\/fengchashop.com\/hr\/product\/maca-u-prahu-bio-500-g\/"},"modified":"2026-05-08T19:04:56","modified_gmt":"2026-05-08T17:04:56","slug":"mac-u-prahu-bio","status":"publish","type":"product","link":"https:\/\/fengchashop.com\/hr\/product\/mac-u-prahu-bio\/","title":{"rendered":"Maca u prahu BIO 500 g"},"content":{"rendered":"<h2><span style=\"color: #000000\">Maca u prahu BIO<\/span><\/h2>\n<p><span style=\"color: #000000\">Maca je biljka s korijenom koja uspijeva u peruanskom i andskom gorju, izlo\u017eena ekstremnim vremenskim uvjetima i velikim temperaturnim razlikama izme\u0111u dana i no\u0107i. Naziva se i <strong> Peruanski ginseng <\/strong>. Kako je prakti\u010dki nepobjediv u pre\u017eivljavanju, drevne Inke koristile su njegove aktivne sastojke koji posebno dobro utje\u010du na mu\u0161ku spolnu potenciju i blagotvorno djeluju na op\u0107e zdravlje. Upravo zbog potonjeg smatra se iznimno vrijednom superhranom.<\/span><\/p>\n<p><span style=\"color: #000000\">Ljekoviti dio mace je gomolj koji <strong>sadr\u017ei puno vitamina, minerala i aminokiselina.<\/strong> Zbog tvari koje djeluju sli\u010dno kao i hormoni, regulira razinu estrogena i progesterona odnosno testosterona koji ima blagotvorno utje\u010de na na\u0161u dobrobit i daje nam snagu i izdr\u017eljivost. Sadr\u017eaj va\u017enih vitamina kao \u0161to su vitamini B1, B12, C i E te masnih kiselina, minerala i aminokiselina (uklju\u010duju\u0107i 7 esencijalnih &#8211; onih koji su prijeko potrebni na\u0161em tijelu), maca je jedna od naju\u010dinkovitijih, po\u017eeljnih i preporu\u010denih prirodnih superhrana s vi\u0161e tisu\u0107ljetne tradicije.<\/span><\/p>\n<p><span style=\"color: #000000\">To je <strong> adaptogena biljka <\/strong> koja <strong> pove\u0107ava energiju, izdr\u017eljivost, vitalnost i fizi\u010dku snagu. <\/strong> Poma\u017ee nam odgovoriti na stres i lak\u0161e se prilagoditi promjenama. Kri\u017eanac je poput brokule, cvjeta\u010de, repe, kupusa, kelja i rotkvice. Najjestiviji dio biljke je korijen ili gomolj. Dolazi u nekoliko boja, od bijele do crne. Najpopularnije su <strong>\u017euta, crvena i crna.<\/strong> Obi\u010dno se \u017euta maca koristi za svaki dan i za dugotrajno u\u017eivanje. Crvena i crna maca, s druge strane, smatraju se namjenskim sortama i koriste se za kroni\u010dne terapijske probleme.<\/span><\/p>\n<p><span style=\"color: #000000\">Ima vrlo sladak okus i \u0161iroku primjenu.<\/span><\/p>\n<p><span style=\"color: #000000\">Na\u0161a maca je <strong> 100% ekolo\u0161ka. <\/strong><\/span><\/p>\n<h2><span style=\"color: #000000\">Koje su klju\u010dne kvalitete koje nam maca nudi?<\/span><\/h2>\n<p><span style=\"color: #000000\"><strong>Vrlo je hranjiva<\/strong><\/span><\/p>\n<p><span style=\"color: #000000\">Maca je izvrstan izvor nekoliko va\u017enih vitamina i minerala kao \u0161to su vitamin C, A, E, B2, B6, B12, bakar, magnezij, selen, kalcij, kalij, natrij, fosfor, mangan i \u017eeljezo. Dobar je izvor ugljikohidrata, aminokiselina, masti, sadr\u017ei puno vlakana i drugih fitonutrijenata. Sadr\u017ei i razne biljne spojeve kao \u0161to su glukozinolati, polifenoli i fitosteroli, koji inhibiraju apsorpciju kolesterola i mogu \u010dak smanjiti njegovu vrijednost u krvi.<\/span><\/p>\n<p><span style=\"color: #000000\"><strong>Pove\u0107ava libido<\/strong><\/span><\/p>\n<p><span style=\"color: #000000\">Pove\u0107ava <strong>seksualni nagon<\/strong> i kod mu\u0161karaca i kod \u017eena. Prirodni je afrodizijak. Uklanja erektilnu disfunkciju. Maca je u\u010dinkovita u <strong>pobolj\u0161anju seksualne \u017eelje<\/strong> i tu tvrdnju potvr\u0111uju razli\u010dite studije. Studija iz 2010. koja je uklju\u010divala \u010detiri klini\u010dke studije s ukupno 131 sudionikom pokazala je da maca pobolj\u0161ava seksualnu \u017eelju nakon najmanje \u0161est tjedana konzumacije. Druga studija pokazala je da maca smanjuje seksualnu disfunkciju uzrokovanu lijekovima koji se upotrebljavaju za lije\u010denje depresije.<\/span><\/p>\n<p><span style=\"color: #000000\"><strong>Pove\u0107ava plodnost<\/strong><\/span><\/p>\n<p><span style=\"color: #000000\">Maca pove\u0107ava plodnost i kod mu\u0161karaca i kod \u017eena. Pregledom pet kratkih studija utvr\u0111eno je da maca <strong>pove\u0107ava proizvodnju sperme i pobolj\u0161ava kvalitetu sjemena kod neplodnih, ali ina\u010de zdravih mu\u0161karaca<\/strong>. Nakon 4 mjeseca konzumiranja biljke maca pove\u0107ao se volumen, broj i kretanje spermija. Kod \u017eena <strong>regulira menstrualni ciklus<\/strong> i ubla\u017eava simptome PMS-a i menstrualne bolove.<\/span><\/p>\n<p><span style=\"color: #000000\"><strong>Smanjuje veli\u010dinu prostate<\/strong><\/span><\/p>\n<p><span style=\"color: #000000\">Neka istra\u017eivanja pokazala su da crvena maca smanjuje veli\u010dinu prostate jer sadr\u017ei veliku koli\u010dinu glukozinolata. Oni su povezani i s manjim <strong>rizikom od raka<\/strong> prostate i zdravijom prostatom.<\/span><\/p>\n<p><span style=\"color: #000000\"><strong>Hormonska ravnote\u017ea<\/strong><\/span><\/p>\n<p><span style=\"color: #000000\">Podr\u017eava endokrini sustav koji, izme\u0111u ostalog, prenosi kisik po tijelu. <strong>Poti\u010de na pravilan rad \u017elijezda<\/strong> (hipotalamus, hipofiza, nadbubre\u017ena \u017elijezda, \u0161titnja\u010da), \u010dime poti\u010de proizvodnju hormona (progesteron, testosteron, DHEA) i regulira rad cijelog hormonskog sustava. Pravilno funkcioniranje endokrinog sustava povezano je i s pravilnim funkcioniranjem imunolo\u0161kog sustava. Ako je ravnote\u017ea bilo gdje u endokrinom sustavu poreme\u0107ena, smanjuje se sposobnost na\u0161eg obrambenog mehanizma.<\/span><\/p>\n<p><span style=\"color: #000000\"><strong>Ubla\u017eava simptome menopauze i andropauze (mu\u0161ka menopauza)<\/strong><\/span><\/p>\n<p><span style=\"color: #000000\">Prirodni pad estrogena koji se javlja tijekom menopauze mo\u017ee uzrokovati niz neugodnih simptoma kao \u0161to su <strong>valovi vru\u0107ine, suho\u0107a vagine, promjene raspolo\u017eenja, problemi sa spavanjem i razdra\u017eljivost<\/strong>. Jedno istra\u017eivanje na \u017eenama u menopauzi pokazalo je da maca poma\u017ee u ubla\u017eavanju simptoma menopauze, uklju\u010duju\u0107i valove vru\u0107ine i probleme sa spavanjem. Maca poma\u017ee i u za\u0161titi zdravlja kostiju i smanjuje rizik od osteoporoze. Usporava proces starenja.<\/span><\/p>\n<p><span style=\"color: #000000\"><strong>Pobolj\u0161ava raspolo\u017eenje<\/strong><\/span><\/p>\n<p><span style=\"color: #000000\">Nekoliko studija ve\u0107 je pokazalo da maca mo\u017ee <strong>pobolj\u0161ati raspolo\u017eenje i mentalno blagostanje<\/strong> jer sadr\u017ei flavonide. Smanjuje anksioznost i simptome depresije, osobito kod \u017eena u menopauzi. Poma\u017ee smanjiti stres i \u017eiv\u010danu napetost pove\u0107avaju\u0107i koli\u010dinu kisika u krvi.<\/span><\/p>\n<p><span style=\"color: #000000\"><strong>Pove\u0107ava energiju i sportske performanse<\/strong><\/span><\/p>\n<p><span style=\"color: #000000\">Macu upotrebljavaju i <strong>sporta\u0161i<\/strong>. Poma\u017ee u dobivanju mi\u0161i\u0107ne mase, pove\u0107anju snage, energije, izdr\u017eljivosti i pobolj\u0161anju izvedbe vje\u017ebanja. Konzumacija biljke maca mo\u017ee pobolj\u0161ati <strong>izvedbu tijekom vje\u017ebanja<\/strong>, osobito tijekom treninga izdr\u017eljivosti. Poma\u017ee kod kroni\u010dnog umora. Pove\u0107ava vitalnost tijela te mentalnu i fizi\u010dku energiju.<\/span><\/p>\n<p><span style=\"color: #000000\"><strong>Dobra za u\u010denje i pam\u0107enje<\/strong><\/span><\/p>\n<p><span style=\"color: #000000\">Maca mo\u017ee <strong>pobolj\u0161ati rad mozga<\/strong> i ima blagotvoran u\u010dinak na u\u010denje, koncentraciju i pam\u0107enje. Tradicionalno ga upotrebljavaju starosjedioci Perua za pobolj\u0161anje uspjeha djece u \u0161koli. U ovom slu\u010daju, crna maca pokazala se naju\u010dinkovitijom.<\/span><\/p>\n<h2><span style=\"color: #000000\">Kojim problemima poma\u017ee ili kome to preporu\u010damo?<\/span><\/h2>\n<p><span style=\"color: #000000\">Maca je adaptogena biljka, \u0161to zna\u010di da se nekako prilago\u0111ava potrebama pojedinca. Adaptogeni ja\u010daju organske sustave (di\u0161ni, gastrointestinalni, mokra\u0107ni\u2026), ali ih pritom ne stimuliraju pretjerano niti na drugi na\u010din ometaju njihov rad. Ljudima kojima je potrebna pomo\u0107 savjetujemo:<\/span><\/p>\n<p><span style=\"color: #000000\">\ud83d\udc9a prevladavanje problema s <strong>promjenama raspolo\u017eenja, <\/strong><\/span><br \/>\n<span style=\"color: #000000\">\ud83d\udc9a kod neplodnosti i problema u <strong>menopauzi, <\/strong><\/span><br \/>\n<span style=\"color: #000000\">\ud83d\udc9a postizanje ve\u0107e <strong> psihi\u010dke i fizi\u010dke u\u010dinkovitosti <\/strong><\/span><br \/>\n<span style=\"color: #000000\">\ud83d\udc9a pove\u0107ati <strong> seksualnu mo\u0107 <\/strong><\/span><br \/>\n<span style=\"color: #000000\">\ud83d\udc9a mnoge druge zdravstvene probleme.<\/span><\/p>\n<h2><span style=\"color: #000000\">Za\u0161to naru\u010diti na\u0161u macu?<\/span><\/h2>\n<p><span style=\"color: #000000\">Na\u0161 prah mace dolazi iz <strong> kontrolirane organske proizvodnje <\/strong> pa\u017eljivo osu\u0161en i samljeven u prah sli\u010dan bra\u0161nu. Osim toga, redovito pazimo da su na\u0161e zalihe mace <strong> uvijek svje\u017ee! <\/strong> To je jedan od razloga za\u0161to sami pa\u017eljivo pripremamo smjesu, jer je to jedini na\u010din da osiguramo njezinu cjelovitost sa svje\u017eim sastojcima u pravim proporcijama.<\/span><\/p>\n<p><span style=\"color: #000000\">Maca dolazi s peruanskih visokoplaninskih <strong>organskih farmi<\/strong>. Za svaku smo seriju izvr\u0161ili analize i valjani certifikat.<\/span><\/p>\n<h2><span style=\"color: #000000\">Hranjiva vrijednost<\/span><\/h2>\n<p><span style=\"color: #000000\">Prosje\u010dne hranjive vrijednosti na 100 g make: energetska vrijednost: 1431 kJ \/ 342 kcal; masti: 1 g, od toga zasi\u0107ene: 1 g; ugljikohidrati: 69,8 g, od toga \u0161e\u0107eri: 30 g; proteini: 13,72 g i sol: &lt;0,1 g.<\/span><\/p>\n<h2><span style=\"color: #000000\">Spremanje i upozorenja<\/span><\/h2>\n<p><span style=\"color: #000000\">\u010cuvati na hladnom i suhom mjestu na temperaturi do 25 \u00b0C. Dodatak prehrani \u010duvajte izvan dohvata djece!<\/span><\/p>\n<p><span style=\"color: #000000\">Zapamtite va\u017enost raznovrsne prehrane i zdravog na\u010dina \u017eivota, dodatak prehrani nije zamjena za uravnote\u017eenu i raznoliku prehranu. Preporu\u010dena dnevna koli\u010dina ili doza ne smije se prekora\u010diti. Trudnicama i dojiljama uvijek se savjetuje da se prije upotrebe posavjetuju s lije\u010dnikom.<\/span><\/p>\n<h2><span style=\"color: #000000\">Ambala\u017ea<\/span><\/h2>\n<p><span style=\"color: #000000\">Nepropusna vre\u0107ica s patentnim zatvara\u010dem u kojoj proizvod zadr\u017eava svu svoju svje\u017einu i aromu. Ambala\u017ea \u0161titi od svjetlosti i zraka, jer je napravljena od nekoliko slojeva za\u0161tite koji \u010duvaju svojstva sadr\u017eaja.<\/span><\/p>\n<p><span style=\"color: #000000\">Ambala\u017ea je vrlo prakti\u010dna i mo\u017ee se reciklirati.<\/span><\/p>\n<h2><span style=\"color: #000000\">Podrijetlo<\/span><\/h2>\n<p><span style=\"color: #000000\">Peru<\/span><\/p>\n","protected":false},"excerpt":{"rendered":"<p align=\"JUSTIFY\"><span class=\"VIiyi\" lang=\"hr\" style=\"color: #000000\"><span class=\"JLqJ4b ChMk0b\" data-language-for-alternatives=\"hr\" data-language-to-translate-into=\"sl\" data-phrase-index=\"0\" data-number-of-phrases=\"4\">Maca je biljka s korijenom koja uspijeva u peruanskim Andima, izlo\u017eena <strong>ekstremnim vremenskim uvjetima i velikim temperaturnim razlikama<\/strong> izme\u0111u dana i no\u0107i.<\/span> <span class=\"JLqJ4b ChMk0b\" data-language-for-alternatives=\"hr\" data-language-to-translate-into=\"sl\" data-phrase-index=\"1\" data-number-of-phrases=\"4\">Ljekoviti dio mace je gomolj koji je bogat <strong>vitaminima, mineralima i aminokiselinama<\/strong>.<\/span> <span class=\"JLqJ4b ChMk0b\" data-language-for-alternatives=\"hr\" data-language-to-translate-into=\"sl\" data-phrase-index=\"2\" data-number-of-phrases=\"4\">Zbog sadr\u017eaja va\u017enih vitamina poput <strong>vitamina B1, B12, C i E<\/strong>, te masnih kiselina, minerala i aminokiselina, maca je jedna od naju\u010dinkovitijih, po\u017eeljnih i preporu\u010dljivih prirodnih superhrana s tisu\u0107ljetnom tradicijom.<\/span> <span class=\"JLqJ4b ChMk0b\" data-language-for-alternatives=\"hr\" data-language-to-translate-into=\"sl\" data-phrase-index=\"3\" data-number-of-phrases=\"4\">Ljudima kojima je potrebna pomo\u0107 sa slede\u0107im:<\/span><\/span><\/p>\n<p align=\"JUSTIFY\"><span style=\"color: #000000\">\ud83d\udc9a Pove\u0107ava libido.<\/span><br \/>\n<span style=\"color: #000000\">\ud83d\udc9a Ubla\u017eava simptome menopauze i andropauze.<\/span><br \/>\n<span style=\"color: #000000\">\ud83d\udc9a Pobolj\u0161ava raspolo\u017eenje, ubla\u017eava stres i tjeskobu.<\/span><br \/>\n<span style=\"color: #000000\">\ud83d\udc9a Pove\u0107ava energiju.<\/span><\/p>\n","protected":false},"featured_media":6320,"comment_status":"open","ping_status":"closed","template":"","meta":{"_acf_changed":false},"product_brand":[],"product_cat":[15,195,216],"product_tag":[],"class_list":{"0":"post-5991","1":"product","2":"type-product","3":"status-publish","4":"has-post-thumbnail","6":"product_cat-uncategorized","7":"product_cat-superhrana","8":"product_cat-svi-proizvodi-ponudba","10":"first","11":"instock","12":"sale","13":"taxable","14":"shipping-taxable","15":"purchasable","16":"product-type-simple"},"acf":[],"_links":{"self":[{"href":"https:\/\/fengchashop.com\/hr\/wp-json\/wp\/v2\/product\/5991","targetHints":{"allow":["GET"]}}],"collection":[{"href":"https:\/\/fengchashop.com\/hr\/wp-json\/wp\/v2\/product"}],"about":[{"href":"https:\/\/fengchashop.com\/hr\/wp-json\/wp\/v2\/types\/product"}],"replies":[{"embeddable":true,"href":"https:\/\/fengchashop.com\/hr\/wp-json\/wp\/v2\/comments?post=5991"}],"wp:featuredmedia":[{"embeddable":true,"href":"https:\/\/fengchashop.com\/hr\/wp-json\/wp\/v2\/media\/6320"}],"wp:attachment":[{"href":"https:\/\/fengchashop.com\/hr\/wp-json\/wp\/v2\/media?parent=5991"}],"wp:term":[{"taxonomy":"product_brand","embeddable":true,"href":"https:\/\/fengchashop.com\/hr\/wp-json\/wp\/v2\/product_brand?post=5991"},{"taxonomy":"product_cat","embeddable":true,"href":"https:\/\/fengchashop.com\/hr\/wp-json\/wp\/v2\/product_cat?post=5991"},{"taxonomy":"product_tag","embeddable":true,"href":"https:\/\/fengchashop.com\/hr\/wp-json\/wp\/v2\/product_tag?post=5991"}],"curies":[{"name":"wp","href":"https:\/\/api.w.org\/{rel}","templated":true}]}}