{"id":5989,"date":"2022-03-03T19:31:11","date_gmt":"2022-03-03T18:31:11","guid":{"rendered":"https:\/\/fengchashop.com\/hr\/product\/spirulina-u-prahu-bio-250-g\/"},"modified":"2026-04-18T13:37:49","modified_gmt":"2026-04-18T11:37:49","slug":"spirulina-u-prahu-bio","status":"publish","type":"product","link":"https:\/\/fengchashop.com\/hr\/product\/spirulina-u-prahu-bio\/","title":{"rendered":"Spirulina BIO u prahu  250 g"},"content":{"rendered":"<h2><span style=\"color: #000000\">Spirulina\u00a0BIO u prahu<\/span><\/h2>\n<p><span style=\"color: #000000\">Alga spirulina, poznata kao prirodna superhrana, najbolje uspijeva u mineralima bogatim vodama toplog tropskog mora. Ime je dobila po svom spiralnom obliku i smatra se jednim od prvih oblika \u017eivota na Zemlji. Ve\u0107 je bila iznimno <strong>popularana i cijenjena od strane Asteka<\/strong>. Tradicionalno se koristila za pravljenje variva i raznih kola\u010da, ali se u\u017eivalo zbog snage i izdr\u017eljivosti. Me\u0111utim, spirulina je u posljednjih nekoliko godina ponovno stekla svoju popularnost. Ve\u0107 nekoliko godina se smatra jednom od najboljih i najpopularnijih superhrana. Tako\u0111er su je odobrile FDA i WHO, a ka\u017eu da u njemu u\u017eivaju i \u200b\u200bastronauti na misijama. Spirulina je puna minerala i soli iz mora, oceana. Oni pak sadr\u017ee iste minerale kao ljudska krv. Alge sadr\u017ee <strong>prirodne vitamine i minerale<\/strong> <strong>kako<\/strong> bi ih tijelo <strong>lako probavilo.<\/strong><\/span><\/p>\n<p><span style=\"color: #000000\">Spirulina i druge alge naj\u010de\u0161\u0107e se konzumiraju u obliku praha. U ponudi imamo i spirulinu u tabletama.<\/span><\/p>\n<p><span style=\"color: #000000\">Na\u0161a spirulina je iz <strong>organske proizvodnje<\/strong>.<\/span><\/p>\n<h2><span style=\"color: #000000\">Koje su sve dobrobiti spiruline?<\/span><\/h2>\n<p><span style=\"color: #000000\">Sadr\u017ei <strong> klorofil, <\/strong> visok postotak proteina, sve <strong> esencijalne aminokiseline <\/strong> i samo nekoliko posto uglavnom nezasi\u0107enih masti. Klorofil se ponekad naziva i zelena krv, jer je po svom molekularnom sastavu izrazito sli\u010dan hemoglobinu i tako nam odgovara \u2013 pobolj\u0161ava krvnu sliku. Spirulina se tako\u0111er vrlo dobro probavlja zbog svoje stani\u010dne stijenke koja se sastoji od probavljivih mukopolisaharida (a ne celuloze kao u drugim biljkama). Me\u0111u aminokiselinama najva\u017enija je gama-linolenska kiselina (GLA) koja se nalazi samo u maj\u010dinom mlijeku, svijetlom ulju, sjemenkama konoplje i nekim drugim algama. Djeluje protuupalno, poma\u017ee sni\u017eavanju krvnog tlaka i pobolj\u0161ava rad \u017eiv\u010danog sustava te djeluje protiv razvoja alergija, jer poti\u010de zdrav odgovor na alergene. Tako\u0111er sadr\u017ei <strong>fikocijanin <\/strong>, koji stimulira proizvodnju mati\u010dnih stanica.<\/span><\/p>\n<p><span style=\"color: #000000\">Tako\u0111er povoljno djeluje na probavu te poti\u010de rast dobrih bakterija u crijevima te pobolj\u0161ava crijevnu floru. Spirulina je izvrsna potpora zdravoj prehrani i raznim dijetama za mr\u0161avljenje.<\/span><\/p>\n<p><span style=\"color: #000000\">Spirulina je bogat prirodni izvor kalija, kao i \u017eeljeza, kalcija, cinka, natrija, mangana, magnezija, selena, joda, kroma, pa \u010dak i sumpora. Tako\u0111er sadr\u017ei beta-karoten i elektrolite. Od vitamina najva\u017eniji su vitamini A1, B1, B2, B3, B6, B9, B12, C, D i E.<\/span><\/p>\n<p><span style=\"color: #000000\">Uz navedeno, vrijedi spomenuti da spirulina dobro djeluje i na kosu i ko\u017eu. Sprje\u010dava prekomjerno ispadanje kose, ja\u010da ih i uklanja perut. Umiruje ko\u017eu, vra\u0107a joj elasti\u010dnost i usporava starenje. S \u010detvrtinom \u017eli\u010dice spiruline i nekoliko kapi vode mo\u017eete pripremiti masku za lice koju nanesite na o\u010di\u0161\u0107enu ko\u017eu lica i ostavite da djeluje 20 minuta. Zatim dobro isperite i navla\u017eite kremom. Postupak mo\u017eete ponoviti 2-3 puta tjedno.<\/span><\/p>\n<h2><span style=\"color: #000000\">Za\u0161to je spirulina nazvana superhranom i za\u0161to ju je dobro konzumirati?<\/span><\/h2>\n<p><span style=\"color: #000000\">Spirulina ima jedinstven sastav koji uklju\u010duje veliku koli\u010dinu biljnih proteina (uklju\u010duju\u0107i esencijalne proteine \u200b\u200bi aminokiseline), vitamina, minerala i drugih va\u017enih aktivnih sastojaka. Njezin jedinstveni sastav u potpunosti hrani stanice ljudskog tijela. Osim toga, ja\u010da imunolo\u0161ki sustav, ubla\u017eava simptome alergija, smanjuje lu\u010denje histamina, \u0161titi od infekcija raznim mikrobima i <strong>ima probioti\u010dka svojstva<\/strong>. Uklanja te\u0161ke metale iz tijela i na taj na\u010din vr\u0161i detoksikaciju.<\/span><\/p>\n<p><span style=\"color: #000000\">Tako\u0111er se naziva superhranom jer ima visok omjer u\u010dinkovitosti proteina, jer se proteini spiruline dobro probavljaju i tijelo ih mo\u017ee u\u010dinkovito koristiti u svojim procesima.<\/span><\/p>\n<p><span style=\"color: #000000\">Spirulina je plavo-zelena mikroskopska biljka koju je dobro jesti jer:<\/span><\/p>\n<p><span style=\"color: #000000\">\ud83d\udc9a sadr\u017ei cijeli niz mikronutrijenata koji njeguju tijelo i um,<\/span><br \/>\n<span style=\"color: #000000\">\ud83d\udc9a <strong>ja\u010da imunolo\u0161ki sustav<\/strong> kao sna\u017ean antioksidans,<\/span><br \/>\n<span style=\"color: #000000\">\ud83d\udc9a <strong>detoksificira tijelo<\/strong> ve\u017eu\u0107i toksine,<\/span><br \/>\n<span style=\"color: #000000\">\ud83d\udc9a <strong>kontrolira apetit<\/strong> i poma\u017ee u kontroli te\u017eine,<\/span><br \/>\n<span style=\"color: #000000\">\ud83d\udc9a je <strong>bogat izvor biljnih proteina<\/strong>, jer sadr\u017ei \u010dak 60-70%.<\/span><\/p>\n<h2 style=\"text-align: justify\"><span style=\"color: #000000\">Spremanje i upozorenja<\/span><\/h2>\n<p><span style=\"color: #000000\">\u010cuvati na suhom i hladnom mjestu na temperaturi do 25\u00b0C. Dodatke prehrani \u010duvajte izvan dohvata djece!<\/span><\/p>\n<p><span style=\"color: #000000\">Zapamtite va\u017enost raznolike prehrane i zdravog na\u010dina \u017eivota, stoga dodatak prehrani nije zamjena za uravnote\u017eenu i raznoliku prehranu. Preporu\u010dena dnevna koli\u010dina ili doza ne smije se prekora\u010diti. Trudnicama i dojiljama uvijek se savjetuje da se prije uporabe posavjetuju s lije\u010dnikom.<\/span><\/p>\n<p><span style=\"color: #000000\">Spirulina mo\u017ee sadr\u017eavati sulfite, koji su prirodno prisutni u algama.<\/span><\/p>\n<h2><span style=\"color: #000000\">Ambala\u017ea<\/span><\/h2>\n<p style=\"text-align: justify\"><span style=\"color: #000000\">Nepropusna vre\u0107ica s patentnim zatvara\u010dem u kojoj proizvod zadr\u017eava svu svje\u017einu i miris. Ambala\u017ea \u0161titi od svjetlosti i zraka, jer se sastoji od nekoliko slojeva za\u0161tite koji \u010duvaju svojstva sadr\u017eaja.<\/span><\/p>\n<p style=\"text-align: justify\"><span style=\"color: #000000\">Ambala\u017ea je vrlo prakti\u010dna i mo\u017ee se reciklirati.<\/span><\/p>\n<h2><span style=\"color: #000000\">Podrijetlo<\/span><\/h2>\n<p><span style=\"color: #000000\">Kina.<\/span><\/p>\n<p><span style=\"color: #000000\">Imamo vrlo pouzdane dobavlja\u010de koji nam \u0161alju detaljnu kemijsku analizu hrane za svaku seriju. U vi\u0161e od deset godina nismo imali opoziva niti bilo kakvih drugih problema s ovim artiklom, kao ni s drugim artiklima istog dobavlja\u010da. <\/span><\/p>\n<p><span style=\"color: #000000\">Artikal ima 100% ekolo\u0161ki certifikat.<\/span><\/p>\n","protected":false},"excerpt":{"rendered":"<p align=\"JUSTIFY\"><span style=\"color: #000000\">Alga spirulina, poznata kao <strong>prirodna superhrana<\/strong>, najbolje uspijeva u mineralima bogatim vodama toplog tropskog mora. Spirulina <strong>je puna minerala i soli <\/strong>iz mora, oceana. Oni pak sadr\u017ee iste minerale kao ljudska krv. <strong>Alge sadr\u017ee prirodne vitamine i minerale<\/strong> kako bi ih tijelo lako probavilo.<\/span><\/p>\n<p align=\"JUSTIFY\"><span style=\"color: #000000\">\ud83d\udc9a Ja\u010da imunolo\u0161ki sustav jer je <strong>sna\u017ean antioksidans<\/strong>.<\/span><br \/>\n<span style=\"color: #000000\">\ud83d\udc9a Detoksikuje tijelo ve\u017eu\u0107i toksine.<\/span><br \/>\n<span style=\"color: #000000\">\ud83d\udc9a Kontrolira apetit i <strong>poma\u017ee<\/strong> u kontroli te\u017eine.<\/span><br \/>\n<span style=\"color: #000000\">\ud83d\udc9a Bogat je izvor biljnih proteina.<\/span><\/p>\n<p align=\"JUSTIFY\">\n","protected":false},"featured_media":6316,"comment_status":"open","ping_status":"closed","template":"","meta":{"_acf_changed":false},"product_brand":[],"product_cat":[15,222,241,195,216],"product_tag":[],"class_list":{"0":"post-5989","1":"product","2":"type-product","3":"status-publish","4":"has-post-thumbnail","6":"product_cat-uncategorized","7":"product_cat-alge-i-trave","8":"product_cat-dobre-ponude","9":"product_cat-superhrana","10":"product_cat-svi-proizvodi-ponudba","12":"first","13":"instock","14":"sale","15":"taxable","16":"shipping-taxable","17":"purchasable","18":"product-type-simple"},"acf":[],"_links":{"self":[{"href":"https:\/\/fengchashop.com\/hr\/wp-json\/wp\/v2\/product\/5989","targetHints":{"allow":["GET"]}}],"collection":[{"href":"https:\/\/fengchashop.com\/hr\/wp-json\/wp\/v2\/product"}],"about":[{"href":"https:\/\/fengchashop.com\/hr\/wp-json\/wp\/v2\/types\/product"}],"replies":[{"embeddable":true,"href":"https:\/\/fengchashop.com\/hr\/wp-json\/wp\/v2\/comments?post=5989"}],"wp:featuredmedia":[{"embeddable":true,"href":"https:\/\/fengchashop.com\/hr\/wp-json\/wp\/v2\/media\/6316"}],"wp:attachment":[{"href":"https:\/\/fengchashop.com\/hr\/wp-json\/wp\/v2\/media?parent=5989"}],"wp:term":[{"taxonomy":"product_brand","embeddable":true,"href":"https:\/\/fengchashop.com\/hr\/wp-json\/wp\/v2\/product_brand?post=5989"},{"taxonomy":"product_cat","embeddable":true,"href":"https:\/\/fengchashop.com\/hr\/wp-json\/wp\/v2\/product_cat?post=5989"},{"taxonomy":"product_tag","embeddable":true,"href":"https:\/\/fengchashop.com\/hr\/wp-json\/wp\/v2\/product_tag?post=5989"}],"curies":[{"name":"wp","href":"https:\/\/api.w.org\/{rel}","templated":true}]}}